{"id":2746,"date":"2024-02-12T14:29:55","date_gmt":"2024-02-12T13:29:55","guid":{"rendered":"https:\/\/www2.ual.es\/sabana\/?page_id=2746"},"modified":"2024-02-12T14:56:21","modified_gmt":"2024-02-12T13:56:21","slug":"sabana-2","status":"publish","type":"page","link":"https:\/\/www2.ual.es\/sabana\/sabana-2\/","title":{"rendered":"SABANA"},"content":{"rendered":"<div class=\"wp-block-image\">\n<figure class=\"alignright size-full is-resized\"><img loading=\"lazy\" decoding=\"async\" width=\"442\" height=\"383\" src=\"https:\/\/www2.ual.es\/sabana\/wp-content\/uploads\/2024\/02\/EU.png\" alt=\"\" class=\"wp-image-2609\" style=\"width:143px;height:auto\" srcset=\"https:\/\/www2.ual.es\/sabana\/wp-content\/uploads\/2024\/02\/EU.png 442w, https:\/\/www2.ual.es\/sabana\/wp-content\/uploads\/2024\/02\/EU-300x260.png 300w\" sizes=\"(max-width: 442px) 100vw, 442px\" \/><\/figure><\/div>\n\n<div class=\"wp-block-image\">\n<figure class=\"alignright size-full\"><img loading=\"lazy\" decoding=\"async\" width=\"124\" height=\"134\" src=\"https:\/\/www2.ual.es\/sabana\/wp-content\/uploads\/2024\/02\/Completed.png\" alt=\"\" class=\"wp-image-2747\"\/><\/figure><\/div>\n\n\n<p>Biorrefiner\u00eda Sostenible de Algas para Agricultura y Acuicultura<em> (<strong>SABANA<\/strong>)<\/em><\/p>\n\n\n\n<p><strong>Fuente de Financiaci\u00f3n:<\/strong> Programa de Investigaci\u00f3n e Innovaci\u00f3n Horizonte 2020 de la Uni\u00f3n Europea.<br>(Acuerdo de Subvenci\u00f3n N\u00b0 727874)<\/p>\n\n\n\n<p class=\"has-text-align-right\"><strong>Duraci\u00f3n Prevista:<\/strong> 2016 &#8211; 2021 <\/p>\n\n\n\n<p><strong>Cooperantes:<\/strong><\/p>\n\n\n\n<ul class=\"wp-block-list\">\n<li>UNIVERSIDAD DE ALMERIA <img loading=\"lazy\" decoding=\"async\" width=\"30\" height=\"23\" class=\"wp-image-2417\" style=\"width: 30px;\" src=\"https:\/\/www2.ual.es\/sabana\/wp-content\/uploads\/2024\/01\/ES.png\" alt=\"\" srcset=\"https:\/\/www2.ual.es\/sabana\/wp-content\/uploads\/2024\/01\/ES.png 640w, https:\/\/www2.ual.es\/sabana\/wp-content\/uploads\/2024\/01\/ES-300x225.png 300w, https:\/\/www2.ual.es\/sabana\/wp-content\/uploads\/2024\/01\/ES-285x214.png 285w\" sizes=\"(max-width: 30px) 100vw, 30px\" \/>  <img loading=\"lazy\" decoding=\"async\" width=\"80\" height=\"31\" class=\"wp-image-2612\" style=\"width: 80px;\" src=\"https:\/\/www2.ual.es\/sabana\/wp-content\/uploads\/2024\/02\/01-Logotipo.png\" alt=\"\" srcset=\"https:\/\/www2.ual.es\/sabana\/wp-content\/uploads\/2024\/02\/01-Logotipo.png 2785w, https:\/\/www2.ual.es\/sabana\/wp-content\/uploads\/2024\/02\/01-Logotipo-300x115.png 300w, https:\/\/www2.ual.es\/sabana\/wp-content\/uploads\/2024\/02\/01-Logotipo-1024x392.png 1024w, https:\/\/www2.ual.es\/sabana\/wp-content\/uploads\/2024\/02\/01-Logotipo-768x294.png 768w, https:\/\/www2.ual.es\/sabana\/wp-content\/uploads\/2024\/02\/01-Logotipo-1536x588.png 1536w, https:\/\/www2.ual.es\/sabana\/wp-content\/uploads\/2024\/02\/01-Logotipo-2048x784.png 2048w\" sizes=\"(max-width: 80px) 100vw, 80px\" \/><\/li>\n\n\n\n<li>MIKROBIOLOGICKY USTAV \u2013 AVCR, V.V.I. <img loading=\"lazy\" decoding=\"async\" width=\"25\" height=\"25\" class=\"wp-image-2749\" style=\"width: 25px;\" src=\"https:\/\/www2.ual.es\/sabana\/wp-content\/uploads\/2024\/02\/Czech-Republic.png\" alt=\"\" srcset=\"https:\/\/www2.ual.es\/sabana\/wp-content\/uploads\/2024\/02\/Czech-Republic.png 256w, https:\/\/www2.ual.es\/sabana\/wp-content\/uploads\/2024\/02\/Czech-Republic-150x150.png 150w, https:\/\/www2.ual.es\/sabana\/wp-content\/uploads\/2024\/02\/Czech-Republic-250x250.png 250w, https:\/\/www2.ual.es\/sabana\/wp-content\/uploads\/2024\/02\/Czech-Republic-174x174.png 174w\" sizes=\"(max-width: 25px) 100vw, 25px\" \/><\/li>\n\n\n\n<li>GEA WESTFALIA SEPARATOR GROUP GMBH <img loading=\"lazy\" decoding=\"async\" width=\"24\" height=\"24\" class=\"wp-image-2752\" style=\"width: 24px;\" src=\"https:\/\/www2.ual.es\/sabana\/wp-content\/uploads\/2024\/02\/germany-3d-rounded-flag-with-transparent-background-free-.webp\" alt=\"\" srcset=\"https:\/\/www2.ual.es\/sabana\/wp-content\/uploads\/2024\/02\/germany-3d-rounded-flag-with-transparent-background-free-.webp 980w, https:\/\/www2.ual.es\/sabana\/wp-content\/uploads\/2024\/02\/germany-3d-rounded-flag-with-transparent-background-free--300x300.webp 300w, https:\/\/www2.ual.es\/sabana\/wp-content\/uploads\/2024\/02\/germany-3d-rounded-flag-with-transparent-background-free--150x150.webp 150w, https:\/\/www2.ual.es\/sabana\/wp-content\/uploads\/2024\/02\/germany-3d-rounded-flag-with-transparent-background-free--768x768.webp 768w, https:\/\/www2.ual.es\/sabana\/wp-content\/uploads\/2024\/02\/germany-3d-rounded-flag-with-transparent-background-free--250x250.webp 250w, https:\/\/www2.ual.es\/sabana\/wp-content\/uploads\/2024\/02\/germany-3d-rounded-flag-with-transparent-background-free--174x174.webp 174w\" sizes=\"(max-width: 24px) 100vw, 24px\" \/><\/li>\n\n\n\n<li>UNIVERSITA DEGLI STUDI DI MILANO <img loading=\"lazy\" decoding=\"async\" width=\"28\" height=\"21\" class=\"wp-image-2415\" style=\"width: 28px;\" src=\"https:\/\/www2.ual.es\/sabana\/wp-content\/uploads\/2024\/01\/IT.png\" alt=\"\" srcset=\"https:\/\/www2.ual.es\/sabana\/wp-content\/uploads\/2024\/01\/IT.png 640w, https:\/\/www2.ual.es\/sabana\/wp-content\/uploads\/2024\/01\/IT-300x225.png 300w, https:\/\/www2.ual.es\/sabana\/wp-content\/uploads\/2024\/01\/IT-285x214.png 285w\" sizes=\"(max-width: 28px) 100vw, 28px\" \/><\/li>\n\n\n\n<li>UNIVERSIDAD DE LAS PALMAS DE GRAN CANARIA <img loading=\"lazy\" decoding=\"async\" width=\"30\" height=\"23\" class=\"wp-image-2417\" style=\"width: 30px;\" src=\"https:\/\/www2.ual.es\/sabana\/wp-content\/uploads\/2024\/01\/ES.png\" alt=\"\" srcset=\"https:\/\/www2.ual.es\/sabana\/wp-content\/uploads\/2024\/01\/ES.png 640w, https:\/\/www2.ual.es\/sabana\/wp-content\/uploads\/2024\/01\/ES-300x225.png 300w, https:\/\/www2.ual.es\/sabana\/wp-content\/uploads\/2024\/01\/ES-285x214.png 285w\" sizes=\"(max-width: 30px) 100vw, 30px\" \/><\/li>\n\n\n\n<li>SZECHENYI ISTVAN UNIVERSITY <img loading=\"lazy\" decoding=\"async\" width=\"25\" height=\"25\" class=\"wp-image-2751\" style=\"width: 25px;\" src=\"https:\/\/www2.ual.es\/sabana\/wp-content\/uploads\/2024\/02\/Hungria.png\" alt=\"\" srcset=\"https:\/\/www2.ual.es\/sabana\/wp-content\/uploads\/2024\/02\/Hungria.png 450w, https:\/\/www2.ual.es\/sabana\/wp-content\/uploads\/2024\/02\/Hungria-300x295.png 300w, https:\/\/www2.ual.es\/sabana\/wp-content\/uploads\/2024\/02\/Hungria-150x150.png 150w, https:\/\/www2.ual.es\/sabana\/wp-content\/uploads\/2024\/02\/Hungria-250x250.png 250w, https:\/\/www2.ual.es\/sabana\/wp-content\/uploads\/2024\/02\/Hungria-174x174.png 174w\" sizes=\"(max-width: 25px) 100vw, 25px\" \/><\/li>\n\n\n\n<li>KARLSRUHER INSTITUT FUER TECHNOLOGIE <img loading=\"lazy\" decoding=\"async\" width=\"24\" height=\"24\" class=\"wp-image-2752\" style=\"width: 24px;\" src=\"https:\/\/www2.ual.es\/sabana\/wp-content\/uploads\/2024\/02\/germany-3d-rounded-flag-with-transparent-background-free-.webp\" alt=\"\" srcset=\"https:\/\/www2.ual.es\/sabana\/wp-content\/uploads\/2024\/02\/germany-3d-rounded-flag-with-transparent-background-free-.webp 980w, https:\/\/www2.ual.es\/sabana\/wp-content\/uploads\/2024\/02\/germany-3d-rounded-flag-with-transparent-background-free--300x300.webp 300w, https:\/\/www2.ual.es\/sabana\/wp-content\/uploads\/2024\/02\/germany-3d-rounded-flag-with-transparent-background-free--150x150.webp 150w, https:\/\/www2.ual.es\/sabana\/wp-content\/uploads\/2024\/02\/germany-3d-rounded-flag-with-transparent-background-free--768x768.webp 768w, https:\/\/www2.ual.es\/sabana\/wp-content\/uploads\/2024\/02\/germany-3d-rounded-flag-with-transparent-background-free--250x250.webp 250w, https:\/\/www2.ual.es\/sabana\/wp-content\/uploads\/2024\/02\/germany-3d-rounded-flag-with-transparent-background-free--174x174.webp 174w\" sizes=\"(max-width: 24px) 100vw, 24px\" \/><\/li>\n\n\n\n<li>A.I.A. S.p.A. <img loading=\"lazy\" decoding=\"async\" width=\"28\" height=\"21\" class=\"wp-image-2415\" style=\"width: 28px;\" src=\"https:\/\/www2.ual.es\/sabana\/wp-content\/uploads\/2024\/01\/IT.png\" alt=\"\" srcset=\"https:\/\/www2.ual.es\/sabana\/wp-content\/uploads\/2024\/01\/IT.png 640w, https:\/\/www2.ual.es\/sabana\/wp-content\/uploads\/2024\/01\/IT-300x225.png 300w, https:\/\/www2.ual.es\/sabana\/wp-content\/uploads\/2024\/01\/IT-285x214.png 285w\" sizes=\"(max-width: 28px) 100vw, 28px\" \/><\/li>\n\n\n\n<li>FCC AQUALIA SA <img loading=\"lazy\" decoding=\"async\" width=\"30\" height=\"23\" class=\"wp-image-2417\" style=\"width: 30px;\" src=\"https:\/\/www2.ual.es\/sabana\/wp-content\/uploads\/2024\/01\/ES.png\" alt=\"\" srcset=\"https:\/\/www2.ual.es\/sabana\/wp-content\/uploads\/2024\/01\/ES.png 640w, https:\/\/www2.ual.es\/sabana\/wp-content\/uploads\/2024\/01\/ES-300x225.png 300w, https:\/\/www2.ual.es\/sabana\/wp-content\/uploads\/2024\/01\/ES-285x214.png 285w\" sizes=\"(max-width: 30px) 100vw, 30px\" \/><\/li>\n\n\n\n<li>BIORIZON BIOTECH S.L. <img loading=\"lazy\" decoding=\"async\" width=\"30\" height=\"23\" class=\"wp-image-2417\" style=\"width: 30px;\" src=\"https:\/\/www2.ual.es\/sabana\/wp-content\/uploads\/2024\/01\/ES.png\" alt=\"\" srcset=\"https:\/\/www2.ual.es\/sabana\/wp-content\/uploads\/2024\/01\/ES.png 640w, https:\/\/www2.ual.es\/sabana\/wp-content\/uploads\/2024\/01\/ES-300x225.png 300w, https:\/\/www2.ual.es\/sabana\/wp-content\/uploads\/2024\/01\/ES-285x214.png 285w\" sizes=\"(max-width: 30px) 100vw, 30px\" \/><\/li>\n\n\n\n<li>CIB-CONSORZIO ITALIANO BIOGAS E GASSIFICAZIONE <img loading=\"lazy\" decoding=\"async\" width=\"28\" height=\"21\" class=\"wp-image-2415\" style=\"width: 28px;\" src=\"https:\/\/www2.ual.es\/sabana\/wp-content\/uploads\/2024\/01\/IT.png\" alt=\"\" srcset=\"https:\/\/www2.ual.es\/sabana\/wp-content\/uploads\/2024\/01\/IT.png 640w, https:\/\/www2.ual.es\/sabana\/wp-content\/uploads\/2024\/01\/IT-300x225.png 300w, https:\/\/www2.ual.es\/sabana\/wp-content\/uploads\/2024\/01\/IT-285x214.png 285w\" sizes=\"(max-width: 28px) 100vw, 28px\" \/><\/li>\n<\/ul>\n\n\n<div class=\"wp-block-image\">\n<figure class=\"aligncenter is-resized\"><img loading=\"lazy\" decoding=\"async\" width=\"300\" height=\"181\" src=\"http:\/\/www2.ual.es\/sabana\/wp-content\/uploads\/2018\/05\/Partners-300x181.jpg\" alt=\"\" class=\"wp-image-483\" style=\"width:334px;height:auto\" srcset=\"https:\/\/www2.ual.es\/sabana\/wp-content\/uploads\/2018\/05\/Partners-300x181.jpg 300w, https:\/\/www2.ual.es\/sabana\/wp-content\/uploads\/2018\/05\/Partners-768x463.jpg 768w, https:\/\/www2.ual.es\/sabana\/wp-content\/uploads\/2018\/05\/Partners.jpg 958w\" sizes=\"(max-width: 300px) 100vw, 300px\" \/><\/figure><\/div>\n\n\n<p><\/p>\n\n\n\n<p>El proyecto SABANA fue aprobado por el programa de Investigaci\u00f3n e Innovaci\u00f3n Horizonte 2020 de la Uni\u00f3n Europea, bajo el tema H2020-BG-2016-2017 Crecimiento Azul: Demostrando un oc\u00e9ano de oportunidades. <\/p>\n\n\n\n<p>Como Acci\u00f3n de Innovaci\u00f3n, recibi\u00f3 financiamiento del Acuerdo de Subvenci\u00f3n No. 727874 y comenz\u00f3 el 1 de diciembre de 2016. Durante cuatro a\u00f1os, se llevar\u00e1n a cabo actividades de investigaci\u00f3n e innovaci\u00f3n para lograr el objetivo final: construir y operar una instalaci\u00f3n de demostraci\u00f3n para producir biofertilizantes\/biopesticidas y alimentos acu\u00edcolas a escala de 5 ha. SABANA tiene como objetivo desarrollar una biorrefiner\u00eda integrada a gran escala basada en microalgas para la producci\u00f3n de bioestimulantes, biopesticidas y aditivos para piensos, adem\u00e1s de biofertilizantes y alimentos acu\u00edcolas, utilizando \u00fanicamente agua marina y nutrientes de aguas residuales (aguas residuales, concentrados y esti\u00e9rcol de cerdo). <\/p>\n\n\n\n<p>El objetivo es lograr un proceso de residuo cero a escalas demostrativas de hasta 5 ha sostenible tanto ambiental como econ\u00f3micamente. Se operar\u00e1 un centro de demostraci\u00f3n de esta biorrefiner\u00eda para demostrar la tecnolog\u00eda, evaluar las caracter\u00edsticas operativas del sistema, evaluar los impactos ambientales y colaborar con clientes potenciales para su uso. Proporciona una soluci\u00f3n para tres problemas clave actuales en la UE:<\/p>\n\n\n\n<ul class=\"wp-block-list\">\n<li>Mejora de la seguridad y sostenibilidad de la producci\u00f3n de alimentos en la agricultura y la acuicultura<\/li>\n\n\n\n<li>Problemas de contaminaci\u00f3n por diseminaci\u00f3n y escasez de nutrientes (f\u00f3sforo)<\/li>\n\n\n\n<li>Minimizaci\u00f3n de las emisiones de gases de efecto invernadero procedentes de residuos (aguas residuales y gases de combusti\u00f3n)<\/li>\n\n\n\n<li>Optimizaci\u00f3n de la producci\u00f3n y procesamiento a gran escala de cepas de microalgas con actividad bioplaguicida para la elaboraci\u00f3n de productos finales: Optimizaci\u00f3n de laboratorio de las condiciones de cultivo para producir cepas de microalgas seleccionadas para mejorar la actividad biopesticida. Producci\u00f3n \u00f3ptima de cepas seleccionadas a gran escala utilizando residuos. Cosecha \u00f3ptima y procesamiento posterior de biomasa para la producci\u00f3n de bioplaguicidas y biofertilizantes.<\/li>\n\n\n\n<li>Ingenier\u00eda y escalado para procesos de fabricaci\u00f3n industrial:&nbsp;Desarrollo completo de ingenier\u00eda de l\u00edneas piloto para. Procesamiento precomercial. Construcci\u00f3n y montaje. Puesta en marcha y optimizaci\u00f3n.<\/li>\n\n\n\n<li>Validaci\u00f3n agron\u00f3mica:&nbsp;Ensayos in vitro y en planta. Ensayos de campo a escala precomercial. Ensayos con agricultores y distribuidores en condiciones reales.<\/li>\n<\/ul>\n\n\n<div class=\"wp-block-image\">\n<figure class=\"aligncenter is-resized\"><img loading=\"lazy\" decoding=\"async\" width=\"300\" height=\"194\" src=\"http:\/\/www2.ual.es\/sabana\/wp-content\/uploads\/2018\/05\/Concepto-1-300x194.jpg\" alt=\"\" class=\"wp-image-482\" style=\"width:354px;height:auto\" srcset=\"https:\/\/www2.ual.es\/sabana\/wp-content\/uploads\/2018\/05\/Concepto-1-300x194.jpg 300w, https:\/\/www2.ual.es\/sabana\/wp-content\/uploads\/2018\/05\/Concepto-1.jpg 741w\" sizes=\"(max-width: 300px) 100vw, 300px\" \/><\/figure><\/div>\n\n\n<p><\/p>\n\n\n\n<p>El proyecto SABANA tiene como objetivo desarrollar un nuevo concepto de biorrefiner\u00eda integrada, no s\u00f3lo restringi\u00e9ndose al uso de biomasa como materia prima, sino tambi\u00e9n considerando todo el proceso desde la recuperaci\u00f3n de nutrientes de las aguas residuales (C, N, P) hasta los productos finales. como compuestos valiosos o toda la biomasa de microalgas, aptos para ser aplicados en agricultura y acuicultura. Por ejemplo, se puede producir hasta 1 kg de biomasa de microalgas por m3 de aguas residuales, hasta 10 kg por m3 de concentrado a partir de digesti\u00f3n anaer\u00f3bica de lodos activados, o hasta 100 kg por m3 de esti\u00e9rcol de cerdo a partir de ganado. La biomasa producida debe cosecharse adecuadamente asegurando la calidad del agua limpia remanente, adem\u00e1s de la recuperaci\u00f3n de la biomasa producida (&gt;95%). La biomasa producida contiene compuestos valiosos como prote\u00ednas, carbohidratos y l\u00edpidos, adem\u00e1s de biomol\u00e9culas valiosas espec\u00edficas con aplicaciones reconocidas como bioestimulantes y biopesticidas en agricultura y aditivos alimentarios en acuicultura, tanto como extractos\/qu\u00edmicos puros como incluidos en biomasa entera adecuadamente procesada. El objetivo de SABANA es desarrollar el conocimiento y la tecnolog\u00eda necesarios para completar este proceso y demostrarlo a escala comercial, verificando los productos obtenidos.<\/p>\n\n\n<div class=\"wp-block-image\">\n<figure class=\"alignright\"><img loading=\"lazy\" decoding=\"async\" width=\"300\" height=\"170\" src=\"http:\/\/www2.ual.es\/sabana\/wp-content\/uploads\/2018\/05\/Technical-challenge-Integral-utilization-of-biomass-300x170.jpg\" alt=\"\" class=\"wp-image-488\" srcset=\"https:\/\/www2.ual.es\/sabana\/wp-content\/uploads\/2018\/05\/Technical-challenge-Integral-utilization-of-biomass-300x170.jpg 300w, https:\/\/www2.ual.es\/sabana\/wp-content\/uploads\/2018\/05\/Technical-challenge-Integral-utilization-of-biomass-768x435.jpg 768w, https:\/\/www2.ual.es\/sabana\/wp-content\/uploads\/2018\/05\/Technical-challenge-Integral-utilization-of-biomass.jpg 898w\" sizes=\"(max-width: 300px) 100vw, 300px\" \/><\/figure><\/div>\n\n\n<p><strong>OBJETIVOS<\/strong>: <\/p>\n\n\n\n<ul class=\"wp-block-list\">\n<li>Producci\u00f3n a gran escala: Desarrollar tecnolog\u00eda robusta y escalable para la producci\u00f3n de microalgas (incluyendo recolecci\u00f3n y procesamiento), en modo continuo durante todo el a\u00f1o, al m\u00ednimo costo. El an\u00e1lisis econ\u00f3mico debe utilizarse en la toma de decisiones.<\/li>\n\n\n\n<li>Producci\u00f3n sostenible: Integrar el tratamiento de residuos y aumentar la sostenibilidad de todo el proceso. El An\u00e1lisis del Ciclo de Vida determina lo que es posible o no.<\/li>\n\n\n\n<li>Mercados\/comercializaci\u00f3n: S\u00f3lo se consideran productos actualmente solicitados por los mercados y legalmente aceptados. El plan de negocios es el motor del proyecto.<\/li>\n<\/ul>\n\n\n<div class=\"wp-block-image\">\n<figure class=\"alignleft\"><img loading=\"lazy\" decoding=\"async\" width=\"300\" height=\"170\" src=\"http:\/\/www2.ual.es\/sabana\/wp-content\/uploads\/2018\/05\/Technical-challenge-large-scale-production-300x170.jpg\" alt=\"\" class=\"wp-image-489\" srcset=\"https:\/\/www2.ual.es\/sabana\/wp-content\/uploads\/2018\/05\/Technical-challenge-large-scale-production-300x170.jpg 300w, https:\/\/www2.ual.es\/sabana\/wp-content\/uploads\/2018\/05\/Technical-challenge-large-scale-production-768x435.jpg 768w, https:\/\/www2.ual.es\/sabana\/wp-content\/uploads\/2018\/05\/Technical-challenge-large-scale-production.jpg 898w\" sizes=\"(max-width: 300px) 100vw, 300px\" \/><\/figure><\/div>\n\n\n<p>Esta tarea est\u00e1 enfocada al desarrollo de tecnolog\u00eda para la producci\u00f3n robusta a gran escala de microalgas basada en tres pilares principales: (i) conocimiento y mejora de la biolog\u00eda de los sistemas, (ii) mejora de la ingenier\u00eda de fotobiorreactores, y (iii) demostraci\u00f3n de sostenibilidad de todo el proceso. La mejora de la biolog\u00eda del sistema es una actividad de innovaci\u00f3n necesaria para la mejora de la productividad y la robustez de los sistemas de producci\u00f3n, mientras que la mejora de la ingenier\u00eda del proceso es una actividad de demostraci\u00f3n y pilotaje necesaria para la validaci\u00f3n del conocimiento disponible en condiciones reales. La evaluaci\u00f3n de la sostenibilidad de todo el proceso es una actividad demostrativa necesaria para validar y mejorar la aceptaci\u00f3n social de los procesos desarrollados.<\/p>\n\n\n\n<p>El proyecto est\u00e1 liderado por la Universidad de Almer\u00eda pero los principales actores son las empresas implicadas en el proyecto (FCC Aqualia, GEA Westfalia, A.I.A. S.p.A., Biorizon Biotech) adem\u00e1s de centros de investigaci\u00f3n de gran reputaci\u00f3n a nivel de la UE (Karlsruhe Institute of Technology, Mikrobiologicky Ustav, Universita Degli Studi Di Milano, Univ. Las Palmas de Gran Canaria, Universidad Szechenyi Istvan, Consorzio Italiano Biogas e Gassificazione). Adem\u00e1s de 11 socios de 5 pa\u00edses de la UE, en este proyecto tambi\u00e9n colaboran Fundaci\u00f3n Cajamar e IFAPA.<\/p>\n\n\n\n<figure class=\"wp-block-video\"><video controls src=\"http:\/\/www2.ual.es\/sabana\/wp-content\/uploads\/2018\/05\/Proyecto-sabana-DEMO.mp4\"><\/video><\/figure>\n\n\n\n<p><\/p>\n\n\n\n<p>El proyecto SABANA se divide en ocho paquetes de trabajo estrechamente interconectados. La estructura general est\u00e1 dise\u00f1ada para lograr con \u00e9xito los objetivos planificados. Los WP1 y WP2 est\u00e1n enfocados al an\u00e1lisis tecnoecon\u00f3mico y de sostenibilidad de los procesos, los dos pilares de la toma de decisiones durante el proyecto. Los WP3, WP4 y WP5 est\u00e1n enfocados al desarrollo de tecnolog\u00edas para la producci\u00f3n de compuestos bioactivos para la agricultura y la acuicultura, incluyendo los tres pasos cl\u00e1sicos: producci\u00f3n, recolecci\u00f3n y procesamiento de biomasa. El WP6 est\u00e1 enfocado a la mejora de la biolog\u00eda del proceso y la gesti\u00f3n de los cultivos para garantizar la calidad y seguridad de la biomasa producida. El WP7 est\u00e1 totalmente enfocado a la evaluaci\u00f3n de mercado de productos finales en mercados reales para validar todos los procesos. Finalmente el WP8 est\u00e1 enfocado a la coordinaci\u00f3n y difusi\u00f3n no s\u00f3lo entre los socios sino tambi\u00e9n entre las partes interesadas y los actores sociales. \u200b<\/p>\n\n\n<div class=\"wp-block-image\">\n<figure class=\"alignright\"><img loading=\"lazy\" decoding=\"async\" width=\"300\" height=\"190\" src=\"http:\/\/www2.ual.es\/sabana\/wp-content\/uploads\/2018\/05\/Scheme-300x190.jpg\" alt=\"\" class=\"wp-image-485\" srcset=\"https:\/\/www2.ual.es\/sabana\/wp-content\/uploads\/2018\/05\/Scheme-300x190.jpg 300w, https:\/\/www2.ual.es\/sabana\/wp-content\/uploads\/2018\/05\/Scheme-768x486.jpg 768w, https:\/\/www2.ual.es\/sabana\/wp-content\/uploads\/2018\/05\/Scheme.jpg 905w\" sizes=\"(max-width: 300px) 100vw, 300px\" \/><\/figure><\/div>\n\n\n<p><strong>Desarrollo:<\/strong><\/p>\n\n\n\n<ul class=\"wp-block-list\">\n<li>An\u00e1lisis tecnoecon\u00f3mico de los sistemas productivos desarrollados.<\/li>\n\n\n\n<li>An\u00e1lisis de sostenibilidad de los esquemas de producci\u00f3n propuestos.<\/li>\n\n\n\n<li>Mejora del control biol\u00f3gico de sistemas basados en microalgas.<\/li>\n\n\n\n<li>Mejora de la tecnolog\u00eda de producci\u00f3n de microalgas a gran escala<\/li>\n\n\n\n<li>Desarrollo de procesos de aprovechamiento integral de biomasa.<\/li>\n\n\n\n<li>Ampliaci\u00f3n y demostraci\u00f3n de la tecnolog\u00eda desarrollada.<\/li>\n\n\n\n<li>Desarrollo de nuevos productos\/aplicaciones basados en microalgas<\/li>\n\n\n\n<li>Establecer un Centro de Formaci\u00f3n para la docencia y la colaboraci\u00f3n con otras instituciones<\/li>\n\n\n\n<li>Colaboraci\u00f3n con otros proyectos de la UE, empresas, asociaciones, etc.<\/li>\n\n\n\n<li>Creaci\u00f3n de un Centro de Datos para la disponibilidad online de datos reales a entidades asociadas.<\/li>\n<\/ul>\n\n\n<div class=\"wp-block-image\">\n<figure class=\"aligncenter is-resized\"><img loading=\"lazy\" decoding=\"async\" width=\"300\" height=\"175\" src=\"http:\/\/www2.ual.es\/sabana\/wp-content\/uploads\/2018\/05\/Workpackges-300x175.jpg\" alt=\"\" class=\"wp-image-486\" style=\"width:339px;height:auto\" srcset=\"https:\/\/www2.ual.es\/sabana\/wp-content\/uploads\/2018\/05\/Workpackges-300x175.jpg 300w, https:\/\/www2.ual.es\/sabana\/wp-content\/uploads\/2018\/05\/Workpackges-768x448.jpg 768w, https:\/\/www2.ual.es\/sabana\/wp-content\/uploads\/2018\/05\/Workpackges.jpg 937w\" sizes=\"(max-width: 300px) 100vw, 300px\" \/><\/figure><\/div>\n\n\n<p><\/p>\n\n\n\n<div class=\"wp-block-buttons is-layout-flex wp-block-buttons-is-layout-flex\">\n<div class=\"wp-block-button is-style-outline is-style-outline--25dd5fe7684fddbd92a932fdf6ed0079\"><a class=\"wp-block-button__link has-black-color has-pale-cyan-blue-background-color has-text-color has-background has-link-color wp-element-button\" href=\"https:\/\/cordis.europa.eu\/project\/id\/727874\/es\" target=\"_blank\" rel=\"noreferrer noopener\">Saber m\u00e1s<\/a><\/div>\n\n\n\n<div class=\"wp-block-button is-style-outline is-style-outline--99fa2ebe00a5270b6e36ea1578d20044\"><a class=\"wp-block-button__link has-black-color has-pale-cyan-blue-background-color has-text-color has-background has-link-color wp-element-button\" href=\"https:\/\/www2.ual.es\/sabana\/facilities\/\">Planta Demostrativa<\/a><\/div>\n\n\n\n<div class=\"wp-block-button is-style-outline is-style-outline--27f7aca921a97cc63f97b3e9762ee86b\"><a class=\"wp-block-button__link has-black-color has-pale-cyan-blue-background-color has-text-color has-background has-link-color wp-element-button\" href=\"https:\/\/www2.ual.es\/sabana\/dissemination\/\">Centro de Ensayos<\/a><\/div>\n\n\n\n<div class=\"wp-block-button is-style-outline is-style-outline--288585f391be584adf93ab4629be5361\"><a class=\"wp-block-button__link has-black-color has-pale-cyan-blue-background-color has-text-color has-background has-link-color wp-element-button\" href=\"https:\/\/www2.ual.es\/sabana\/foundation-cajamar\/\">Fundaci\u00f3n CAJAMAR<\/a><\/div>\n<\/div>\n\n\n<div class=\"vlp-link-container vlp-layout-basic wp-block-visual-link-preview-link\"><a href=\"https:\/\/cordis.europa.eu\/project\/id\/727874\/es\" class=\"vlp-link\" title=\"Sustainable Algae Biorefinery for Agriculture aNd Aquaculture | SABANA Project | Fact Sheet | H2020 | CORDIS | European Commission\" rel=\"nofollow\" target=\"_blank\"><\/a><div class=\"vlp-layout-zone-side\"><div class=\"vlp-block-2 vlp-link-image\"><img decoding=\"async\" src=\"https:\/\/cordis.europa.eu\/projects\/icons\/logo_h2020_big.jpg\" style=\"max-width: 150px; max-height: 150px\" \/><\/div><\/div><div class=\"vlp-layout-zone-main\"><div class=\"vlp-block-0 vlp-link-title\">Sustainable Algae Biorefinery for Agriculture aNd Aquaculture | SABANA Project | Fact Sheet | H2020 | CORDIS | European Commission<\/div><div class=\"vlp-block-1 vlp-link-summary\">SABANA aims at developing a large-scale integrated microalgae-based biorefinery for the production of biostimulants, biopesticides and feed additives, in addition to biofertilizers and aquafeed, using only marine water and nutrients from wastewaters (sewage, centrate and pig\u2026<\/div><\/div><\/div><div class='cb-post-url-qr-code'><br><img src='https:\/\/api.qrserver.com\/v1\/create-qr-code\/?size=185x185&ecc=L&qzone=1&data=https%3A%2F%2Fwww2.ual.es%2Fsabana%2Fsabana-2%2F' alt='SABANA'\/><\/div>","protected":false},"excerpt":{"rendered":"<p>Biorrefiner\u00eda Sostenible de Algas para Agricultura y Acuicultura (SABANA) Fuente de Financiaci\u00f3n: Programa de Investigaci\u00f3n e Innovaci\u00f3n Horizonte 2020 de <a href=\"https:\/\/www2.ual.es\/sabana\/sabana-2\/\" rel=\"nofollow\"><span class=\"sr-only\">Leer m\u00e1sSABANA<\/span>[&hellip;]<\/a><\/p>\n","protected":false},"author":101014,"featured_media":0,"parent":0,"menu_order":0,"comment_status":"closed","ping_status":"closed","template":"","meta":{"footnotes":""},"class_list":["post-2746","page","type-page","status-publish","hentry"],"_links":{"self":[{"href":"https:\/\/www2.ual.es\/sabana\/wp-json\/wp\/v2\/pages\/2746"}],"collection":[{"href":"https:\/\/www2.ual.es\/sabana\/wp-json\/wp\/v2\/pages"}],"about":[{"href":"https:\/\/www2.ual.es\/sabana\/wp-json\/wp\/v2\/types\/page"}],"author":[{"embeddable":true,"href":"https:\/\/www2.ual.es\/sabana\/wp-json\/wp\/v2\/users\/101014"}],"replies":[{"embeddable":true,"href":"https:\/\/www2.ual.es\/sabana\/wp-json\/wp\/v2\/comments?post=2746"}],"version-history":[{"count":4,"href":"https:\/\/www2.ual.es\/sabana\/wp-json\/wp\/v2\/pages\/2746\/revisions"}],"predecessor-version":[{"id":2760,"href":"https:\/\/www2.ual.es\/sabana\/wp-json\/wp\/v2\/pages\/2746\/revisions\/2760"}],"wp:attachment":[{"href":"https:\/\/www2.ual.es\/sabana\/wp-json\/wp\/v2\/media?parent=2746"}],"curies":[{"name":"wp","href":"https:\/\/api.w.org\/{rel}","templated":true}]}}