{"id":2716,"date":"2024-02-12T12:51:02","date_gmt":"2024-02-12T11:51:02","guid":{"rendered":"https:\/\/www2.ual.es\/sabana\/?page_id=2716"},"modified":"2024-02-12T13:51:49","modified_gmt":"2024-02-12T12:51:49","slug":"niagara","status":"publish","type":"page","link":"https:\/\/www2.ual.es\/sabana\/niagara\/","title":{"rendered":"NIAGARA"},"content":{"rendered":"<div class=\"wp-block-image\">\n<figure class=\"alignright size-full is-resized\"><img loading=\"lazy\" decoding=\"async\" width=\"442\" height=\"383\" src=\"https:\/\/www2.ual.es\/sabana\/wp-content\/uploads\/2024\/02\/EU.png\" alt=\"\" class=\"wp-image-2609\" style=\"width:143px;height:auto\" srcset=\"https:\/\/www2.ual.es\/sabana\/wp-content\/uploads\/2024\/02\/EU.png 442w, https:\/\/www2.ual.es\/sabana\/wp-content\/uploads\/2024\/02\/EU-300x260.png 300w\" sizes=\"(max-width: 442px) 100vw, 442px\" \/><\/figure><\/div>\n\n<div class=\"wp-block-image\">\n<figure class=\"alignright size-full\"><img loading=\"lazy\" decoding=\"async\" width=\"124\" height=\"134\" src=\"https:\/\/www2.ual.es\/sabana\/wp-content\/uploads\/2024\/02\/InProgress.png\" alt=\"\" class=\"wp-image-2613\"\/><\/figure><\/div>\n\n<div class=\"wp-block-image\">\n<figure class=\"alignleft size-large is-resized\"><img loading=\"lazy\" decoding=\"async\" width=\"1024\" height=\"685\" src=\"https:\/\/www2.ual.es\/sabana\/wp-content\/uploads\/2024\/01\/New-1024x685.png\" alt=\"\" class=\"wp-image-2429\" style=\"width:69px;height:auto\" srcset=\"https:\/\/www2.ual.es\/sabana\/wp-content\/uploads\/2024\/01\/New-1024x685.png 1024w, https:\/\/www2.ual.es\/sabana\/wp-content\/uploads\/2024\/01\/New-300x201.png 300w, https:\/\/www2.ual.es\/sabana\/wp-content\/uploads\/2024\/01\/New-768x514.png 768w, https:\/\/www2.ual.es\/sabana\/wp-content\/uploads\/2024\/01\/New-1536x1028.png 1536w, https:\/\/www2.ual.es\/sabana\/wp-content\/uploads\/2024\/01\/New.png 1920w\" sizes=\"(max-width: 1024px) 100vw, 1024px\" \/><\/figure><\/div>\n\n\n<p>Siguiente bIofuels avanzados de AlGae biomAss y oRganic biog\u00e9nicos wAstes para la generaci\u00f3n de electricidad a trav\u00e9s de la aplicaci\u00f3n de pilas de combustible<em> (<strong>NIAGARA<\/strong>)<\/em><\/p>\n\n\n\n<p><strong>Fuente de Financiaci\u00f3n:<\/strong> Comisi\u00f3n Europea, programa Horizonte 2020 &#8211; HORIZON-CL5-2023-D3-02<\/p>\n\n\n\n<p class=\"has-text-align-right\"><strong>Duraci\u00f3n Prevista:<\/strong> 2024 &#8211; 2028 <\/p>\n\n\n\n<p><strong>Cooperantes:<\/strong><\/p>\n\n\n\n<ul class=\"wp-block-list\">\n<li>UNIVERSIDAD DE ALMERIA <img loading=\"lazy\" decoding=\"async\" width=\"30\" height=\"23\" class=\"wp-image-2417\" style=\"width: 30px;\" src=\"https:\/\/www2.ual.es\/sabana\/wp-content\/uploads\/2024\/01\/ES.png\" alt=\"\" srcset=\"https:\/\/www2.ual.es\/sabana\/wp-content\/uploads\/2024\/01\/ES.png 640w, https:\/\/www2.ual.es\/sabana\/wp-content\/uploads\/2024\/01\/ES-300x225.png 300w, https:\/\/www2.ual.es\/sabana\/wp-content\/uploads\/2024\/01\/ES-285x214.png 285w\" sizes=\"(max-width: 30px) 100vw, 30px\" \/>  <img loading=\"lazy\" decoding=\"async\" width=\"80\" height=\"31\" class=\"wp-image-2612\" style=\"width: 80px;\" src=\"https:\/\/www2.ual.es\/sabana\/wp-content\/uploads\/2024\/02\/01-Logotipo.png\" alt=\"\" srcset=\"https:\/\/www2.ual.es\/sabana\/wp-content\/uploads\/2024\/02\/01-Logotipo.png 2785w, https:\/\/www2.ual.es\/sabana\/wp-content\/uploads\/2024\/02\/01-Logotipo-300x115.png 300w, https:\/\/www2.ual.es\/sabana\/wp-content\/uploads\/2024\/02\/01-Logotipo-1024x392.png 1024w, https:\/\/www2.ual.es\/sabana\/wp-content\/uploads\/2024\/02\/01-Logotipo-768x294.png 768w, https:\/\/www2.ual.es\/sabana\/wp-content\/uploads\/2024\/02\/01-Logotipo-1536x588.png 1536w, https:\/\/www2.ual.es\/sabana\/wp-content\/uploads\/2024\/02\/01-Logotipo-2048x784.png 2048w\" sizes=\"(max-width: 80px) 100vw, 80px\" \/><\/li>\n\n\n\n<li>COMMISSARIAT A L ENERGIE ATOMIQUE ET AUX ENERGIES <img loading=\"lazy\" decoding=\"async\" width=\"23\" height=\"23\" class=\"wp-image-2416\" style=\"width: 23px;\" src=\"https:\/\/www2.ual.es\/sabana\/wp-content\/uploads\/2024\/01\/FR.webp\" alt=\"\" srcset=\"https:\/\/www2.ual.es\/sabana\/wp-content\/uploads\/2024\/01\/FR.webp 980w, https:\/\/www2.ual.es\/sabana\/wp-content\/uploads\/2024\/01\/FR-300x300.webp 300w, https:\/\/www2.ual.es\/sabana\/wp-content\/uploads\/2024\/01\/FR-150x150.webp 150w, https:\/\/www2.ual.es\/sabana\/wp-content\/uploads\/2024\/01\/FR-768x768.webp 768w, https:\/\/www2.ual.es\/sabana\/wp-content\/uploads\/2024\/01\/FR-250x250.webp 250w, https:\/\/www2.ual.es\/sabana\/wp-content\/uploads\/2024\/01\/FR-174x174.webp 174w\" sizes=\"(max-width: 23px) 100vw, 23px\" \/>  <img loading=\"lazy\" decoding=\"async\" width=\"50\" height=\"41\" class=\"wp-image-2743\" style=\"width: 50px;\" src=\"https:\/\/www2.ual.es\/sabana\/wp-content\/uploads\/2024\/02\/CEA.png\" alt=\"\" srcset=\"https:\/\/www2.ual.es\/sabana\/wp-content\/uploads\/2024\/02\/CEA.png 469w, https:\/\/www2.ual.es\/sabana\/wp-content\/uploads\/2024\/02\/CEA-300x246.png 300w\" sizes=\"(max-width: 50px) 100vw, 50px\" \/><\/li>\n\n\n\n<li>POLITECNICO DI TORINO <img loading=\"lazy\" decoding=\"async\" width=\"28\" height=\"21\" class=\"wp-image-2415\" style=\"width: 28px;\" src=\"https:\/\/www2.ual.es\/sabana\/wp-content\/uploads\/2024\/01\/IT.png\" alt=\"\" srcset=\"https:\/\/www2.ual.es\/sabana\/wp-content\/uploads\/2024\/01\/IT.png 640w, https:\/\/www2.ual.es\/sabana\/wp-content\/uploads\/2024\/01\/IT-300x225.png 300w, https:\/\/www2.ual.es\/sabana\/wp-content\/uploads\/2024\/01\/IT-285x214.png 285w\" sizes=\"(max-width: 28px) 100vw, 28px\" \/>  <img loading=\"lazy\" decoding=\"async\" width=\"80\" height=\"37\" class=\"wp-image-2740\" style=\"width: 80px;\" src=\"https:\/\/www2.ual.es\/sabana\/wp-content\/uploads\/2024\/02\/POLITECNICODITORINO.png\" alt=\"\" srcset=\"https:\/\/www2.ual.es\/sabana\/wp-content\/uploads\/2024\/02\/POLITECNICODITORINO.png 613w, https:\/\/www2.ual.es\/sabana\/wp-content\/uploads\/2024\/02\/POLITECNICODITORINO-300x139.png 300w, https:\/\/www2.ual.es\/sabana\/wp-content\/uploads\/2024\/02\/POLITECNICODITORINO-600x285.png 600w\" sizes=\"(max-width: 80px) 100vw, 80px\" \/><\/li>\n\n\n\n<li>GAZOTECH <img loading=\"lazy\" decoding=\"async\" width=\"23\" height=\"23\" class=\"wp-image-2416\" style=\"width: 23px;\" src=\"https:\/\/www2.ual.es\/sabana\/wp-content\/uploads\/2024\/01\/FR.webp\" alt=\"\" srcset=\"https:\/\/www2.ual.es\/sabana\/wp-content\/uploads\/2024\/01\/FR.webp 980w, https:\/\/www2.ual.es\/sabana\/wp-content\/uploads\/2024\/01\/FR-300x300.webp 300w, https:\/\/www2.ual.es\/sabana\/wp-content\/uploads\/2024\/01\/FR-150x150.webp 150w, https:\/\/www2.ual.es\/sabana\/wp-content\/uploads\/2024\/01\/FR-768x768.webp 768w, https:\/\/www2.ual.es\/sabana\/wp-content\/uploads\/2024\/01\/FR-250x250.webp 250w, https:\/\/www2.ual.es\/sabana\/wp-content\/uploads\/2024\/01\/FR-174x174.webp 174w\" sizes=\"(max-width: 23px) 100vw, 23px\" \/>  <img loading=\"lazy\" decoding=\"async\" width=\"90\" height=\"23\" class=\"wp-image-2742\" style=\"width: 90px;\" src=\"https:\/\/www2.ual.es\/sabana\/wp-content\/uploads\/2024\/02\/GAZOTECH.png\" alt=\"\" srcset=\"https:\/\/www2.ual.es\/sabana\/wp-content\/uploads\/2024\/02\/GAZOTECH.png 358w, https:\/\/www2.ual.es\/sabana\/wp-content\/uploads\/2024\/02\/GAZOTECH-300x78.png 300w\" sizes=\"(max-width: 90px) 100vw, 90px\" \/><\/li>\n\n\n\n<li>RISE RESEARCH INSTITUTES OF SWEDEN AB <img loading=\"lazy\" decoding=\"async\" width=\"20\" height=\"20\" class=\"wp-image-2717\" style=\"width: 20px;\" src=\"https:\/\/www2.ual.es\/sabana\/wp-content\/uploads\/2024\/02\/SE.png\" alt=\"\" srcset=\"https:\/\/www2.ual.es\/sabana\/wp-content\/uploads\/2024\/02\/SE.png 285w, https:\/\/www2.ual.es\/sabana\/wp-content\/uploads\/2024\/02\/SE-150x150.png 150w, https:\/\/www2.ual.es\/sabana\/wp-content\/uploads\/2024\/02\/SE-250x250.png 250w, https:\/\/www2.ual.es\/sabana\/wp-content\/uploads\/2024\/02\/SE-174x174.png 174w\" sizes=\"(max-width: 20px) 100vw, 20px\" \/>  <img loading=\"lazy\" decoding=\"async\" width=\"80\" height=\"41\" class=\"wp-image-2741\" style=\"width: 80px;\" src=\"https:\/\/www2.ual.es\/sabana\/wp-content\/uploads\/2024\/02\/RISE_logo.png\" alt=\"\" srcset=\"https:\/\/www2.ual.es\/sabana\/wp-content\/uploads\/2024\/02\/RISE_logo.png 493w, https:\/\/www2.ual.es\/sabana\/wp-content\/uploads\/2024\/02\/RISE_logo-300x155.png 300w, https:\/\/www2.ual.es\/sabana\/wp-content\/uploads\/2024\/02\/RISE_logo-400x200.png 400w\" sizes=\"(max-width: 80px) 100vw, 80px\" \/><\/li>\n\n\n\n<li>LOMARTOV SL <img loading=\"lazy\" decoding=\"async\" width=\"30\" height=\"23\" class=\"wp-image-2417\" style=\"width: 30px;\" src=\"https:\/\/www2.ual.es\/sabana\/wp-content\/uploads\/2024\/01\/ES.png\" alt=\"\" srcset=\"https:\/\/www2.ual.es\/sabana\/wp-content\/uploads\/2024\/01\/ES.png 640w, https:\/\/www2.ual.es\/sabana\/wp-content\/uploads\/2024\/01\/ES-300x225.png 300w, https:\/\/www2.ual.es\/sabana\/wp-content\/uploads\/2024\/01\/ES-285x214.png 285w\" sizes=\"(max-width: 30px) 100vw, 30px\" \/>  <img loading=\"lazy\" decoding=\"async\" width=\"110\" height=\"29\" class=\"wp-image-2739\" style=\"width: 110px;\" src=\"https:\/\/www2.ual.es\/sabana\/wp-content\/uploads\/2024\/02\/LOMARTOV.png\" alt=\"\" srcset=\"https:\/\/www2.ual.es\/sabana\/wp-content\/uploads\/2024\/02\/LOMARTOV.png 438w, https:\/\/www2.ual.es\/sabana\/wp-content\/uploads\/2024\/02\/LOMARTOV-300x79.png 300w\" sizes=\"(max-width: 110px) 100vw, 110px\" \/><\/li>\n\n\n\n<li>SOCIEDAD DE FOMENTO AGRICOLA CASTELLONENSE SA <img loading=\"lazy\" decoding=\"async\" width=\"30\" height=\"23\" class=\"wp-image-2417\" style=\"width: 30px;\" src=\"https:\/\/www2.ual.es\/sabana\/wp-content\/uploads\/2024\/01\/ES.png\" alt=\"\" srcset=\"https:\/\/www2.ual.es\/sabana\/wp-content\/uploads\/2024\/01\/ES.png 640w, https:\/\/www2.ual.es\/sabana\/wp-content\/uploads\/2024\/01\/ES-300x225.png 300w, https:\/\/www2.ual.es\/sabana\/wp-content\/uploads\/2024\/01\/ES-285x214.png 285w\" sizes=\"(max-width: 30px) 100vw, 30px\" \/>  <img loading=\"lazy\" decoding=\"async\" width=\"70\" height=\"29\" class=\"wp-image-2736\" style=\"width: 70px;\" src=\"https:\/\/www2.ual.es\/sabana\/wp-content\/uploads\/2024\/02\/SOCIEDAD-DE-FOMENTO-AGRICOLA-CASTELLONENSE-S.A.-FACSA.png\" alt=\"\" srcset=\"https:\/\/www2.ual.es\/sabana\/wp-content\/uploads\/2024\/02\/SOCIEDAD-DE-FOMENTO-AGRICOLA-CASTELLONENSE-S.A.-FACSA.png 450w, https:\/\/www2.ual.es\/sabana\/wp-content\/uploads\/2024\/02\/SOCIEDAD-DE-FOMENTO-AGRICOLA-CASTELLONENSE-S.A.-FACSA-300x124.png 300w\" sizes=\"(max-width: 70px) 100vw, 70px\" \/><\/li>\n\n\n\n<li>LULEA TEKNISKA UNIVERSITET <img loading=\"lazy\" decoding=\"async\" width=\"20\" height=\"20\" class=\"wp-image-2717\" style=\"width: 20px;\" src=\"https:\/\/www2.ual.es\/sabana\/wp-content\/uploads\/2024\/02\/SE.png\" alt=\"\" srcset=\"https:\/\/www2.ual.es\/sabana\/wp-content\/uploads\/2024\/02\/SE.png 285w, https:\/\/www2.ual.es\/sabana\/wp-content\/uploads\/2024\/02\/SE-150x150.png 150w, https:\/\/www2.ual.es\/sabana\/wp-content\/uploads\/2024\/02\/SE-250x250.png 250w, https:\/\/www2.ual.es\/sabana\/wp-content\/uploads\/2024\/02\/SE-174x174.png 174w\" sizes=\"(max-width: 20px) 100vw, 20px\" \/>  <img loading=\"lazy\" decoding=\"async\" width=\"70\" height=\"46\" class=\"wp-image-2738\" style=\"width: 70px;\" src=\"https:\/\/www2.ual.es\/sabana\/wp-content\/uploads\/2024\/02\/LULEAUNIVERSITY.png\" alt=\"\"><\/li>\n\n\n\n<li>SOLYDERA SPA <img loading=\"lazy\" decoding=\"async\" width=\"28\" height=\"21\" class=\"wp-image-2415\" style=\"width: 28px;\" src=\"https:\/\/www2.ual.es\/sabana\/wp-content\/uploads\/2024\/01\/IT.png\" alt=\"\" srcset=\"https:\/\/www2.ual.es\/sabana\/wp-content\/uploads\/2024\/01\/IT.png 640w, https:\/\/www2.ual.es\/sabana\/wp-content\/uploads\/2024\/01\/IT-300x225.png 300w, https:\/\/www2.ual.es\/sabana\/wp-content\/uploads\/2024\/01\/IT-285x214.png 285w\" sizes=\"(max-width: 28px) 100vw, 28px\" \/>  <img loading=\"lazy\" decoding=\"async\" width=\"40\" height=\"38\" class=\"wp-image-2737\" style=\"width: 40px;\" src=\"https:\/\/www2.ual.es\/sabana\/wp-content\/uploads\/2024\/02\/SOLYDERA.png\" alt=\"\"><\/li>\n\n\n\n<li>ECOLE POLYTECHNIQUE FEDERALE DE LAUSANNE <img loading=\"lazy\" decoding=\"async\" width=\"24\" height=\"24\" class=\"wp-image-2413\" style=\"width: 24px;\" src=\"https:\/\/www2.ual.es\/sabana\/wp-content\/uploads\/2024\/01\/CH.webp\" alt=\"\" srcset=\"https:\/\/www2.ual.es\/sabana\/wp-content\/uploads\/2024\/01\/CH.webp 400w, https:\/\/www2.ual.es\/sabana\/wp-content\/uploads\/2024\/01\/CH-300x300.webp 300w, https:\/\/www2.ual.es\/sabana\/wp-content\/uploads\/2024\/01\/CH-150x150.webp 150w, https:\/\/www2.ual.es\/sabana\/wp-content\/uploads\/2024\/01\/CH-250x250.webp 250w, https:\/\/www2.ual.es\/sabana\/wp-content\/uploads\/2024\/01\/CH-174x174.webp 174w\" sizes=\"(max-width: 24px) 100vw, 24px\" \/>  <img loading=\"lazy\" decoding=\"async\" width=\"65\" height=\"31\" class=\"wp-image-2735\" style=\"width: 65px;\" src=\"https:\/\/www2.ual.es\/sabana\/wp-content\/uploads\/2024\/02\/1200px-Logo_EPFL.svg1_.png\" alt=\"\" srcset=\"https:\/\/www2.ual.es\/sabana\/wp-content\/uploads\/2024\/02\/1200px-Logo_EPFL.svg1_.png 1200w, https:\/\/www2.ual.es\/sabana\/wp-content\/uploads\/2024\/02\/1200px-Logo_EPFL.svg1_-300x144.png 300w, https:\/\/www2.ual.es\/sabana\/wp-content\/uploads\/2024\/02\/1200px-Logo_EPFL.svg1_-1024x492.png 1024w, https:\/\/www2.ual.es\/sabana\/wp-content\/uploads\/2024\/02\/1200px-Logo_EPFL.svg1_-768x369.png 768w\" sizes=\"(max-width: 65px) 100vw, 65px\" \/><\/li>\n<\/ul>\n\n\n\n<p>El proyecto de NIAGARA pretende hacer una contribuci\u00f3n significativa al desarrollo de una cadena de procesos sostenible, que implique la configuraci\u00f3n y adquisici\u00f3n de residuos biog\u00e9nicos de la UE disponibles abiertamente (aguas residuales, digestato, lodos de depuradora, etc.), una producci\u00f3n de microalgas ricas en carbohidratos, una innovadora tecnolog\u00eda continua. y un proceso HTC flexible para convertir la mezcla de desechos biog\u00e9nicos y microalgas en una fracci\u00f3n s\u00f3lida (hidrocarb\u00f3n) y una fase acuosa que a su vez se convertir\u00e1 en un biocombustible avanzado (un gas de s\u00edntesis biog\u00e9nico rico en hidr\u00f3geno) mediante gasificaci\u00f3n y reformado en fase acuosa. Se prev\u00e9n procesos posteriores de limpieza del gas de s\u00edntesis para garantizar una total compatibilidad del gas de s\u00edntesis con las pilas de combustible de \u00f3xido s\u00f3lido. La cadena de valor de NIAGARA contar\u00e1 con un balance de carbono muy bajo con un gran potencial para convertirse en carbono negativo con el tiempo.<\/p>\n\n\n\n<p><\/p>\n\n\n<div class=\"wp-block-image\">\n<figure class=\"aligncenter size-full is-resized\"><img loading=\"lazy\" decoding=\"async\" width=\"654\" height=\"390\" src=\"https:\/\/www2.ual.es\/sabana\/wp-content\/uploads\/2024\/02\/image-16.png\" alt=\"\" class=\"wp-image-2718\" style=\"width:442px;height:auto\" srcset=\"https:\/\/www2.ual.es\/sabana\/wp-content\/uploads\/2024\/02\/image-16.png 654w, https:\/\/www2.ual.es\/sabana\/wp-content\/uploads\/2024\/02\/image-16-300x179.png 300w\" sizes=\"(max-width: 654px) 100vw, 654px\" \/><\/figure><\/div>\n\n\n<p><\/p>\n\n\n\n<p><strong>DESARROLLO<\/strong>: <\/p>\n\n\n\n<p>NIAGARA tiene como objetivo desarrollar y demostrar en TRL4 procesos confiables para producir biocombustibles avanzados sostenibles desde desechos biog\u00e9nicos y microalgas (Figura 1), hasta (1) el conocimiento m\u00e1s avanzado de procesos y biolog\u00eda de producci\u00f3n de biomasa de microalgas, (2) la conversi\u00f3n mediante carbonizaci\u00f3n hidrotermal, (3) la fase acuosa reformado y gasificaci\u00f3n de los productos HTC, (4) el refinado final del gas de s\u00edntesis seg\u00fan los est\u00e1ndares SOFC, (5) el generaci\u00f3n de electricidad a trav\u00e9s de SOFC y (6) la integraci\u00f3n de herramientas de inteligencia artificial para la optimizaci\u00f3n de par\u00e1metros del proceso, etc.<\/p>\n\n\n\n<p>As\u00ed, NIAGARA fomentar\u00e1 el desarrollo de combustibles avanzados renovables y biog\u00e9nicos utilizables en pilas de combustible entre otras tecnolog\u00edas de aplicaci\u00f3n (combustible l\u00edquido Fischer-Tropsch, amoniaco, metanol, &#8230;). Estos biocombustibles requerir\u00e1n Aprovechar tanto los desechos biog\u00e9nicos disponibles como las materias primas de microalgas para maximizar la circularidad eficiente en el procesos de conversi\u00f3n, para optimizar la recuperaci\u00f3n de energ\u00eda, productos secundarios e insumos reciclables en proceso para una mayor sostenibilidad econ\u00f3mica y medioambiental.<\/p>\n\n\n\n<p>Se realizar\u00e1 simulaci\u00f3n y modelaci\u00f3n de la cadena de valor se esfuerza por determinar las mejores rutas de proceso que optimicen las ganancias en t\u00e9rminos de costos de producci\u00f3n, GEI y consumo de energ\u00eda. Se aplicar\u00e1n herramientas de inteligencia artificial para definir las condiciones \u00f3ptimas de operaci\u00f3n y maximizar el rendimiento del proceso en tiempo real. NIAGARA proporcionar\u00e1 el escenario ideal para demostrar y ampliar tecnolog\u00edas avanzadas<\/p>\n\n\n<div class=\"wp-block-image\">\n<figure class=\"aligncenter size-full is-resized\"><img loading=\"lazy\" decoding=\"async\" width=\"713\" height=\"391\" src=\"https:\/\/www2.ual.es\/sabana\/wp-content\/uploads\/2024\/02\/image-17.png\" alt=\"\" class=\"wp-image-2719\" style=\"width:521px;height:auto\" srcset=\"https:\/\/www2.ual.es\/sabana\/wp-content\/uploads\/2024\/02\/image-17.png 713w, https:\/\/www2.ual.es\/sabana\/wp-content\/uploads\/2024\/02\/image-17-300x165.png 300w\" sizes=\"(max-width: 713px) 100vw, 713px\" \/><\/figure><\/div>\n\n\n<div class=\"wp-block-buttons is-layout-flex wp-block-buttons-is-layout-flex\">\n<div class=\"wp-block-button is-style-outline is-style-outline--8638c650407be3f8cc8cd11c11b93810\"><a class=\"wp-block-button__link has-black-color has-vivid-cyan-blue-background-color has-text-color has-background has-link-color wp-element-button\" href=\"https:\/\/niagaragrant.com\/\" target=\"_blank\" rel=\"noreferrer noopener\">Saber m\u00e1s<\/a><\/div>\n<\/div>\n\n\n<div class=\"vlp-link-container vlp-layout-basic wp-block-visual-link-preview-link\"><a href=\"https:\/\/niagaragrant.com\/\" class=\"vlp-link\" title=\"Navigating the digital landscape: universities partnering for change\" rel=\"nofollow\" target=\"_blank\"><\/a><div class=\"vlp-layout-zone-side\"><div class=\"vlp-block-2 vlp-link-image\"><img decoding=\"async\" src=\"https:\/\/niagaragrant.com\/wp-content\/uploads\/2023\/03\/cropped-hex222f61.png\" style=\"max-width: 150px; max-height: 150px\" \/><\/div><\/div><div class=\"vlp-layout-zone-main\"><div class=\"vlp-block-0 vlp-link-title\">Navigating the digital landscape: universities partnering for change<\/div><div class=\"vlp-block-1 vlp-link-summary\">Norwegian-Polish-Tanzanian-Zambian consortium &#8211; Erasmus+ grant<\/div><\/div><\/div><div class='cb-post-url-qr-code'><br><img src='https:\/\/api.qrserver.com\/v1\/create-qr-code\/?size=185x185&ecc=L&qzone=1&data=https%3A%2F%2Fwww2.ual.es%2Fsabana%2Fniagara%2F' alt='NIAGARA'\/><\/div>","protected":false},"excerpt":{"rendered":"<p>Siguiente bIofuels avanzados de AlGae biomAss y oRganic biog\u00e9nicos wAstes para la generaci\u00f3n de electricidad a trav\u00e9s de la aplicaci\u00f3n <a href=\"https:\/\/www2.ual.es\/sabana\/niagara\/\" rel=\"nofollow\"><span class=\"sr-only\">Leer m\u00e1sNIAGARA<\/span>[&hellip;]<\/a><\/p>\n","protected":false},"author":101014,"featured_media":0,"parent":0,"menu_order":0,"comment_status":"closed","ping_status":"closed","template":"","meta":{"footnotes":""},"class_list":["post-2716","page","type-page","status-publish","hentry"],"_links":{"self":[{"href":"https:\/\/www2.ual.es\/sabana\/wp-json\/wp\/v2\/pages\/2716"}],"collection":[{"href":"https:\/\/www2.ual.es\/sabana\/wp-json\/wp\/v2\/pages"}],"about":[{"href":"https:\/\/www2.ual.es\/sabana\/wp-json\/wp\/v2\/types\/page"}],"author":[{"embeddable":true,"href":"https:\/\/www2.ual.es\/sabana\/wp-json\/wp\/v2\/users\/101014"}],"replies":[{"embeddable":true,"href":"https:\/\/www2.ual.es\/sabana\/wp-json\/wp\/v2\/comments?post=2716"}],"version-history":[{"count":3,"href":"https:\/\/www2.ual.es\/sabana\/wp-json\/wp\/v2\/pages\/2716\/revisions"}],"predecessor-version":[{"id":2744,"href":"https:\/\/www2.ual.es\/sabana\/wp-json\/wp\/v2\/pages\/2716\/revisions\/2744"}],"wp:attachment":[{"href":"https:\/\/www2.ual.es\/sabana\/wp-json\/wp\/v2\/media?parent=2716"}],"curies":[{"name":"wp","href":"https:\/\/api.w.org\/{rel}","templated":true}]}}