{"id":2712,"date":"2024-02-12T12:35:22","date_gmt":"2024-02-12T11:35:22","guid":{"rendered":"https:\/\/www2.ual.es\/sabana\/?page_id=2712"},"modified":"2024-02-12T12:35:23","modified_gmt":"2024-02-12T11:35:23","slug":"cost-paraqua","status":"publish","type":"page","link":"https:\/\/www2.ual.es\/sabana\/cost-paraqua\/","title":{"rendered":"COST (PARAQUA)"},"content":{"rendered":"<div class=\"wp-block-image\">\n<figure class=\"alignright size-full is-resized\"><img loading=\"lazy\" decoding=\"async\" width=\"442\" height=\"383\" src=\"https:\/\/www2.ual.es\/sabana\/wp-content\/uploads\/2024\/02\/EU.png\" alt=\"\" class=\"wp-image-2609\" style=\"width:143px;height:auto\" srcset=\"https:\/\/www2.ual.es\/sabana\/wp-content\/uploads\/2024\/02\/EU.png 442w, https:\/\/www2.ual.es\/sabana\/wp-content\/uploads\/2024\/02\/EU-300x260.png 300w\" sizes=\"(max-width: 442px) 100vw, 442px\" \/><\/figure><\/div>\n\n<div class=\"wp-block-image\">\n<figure class=\"alignright size-full\"><img loading=\"lazy\" decoding=\"async\" width=\"124\" height=\"134\" src=\"https:\/\/www2.ual.es\/sabana\/wp-content\/uploads\/2024\/02\/InProgress.png\" alt=\"\" class=\"wp-image-2613\"\/><\/figure><\/div>\n\n\n<p>Aplicaciones de par\u00e1sitos zoosp\u00f3ricos en sistemas acu\u00e1ticos<em> (<strong>PARAQUA<\/strong>)<\/em><\/p>\n\n\n\n<p><strong>Fuente de Financiaci\u00f3n:<\/strong> Acci\u00f3n de Costes de la UE<\/p>\n\n\n\n<p class=\"has-text-align-right\"><strong>Duraci\u00f3n Prevista:<\/strong> 2022 &#8211; 2025 <\/p>\n\n\n\n<p><strong>Cooperantes:<\/strong><\/p>\n\n\n\n<ul class=\"wp-block-list\">\n<li>UNIVERSIDAD DE ALMERIA <img loading=\"lazy\" decoding=\"async\" width=\"30\" height=\"23\" class=\"wp-image-2417\" style=\"width: 30px;\" src=\"https:\/\/www2.ual.es\/sabana\/wp-content\/uploads\/2024\/01\/ES.png\" alt=\"\" srcset=\"https:\/\/www2.ual.es\/sabana\/wp-content\/uploads\/2024\/01\/ES.png 640w, https:\/\/www2.ual.es\/sabana\/wp-content\/uploads\/2024\/01\/ES-300x225.png 300w, https:\/\/www2.ual.es\/sabana\/wp-content\/uploads\/2024\/01\/ES-285x214.png 285w\" sizes=\"(max-width: 30px) 100vw, 30px\" \/>  <img loading=\"lazy\" decoding=\"async\" width=\"80\" height=\"31\" class=\"wp-image-2612\" style=\"width: 80px;\" src=\"https:\/\/www2.ual.es\/sabana\/wp-content\/uploads\/2024\/02\/01-Logotipo.png\" alt=\"\" srcset=\"https:\/\/www2.ual.es\/sabana\/wp-content\/uploads\/2024\/02\/01-Logotipo.png 2785w, https:\/\/www2.ual.es\/sabana\/wp-content\/uploads\/2024\/02\/01-Logotipo-300x115.png 300w, https:\/\/www2.ual.es\/sabana\/wp-content\/uploads\/2024\/02\/01-Logotipo-1024x392.png 1024w, https:\/\/www2.ual.es\/sabana\/wp-content\/uploads\/2024\/02\/01-Logotipo-768x294.png 768w, https:\/\/www2.ual.es\/sabana\/wp-content\/uploads\/2024\/02\/01-Logotipo-1536x588.png 1536w, https:\/\/www2.ual.es\/sabana\/wp-content\/uploads\/2024\/02\/01-Logotipo-2048x784.png 2048w\" sizes=\"(max-width: 80px) 100vw, 80px\" \/><\/li>\n<\/ul>\n\n\n\n<p>Construimos nuestros objetivos de coordinaci\u00f3n de investigaci\u00f3n en un marco conceptual consecuente que detalla las diferentes citas entre los socios siguiendo un modelo de \u201creloj de arena\u201d: a partir de problemas generales probaremos estrategias seleccionadas para crear soluciones que puedan aplicarse a otros casos y marcos generales. Se dedicar\u00e1n esfuerzos espec\u00edficos a desarrollar mecanismos de control y herramientas para el seguimiento y la prevenci\u00f3n de enfermedades (RCO 4 y 6)<\/p>\n\n\n<div class=\"wp-block-image\">\n<figure class=\"alignright size-full is-resized\"><img loading=\"lazy\" decoding=\"async\" width=\"287\" height=\"602\" src=\"https:\/\/www2.ual.es\/sabana\/wp-content\/uploads\/2024\/02\/image-14.png\" alt=\"\" class=\"wp-image-2713\" style=\"width:187px;height:auto\" srcset=\"https:\/\/www2.ual.es\/sabana\/wp-content\/uploads\/2024\/02\/image-14.png 287w, https:\/\/www2.ual.es\/sabana\/wp-content\/uploads\/2024\/02\/image-14-143x300.png 143w\" sizes=\"(max-width: 287px) 100vw, 287px\" \/><\/figure><\/div>\n\n\n<p><\/p>\n\n\n\n<p><strong>OBJETIVOS<\/strong>: <\/p>\n\n\n\n<ul class=\"wp-block-list\">\n<li>Construir una red para adquirir conocimientos sobre los par\u00e1sitos que dificultan la producci\u00f3n de microalgas.<\/li>\n\n\n\n<li>Caracterizar dichos par\u00e1sitos.<\/li>\n\n\n\n<li>Implementar estrategias para minimizar el impacto.<\/li>\n<\/ul>\n\n\n<div class=\"wp-block-image\">\n<figure class=\"aligncenter size-full is-resized\"><img loading=\"lazy\" decoding=\"async\" width=\"963\" height=\"538\" src=\"https:\/\/www2.ual.es\/sabana\/wp-content\/uploads\/2024\/02\/image-15.png\" alt=\"\" class=\"wp-image-2714\" style=\"width:509px;height:auto\" srcset=\"https:\/\/www2.ual.es\/sabana\/wp-content\/uploads\/2024\/02\/image-15.png 963w, https:\/\/www2.ual.es\/sabana\/wp-content\/uploads\/2024\/02\/image-15-300x168.png 300w, https:\/\/www2.ual.es\/sabana\/wp-content\/uploads\/2024\/02\/image-15-768x429.png 768w\" sizes=\"(max-width: 963px) 100vw, 963px\" \/><\/figure><\/div>\n\n\n<div class=\"wp-block-buttons is-layout-flex wp-block-buttons-is-layout-flex\">\n<div class=\"wp-block-button is-style-outline is-style-outline--fadb26d48f987d4ab6c41013cfc405fd\"><a class=\"wp-block-button__link has-black-color has-vivid-cyan-blue-background-color has-text-color has-background has-link-color wp-element-button\" href=\"https:\/\/paraqua-cost.eu\/\" target=\"_blank\" rel=\"noreferrer noopener\">Saber m\u00e1s<\/a><\/div>\n<\/div>\n\n\n<div class=\"vlp-link-container vlp-layout-basic wp-block-visual-link-preview-link\"><a href=\"https:\/\/paraqua-cost.eu\/\" class=\"vlp-link\" title=\"ParAqua - COST Action CA20125\" rel=\"nofollow\" target=\"_blank\"><\/a><div class=\"vlp-layout-zone-side\"><div class=\"vlp-block-2 vlp-link-image\"><img decoding=\"async\" src=\"https:\/\/paraqua-cost.eu\/wp-content\/uploads\/2022\/03\/paraqua-web01.jpg\" style=\"max-width: 150px; max-height: 150px\" \/><\/div><\/div><div class=\"vlp-layout-zone-main\"><div class=\"vlp-block-0 vlp-link-title\">ParAqua &#8211; COST Action CA20125<\/div><div class=\"vlp-block-1 vlp-link-summary\">The main aim of the ParAqua Action is to organize and coordinate a Network, connecting academia, industries and water management authorities to advance and apply knowledge and expertise on zoosporic parasites.<\/div><\/div><\/div><div class='cb-post-url-qr-code'><br><img src='https:\/\/api.qrserver.com\/v1\/create-qr-code\/?size=185x185&ecc=L&qzone=1&data=https%3A%2F%2Fwww2.ual.es%2Fsabana%2Fcost-paraqua%2F' alt='COST (PARAQUA)'\/><\/div>","protected":false},"excerpt":{"rendered":"<p>Aplicaciones de par\u00e1sitos zoosp\u00f3ricos en sistemas acu\u00e1ticos (PARAQUA) Fuente de Financiaci\u00f3n: Acci\u00f3n de Costes de la UE Duraci\u00f3n Prevista: 2022 <a href=\"https:\/\/www2.ual.es\/sabana\/cost-paraqua\/\" rel=\"nofollow\"><span class=\"sr-only\">Leer m\u00e1sCOST (PARAQUA)<\/span>[&hellip;]<\/a><\/p>\n","protected":false},"author":101014,"featured_media":0,"parent":0,"menu_order":0,"comment_status":"closed","ping_status":"closed","template":"","meta":{"footnotes":""},"class_list":["post-2712","page","type-page","status-publish","hentry"],"_links":{"self":[{"href":"https:\/\/www2.ual.es\/sabana\/wp-json\/wp\/v2\/pages\/2712"}],"collection":[{"href":"https:\/\/www2.ual.es\/sabana\/wp-json\/wp\/v2\/pages"}],"about":[{"href":"https:\/\/www2.ual.es\/sabana\/wp-json\/wp\/v2\/types\/page"}],"author":[{"embeddable":true,"href":"https:\/\/www2.ual.es\/sabana\/wp-json\/wp\/v2\/users\/101014"}],"replies":[{"embeddable":true,"href":"https:\/\/www2.ual.es\/sabana\/wp-json\/wp\/v2\/comments?post=2712"}],"version-history":[{"count":1,"href":"https:\/\/www2.ual.es\/sabana\/wp-json\/wp\/v2\/pages\/2712\/revisions"}],"predecessor-version":[{"id":2715,"href":"https:\/\/www2.ual.es\/sabana\/wp-json\/wp\/v2\/pages\/2712\/revisions\/2715"}],"wp:attachment":[{"href":"https:\/\/www2.ual.es\/sabana\/wp-json\/wp\/v2\/media?parent=2712"}],"curies":[{"name":"wp","href":"https:\/\/api.w.org\/{rel}","templated":true}]}}