{"id":2707,"date":"2024-02-12T12:27:26","date_gmt":"2024-02-12T11:27:26","guid":{"rendered":"https:\/\/www2.ual.es\/sabana\/?page_id=2707"},"modified":"2024-02-12T12:27:27","modified_gmt":"2024-02-12T11:27:27","slug":"algaenauts","status":"publish","type":"page","link":"https:\/\/www2.ual.es\/sabana\/algaenauts\/","title":{"rendered":"ALGAENAUTS"},"content":{"rendered":"<div class=\"wp-block-image\">\n<figure class=\"alignright size-full is-resized\"><img loading=\"lazy\" decoding=\"async\" width=\"442\" height=\"383\" src=\"https:\/\/www2.ual.es\/sabana\/wp-content\/uploads\/2024\/02\/EU.png\" alt=\"\" class=\"wp-image-2609\" style=\"width:143px;height:auto\" srcset=\"https:\/\/www2.ual.es\/sabana\/wp-content\/uploads\/2024\/02\/EU.png 442w, https:\/\/www2.ual.es\/sabana\/wp-content\/uploads\/2024\/02\/EU-300x260.png 300w\" sizes=\"(max-width: 442px) 100vw, 442px\" \/><\/figure><\/div>\n\n<div class=\"wp-block-image\">\n<figure class=\"alignright size-full\"><img loading=\"lazy\" decoding=\"async\" width=\"124\" height=\"134\" src=\"https:\/\/www2.ual.es\/sabana\/wp-content\/uploads\/2024\/02\/InProgress.png\" alt=\"\" class=\"wp-image-2613\"\/><\/figure><\/div>\n\n\n<p>Nueva familia de bioplaguicidas ecol\u00f3gicos y sostenibles basados en microalgas a trav\u00e9s de un enfoque de econom\u00eda circular<em> (<strong>ALGAENAUTS<\/strong>)<\/em><\/p>\n\n\n\n<p><strong>Fuente de Financiaci\u00f3n:<\/strong> Convocatoria de Redes de Capacitaci\u00f3n Innovadoras (ITN) &#8211; H2020-MSCA-ITN-2020<\/p>\n\n\n\n<p class=\"has-text-align-right\"><strong>Duraci\u00f3n Prevista:<\/strong> 2021 &#8211; 2024 <\/p>\n\n\n\n<p><strong>Cooperantes:<\/strong><\/p>\n\n\n\n<ul class=\"wp-block-list\">\n<li>UNIVERSIDAD DE ALMERIA <img loading=\"lazy\" decoding=\"async\" width=\"30\" height=\"23\" class=\"wp-image-2417\" style=\"width: 30px;\" src=\"https:\/\/www2.ual.es\/sabana\/wp-content\/uploads\/2024\/01\/ES.png\" alt=\"\" srcset=\"https:\/\/www2.ual.es\/sabana\/wp-content\/uploads\/2024\/01\/ES.png 640w, https:\/\/www2.ual.es\/sabana\/wp-content\/uploads\/2024\/01\/ES-300x225.png 300w, https:\/\/www2.ual.es\/sabana\/wp-content\/uploads\/2024\/01\/ES-285x214.png 285w\" sizes=\"(max-width: 30px) 100vw, 30px\" \/>  <img loading=\"lazy\" decoding=\"async\" width=\"80\" height=\"31\" class=\"wp-image-2612\" style=\"width: 80px;\" src=\"https:\/\/www2.ual.es\/sabana\/wp-content\/uploads\/2024\/02\/01-Logotipo.png\" alt=\"\" srcset=\"https:\/\/www2.ual.es\/sabana\/wp-content\/uploads\/2024\/02\/01-Logotipo.png 2785w, https:\/\/www2.ual.es\/sabana\/wp-content\/uploads\/2024\/02\/01-Logotipo-300x115.png 300w, https:\/\/www2.ual.es\/sabana\/wp-content\/uploads\/2024\/02\/01-Logotipo-1024x392.png 1024w, https:\/\/www2.ual.es\/sabana\/wp-content\/uploads\/2024\/02\/01-Logotipo-768x294.png 768w, https:\/\/www2.ual.es\/sabana\/wp-content\/uploads\/2024\/02\/01-Logotipo-1536x588.png 1536w, https:\/\/www2.ual.es\/sabana\/wp-content\/uploads\/2024\/02\/01-Logotipo-2048x784.png 2048w\" sizes=\"(max-width: 80px) 100vw, 80px\" \/><\/li>\n\n\n\n<li>BIORIZON BIOTECH SL <img loading=\"lazy\" decoding=\"async\" width=\"30\" height=\"23\" class=\"wp-image-2417\" style=\"width: 30px;\" src=\"https:\/\/www2.ual.es\/sabana\/wp-content\/uploads\/2024\/01\/ES.png\" alt=\"\" srcset=\"https:\/\/www2.ual.es\/sabana\/wp-content\/uploads\/2024\/01\/ES.png 640w, https:\/\/www2.ual.es\/sabana\/wp-content\/uploads\/2024\/01\/ES-300x225.png 300w, https:\/\/www2.ual.es\/sabana\/wp-content\/uploads\/2024\/01\/ES-285x214.png 285w\" sizes=\"(max-width: 30px) 100vw, 30px\" \/>   <img loading=\"lazy\" decoding=\"async\" width=\"80\" height=\"30\" class=\"wp-image-2710\" style=\"width: 80px;\" src=\"https:\/\/www2.ual.es\/sabana\/wp-content\/uploads\/2024\/02\/BIOTECH.png\" alt=\"\" srcset=\"https:\/\/www2.ual.es\/sabana\/wp-content\/uploads\/2024\/02\/BIOTECH.png 567w, https:\/\/www2.ual.es\/sabana\/wp-content\/uploads\/2024\/02\/BIOTECH-300x113.png 300w\" sizes=\"(max-width: 80px) 100vw, 80px\" \/><\/li>\n<\/ul>\n\n\n\n<p>Cinco cepas seleccionadas con probada actividad antif\u00fangica, antibacteriana y bioestimulante se cultivar\u00e1n utilizando aguas residuales. Se optimizar\u00e1n las condiciones de cultivo y los aspectos operativos de la producci\u00f3n de microalgas, as\u00ed como el rendimiento y la eficiencia de los sistemas de producci\u00f3n a gran escala. La optimizaci\u00f3n de la cosecha y el procesamiento posterior es obligatoria para garantizar el costo operativo m\u00e1s eficiente. El agua de mar y los residuos (cloacas y esti\u00e9rcol porcino) se utilizar\u00e1n para lograr procesos sostenibles. Los sistemas de microalgas optimizados podr\u00e1n operar en modo continuo durante seis meses sin colapsar, con productividades superiores a 70 t\/ha\/a\u00f1o, con consumos energ\u00e9ticos inferiores a 5\/m3 y recuperando m\u00e1s del 90% de los nutrientes contenidos en los residuos . Se recuperar\u00e1n hasta 10 t\/ha\/a\u00f1o y 2 tP\/ha\/a\u00f1o con un coste de producci\u00f3n de biomasa inferior a 1,0 \u20ac\/kg.<\/p>\n\n\n\n<p><\/p>\n\n\n<div class=\"wp-block-image\">\n<figure class=\"aligncenter size-full is-resized\"><img loading=\"lazy\" decoding=\"async\" width=\"603\" height=\"386\" src=\"https:\/\/www2.ual.es\/sabana\/wp-content\/uploads\/2024\/02\/image-12.png\" alt=\"\" class=\"wp-image-2708\" style=\"width:366px;height:auto\" srcset=\"https:\/\/www2.ual.es\/sabana\/wp-content\/uploads\/2024\/02\/image-12.png 603w, https:\/\/www2.ual.es\/sabana\/wp-content\/uploads\/2024\/02\/image-12-300x192.png 300w\" sizes=\"(max-width: 603px) 100vw, 603px\" \/><\/figure><\/div>\n\n\n<p><\/p>\n\n\n\n<p><strong>OBJETIVOS<\/strong>: <\/p>\n\n\n\n<ul class=\"wp-block-list\">\n<li>Optimizaci\u00f3n de la producci\u00f3n y procesamiento a gran escala de cepas de microalgas con actividad bioplaguicida para la elaboraci\u00f3n de productos finales: Optimizaci\u00f3n de laboratorio de las condiciones de cultivo para producir cepas de microalgas seleccionadas para mejorar la actividad biopesticida. Producci\u00f3n \u00f3ptima de cepas seleccionadas a gran escala utilizando residuos. Cosecha \u00f3ptima y procesamiento posterior de biomasa para la producci\u00f3n de bioplaguicidas y biofertilizantes.<\/li>\n\n\n\n<li>Ingenier\u00eda y escalado para procesos de fabricaci\u00f3n industrial:&nbsp;Desarrollo completo de ingenier\u00eda de l\u00edneas piloto para. Procesamiento precomercial. Construcci\u00f3n y montaje. Puesta en marcha y optimizaci\u00f3n.<\/li>\n\n\n\n<li>Validaci\u00f3n agron\u00f3mica:\u00a0Ensayos in vitro y en planta. Ensayos de campo a escala precomercial. Ensayos con agricultores y distribuidores en condiciones reales.<\/li>\n<\/ul>\n\n\n<div class=\"wp-block-image\">\n<figure class=\"aligncenter size-large is-resized\"><img loading=\"lazy\" decoding=\"async\" width=\"1024\" height=\"555\" src=\"https:\/\/www2.ual.es\/sabana\/wp-content\/uploads\/2024\/02\/image-13-1024x555.png\" alt=\"\" class=\"wp-image-2709\" style=\"width:562px;height:auto\" srcset=\"https:\/\/www2.ual.es\/sabana\/wp-content\/uploads\/2024\/02\/image-13-1024x555.png 1024w, https:\/\/www2.ual.es\/sabana\/wp-content\/uploads\/2024\/02\/image-13-300x163.png 300w, https:\/\/www2.ual.es\/sabana\/wp-content\/uploads\/2024\/02\/image-13-768x416.png 768w, https:\/\/www2.ual.es\/sabana\/wp-content\/uploads\/2024\/02\/image-13.png 1281w\" sizes=\"(max-width: 1024px) 100vw, 1024px\" \/><\/figure><\/div>\n\n\n<div class=\"wp-block-buttons is-layout-flex wp-block-buttons-is-layout-flex\">\n<div class=\"wp-block-button is-style-outline is-style-outline--8a004782aea5f1c60a5193e88e2ebbdd\"><a class=\"wp-block-button__link has-black-color has-vivid-cyan-blue-background-color has-text-color has-background has-link-color wp-element-button\" href=\"https:\/\/www.algaenauts.eu\/es\/\" target=\"_blank\" rel=\"noreferrer noopener\">Saber m\u00e1s<\/a><\/div>\n<\/div>\n\n\n<div class=\"vlp-link-container vlp-layout-basic wp-block-visual-link-preview-link\"><a href=\"https:\/\/www.algaenauts.eu\/es\/\" class=\"vlp-link\" title=\"Home\" rel=\"nofollow\" target=\"_blank\"><\/a><div class=\"vlp-layout-zone-side\"><div class=\"vlp-block-2 vlp-link-image\"><img decoding=\"async\" src=\"https:\/\/www.algaenauts.eu\/wp-content\/uploads\/2021\/10\/slider-home-1.jpg\" style=\"max-width: 150px; max-height: 150px\" \/><\/div><\/div><div class=\"vlp-layout-zone-main\"><div class=\"vlp-block-0 vlp-link-title\">Home<\/div><div class=\"vlp-block-1 vlp-link-summary\">El proceso de cosecha permitir\u00e1 recuperar m\u00e1s del 95% de la biomasa producida, con consumos el\u00e9ctricos inferiores a 0,1 kWh\/m3. Se utilizar\u00e1n tecnolog\u00edas de procesamiento suave para extraer hasta el 80% de los productos de alto valor de la biomasa de microalgas, sin da\u00f1ar la biomasa residual para su posterior utilizaci\u00f3n para producir biofertilizantes. Solo se utilizar\u00e1n procesos h\u00famedos para mejorar la sostenibilidad del proceso, sin tener en cuenta la utilizaci\u00f3n de disolventes no seguros.<\/div><\/div><\/div><div class='cb-post-url-qr-code'><br><img src='https:\/\/api.qrserver.com\/v1\/create-qr-code\/?size=185x185&ecc=L&qzone=1&data=https%3A%2F%2Fwww2.ual.es%2Fsabana%2Falgaenauts%2F' alt='ALGAENAUTS'\/><\/div>","protected":false},"excerpt":{"rendered":"<p>Nueva familia de bioplaguicidas ecol\u00f3gicos y sostenibles basados en microalgas a trav\u00e9s de un enfoque de econom\u00eda circular (ALGAENAUTS) Fuente <a href=\"https:\/\/www2.ual.es\/sabana\/algaenauts\/\" rel=\"nofollow\"><span class=\"sr-only\">Leer m\u00e1sALGAENAUTS<\/span>[&hellip;]<\/a><\/p>\n","protected":false},"author":101014,"featured_media":0,"parent":0,"menu_order":0,"comment_status":"closed","ping_status":"closed","template":"","meta":{"footnotes":""},"class_list":["post-2707","page","type-page","status-publish","hentry"],"_links":{"self":[{"href":"https:\/\/www2.ual.es\/sabana\/wp-json\/wp\/v2\/pages\/2707"}],"collection":[{"href":"https:\/\/www2.ual.es\/sabana\/wp-json\/wp\/v2\/pages"}],"about":[{"href":"https:\/\/www2.ual.es\/sabana\/wp-json\/wp\/v2\/types\/page"}],"author":[{"embeddable":true,"href":"https:\/\/www2.ual.es\/sabana\/wp-json\/wp\/v2\/users\/101014"}],"replies":[{"embeddable":true,"href":"https:\/\/www2.ual.es\/sabana\/wp-json\/wp\/v2\/comments?post=2707"}],"version-history":[{"count":1,"href":"https:\/\/www2.ual.es\/sabana\/wp-json\/wp\/v2\/pages\/2707\/revisions"}],"predecessor-version":[{"id":2711,"href":"https:\/\/www2.ual.es\/sabana\/wp-json\/wp\/v2\/pages\/2707\/revisions\/2711"}],"wp:attachment":[{"href":"https:\/\/www2.ual.es\/sabana\/wp-json\/wp\/v2\/media?parent=2707"}],"curies":[{"name":"wp","href":"https:\/\/api.w.org\/{rel}","templated":true}]}}