{"id":2700,"date":"2024-02-12T11:54:19","date_gmt":"2024-02-12T10:54:19","guid":{"rendered":"https:\/\/www2.ual.es\/sabana\/?page_id=2700"},"modified":"2024-02-12T11:54:21","modified_gmt":"2024-02-12T10:54:21","slug":"digitalgae","status":"publish","type":"page","link":"https:\/\/www2.ual.es\/sabana\/digitalgae\/","title":{"rendered":"DIGITALGAE"},"content":{"rendered":"<div class=\"wp-block-image\">\n<figure class=\"alignright size-full is-resized\"><img loading=\"lazy\" decoding=\"async\" width=\"442\" height=\"383\" src=\"https:\/\/www2.ual.es\/sabana\/wp-content\/uploads\/2024\/02\/EU.png\" alt=\"\" class=\"wp-image-2609\" style=\"width:143px;height:auto\" srcset=\"https:\/\/www2.ual.es\/sabana\/wp-content\/uploads\/2024\/02\/EU.png 442w, https:\/\/www2.ual.es\/sabana\/wp-content\/uploads\/2024\/02\/EU-300x260.png 300w\" sizes=\"(max-width: 442px) 100vw, 442px\" \/><\/figure><\/div>\n\n<div class=\"wp-block-image\">\n<figure class=\"alignright size-full\"><img loading=\"lazy\" decoding=\"async\" width=\"124\" height=\"134\" src=\"https:\/\/www2.ual.es\/sabana\/wp-content\/uploads\/2024\/02\/InProgress.png\" alt=\"\" class=\"wp-image-2613\"\/><\/figure><\/div>\n\n\n<p>Desarrollo de sistemas de alerta temprana para mejorar la PRODUCCI\u00d3N de microalgas y la DIGESTI\u00d3N anaer\u00f3bica<em> (<strong>DIGITALGAE<\/strong>)<\/em><\/p>\n\n\n\n<p><strong>Fuente de Financiaci\u00f3n:<\/strong> Convocatoria de Redes de Capacitaci\u00f3n Innovadoras (ITN) &#8211; H2020-MSCA-ITN-2020<\/p>\n\n\n\n<p class=\"has-text-align-right\"><strong>Duraci\u00f3n Prevista:<\/strong> 2021 &#8211; 2024 <\/p>\n\n\n\n<p><strong>Cooperantes:<\/strong><\/p>\n\n\n\n<ul class=\"wp-block-list\">\n<li>UNIVERSIDAD DE ALMERIA <img loading=\"lazy\" decoding=\"async\" width=\"30\" height=\"23\" class=\"wp-image-2417\" style=\"width: 30px;\" src=\"https:\/\/www2.ual.es\/sabana\/wp-content\/uploads\/2024\/01\/ES.png\" alt=\"\" srcset=\"https:\/\/www2.ual.es\/sabana\/wp-content\/uploads\/2024\/01\/ES.png 640w, https:\/\/www2.ual.es\/sabana\/wp-content\/uploads\/2024\/01\/ES-300x225.png 300w, https:\/\/www2.ual.es\/sabana\/wp-content\/uploads\/2024\/01\/ES-285x214.png 285w\" sizes=\"(max-width: 30px) 100vw, 30px\" \/>  <img loading=\"lazy\" decoding=\"async\" width=\"80\" height=\"31\" class=\"wp-image-2612\" style=\"width: 80px;\" src=\"https:\/\/www2.ual.es\/sabana\/wp-content\/uploads\/2024\/02\/01-Logotipo.png\" alt=\"\" srcset=\"https:\/\/www2.ual.es\/sabana\/wp-content\/uploads\/2024\/02\/01-Logotipo.png 2785w, https:\/\/www2.ual.es\/sabana\/wp-content\/uploads\/2024\/02\/01-Logotipo-300x115.png 300w, https:\/\/www2.ual.es\/sabana\/wp-content\/uploads\/2024\/02\/01-Logotipo-1024x392.png 1024w, https:\/\/www2.ual.es\/sabana\/wp-content\/uploads\/2024\/02\/01-Logotipo-768x294.png 768w, https:\/\/www2.ual.es\/sabana\/wp-content\/uploads\/2024\/02\/01-Logotipo-1536x588.png 1536w, https:\/\/www2.ual.es\/sabana\/wp-content\/uploads\/2024\/02\/01-Logotipo-2048x784.png 2048w\" sizes=\"(max-width: 80px) 100vw, 80px\" \/><\/li>\n\n\n\n<li>UNIVERSIDAD DE PADOVA <img loading=\"lazy\" decoding=\"async\" width=\"30\" height=\"23\" class=\"wp-image-2415\" style=\"width: 30px;\" src=\"https:\/\/www2.ual.es\/sabana\/wp-content\/uploads\/2024\/01\/IT.png\" alt=\"\" srcset=\"https:\/\/www2.ual.es\/sabana\/wp-content\/uploads\/2024\/01\/IT.png 640w, https:\/\/www2.ual.es\/sabana\/wp-content\/uploads\/2024\/01\/IT-300x225.png 300w, https:\/\/www2.ual.es\/sabana\/wp-content\/uploads\/2024\/01\/IT-285x214.png 285w\" sizes=\"(max-width: 30px) 100vw, 30px\" \/>   <img loading=\"lazy\" decoding=\"async\" width=\"25\" height=\"25\" class=\"wp-image-2229\" style=\"width: 25px;\" src=\"https:\/\/www2.ual.es\/sabana\/wp-content\/uploads\/2024\/01\/Logo_Universidad_de_Padua_0.png\" alt=\"\" srcset=\"https:\/\/www2.ual.es\/sabana\/wp-content\/uploads\/2024\/01\/Logo_Universidad_de_Padua_0.png 320w, https:\/\/www2.ual.es\/sabana\/wp-content\/uploads\/2024\/01\/Logo_Universidad_de_Padua_0-300x300.png 300w, https:\/\/www2.ual.es\/sabana\/wp-content\/uploads\/2024\/01\/Logo_Universidad_de_Padua_0-150x150.png 150w, https:\/\/www2.ual.es\/sabana\/wp-content\/uploads\/2024\/01\/Logo_Universidad_de_Padua_0-250x250.png 250w, https:\/\/www2.ual.es\/sabana\/wp-content\/uploads\/2024\/01\/Logo_Universidad_de_Padua_0-174x174.png 174w\" sizes=\"(max-width: 25px) 100vw, 25px\" \/><\/li>\n<\/ul>\n\n\n\n<p>El objetivo de <em>DigitAlgaesation<\/em> es proponer un enfoque de digitalizaci\u00f3n para optimizar el control y la operaci\u00f3n de los procesos de cultivo de microalgas con el fin de maximizar su eficiencia de conversi\u00f3n de luz e impulsar la cartera sostenible de procesos basados \u200b\u200ben microalgas hacia los mercados de productos b\u00e1sicos y energ\u00eda. La inteligencia artificial y los enfoques de control autom\u00e1tico basados \u200b\u200ben modelos pueden ser de gran ayuda para comprender, optimizar y, a su vez, remediar la brecha entre las observaciones a escala de laboratorio y la realidad a escala industrial.<\/p>\n\n\n\n<p><\/p>\n\n\n<div class=\"wp-block-image\">\n<figure class=\"aligncenter size-full\"><img loading=\"lazy\" decoding=\"async\" width=\"446\" height=\"337\" src=\"https:\/\/www2.ual.es\/sabana\/wp-content\/uploads\/2024\/02\/image-8.png\" alt=\"\" class=\"wp-image-2701\" srcset=\"https:\/\/www2.ual.es\/sabana\/wp-content\/uploads\/2024\/02\/image-8.png 446w, https:\/\/www2.ual.es\/sabana\/wp-content\/uploads\/2024\/02\/image-8-300x227.png 300w, https:\/\/www2.ual.es\/sabana\/wp-content\/uploads\/2024\/02\/image-8-285x214.png 285w\" sizes=\"(max-width: 446px) 100vw, 446px\" \/><\/figure><\/div>\n\n\n<p><\/p>\n\n\n\n<p><strong>DESARROLLO<\/strong>: Proponer un enfoque de digitalizaci\u00f3n para optimizar el control y la operaci\u00f3n de los procesos de cultivo de microalgas a fin de maximizar su eficiencia de conversi\u00f3n de luz e impulsar la cartera sostenible de procesos basados en microalgas hacia los mercados de productos b\u00e1sicos y energ\u00eda.<\/p>\n\n\n<div class=\"wp-block-image\">\n<figure class=\"aligncenter size-full is-resized\"><img loading=\"lazy\" decoding=\"async\" width=\"572\" height=\"379\" src=\"https:\/\/www2.ual.es\/sabana\/wp-content\/uploads\/2024\/02\/image-9.png\" alt=\"\" class=\"wp-image-2702\" style=\"width:366px;height:auto\" srcset=\"https:\/\/www2.ual.es\/sabana\/wp-content\/uploads\/2024\/02\/image-9.png 572w, https:\/\/www2.ual.es\/sabana\/wp-content\/uploads\/2024\/02\/image-9-300x199.png 300w\" sizes=\"(max-width: 572px) 100vw, 572px\" \/><\/figure><\/div>\n\n<div class=\"wp-block-image\">\n<figure class=\"aligncenter size-full is-resized\"><img loading=\"lazy\" decoding=\"async\" width=\"776\" height=\"375\" src=\"https:\/\/www2.ual.es\/sabana\/wp-content\/uploads\/2024\/02\/image-10.png\" alt=\"\" class=\"wp-image-2703\" style=\"width:421px;height:auto\" srcset=\"https:\/\/www2.ual.es\/sabana\/wp-content\/uploads\/2024\/02\/image-10.png 776w, https:\/\/www2.ual.es\/sabana\/wp-content\/uploads\/2024\/02\/image-10-300x145.png 300w, https:\/\/www2.ual.es\/sabana\/wp-content\/uploads\/2024\/02\/image-10-768x371.png 768w\" sizes=\"(max-width: 776px) 100vw, 776px\" \/><\/figure><\/div>\n\n\n<div class=\"wp-block-buttons is-layout-flex wp-block-buttons-is-layout-flex\">\n<div class=\"wp-block-button is-style-outline is-style-outline--b3228d1cf146fffdce7adec6f8415154\"><a class=\"wp-block-button__link has-black-color has-vivid-cyan-blue-background-color has-text-color has-background has-link-color wp-element-button\" href=\"https:\/\/digitalgaesation.eu\/\" target=\"_blank\" rel=\"noreferrer noopener\">Saber m\u00e1s<\/a><\/div>\n<\/div>\n\n\n<div class=\"vlp-link-container vlp-layout-basic wp-block-visual-link-preview-link\"><a href=\"https:\/\/digitalgaesation.eu\/\" class=\"vlp-link\" title=\"Home page of digitalgaesation project.\" rel=\"nofollow\" target=\"_blank\"><\/a><div class=\"vlp-layout-zone-side\"><div class=\"vlp-block-2 vlp-link-image\"><img decoding=\"async\" src=\"https:\/\/digitalgaesation.eu\/wp-content\/uploads\/2020\/11\/cropped-Logo-digitalgae_sito_trasp_new-3.png\" style=\"max-width: 150px; max-height: 150px\" \/><\/div><\/div><div class=\"vlp-layout-zone-main\"><div class=\"vlp-block-0 vlp-link-title\">Home page of digitalgaesation project.<\/div><div class=\"vlp-block-1 vlp-link-summary\">Home of the digitalisation project for optimising control and operation of microalgae cultivation processes.<\/div><\/div><\/div><div class='cb-post-url-qr-code'><br><img src='https:\/\/api.qrserver.com\/v1\/create-qr-code\/?size=185x185&ecc=L&qzone=1&data=https%3A%2F%2Fwww2.ual.es%2Fsabana%2Fdigitalgae%2F' alt='DIGITALGAE'\/><\/div>","protected":false},"excerpt":{"rendered":"<p>Desarrollo de sistemas de alerta temprana para mejorar la PRODUCCI\u00d3N de microalgas y la DIGESTI\u00d3N anaer\u00f3bica (DIGITALGAE) Fuente de Financiaci\u00f3n: <a href=\"https:\/\/www2.ual.es\/sabana\/digitalgae\/\" rel=\"nofollow\"><span class=\"sr-only\">Leer m\u00e1sDIGITALGAE<\/span>[&hellip;]<\/a><\/p>\n","protected":false},"author":101014,"featured_media":0,"parent":0,"menu_order":0,"comment_status":"closed","ping_status":"closed","template":"","meta":{"footnotes":""},"class_list":["post-2700","page","type-page","status-publish","hentry"],"_links":{"self":[{"href":"https:\/\/www2.ual.es\/sabana\/wp-json\/wp\/v2\/pages\/2700"}],"collection":[{"href":"https:\/\/www2.ual.es\/sabana\/wp-json\/wp\/v2\/pages"}],"about":[{"href":"https:\/\/www2.ual.es\/sabana\/wp-json\/wp\/v2\/types\/page"}],"author":[{"embeddable":true,"href":"https:\/\/www2.ual.es\/sabana\/wp-json\/wp\/v2\/users\/101014"}],"replies":[{"embeddable":true,"href":"https:\/\/www2.ual.es\/sabana\/wp-json\/wp\/v2\/comments?post=2700"}],"version-history":[{"count":1,"href":"https:\/\/www2.ual.es\/sabana\/wp-json\/wp\/v2\/pages\/2700\/revisions"}],"predecessor-version":[{"id":2705,"href":"https:\/\/www2.ual.es\/sabana\/wp-json\/wp\/v2\/pages\/2700\/revisions\/2705"}],"wp:attachment":[{"href":"https:\/\/www2.ual.es\/sabana\/wp-json\/wp\/v2\/media?parent=2700"}],"curies":[{"name":"wp","href":"https:\/\/api.w.org\/{rel}","templated":true}]}}