{"id":2618,"date":"2024-02-11T21:35:40","date_gmt":"2024-02-11T20:35:40","guid":{"rendered":"https:\/\/www2.ual.es\/sabana\/?page_id=2618"},"modified":"2024-02-12T12:59:04","modified_gmt":"2024-02-12T11:59:04","slug":"proyecto-prodigio","status":"publish","type":"page","link":"https:\/\/www2.ual.es\/sabana\/proyecto-prodigio\/","title":{"rendered":"PRODIGIO"},"content":{"rendered":"<div class=\"wp-block-image\">\n<figure class=\"alignright size-full is-resized\"><img loading=\"lazy\" decoding=\"async\" width=\"442\" height=\"383\" src=\"https:\/\/www2.ual.es\/sabana\/wp-content\/uploads\/2024\/02\/EU.png\" alt=\"\" class=\"wp-image-2609\" style=\"width:143px;height:auto\" srcset=\"https:\/\/www2.ual.es\/sabana\/wp-content\/uploads\/2024\/02\/EU.png 442w, https:\/\/www2.ual.es\/sabana\/wp-content\/uploads\/2024\/02\/EU-300x260.png 300w\" sizes=\"(max-width: 442px) 100vw, 442px\" \/><\/figure><\/div>\n\n<div class=\"wp-block-image\">\n<figure class=\"alignright size-full\"><img loading=\"lazy\" decoding=\"async\" width=\"124\" height=\"134\" src=\"https:\/\/www2.ual.es\/sabana\/wp-content\/uploads\/2024\/02\/InProgress.png\" alt=\"\" class=\"wp-image-2613\"\/><\/figure><\/div>\n\n\n<p>Desarrollo de sistemas de alerta temprana para mejorar la PRODUCCI\u00d3N de microalgas y la DIGESTI\u00d3N anaer\u00f3bica<em> (<strong>PRODIGIO<\/strong>)<\/em><\/p>\n\n\n\n<p><strong>Fuente de Financiaci\u00f3n:<\/strong> Acciones de Investigaci\u00f3n e Innovaci\u00f3n (UE H2020).<\/p>\n\n\n\n<p class=\"has-text-align-right\"><strong>Duraci\u00f3n Prevista:<\/strong> 2021 &#8211; 2024 <\/p>\n\n\n\n<p><strong>Cooperantes:<\/strong><\/p>\n\n\n\n<ul class=\"wp-block-list\">\n<li>UNIVERSIDAD DE ALMERIA <img loading=\"lazy\" decoding=\"async\" width=\"30\" height=\"23\" class=\"wp-image-2417\" style=\"width: 30px;\" src=\"https:\/\/www2.ual.es\/sabana\/wp-content\/uploads\/2024\/01\/ES.png\" alt=\"\" srcset=\"https:\/\/www2.ual.es\/sabana\/wp-content\/uploads\/2024\/01\/ES.png 640w, https:\/\/www2.ual.es\/sabana\/wp-content\/uploads\/2024\/01\/ES-300x225.png 300w, https:\/\/www2.ual.es\/sabana\/wp-content\/uploads\/2024\/01\/ES-285x214.png 285w\" sizes=\"(max-width: 30px) 100vw, 30px\" \/>  <img loading=\"lazy\" decoding=\"async\" width=\"80\" height=\"31\" class=\"wp-image-2612\" style=\"width: 80px;\" src=\"https:\/\/www2.ual.es\/sabana\/wp-content\/uploads\/2024\/02\/01-Logotipo.png\" alt=\"\" srcset=\"https:\/\/www2.ual.es\/sabana\/wp-content\/uploads\/2024\/02\/01-Logotipo.png 2785w, https:\/\/www2.ual.es\/sabana\/wp-content\/uploads\/2024\/02\/01-Logotipo-300x115.png 300w, https:\/\/www2.ual.es\/sabana\/wp-content\/uploads\/2024\/02\/01-Logotipo-1024x392.png 1024w, https:\/\/www2.ual.es\/sabana\/wp-content\/uploads\/2024\/02\/01-Logotipo-768x294.png 768w, https:\/\/www2.ual.es\/sabana\/wp-content\/uploads\/2024\/02\/01-Logotipo-1536x588.png 1536w, https:\/\/www2.ual.es\/sabana\/wp-content\/uploads\/2024\/02\/01-Logotipo-2048x784.png 2048w\" sizes=\"(max-width: 80px) 100vw, 80px\" \/><\/li>\n\n\n\n<li>Consejo Superior de Investigaciones Cient\u00edficas (CSIC) <img loading=\"lazy\" decoding=\"async\" width=\"30\" height=\"23\" class=\"wp-image-2417\" style=\"width: 30px;\" src=\"https:\/\/www2.ual.es\/sabana\/wp-content\/uploads\/2024\/01\/ES.png\" alt=\"\" srcset=\"https:\/\/www2.ual.es\/sabana\/wp-content\/uploads\/2024\/01\/ES.png 640w, https:\/\/www2.ual.es\/sabana\/wp-content\/uploads\/2024\/01\/ES-300x225.png 300w, https:\/\/www2.ual.es\/sabana\/wp-content\/uploads\/2024\/01\/ES-285x214.png 285w\" sizes=\"(max-width: 30px) 100vw, 30px\" \/>   <img loading=\"lazy\" decoding=\"async\" width=\"80\" height=\"24\" class=\"wp-image-2619\" style=\"width: 80px;\" src=\"https:\/\/www2.ual.es\/sabana\/wp-content\/uploads\/2024\/02\/CSIC.png\" alt=\"\" srcset=\"https:\/\/www2.ual.es\/sabana\/wp-content\/uploads\/2024\/02\/CSIC.png 799w, https:\/\/www2.ual.es\/sabana\/wp-content\/uploads\/2024\/02\/CSIC-300x92.png 300w, https:\/\/www2.ual.es\/sabana\/wp-content\/uploads\/2024\/02\/CSIC-768x235.png 768w\" sizes=\"(max-width: 80px) 100vw, 80px\" \/><\/li>\n<\/ul>\n\n\n\n<p>El objetivo PRINCIPAL de PRODIGIO es establecer una base de conocimiento para el desarrollo de una tecnolog\u00eda de predicci\u00f3n de fallos de sistemas que aumente el rendimiento de la producci\u00f3n de biomasa de microalgas y los sistemas de digesti\u00f3n anaerobia y avanzar hacia un rendimiento t\u00e9cnico-econ\u00f3mico, ambiental y social m\u00e1s favorable para conseguir un biog\u00e1s de microalgas m\u00e1s sostenible.<\/p>\n\n\n\n<p><\/p>\n\n\n<div class=\"wp-block-image\">\n<figure class=\"aligncenter size-full is-resized\"><img loading=\"lazy\" decoding=\"async\" width=\"828\" height=\"305\" src=\"https:\/\/www2.ual.es\/sabana\/wp-content\/uploads\/2024\/02\/image-3.png\" alt=\"\" class=\"wp-image-2620\" style=\"width:578px;height:auto\" srcset=\"https:\/\/www2.ual.es\/sabana\/wp-content\/uploads\/2024\/02\/image-3.png 828w, https:\/\/www2.ual.es\/sabana\/wp-content\/uploads\/2024\/02\/image-3-300x111.png 300w, https:\/\/www2.ual.es\/sabana\/wp-content\/uploads\/2024\/02\/image-3-768x283.png 768w\" sizes=\"(max-width: 828px) 100vw, 828px\" \/><\/figure><\/div>\n\n\n<p><\/p>\n\n\n\n<p><strong>DESARROLLO<\/strong>: El objetivo de PRODIGIO es identificar las alertas tempranas como un medio para evitar el fracaso del proceso mediante la predicci\u00f3n m\u00e1s precisa de CU\u00c1NDO ocurrir\u00e1.<\/p>\n\n\n<div class=\"wp-block-image\">\n<figure class=\"aligncenter size-full is-resized\"><img loading=\"lazy\" decoding=\"async\" width=\"661\" height=\"281\" src=\"https:\/\/www2.ual.es\/sabana\/wp-content\/uploads\/2024\/02\/image-4.png\" alt=\"\" class=\"wp-image-2621\" style=\"width:519px;height:auto\" srcset=\"https:\/\/www2.ual.es\/sabana\/wp-content\/uploads\/2024\/02\/image-4.png 661w, https:\/\/www2.ual.es\/sabana\/wp-content\/uploads\/2024\/02\/image-4-300x128.png 300w\" sizes=\"(max-width: 661px) 100vw, 661px\" \/><\/figure><\/div>\n\n<div class=\"wp-block-image\">\n<figure class=\"aligncenter size-full is-resized\"><img loading=\"lazy\" decoding=\"async\" width=\"774\" height=\"480\" src=\"https:\/\/www2.ual.es\/sabana\/wp-content\/uploads\/2024\/02\/image-6.png\" alt=\"\" class=\"wp-image-2623\" style=\"width:544px;height:auto\" srcset=\"https:\/\/www2.ual.es\/sabana\/wp-content\/uploads\/2024\/02\/image-6.png 774w, https:\/\/www2.ual.es\/sabana\/wp-content\/uploads\/2024\/02\/image-6-300x186.png 300w, https:\/\/www2.ual.es\/sabana\/wp-content\/uploads\/2024\/02\/image-6-768x476.png 768w\" sizes=\"(max-width: 774px) 100vw, 774px\" \/><\/figure><\/div>\n\n\n<div class=\"wp-block-buttons is-layout-flex wp-block-buttons-is-layout-flex\">\n<div class=\"wp-block-button is-style-outline is-style-outline--60dd202936adfa800d00407b52cffd2e\"><a class=\"wp-block-button__link has-black-color has-vivid-cyan-blue-background-color has-text-color has-background has-link-color wp-element-button\" href=\"https:\/\/prodigio-project.eu\/\" target=\"_blank\" rel=\"noreferrer noopener\">Saber m\u00e1s<\/a><\/div>\n<\/div>\n\n\n<div class=\"vlp-link-container vlp-layout-basic wp-block-visual-link-preview-link\"><a href=\"https:\/\/prodigio-project.eu\/\" class=\"vlp-link\" title=\"Prodigio (microalgae PROduction and anaerobic DIGestIOn)\" rel=\"nofollow\" target=\"_blank\"><\/a><div class=\"vlp-layout-zone-side\"><div class=\"vlp-block-2 vlp-link-image\"><img decoding=\"async\" src=\"https:\/\/prodigio-project.eu\/wp-content\/uploads\/2021\/01\/cropped-Prodigio-Photo-02-scaled-2.jpg\" style=\"max-width: 150px; max-height: 150px\" \/><\/div><\/div><div class=\"vlp-layout-zone-main\"><div class=\"vlp-block-0 vlp-link-title\">Prodigio (microalgae PROduction and anaerobic DIGestIOn)<\/div><div class=\"vlp-block-1 vlp-link-summary\">PRODIGIO is a Research and Innovation Action under the topic Developing the next generation of renewable energy technologies.<\/div><\/div><\/div><div class='cb-post-url-qr-code'><br><img src='https:\/\/api.qrserver.com\/v1\/create-qr-code\/?size=185x185&ecc=L&qzone=1&data=https%3A%2F%2Fwww2.ual.es%2Fsabana%2Fproyecto-prodigio%2F' alt='PRODIGIO'\/><\/div>","protected":false},"excerpt":{"rendered":"<p>Desarrollo de sistemas de alerta temprana para mejorar la PRODUCCI\u00d3N de microalgas y la DIGESTI\u00d3N anaer\u00f3bica (PRODIGIO) Fuente de Financiaci\u00f3n: <a href=\"https:\/\/www2.ual.es\/sabana\/proyecto-prodigio\/\" rel=\"nofollow\"><span class=\"sr-only\">Leer m\u00e1sPRODIGIO<\/span>[&hellip;]<\/a><\/p>\n","protected":false},"author":101014,"featured_media":0,"parent":0,"menu_order":0,"comment_status":"closed","ping_status":"closed","template":"","meta":{"footnotes":""},"class_list":["post-2618","page","type-page","status-publish","hentry"],"_links":{"self":[{"href":"https:\/\/www2.ual.es\/sabana\/wp-json\/wp\/v2\/pages\/2618"}],"collection":[{"href":"https:\/\/www2.ual.es\/sabana\/wp-json\/wp\/v2\/pages"}],"about":[{"href":"https:\/\/www2.ual.es\/sabana\/wp-json\/wp\/v2\/types\/page"}],"author":[{"embeddable":true,"href":"https:\/\/www2.ual.es\/sabana\/wp-json\/wp\/v2\/users\/101014"}],"replies":[{"embeddable":true,"href":"https:\/\/www2.ual.es\/sabana\/wp-json\/wp\/v2\/comments?post=2618"}],"version-history":[{"count":4,"href":"https:\/\/www2.ual.es\/sabana\/wp-json\/wp\/v2\/pages\/2618\/revisions"}],"predecessor-version":[{"id":2731,"href":"https:\/\/www2.ual.es\/sabana\/wp-json\/wp\/v2\/pages\/2618\/revisions\/2731"}],"wp:attachment":[{"href":"https:\/\/www2.ual.es\/sabana\/wp-json\/wp\/v2\/media?parent=2618"}],"curies":[{"name":"wp","href":"https:\/\/api.w.org\/{rel}","templated":true}]}}