{"id":2607,"date":"2024-02-11T21:16:32","date_gmt":"2024-02-11T20:16:32","guid":{"rendered":"https:\/\/www2.ual.es\/sabana\/?page_id=2607"},"modified":"2024-02-11T23:57:57","modified_gmt":"2024-02-11T22:57:57","slug":"proyecto-realm","status":"publish","type":"page","link":"https:\/\/www2.ual.es\/sabana\/proyecto-realm\/","title":{"rendered":"REALM"},"content":{"rendered":"<div class=\"wp-block-image\">\n<figure class=\"alignright size-full is-resized\"><img loading=\"lazy\" decoding=\"async\" width=\"442\" height=\"383\" src=\"https:\/\/www2.ual.es\/sabana\/wp-content\/uploads\/2024\/02\/EU.png\" alt=\"\" class=\"wp-image-2609\" style=\"width:143px;height:auto\" srcset=\"https:\/\/www2.ual.es\/sabana\/wp-content\/uploads\/2024\/02\/EU.png 442w, https:\/\/www2.ual.es\/sabana\/wp-content\/uploads\/2024\/02\/EU-300x260.png 300w\" sizes=\"(max-width: 442px) 100vw, 442px\" \/><\/figure><\/div>\n\n<div class=\"wp-block-image\">\n<figure class=\"alignright size-full\"><img loading=\"lazy\" decoding=\"async\" width=\"124\" height=\"134\" src=\"https:\/\/www2.ual.es\/sabana\/wp-content\/uploads\/2024\/02\/InProgress.png\" alt=\"\" class=\"wp-image-2613\"\/><\/figure><\/div>\n\n\n<p>Reutilizaci\u00f3n De Efluentes De La Agricultura Para Liberar El Potencial De Las Microalgas<em> (<strong>REALM<\/strong>)<\/em><\/p>\n\n\n\n<p><strong>Fuente de Financiaci\u00f3n:<\/strong> HORIZON-CL6-2021-CIRCBIO-01-09\u2014Liberar el potencial de las algas para una pr\u00f3spera bioeconom\u00eda azul europea.<\/p>\n\n\n\n<p class=\"has-text-align-right\"><strong>Duraci\u00f3n Prevista:<\/strong> 2022 &#8211; 2026 <\/p>\n\n\n\n<p><strong>Cooperantes:<\/strong><\/p>\n\n\n\n<ul class=\"wp-block-list\">\n<li>UNIVERSIDAD DE ALMERIA <img loading=\"lazy\" decoding=\"async\" width=\"30\" height=\"23\" class=\"wp-image-2417\" style=\"width: 30px;\" src=\"https:\/\/www2.ual.es\/sabana\/wp-content\/uploads\/2024\/01\/ES.png\" alt=\"\" srcset=\"https:\/\/www2.ual.es\/sabana\/wp-content\/uploads\/2024\/01\/ES.png 640w, https:\/\/www2.ual.es\/sabana\/wp-content\/uploads\/2024\/01\/ES-300x225.png 300w, https:\/\/www2.ual.es\/sabana\/wp-content\/uploads\/2024\/01\/ES-285x214.png 285w\" sizes=\"(max-width: 30px) 100vw, 30px\" \/>  <img loading=\"lazy\" decoding=\"async\" width=\"80\" height=\"31\" class=\"wp-image-2612\" style=\"width: 80px;\" src=\"https:\/\/www2.ual.es\/sabana\/wp-content\/uploads\/2024\/02\/01-Logotipo.png\" alt=\"\" srcset=\"https:\/\/www2.ual.es\/sabana\/wp-content\/uploads\/2024\/02\/01-Logotipo.png 2785w, https:\/\/www2.ual.es\/sabana\/wp-content\/uploads\/2024\/02\/01-Logotipo-300x115.png 300w, https:\/\/www2.ual.es\/sabana\/wp-content\/uploads\/2024\/02\/01-Logotipo-1024x392.png 1024w, https:\/\/www2.ual.es\/sabana\/wp-content\/uploads\/2024\/02\/01-Logotipo-768x294.png 768w, https:\/\/www2.ual.es\/sabana\/wp-content\/uploads\/2024\/02\/01-Logotipo-1536x588.png 1536w, https:\/\/www2.ual.es\/sabana\/wp-content\/uploads\/2024\/02\/01-Logotipo-2048x784.png 2048w\" sizes=\"(max-width: 80px) 100vw, 80px\" \/><\/li>\n\n\n\n<li>NECTON <img loading=\"lazy\" decoding=\"async\" width=\"20\" height=\"20\" class=\"wp-image-2610\" style=\"width: 20px;\" src=\"https:\/\/www2.ual.es\/sabana\/wp-content\/uploads\/2024\/02\/PT.png\" alt=\"\" srcset=\"https:\/\/www2.ual.es\/sabana\/wp-content\/uploads\/2024\/02\/PT.png 612w, https:\/\/www2.ual.es\/sabana\/wp-content\/uploads\/2024\/02\/PT-300x300.png 300w, https:\/\/www2.ual.es\/sabana\/wp-content\/uploads\/2024\/02\/PT-150x150.png 150w, https:\/\/www2.ual.es\/sabana\/wp-content\/uploads\/2024\/02\/PT-250x250.png 250w, https:\/\/www2.ual.es\/sabana\/wp-content\/uploads\/2024\/02\/PT-174x174.png 174w\" sizes=\"(max-width: 20px) 100vw, 20px\" \/>   <img loading=\"lazy\" decoding=\"async\" width=\"70\" height=\"22\" class=\"wp-image-2611\" style=\"width: 70px;\" src=\"https:\/\/www2.ual.es\/sabana\/wp-content\/uploads\/2024\/02\/NECTON.png\" alt=\"\" srcset=\"https:\/\/www2.ual.es\/sabana\/wp-content\/uploads\/2024\/02\/NECTON.png 605w, https:\/\/www2.ual.es\/sabana\/wp-content\/uploads\/2024\/02\/NECTON-300x96.png 300w, https:\/\/www2.ual.es\/sabana\/wp-content\/uploads\/2024\/02\/NECTON-600x193.png 600w\" sizes=\"(max-width: 70px) 100vw, 70px\" \/><\/li>\n\n\n\n<li>Otros:<\/li>\n<\/ul>\n\n\n<div class=\"wp-block-image\">\n<figure class=\"aligncenter size-full\"><img loading=\"lazy\" decoding=\"async\" width=\"507\" height=\"216\" src=\"https:\/\/www2.ual.es\/sabana\/wp-content\/uploads\/2024\/02\/image.png\" alt=\"\" class=\"wp-image-2614\" srcset=\"https:\/\/www2.ual.es\/sabana\/wp-content\/uploads\/2024\/02\/image.png 507w, https:\/\/www2.ual.es\/sabana\/wp-content\/uploads\/2024\/02\/image-300x128.png 300w\" sizes=\"(max-width: 507px) 100vw, 507px\" \/><\/figure><\/div>\n\n\n<p>El objetivo general de REALM es desarrollar una estrategia innovadora, sostenible y altamente eficiente para la producci\u00f3n y el procesamiento de biomasa de microalgas, aplicable a todos los pa\u00edses europeos. Esto se lograr\u00e1 utilizando un producto de desecho, el agua de drenaje de la agricultura sin suelo, rica en nutrientes necesarios para el crecimiento de las microalgas, combinado con un modo de producci\u00f3n continua de microalgas, aplicado por primera vez a escala industrial: el modo turbidostato. Este modo de cultivo permite que las microalgas crezcan con la m\u00e1xima productividad, con recolecci\u00f3n continua de biomasa y adici\u00f3n de medio de cultivo.<\/p>\n\n\n\n<p><\/p>\n\n\n<div class=\"wp-block-image\">\n<figure class=\"aligncenter size-full\"><img loading=\"lazy\" decoding=\"async\" width=\"617\" height=\"292\" src=\"https:\/\/www2.ual.es\/sabana\/wp-content\/uploads\/2024\/02\/image-1.png\" alt=\"\" class=\"wp-image-2615\" srcset=\"https:\/\/www2.ual.es\/sabana\/wp-content\/uploads\/2024\/02\/image-1.png 617w, https:\/\/www2.ual.es\/sabana\/wp-content\/uploads\/2024\/02\/image-1-300x142.png 300w\" sizes=\"(max-width: 617px) 100vw, 617px\" \/><\/figure><\/div>\n\n\n<p><\/p>\n\n\n\n<p><strong>DESARROLLO<\/strong>: Se instalar\u00e1n instalaciones de cultivo de microalgas junto a los invernaderos que suministrar\u00e1n el agua de drenaje, mientras que las instalaciones de procesamiento centralizadas convertir\u00e1n la biomasa de microalgas en productos.<\/p>\n\n\n<div class=\"wp-block-image\">\n<figure class=\"aligncenter size-full\"><img loading=\"lazy\" decoding=\"async\" width=\"655\" height=\"467\" src=\"https:\/\/www2.ual.es\/sabana\/wp-content\/uploads\/2024\/02\/image-2.png\" alt=\"\" class=\"wp-image-2616\" srcset=\"https:\/\/www2.ual.es\/sabana\/wp-content\/uploads\/2024\/02\/image-2.png 655w, https:\/\/www2.ual.es\/sabana\/wp-content\/uploads\/2024\/02\/image-2-300x214.png 300w\" sizes=\"(max-width: 655px) 100vw, 655px\" \/><\/figure><\/div>\n\n\n<div class=\"wp-block-buttons is-layout-flex wp-block-buttons-is-layout-flex\">\n<div class=\"wp-block-button is-style-outline is-style-outline--e93270d48258d96287813f3d8c83467d\"><a class=\"wp-block-button__link has-black-color has-vivid-cyan-blue-background-color has-text-color has-background has-link-color wp-element-button\" href=\"https:\/\/realmalgae.eu\/\" target=\"_blank\" rel=\"noreferrer noopener\">Saber m\u00e1s<\/a><\/div>\n<\/div>\n\n\n<div class=\"vlp-link-container vlp-layout-basic wp-block-visual-link-preview-link\"><a href=\"https:\/\/realmalgae.eu\/\" class=\"vlp-link\" title=\"REALM - REALM algae\" rel=\"nofollow\" target=\"_blank\"><\/a><div class=\"vlp-layout-zone-side\"><div class=\"vlp-block-2 vlp-link-image\"><img decoding=\"async\" src=\"https:\/\/realmalgae.eu\/wp-content\/uploads\/2023\/10\/cover-1-e1697621646272-182x300.png\" style=\"max-width: 150px; max-height: 150px\" \/><\/div><\/div><div class=\"vlp-layout-zone-main\"><div class=\"vlp-block-0 vlp-link-title\">REALM &#8211; REALM algae<\/div><div class=\"vlp-block-1 vlp-link-summary\">The REALM project brings greenhouse farmers and microalgae producers together to help them overcome some of the biggest challenges they are facing today. Discover the REALM concept Can we grow microalgae in the wastewater of greenhouses? Free webinar: An online virtual tool to simulate microalgae cultivation in raceway reactors Register now ! (This element is &#8230; Read more<\/div><\/div><\/div><div class='cb-post-url-qr-code'><br><img src='https:\/\/api.qrserver.com\/v1\/create-qr-code\/?size=185x185&ecc=L&qzone=1&data=https%3A%2F%2Fwww2.ual.es%2Fsabana%2Fproyecto-realm%2F' alt='REALM'\/><\/div>","protected":false},"excerpt":{"rendered":"<p>Reutilizaci\u00f3n De Efluentes De La Agricultura Para Liberar El Potencial De Las Microalgas (REALM) Fuente de Financiaci\u00f3n: HORIZON-CL6-2021-CIRCBIO-01-09\u2014Liberar el potencial <a href=\"https:\/\/www2.ual.es\/sabana\/proyecto-realm\/\" rel=\"nofollow\"><span class=\"sr-only\">Leer m\u00e1sREALM<\/span>[&hellip;]<\/a><\/p>\n","protected":false},"author":101014,"featured_media":0,"parent":0,"menu_order":0,"comment_status":"closed","ping_status":"closed","template":"","meta":{"footnotes":""},"class_list":["post-2607","page","type-page","status-publish","hentry"],"_links":{"self":[{"href":"https:\/\/www2.ual.es\/sabana\/wp-json\/wp\/v2\/pages\/2607"}],"collection":[{"href":"https:\/\/www2.ual.es\/sabana\/wp-json\/wp\/v2\/pages"}],"about":[{"href":"https:\/\/www2.ual.es\/sabana\/wp-json\/wp\/v2\/types\/page"}],"author":[{"embeddable":true,"href":"https:\/\/www2.ual.es\/sabana\/wp-json\/wp\/v2\/users\/101014"}],"replies":[{"embeddable":true,"href":"https:\/\/www2.ual.es\/sabana\/wp-json\/wp\/v2\/comments?post=2607"}],"version-history":[{"count":6,"href":"https:\/\/www2.ual.es\/sabana\/wp-json\/wp\/v2\/pages\/2607\/revisions"}],"predecessor-version":[{"id":2676,"href":"https:\/\/www2.ual.es\/sabana\/wp-json\/wp\/v2\/pages\/2607\/revisions\/2676"}],"wp:attachment":[{"href":"https:\/\/www2.ual.es\/sabana\/wp-json\/wp\/v2\/media?parent=2607"}],"curies":[{"name":"wp","href":"https:\/\/api.w.org\/{rel}","templated":true}]}}