{"id":1407,"date":"2023-12-04T13:51:53","date_gmt":"2023-12-04T13:51:53","guid":{"rendered":"https:\/\/www2.ual.es\/sabana\/?page_id=1407"},"modified":"2023-12-20T11:39:49","modified_gmt":"2023-12-20T11:39:49","slug":"proyecto-cyan2bio","status":"publish","type":"page","link":"https:\/\/www2.ual.es\/sabana\/proyecto-cyan2bio\/","title":{"rendered":"Proyecto CYAN2BIO"},"content":{"rendered":"<div data-id=\"68d04d6\" data-element_type=\"widget\" data-widget_type=\"heading.default\">\n<div>\n<h4>Producci\u00f3n sostenible de bioproductos a partir de cianobacterias tratando efluentes residuales (CYAN2BIO)<\/h4>\n<\/div>\n<\/div>\n<div data-id=\"79ad7c1\" data-element_type=\"widget\" data-widget_type=\"text-editor.default\">\n<div style=\"text-align:center;\">\n<p align=\"center\" style=\"text-align: center\"><img loading=\"lazy\" decoding=\"async\" src=\"https:\/\/www2.ual.es\/sabana\/wp-content\/uploads\/2023\/12\/CYAN2BIOLogo.png\" align=\"center\" width=\"300\" height=\"100\"><\/p>\n<\/div>\n<p>El proyecto <b>Cyan2Bio<\/b> es un proyecto coordinado entre la Universidad Polit\u00e9cnica de Catalu\u00f1a, la Universidad Miguel Hern\u00e1ndez de Elche y la Universidad de Almer\u00eda (Coordinadora)<\/p>\n<div data-id=\"79ad7c1\" data-element_type=\"widget\" data-widget_type=\"text-editor.default\" style=\"alignment-adjust:middle\">\n<table class=\"default\" align=\"center\">\n<tbody>\n<tr>\n<td style=\"text-align: center\"><img loading=\"lazy\" decoding=\"async\" src=\"https:\/\/www2.ual.es\/sabana\/wp-content\/uploads\/2023\/12\/PlantaIFAPA.png\" width=\"100\" height=\"100\"><\/td>\n<td style=\"text-align: center\"><img loading=\"lazy\" decoding=\"async\" src=\"https:\/\/www2.ual.es\/sabana\/wp-content\/uploads\/2023\/12\/Pepinos.png\" width=\"100\" height=\"100\"><\/td>\n<td style=\"text-align: center\"><img loading=\"lazy\" decoding=\"async\" src=\"https:\/\/www2.ual.es\/sabana\/wp-content\/uploads\/2023\/12\/Sin-titulo-1.png\" width=\"100\" height=\"100\"><\/td>\n<td style=\"text-align: center\"><img loading=\"lazy\" decoding=\"async\" src=\"https:\/\/www2.ual.es\/sabana\/wp-content\/uploads\/2023\/12\/Sin-titulo-2.png\" width=\"100\" height=\"100\"><\/td>\n<\/tr>\n<tr><\/tr>\n<\/tbody>\n<\/table>\n<\/div>\n<p>Pretende desarrollar y demostrar un proceso sostenible para la producci\u00f3n de bioproductos a partir de cianobacterias, incluyendo biopol\u00edmeros (PHB), pigmentos (ficobiliprote\u00ednas), bioestimulantes y biog\u00e1s. Este enfoque requiere un grupo de investigaci\u00f3n multidisciplinar, que se logra combinando la experiencia de tres grupos complementarios en una propuesta coordinada: el Grupo de Investigaci\u00f3n Biodiversidad, Taxonom\u00eda, Filogenia, Ecofisiolog\u00eda y Biotecnolog\u00eda de algas de la Universidad Miguel Hern\u00e1ndez (UMH, Subproyecto 3), el Grupo de Investigaci\u00f3n en Ingenier\u00eda y Microbiolog\u00eda Ambiental de la Universitat Polit\u00e8cnica de Catalunya (UPC, Subproyecto 2) y el Departamento de Ingenier\u00eda Qu\u00edmica de la Universidad de Almer\u00eda (UAL, Subproyecto 1).<\/p>\n<div data-id=\"79ad7c1\" data-element_type=\"widget\" data-widget_type=\"text-editor.default\" style=\"alignment-adjust:middle\">\n<table class=\"default\" align=\"center\">\n<tbody>\n<tr>\n<td style=\"text-align: center\"><img decoding=\"async\" src=\"https:\/\/www2.ual.es\/sabana\/wp-content\/uploads\/2023\/12\/Resumen.png\"><\/td>\n<\/tr>\n<tr><\/tr>\n<\/tbody>\n<\/table>\n<\/div>\n<p><strong>Objetivo<\/strong><\/p>\n<p>El proyecto <b>Cyan2Bio<\/b> pretende producir bioproductos y biopl\u00e1sticos a partir de cianobacterias en un proceso sostenible.<\/p>\n<ul>\n<li><u>Exploraci\u00f3n:<\/u>&nbsp;La productividad de los biopl\u00e1sticos es espec\u00edfica de cada cepa, por lo que debe probarse una amplia gama de cepas para encontrar microorganismos altamente productivos. Las cepas seleccionadas contendr\u00e1n pigmentos y mol\u00e9culas bioactivas que deben considerarse subproductos potenciales.<\/li>\n<li><u>Ensayos:<\/u>&nbsp;Las cepas seleccionadas se producir\u00e1n en diferentes condiciones de cultivo (tanto en laboratorio como a gran escala) para identificar las que proporcionan biomasa m\u00e1s rica en los compuestos objetivo. Para la producci\u00f3n de biopol\u00edmeros, el sustrato org\u00e1nico a\u00f1adido tras la inanici\u00f3n en condiciones mixotr\u00f3ficas debe ser un residuo org\u00e1nico (por ejemplo, una mezcla de az\u00facares org\u00e1nicos procedentes de la industria alimentaria) para aumentar la circularidad del proceso, pero este razonamiento puede extenderse a la utilizaci\u00f3n de flujos de residuos como fuente de nutrientes tambi\u00e9n en el modo de producci\u00f3n autotr\u00f3fico.<\/li>\n<li><u>Desarrollo del proceso:<\/u>&nbsp;Debe desarrollarse y validarse una producci\u00f3n adecuada y un procesamiento posterior de la biomasa, incluyendo la monitorizaci\u00f3n del sistema biol\u00f3gico y la utilizaci\u00f3n de cultivos compuestos por varias cepas adecuadas que podr\u00edan ser m\u00e1s capaces de hacer frente a los cambios ambientales debidos a los efluentes residuales tratados, y tambi\u00e9n a las eventuales relaciones de competencia\/depredaci\u00f3n con microorganismos presentes en estas corrientes residuales. Adem\u00e1s, el desarrollo de biorrefiner\u00edas que permitan maximizar el rendimiento del producto y producir otros subproductos como bioestimulantes, biofertilizantes o pigmentos junto con el PHB aumentar\u00e1 la rentabilidad del proceso.<\/li>\n<\/ul>\n<\/div>\n<div data-id=\"79ad7c1\" data-element_type=\"widget\" data-widget_type=\"text-editor.default\" style=\"alignment-adjust:middle\">\n<table class=\"default\" align=\"center\">\n<tbody>\n<tr>\n<td style=\"text-align: center\"><img loading=\"lazy\" decoding=\"async\" src=\"https:\/\/www2.ual.es\/sabana\/wp-content\/uploads\/2023\/11\/UPCat.png\" alt=\"\" width=\"100\" height=\"100\"><\/td>\n<td style=\"text-align: center\"><img loading=\"lazy\" decoding=\"async\" src=\"https:\/\/www2.ual.es\/sabana\/wp-content\/uploads\/2023\/11\/01-Logotipo.png\" alt=\"\" width=\"100\" height=\"100\"><\/td>\n<td style=\"text-align: center\"><img loading=\"lazy\" decoding=\"async\" src=\"https:\/\/www2.ual.es\/sabana\/wp-content\/uploads\/2023\/12\/UniversidadMiguelHernandez.png\" alt=\"\" width=\"100\" height=\"100\"><\/td>\n<\/tr>\n<tr>\n<td style=\"text-align: center\">Universidad Polit\u00e9cnica de Catalu\u00f1a<\/td>\n<td style=\"text-align: center\">Universidad de Almer\u00eda<\/td>\n<td style=\"text-align: center\">Universidad Miguel Hern\u00e1ndez de Elche<\/td>\n<\/tr>\n<tr>\n<td style=\"text-align: center\"><i><\/i><\/td>\n<td style=\"text-align: center\"><i>Coordinadora<\/i><\/td>\n<td style=\"text-align: center\"><i><\/i><\/td>\n<\/tr>\n<\/tbody>\n<\/table>\n<\/div>\n<div class='cb-post-url-qr-code'><br><img src='https:\/\/api.qrserver.com\/v1\/create-qr-code\/?size=185x185&ecc=L&qzone=1&data=https%3A%2F%2Fwww2.ual.es%2Fsabana%2Fproyecto-cyan2bio%2F' alt='Proyecto CYAN2BIO'\/><\/div>","protected":false},"excerpt":{"rendered":"<p>Producci\u00f3n sostenible de bioproductos a partir de cianobacterias tratando efluentes residuales (CYAN2BIO) El proyecto Cyan2Bio es un proyecto coordinado entre <a href=\"https:\/\/www2.ual.es\/sabana\/proyecto-cyan2bio\/\" rel=\"nofollow\"><span class=\"sr-only\">Leer m\u00e1sProyecto CYAN2BIO<\/span>[&hellip;]<\/a><\/p>\n","protected":false},"author":101014,"featured_media":0,"parent":0,"menu_order":0,"comment_status":"closed","ping_status":"closed","template":"","meta":{"footnotes":""},"class_list":["post-1407","page","type-page","status-publish","hentry"],"_links":{"self":[{"href":"https:\/\/www2.ual.es\/sabana\/wp-json\/wp\/v2\/pages\/1407"}],"collection":[{"href":"https:\/\/www2.ual.es\/sabana\/wp-json\/wp\/v2\/pages"}],"about":[{"href":"https:\/\/www2.ual.es\/sabana\/wp-json\/wp\/v2\/types\/page"}],"author":[{"embeddable":true,"href":"https:\/\/www2.ual.es\/sabana\/wp-json\/wp\/v2\/users\/101014"}],"replies":[{"embeddable":true,"href":"https:\/\/www2.ual.es\/sabana\/wp-json\/wp\/v2\/comments?post=1407"}],"version-history":[{"count":9,"href":"https:\/\/www2.ual.es\/sabana\/wp-json\/wp\/v2\/pages\/1407\/revisions"}],"predecessor-version":[{"id":1446,"href":"https:\/\/www2.ual.es\/sabana\/wp-json\/wp\/v2\/pages\/1407\/revisions\/1446"}],"wp:attachment":[{"href":"https:\/\/www2.ual.es\/sabana\/wp-json\/wp\/v2\/media?parent=1407"}],"curies":[{"name":"wp","href":"https:\/\/api.w.org\/{rel}","templated":true}]}}