{"id":1370,"date":"2023-12-02T18:22:42","date_gmt":"2023-12-02T18:22:42","guid":{"rendered":"https:\/\/www2.ual.es\/sabana\/?page_id=1370"},"modified":"2023-12-04T08:47:29","modified_gmt":"2023-12-04T08:47:29","slug":"clean-air","status":"publish","type":"page","link":"https:\/\/www2.ual.es\/sabana\/clean-air\/","title":{"rendered":"Proyecto CLEAN-AIR"},"content":{"rendered":"<p><b>Proyectos Estrat\u00e9gicos Orientados a la Transici\u00f3n Ecol\u00f3gica y a la Transici\u00f3n Digital 2021 (TED2021-131511A-I00)<br \/>\n<\/b><\/p>\n<p>AIR  PURIFICATION AND CLIMATE CHANGE MITIGATION USING A DESCENTRALISED MICROALGAE  PRODUCTION APPROACH (CLEAN\u00b7AIR)<\/p>\n<p style=\"text-align:center\"><img decoding=\"async\" class=\"wp-image-482 alignleft\" src=\"https:\/\/www2.ual.es\/sabana\/wp-content\/uploads\/2023\/12\/Clean-Air.png\" alt=\"\"><\/p>\n<p><strong>Concepto:<\/strong><\/p>\n<p>La contaminaci\u00f3n del aire es el mayor factor de riesgo ambiental de muerte prematura y causa 1 de cada 9 muertes en todo el mundo. <b>CLEAN\u00b7AIR<\/b> tiene como objetivo transformar las ciudades, principales emisores de CO2 y otros contaminantes, en componentes importantes en la implementaci\u00f3n de pol\u00edticas de adaptaci\u00f3n al cambio clim\u00e1tico y mitigaci\u00f3n de CO2.<\/p>\n<p>Para ello, el proyecto desarrollar\u00e1 y validar\u00e1 un novedoso proceso de filtraci\u00f3n de aire basado en microalgas que garantizar\u00e1 una calidad de aire segura y confortable en el interior de los edificios independientemente de la calidad del aire ambiente.<br \/>\nTambi\u00e9n desarrollar\u00e1 una novedosa estrategia de producci\u00f3n descentralizada de microalgas utilizando edificios y casas como biol\u00f3gicos.<\/p>\n<p>F\u00e1bricas que prestan servicios a una instalaci\u00f3n de procesamiento centralizada que produce alimentos y productos agr\u00edcolas sostenibles.<\/p>\n<h6><\/h6>\n<h6><\/h6>\n<div class='cb-post-url-qr-code'><br><img src='https:\/\/api.qrserver.com\/v1\/create-qr-code\/?size=185x185&ecc=L&qzone=1&data=https%3A%2F%2Fwww2.ual.es%2Fsabana%2Fclean-air%2F' alt='Proyecto CLEAN-AIR'\/><\/div>","protected":false},"excerpt":{"rendered":"<p>Proyectos Estrat\u00e9gicos Orientados a la Transici\u00f3n Ecol\u00f3gica y a la Transici\u00f3n Digital 2021 (TED2021-131511A-I00) AIR PURIFICATION AND CLIMATE CHANGE MITIGATION <a href=\"https:\/\/www2.ual.es\/sabana\/clean-air\/\" rel=\"nofollow\"><span class=\"sr-only\">Leer m\u00e1sProyecto CLEAN-AIR<\/span>[&hellip;]<\/a><\/p>\n","protected":false},"author":101014,"featured_media":0,"parent":0,"menu_order":0,"comment_status":"closed","ping_status":"closed","template":"","meta":{"footnotes":""},"class_list":["post-1370","page","type-page","status-publish","hentry"],"_links":{"self":[{"href":"https:\/\/www2.ual.es\/sabana\/wp-json\/wp\/v2\/pages\/1370"}],"collection":[{"href":"https:\/\/www2.ual.es\/sabana\/wp-json\/wp\/v2\/pages"}],"about":[{"href":"https:\/\/www2.ual.es\/sabana\/wp-json\/wp\/v2\/types\/page"}],"author":[{"embeddable":true,"href":"https:\/\/www2.ual.es\/sabana\/wp-json\/wp\/v2\/users\/101014"}],"replies":[{"embeddable":true,"href":"https:\/\/www2.ual.es\/sabana\/wp-json\/wp\/v2\/comments?post=1370"}],"version-history":[{"count":2,"href":"https:\/\/www2.ual.es\/sabana\/wp-json\/wp\/v2\/pages\/1370\/revisions"}],"predecessor-version":[{"id":1385,"href":"https:\/\/www2.ual.es\/sabana\/wp-json\/wp\/v2\/pages\/1370\/revisions\/1385"}],"wp:attachment":[{"href":"https:\/\/www2.ual.es\/sabana\/wp-json\/wp\/v2\/media?parent=1370"}],"curies":[{"name":"wp","href":"https:\/\/api.w.org\/{rel}","templated":true}]}}