{"id":1365,"date":"2023-12-02T18:11:52","date_gmt":"2023-12-02T18:11:52","guid":{"rendered":"https:\/\/www2.ual.es\/sabana\/?page_id=1365"},"modified":"2023-12-04T08:47:45","modified_gmt":"2023-12-04T08:47:45","slug":"blue-future","status":"publish","type":"page","link":"https:\/\/www2.ual.es\/sabana\/blue-future\/","title":{"rendered":"Proyecto BLUE-FUTURE"},"content":{"rendered":"<p><b>Plan Complementario de Ciencias Marinas y del Plan de Recuperaci\u00f3n, Transformaci\u00f3n y Resiliencia 2023 (PCM_00083)<br \/>\n<\/b><\/p>\n<p>TOWARDS THE NEXT GENERATION OF SUSTAINABLE PRODUCTS BASED ON UNDERSTUDIED MICROALGAE AND A BIOREFINERY APPROACH (BLUE.FUTURE)<\/p>\n<p style=\"text-align:center\"><img decoding=\"async\" class=\"wp-image-482 alignleft\" src=\"https:\/\/www2.ual.es\/sabana\/wp-content\/uploads\/2023\/12\/Blue-Future.png\" alt=\"\"><\/p>\n<p><strong>Concepto:<\/strong><\/p>\n<p>Andaluc\u00eda tiene potencial para convertirse en l\u00edder mundial en innovaci\u00f3n y producci\u00f3n de biomasa de microalgas y la pr\u00f3xima generaci\u00f3n de productos de algas seguros, de alta calidad y sostenibles. La hip\u00f3tesis de <b>BLUE\u00b7FUTURE<\/b> es que las microalgas pueden utilizarse para desviar la producci\u00f3n industrial de su actual camino insostenible hacia procesos m\u00e1s ecol\u00f3gicos que minimicen las emisiones de CO2 y otros contaminantes t\u00f3xicos para los seres humanos y el medio ambiente.<\/p>\n<p><b>El proyecto tiene tres objetivos principales:<\/b><\/p>\n<ol type=\"i\">\n<li>Identificar nuevas cepas de microalgas que se han pasado por alto,<\/li>\n<li>Demostrar la viabilidad t\u00e9cnica de producir biomasa de microalgas sostenible y de alta calidad en Andaluc\u00eda en condiciones clim\u00e1ticas extremas y utilizando recursos renovables; y<\/li>\n<li>Dise\u00f1ar sensores, tecnolog\u00edas de monitoreo y control para mejorar la eficiencia, productividad y optimizaci\u00f3n de las biorrefiner\u00edas basadas en microalgas.<\/li>\n<\/ol>\n<h6><\/h6>\n<h6><\/h6>\n<div class='cb-post-url-qr-code'><br><img src='https:\/\/api.qrserver.com\/v1\/create-qr-code\/?size=185x185&ecc=L&qzone=1&data=https%3A%2F%2Fwww2.ual.es%2Fsabana%2Fblue-future%2F' alt='Proyecto BLUE-FUTURE'\/><\/div>","protected":false},"excerpt":{"rendered":"<p>Plan Complementario de Ciencias Marinas y del Plan de Recuperaci\u00f3n, Transformaci\u00f3n y Resiliencia 2023 (PCM_00083) TOWARDS THE NEXT GENERATION OF <a href=\"https:\/\/www2.ual.es\/sabana\/blue-future\/\" rel=\"nofollow\"><span class=\"sr-only\">Leer m\u00e1sProyecto BLUE-FUTURE<\/span>[&hellip;]<\/a><\/p>\n","protected":false},"author":101014,"featured_media":0,"parent":0,"menu_order":0,"comment_status":"closed","ping_status":"closed","template":"","meta":{"footnotes":""},"class_list":["post-1365","page","type-page","status-publish","hentry"],"_links":{"self":[{"href":"https:\/\/www2.ual.es\/sabana\/wp-json\/wp\/v2\/pages\/1365"}],"collection":[{"href":"https:\/\/www2.ual.es\/sabana\/wp-json\/wp\/v2\/pages"}],"about":[{"href":"https:\/\/www2.ual.es\/sabana\/wp-json\/wp\/v2\/types\/page"}],"author":[{"embeddable":true,"href":"https:\/\/www2.ual.es\/sabana\/wp-json\/wp\/v2\/users\/101014"}],"replies":[{"embeddable":true,"href":"https:\/\/www2.ual.es\/sabana\/wp-json\/wp\/v2\/comments?post=1365"}],"version-history":[{"count":3,"href":"https:\/\/www2.ual.es\/sabana\/wp-json\/wp\/v2\/pages\/1365\/revisions"}],"predecessor-version":[{"id":1386,"href":"https:\/\/www2.ual.es\/sabana\/wp-json\/wp\/v2\/pages\/1365\/revisions\/1386"}],"wp:attachment":[{"href":"https:\/\/www2.ual.es\/sabana\/wp-json\/wp\/v2\/media?parent=1365"}],"curies":[{"name":"wp","href":"https:\/\/api.w.org\/{rel}","templated":true}]}}