{"id":1138,"date":"2021-12-30T16:08:34","date_gmt":"2021-12-30T16:08:34","guid":{"rendered":"http:\/\/www2.ual.es\/sabana\/?page_id=1138"},"modified":"2024-02-16T08:34:50","modified_gmt":"2024-02-16T07:34:50","slug":"publications","status":"publish","type":"page","link":"https:\/\/www2.ual.es\/sabana\/publications\/","title":{"rendered":"PUBLICACIONES"},"content":{"rendered":"\n<p><\/p>\n\n\n\n<table class=\"default\">\n<tr>\n    <th scope=\"row\">&nbsp;<\/th>\n    <th colspan=\"3\"><h1>Art\u00edculos<\/h1><\/th>\n  <\/tr>\n  <tr>\n    <th rowspan=\"3\"><h2>2024<\/h2><\/th>\n    <td><div class=\"aigaion_publication_image\"><img loading=\"lazy\" decoding=\"async\" src=\"https:\/\/www2.ual.es\/sabana\/wp-content\/uploads\/2024\/01\/AgriculturalWaterManagement.gif\" width=\"150\" height=\"200\" \/><\/div><\/td>\n    <td colspan=\"2\"><div class=\"Titulo\">\n<p class=\"title\">Evaluation of the reuse of regenerated water from microalgae\u2013related wastewater treatment processes in horticulture<\/p><\/div><\/td>\n  <\/tr>\n  <tr>\n    <td><h4>Autores:<\/h4><\/td>\n    <td colspan=\"2\"><div class=\"aigaion_publication_info\">\n<p class=\"authors\">Tatiana P.L. Cunha Chiamolera, Miguel Urrestarazu, Ainoa Morillas Espa\u00f1a, Ra\u00fal Ortega, Isabel Miralles, Cynthia Victoria Gonz\u00e1lez L\u00f3pez, Ireri A. Carbajal Valenzuela<\/p><\/div><\/td>\n  <\/tr>\n  <tr>\n    <td><h4>Publicaci\u00f3n:<\/h4><\/td>\n    <td colspan=\"1\"><div><a class=\"aigaion_enlace\" href=\"https:\/\/doi.org\/10.1016\/j.agwat.2023.108660\" target=\"_blank\" rel=\"noopener\"><p class=\"journal\">Agricultural Water Management Volume 292, 1 March 2024, 108660<\/p><\/a><\/div><\/td>\n    <td><a class=\"aigaion_enlace\" href=\"https:\/\/doi.org\/10.1016\/j.agwat.2023.108660\" target=\"_blank\" rel=\"noopener\"> <img decoding=\"async\" src=\"https:\/\/ingmec.ual.es\/aigaion2\/\/export_css\/doi_icon.gif\" alt=\"doi\" border=\"0\" \/><\/a><\/td>\n  <\/tr>\n  <th rowspan=\"3\"><h2>&nbsp;<\/h2><\/th>\n    <td><div class=\"aigaion_publication_image\"><img loading=\"lazy\" decoding=\"async\" src=\"https:\/\/www2.ual.es\/sabana\/wp-content\/uploads\/2024\/02\/webnews.jpg\" width=\"150\" height=\"200\" \/><\/div><\/td>\n    <td colspan=\"2\"><div class=\"Titulo\">\n<p class=\"title\">Integrating microalgae-based wastewater treatment, biostimulant production, and hydroponic cultivation: a sustainable approach to water management and crop production<\/p>\n    <\/div><\/td>\n  <\/tr>\n  <tr>\n    <td><h4>Autores:<\/h4><\/td>\n    <td colspan=\"2\"><div class=\"aigaion_publication_info\">\n<p class=\"authors\">Ainoa Morillas Espa\u00f1a, Ra\u00fal P\u00e9rez Crespo, Silvia Villar\u00f3-Cos, Laura Rodr\u00edguez Chikri, Tom\u00e1s Lafarga,<\/p>\n    <\/div><\/td>\n  <\/tr>\n  <tr>\n    <td><h4>Publicaci\u00f3n:<\/h4><\/td>\n    <td colspan=\"1\"><div><a class=\"aigaion_enlace\" href=\"https:\/\/doi.org\/10.3389\/fbioe.2024.1364490\" target=\"_blank\" rel=\"noopener\">\n    <p class=\"journal\">Frontiers in Bioengineering and Biotechnology, vol. 12, 2024.<\/p>\n    <\/a><\/div><\/td>\n    <td><a class=\"aigaion_enlace\" href=\"https:\/\/doi.org\/10.3389\/fbioe.2024.1364490\" target=\"_blank\" rel=\"noopener\"> <img decoding=\"async\" src=\"https:\/\/ingmec.ual.es\/aigaion2\/\/export_css\/doi_icon.gif\" alt=\"doi\" border=\"0\" \/><\/a><\/td>\n  <tr>\n   <\/tr>\n  <tr>\n  <tr>\n  <\/tr>\n  <tr>\n    <th rowspan=\"3\"><h2>2023<\/h2><\/th>\n    <td><div class=\"aigaion_publication_image\"><img loading=\"lazy\" decoding=\"async\" src=\"https:\/\/www2.ual.es\/sabana\/wp-content\/uploads\/2024\/01\/JournalOfAppliedPhycology.webp\" width=\"150\" height=\"200\" \/><\/div><\/td>\n    <td colspan=\"2\"><div class=\"Titulo\">\n<p class=\"title\">Use of airfoils for enhancement of photosynthesis rate of microalgae\nin raceways<\/p><\/div><\/td>\n  <\/tr>\n  <tr>\n    <td><h4>Autores:<\/h4><\/td>\n    <td colspan=\"2\"><div class=\"aigaion_publication_info\">\n<p class=\"authors\">Cristian Inostroza, Javier D\u00e1vila, Sergio Rom\u00e1n, Jos\u00e9 M. Fern\u00e1ndez Sevilla, F. Gabriel Aci\u00e9n<\/p><\/div><\/td>\n  <\/tr>\n  <tr>\n    <td><h4>Publicaci\u00f3n:<\/h4><\/td>\n    <td colspan=\"1\"><div><a class=\"aigaion_enlace\" href=\"https:\/\/doi.org\/10.1007\/s10811-023-02996-z\" target=\"_blank\" rel=\"noopener\"><p class=\"journal\">Journal of Applied Phycology, Volume 35, pages 2571\u20132581, (2023)\n<\/p><\/a><\/div><\/td>\n    <td><a class=\"aigaion_enlace\" href=\"https:\/\/doi.org\/10.1007\/s10811-023-02996-z\" target=\"_blank\" rel=\"noopener\"> <img decoding=\"async\" src=\"https:\/\/ingmec.ual.es\/aigaion2\/\/export_css\/doi_icon.gif\" alt=\"doi\" border=\"0\" \/><\/a><\/td>\n  <\/tr>\n  <tr>\n   <\/tr>\n  <tr>\n    <th rowspan=\"3\"><h2>2022<\/h2><\/th>\n    <td><div class=\"aigaion_publication_image\"><img loading=\"lazy\" decoding=\"async\" src=\"http:\/\/www2.ual.es\/sabana\/wp-content\/uploads\/2022\/01\/Bioresource-Technology.gif\" width=\"150\" height=\"200\" \/><\/div><\/td>\n    <td colspan=\"2\"><div class=\"Titulo\">\n<p class=\"title\">Productivity analysis in tubular photobioreactors using a dynamic photosynthesis model coupled to computational fluid dynamics particle tracking<\/p><\/div><\/td>\n  <\/tr>\n  <tr>\n    <td><h4>Autores:<\/h4><\/td>\n    <td colspan=\"2\"><div class=\"aigaion_publication_info\">\n<p class=\"authors\">P. Fernandez-del Olmo, F.G. Acien, J.M. Fernandez-Sevilla,<\/p><\/div><\/td>\n  <\/tr>\n  <tr>\n    <td><h4>Publicaci\u00f3n:<\/h4><\/td>\n    <td colspan=\"1\"><div><a class=\"aigaion_enlace\" href=\"http:\/\/dx.doi.org\/10.1016\/j.biortech.2021.126277\" target=\"_blank\" rel=\"noopener\"><p class=\"journal\">Bioresource Technology, vol. 344, 2022.<\/p><\/a><\/div><\/td>\n    <td><a class=\"aigaion_enlace\" href=\"http:\/\/dx.doi.org\/10.1016\/j.biortech.2021.126277\" target=\"_blank\" rel=\"noopener\"> <img decoding=\"async\" src=\"https:\/\/ingmec.ual.es\/aigaion2\/\/export_css\/doi_icon.gif\" alt=\"doi\" border=\"0\" \/><\/a><\/td>\n  <\/tr>\n  <tr>\n  <td><\/td>\n  <td colspan=\"1\"><\/td>\n  <td colspan=\"2\"><\/td>\n  <\/tr>\n  <tr>\n    <th rowspan=\"3\"><h2>&nbsp;<\/h2><\/th>\n    <td><div class=\"aigaion_publication_image\"><img loading=\"lazy\" decoding=\"async\" src=\"http:\/\/www2.ual.es\/sabana\/wp-content\/uploads\/2021\/12\/Algal-Research.gif\" width=\"150\" height=\"200\" \/><\/div><\/td>\n    <td colspan=\"2\"><div class=\"Titulo\">\n<p class=\"title\">Optimisation of Scenedesmus almeriensis production using pig slurry as the sole nutrient source<\/p>\n    <\/div><\/td>\n  <\/tr>\n  <tr>\n    <td><h4>Autores:<\/h4><\/td>\n    <td colspan=\"2\"><div class=\"aigaion_publication_info\">\n<p class=\"authors\">M. Ciardi, M.M. Morales-Amaral, F.G. Acien, T. Lafarga, J.M. Fernandez-Sevilla,<\/p>\n    <\/div><\/td>\n  <\/tr>\n  <tr>\n    <td><h4>Publicaci\u00f3n:<\/h4><\/td>\n    <td colspan=\"1\"><div><a class=\"aigaion_enlace\" href=\"http:\/\/dx.doi.org\/10.1016\/j.algal.2021.102580\" target=\"_blank\" rel=\"noopener\"><p class=\"journal\">Algal Research, vol. 61, 2022.<\/p>\n    <\/a><\/div><\/td>\n    <td><a class=\"aigaion_enlace\" href=\"http:\/\/dx.doi.org\/10.1016\/j.algal.2021.102580\" target=\"_blank\" rel=\"noopener\"> <img decoding=\"async\" src=\"https:\/\/ingmec.ual.es\/aigaion2\/\/export_css\/doi_icon.gif\" alt=\"doi\" border=\"0\" \/><\/a><\/td>\n  <\/tr>\n  <tr>\n  <td><\/td>\n  <td colspan=\"1\"><\/td>\n  <td colspan=\"2\"><\/td>\n  <\/tr>\n  <tr>\n    <th rowspan=\"3\"><h2>2021<\/h2><\/th>\n    <td><div class=\"aigaion_publication_image\"><img loading=\"lazy\" decoding=\"async\" src=\"http:\/\/www2.ual.es\/sabana\/wp-content\/uploads\/2022\/01\/Revista-iberoamericana-de-Automatica-e-Informatica-industrial.jpg\" width=\"150\" height=\"200\" \/><\/div><\/td>\n    <td colspan=\"2\"><div class=\"Titulo\">\n<p class=\"title\">Modelado y control de la producci\u00b4on de microalgas en fotobiorreactores industriales<\/p>\n    <\/div><\/td>\n  <\/tr>\n  <tr>\n    <td><h4>Autores:<\/h4><\/td>\n    <td colspan=\"2\"><div class=\"aigaion_publication_info\">\n<p class=\"authors\">J.L. Guzman, F.G. Acien, M. Berenguel Soria,<\/p>\n    <\/div><\/td>\n  <\/tr>\n  <tr>\n    <td><h4>Publicaci\u00f3n:<\/h4><\/td>\n    <td colspan=\"1\"><div><a class=\"aigaion_enlace\" href=\"http:\/\/dx.doi.org\/10.4995\/riai.2020.13604\" target=\"_blank\" rel=\"noopener\"><p class=\"journal\">Revista iberoamericana de Autom\u00e1tica e Inform\u00e1tica industrial, vol. 18, pp. 1-18, 2021.<\/p>\n    <\/a><\/div><\/td>\n    <td><a class=\"aigaion_enlace\" href=\"http:\/\/dx.doi.org\/10.4995\/riai.2020.13604\" target=\"_blank\" rel=\"noopener\"> <img decoding=\"async\" src=\"https:\/\/ingmec.ual.es\/aigaion2\/\/export_css\/doi_icon.gif\" alt=\"doi\" border=\"0\" \/><\/a><\/td>\n  <\/tr>\n  <tr>\n  <td><\/td>\n  <td colspan=\"1\"><\/td>\n  <td colspan=\"2\"><\/td>\n  <\/tr>\n  <tr>\n    <th rowspan=\"3\"><h2>&nbsp;<\/h2><\/th>\n    <td><div class=\"aigaion_publication_image\"><img loading=\"lazy\" decoding=\"async\" src=\"http:\/\/www2.ual.es\/sabana\/wp-content\/uploads\/2021\/12\/Algal-Research.gif\" width=\"150\" height=\"200\" \/><\/div><\/td>\n    <td colspan=\"2\"><div class=\"Titulo\">\n<p class=\"title\">Growth, biostimulant and biopesticide activity of the MACC-1 Chlorella strain cultivated outdoors in inorganic medium and wastewater<\/p>\n    <\/div><\/td>\n  <\/tr>\n  <tr>\n    <td><h4>Autores:<\/h4><\/td>\n    <td colspan=\"2\"><div class=\"aigaion_publication_info\">\n<p class=\"authors\">K. Ranglova, G. Erno, J.A. Camara, T. Grivalaski, F. Suarez-Estrella, F.G. Acien, Z. Molnar, V. Ordog, J. Masojidek,<\/p>\n    <\/div><\/td>\n  <\/tr>\n  <tr>\n    <td><h4>Publicaci\u00f3n:<\/h4><\/td>\n    <td colspan=\"1\"><div><a class=\"aigaion_enlace\" href=\"http:\/\/dx.doi.org\/10.1016\/j.algal.2020.102136\" target=\"_blank\" rel=\"noopener\"><p class=\"journal\">Algal Research, vol. 53, 2021.<\/p>\n    <\/a><\/div><\/td>\n    <td><a class=\"aigaion_enlace\" href=\"http:\/\/dx.doi.org\/10.1016\/j.algal.2020.102136\" target=\"_blank\" rel=\"noopener\"> <img decoding=\"async\" src=\"https:\/\/ingmec.ual.es\/aigaion2\/\/export_css\/doi_icon.gif\" alt=\"doi\" border=\"0\" \/><\/a><\/td>\n  <\/tr>\n  <tr>\n    <th rowspan=\"3\"><h2>&nbsp;<\/h2><\/th>\n    <td><div class=\"aigaion_publication_image\"><img loading=\"lazy\" decoding=\"async\" src=\"http:\/\/www2.ual.es\/sabana\/wp-content\/uploads\/2021\/12\/Algal-Research.gif\" width=\"150\" height=\"200\" \/><\/div><\/td>\n    <td colspan=\"2\"><div class=\"Titulo\">\n<p class=\"title\">Growth, biostimulant and biopesticide activity of the MACC-1 Chlorella strain cultivated outdoors in inorganic medium and wastewater<\/p>\n    <\/div><\/td>\n  <\/tr>\n  <tr>\n    <td><h4>Autores:<\/h4><\/td>\n    <td colspan=\"2\"><div class=\"aigaion_publication_info\">\n<p class=\"authors\">K. Ranglova, G. Erno, J.A. Camara, T. Grivalaski, F. Suarez-Estrella, F.G. Acien, Z. Molnar, V. Ordog, J. Masojidek,<\/p>\n    <\/div><\/td>\n  <\/tr>\n  <tr>\n    <td><h4>Publicaci\u00f3n:<\/h4><\/td>\n    <td colspan=\"1\"><div><a class=\"aigaion_enlace\" href=\"http:\/\/dx.doi.org\/10.1016\/j.algal.2020.102136\" target=\"_blank\" rel=\"noopener\"><p class=\"journal\">Algal Research, vol. 53, 2021.<\/p>\n    <\/a><\/div><\/td>\n    <td><a class=\"aigaion_enlace\" href=\"http:\/\/dx.doi.org\/10.1016\/j.algal.2020.102136\" target=\"_blank\" rel=\"noopener\"> <img decoding=\"async\" src=\"https:\/\/ingmec.ual.es\/aigaion2\/\/export_css\/doi_icon.gif\" alt=\"doi\" border=\"0\" \/><\/a><\/td>\n  <\/tr>\n  <tr>\n  <td><\/td>\n  <td colspan=\"1\"><\/td>\n  <td colspan=\"2\"><\/td>\n  <\/tr>\n<\/table>\n<div class='cb-post-url-qr-code'><br><img src='https:\/\/api.qrserver.com\/v1\/create-qr-code\/?size=185x185&ecc=L&qzone=1&data=https%3A%2F%2Fwww2.ual.es%2Fsabana%2Fpublications%2F' alt='PUBLICACIONES'\/><\/div>","protected":false},"excerpt":{"rendered":"<p>&nbsp; Art\u00edculos 2024 Evaluation of the reuse of regenerated water from microalgae\u2013related wastewater treatment processes in horticulture Autores: Tatiana P.L. <a href=\"https:\/\/www2.ual.es\/sabana\/publications\/\" rel=\"nofollow\"><span class=\"sr-only\">Leer m\u00e1sPUBLICACIONES<\/span>[&hellip;]<\/a><\/p>\n","protected":false},"author":2,"featured_media":0,"parent":0,"menu_order":0,"comment_status":"closed","ping_status":"closed","template":"","meta":{"footnotes":""},"class_list":["post-1138","page","type-page","status-publish","hentry"],"_links":{"self":[{"href":"https:\/\/www2.ual.es\/sabana\/wp-json\/wp\/v2\/pages\/1138"}],"collection":[{"href":"https:\/\/www2.ual.es\/sabana\/wp-json\/wp\/v2\/pages"}],"about":[{"href":"https:\/\/www2.ual.es\/sabana\/wp-json\/wp\/v2\/types\/page"}],"author":[{"embeddable":true,"href":"https:\/\/www2.ual.es\/sabana\/wp-json\/wp\/v2\/users\/2"}],"replies":[{"embeddable":true,"href":"https:\/\/www2.ual.es\/sabana\/wp-json\/wp\/v2\/comments?post=1138"}],"version-history":[{"count":9,"href":"https:\/\/www2.ual.es\/sabana\/wp-json\/wp\/v2\/pages\/1138\/revisions"}],"predecessor-version":[{"id":2777,"href":"https:\/\/www2.ual.es\/sabana\/wp-json\/wp\/v2\/pages\/1138\/revisions\/2777"}],"wp:attachment":[{"href":"https:\/\/www2.ual.es\/sabana\/wp-json\/wp\/v2\/media?parent=1138"}],"curies":[{"name":"wp","href":"https:\/\/api.w.org\/{rel}","templated":true}]}}