{"id":50,"date":"2015-07-29T09:31:49","date_gmt":"2015-07-29T09:31:49","guid":{"rendered":"http:\/\/www2.ual.es\/redesliterarias\/?page_id=50"},"modified":"2018-04-30T10:33:58","modified_gmt":"2018-04-30T10:33:58","slug":"inicio","status":"publish","type":"page","link":"https:\/\/www2.ual.es\/redesliterarias\/","title":{"rendered":"INICIO"},"content":{"rendered":"<p>[et_pb_section bb_built=\u00bb1&#8243; transparent_background_fb=\u00bbdefault\u00bb custom_padding=\u00bb0px|||\u00bb _builder_version=\u00bb3.0.66&#8243;][et_pb_row _builder_version=\u00bb3.0.47&#8243; background_size=\u00bbinitial\u00bb background_position=\u00bbtop_left\u00bb background_repeat=\u00bbrepeat\u00bb][et_pb_column type=\u00bb4_4&#8243;][et_pb_video src=\u00bbhttps:\/\/youtu.be\/crUMof9qRG8&#8243; play_icon_color=\u00bb#e02b20&#8243; _builder_version=\u00bb3.0.66&#8243; \/][et_pb_text _builder_version=\u00bb3.0.66&#8243; background_layout=\u00bblight\u00bb text_orientation=\u00bbleft\u00bb border_style=\u00bbsolid\u00bb]<\/p>\n<h2><\/h2>\n<p style=\"text-align: justify;\">Bienvenidas y bienvenidos a <strong><em>Redes Literarias: La ense\u00f1anza de la intertextualidad a trav\u00e9s de podcasts, como recurso de informaci\u00f3n y de comunicaci\u00f3n.<\/em> <\/strong>En esta p\u00e1gina web encontrar\u00e9is recursos y materiales did\u00e1cticos sobre literatura, tradici\u00f3n cl\u00e1sica y recepci\u00f3n, que os ayudar\u00e1n no solamente a organizar con cierta autonom\u00eda vuestro aprendizaje sino tambi\u00e9n a sostener dicho aprendizaje mediante materiales de f\u00e1cil acceso y de absoluta disponibilidad en la red. Gracias a la creaci\u00f3n de los materiales en l\u00ednea que aqu\u00ed os ofrecemos podr\u00e9is profundizar en los temas que m\u00e1s os interesan.<\/p>\n<p style=\"text-align: justify;\">Podr\u00e9is descargar libremente todos los contenidos disponibles en diferentes soportes tecnol\u00f3gicos (ordenador personal, ipad o tablet, ipod o mp3, e incluso tel\u00e9fono m\u00f3vil) y disfrutar de ellos donde quer\u00e1is, cuando quer\u00e1is, como quer\u00e1is y cuantas veces lo dese\u00e9is. Por supuesto, si os gusta compartir vuestra opini\u00f3n y experiencia, tambi\u00e9n ten\u00e9is acceso a las redes sociales as\u00ed como apartados espec\u00edficamente dise\u00f1ados para que pod\u00e1is escribir vuestros comentarios, reflexiones, impresiones y juicios cr\u00edticos suscitados por los materiales de aprendizaje disponibles.<\/p>\n<h2><div id=\"metaslider-id-432\" style=\"max-width: 700px; margin: 0 auto;\" class=\"ml-slider-3-107-0 metaslider metaslider-coin metaslider-432 ml-slider has-dots-nav ms-theme-default\" role=\"region\" aria-label=\"slider\" data-height=\"400\" data-width=\"700\">\n    <div id=\"metaslider_container_432\">\n        <div id='metaslider_432' class='coin-slider'>\n<a href=\"javascript:void(0)\" target=\"_self\"><img loading=\"lazy\" decoding=\"async\" src=\"https:\/\/www2.ual.es\/redesliterarias\/wp-content\/uploads\/2015\/07\/aracnePopart-700x400.png\" height=\"400\" width=\"700\" alt=\"\" class=\"slider-432 slide-433 msDefaultImage\" title=\"aracnePopart\" style=\"display: none;\" \/><span>La ense\u00f1anza de la intertextualidad a trav\u00e9s de podcast<\/span><\/a>\n<a href=\"javascript:void(0)\" target=\"_self\"><img loading=\"lazy\" decoding=\"async\" src=\"https:\/\/www2.ual.es\/redesliterarias\/wp-content\/uploads\/2018\/03\/seec-1-663x378.jpg\" height=\"400\" width=\"700\" alt=\"\" class=\"slider-432 slide-434 msDefaultImage\" title=\"seec\" style=\"display: none;\" \/><\/a>\n<a href=\"javascript:void(0)\" target=\"_self\"><img loading=\"lazy\" decoding=\"async\" src=\"https:\/\/www2.ual.es\/redesliterarias\/wp-content\/uploads\/2015\/09\/cysoc-700x400.jpg\" height=\"400\" width=\"700\" alt=\"\" class=\"slider-432 slide-435 msDefaultImage\" title=\"cysoc\" style=\"display: none;\" \/><\/a>\n<a href=\"javascript:void(0)\" target=\"_self\"><img loading=\"lazy\" decoding=\"async\" src=\"https:\/\/www2.ual.es\/redesliterarias\/wp-content\/uploads\/2016\/03\/Captura-de-pantalla-2015-10-07-a-las-9.31.36-663x378.png\" height=\"400\" width=\"700\" alt=\"\" class=\"slider-432 slide-436 msDefaultImage\" title=\"Captura de pantalla 2015-10-07 a las 9.31.36\" style=\"display: none;\" \/><\/a>\n        <\/div>\n        \n    <\/div>\n<\/div><\/h2>\n<p>&nbsp;<\/p>\n<p>[\/et_pb_text][\/et_pb_column][\/et_pb_row][\/et_pb_section]<\/p>\n","protected":false},"excerpt":{"rendered":"<p>[et_pb_section bb_built=\u00bb1&#8243; transparent_background_fb=\u00bbdefault\u00bb custom_padding=\u00bb0px|||\u00bb _builder_version=\u00bb3.0.66&#8243;][et_pb_row _builder_version=\u00bb3.0.47&#8243; background_size=\u00bbinitial\u00bb background_position=\u00bbtop_left\u00bb background_repeat=\u00bbrepeat\u00bb][et_pb_column type=\u00bb4_4&#8243;][et_pb_video src=\u00bbhttps:\/\/youtu.be\/crUMof9qRG8&#8243; play_icon_color=\u00bb#e02b20&#8243; _builder_version=\u00bb3.0.66&#8243; \/][et_pb_text _builder_version=\u00bb3.0.66&#8243; background_layout=\u00bblight\u00bb text_orientation=\u00bbleft\u00bb border_style=\u00bbsolid\u00bb] Bienvenidas y bienvenidos a Redes Literarias: La ense\u00f1anza de la intertextualidad a trav\u00e9s de podcasts, como recurso de informaci\u00f3n y de comunicaci\u00f3n. En esta p\u00e1gina web encontrar\u00e9is recursos y materiales did\u00e1cticos sobre literatura, tradici\u00f3n cl\u00e1sica y recepci\u00f3n, [&hellip;]<\/p>\n","protected":false},"author":1,"featured_media":0,"parent":0,"menu_order":0,"comment_status":"open","ping_status":"open","template":"","meta":{"cwp_meta_box_check":"No","cwp_rev_product_name":"","cwp_rev_product_image":"","wppr_links":[],"cwp_rev_price":"","wppr_options":[],"wppr_pros":[],"wppr_cons":[],"footnotes":""},"class_list":["post-50","page","type-page","status-publish","hentry"],"wppr_data":{"cwp_meta_box_check":"No","cwp_rev_product_name":"","cwp_rev_product_image":"","cwp_image_link":"image","cwp_rev_price":""},"_links":{"self":[{"href":"https:\/\/www2.ual.es\/redesliterarias\/wp-json\/wp\/v2\/pages\/50","targetHints":{"allow":["GET"]}}],"collection":[{"href":"https:\/\/www2.ual.es\/redesliterarias\/wp-json\/wp\/v2\/pages"}],"about":[{"href":"https:\/\/www2.ual.es\/redesliterarias\/wp-json\/wp\/v2\/types\/page"}],"author":[{"embeddable":true,"href":"https:\/\/www2.ual.es\/redesliterarias\/wp-json\/wp\/v2\/users\/1"}],"replies":[{"embeddable":true,"href":"https:\/\/www2.ual.es\/redesliterarias\/wp-json\/wp\/v2\/comments?post=50"}],"version-history":[{"count":39,"href":"https:\/\/www2.ual.es\/redesliterarias\/wp-json\/wp\/v2\/pages\/50\/revisions"}],"predecessor-version":[{"id":974,"href":"https:\/\/www2.ual.es\/redesliterarias\/wp-json\/wp\/v2\/pages\/50\/revisions\/974"}],"wp:attachment":[{"href":"https:\/\/www2.ual.es\/redesliterarias\/wp-json\/wp\/v2\/media?parent=50"}],"curies":[{"name":"wp","href":"https:\/\/api.w.org\/{rel}","templated":true}]}}