{"id":412,"date":"2018-03-06T10:17:35","date_gmt":"2018-03-06T10:17:35","guid":{"rendered":"http:\/\/www2.ual.es\/redesliterarias\/?page_id=412"},"modified":"2018-03-07T19:39:33","modified_gmt":"2018-03-07T19:39:33","slug":"objetivos","status":"publish","type":"page","link":"https:\/\/www2.ual.es\/redesliterarias\/objetivos\/","title":{"rendered":"Objetivos"},"content":{"rendered":"<p>[et_pb_section bb_built=\u00bb1&#8243;][et_pb_row][et_pb_column type=\u00bb4_4&#8243;][et_pb_text]<\/p>\n<h3>Los objetivos que nos proponemos son los siguientes:<\/h3>\n<ol>\n<li>Mejorar la calidad y la difusi\u00f3n de la docencia universitaria a trav\u00e9s de la implementaci\u00f3n de nuevas tecnolog\u00edas para la publicaci\u00f3n de materiales did\u00e1cticos en red.<\/li>\n<li>Incrementar el inter\u00e9s por el aprendizaje activo y colaborativo de los estudiantes de la Universidad de Almer\u00eda, especialmente de los estudiantes de los grados en Filolog\u00eda Hisp\u00e1nica, Estudios Ingleses, Humanidades, Historia, as\u00ed como los estudiantes del M\u00e1ster de Comunicaci\u00f3n Social.<\/li>\n<li>Difundir el inter\u00e9s, valor y necesidad del conocimiento y estudio de las fuentes cl\u00e1sicas grecolatinas, su tradicici\u00f3n y variada recepci\u00f3n a lo largo de la historia, a trav\u00e9s de la publicaci\u00f3n de materiales did\u00e1cticos universitarios en l\u00ednea, elaborados por profesores especialistas en la materia, donde se combinen el rigor y la calidad acad\u00e9mica con un soporte y en un contexto m\u00e1s amigable y abierto a todo el mundo, especialmente a los alumnos y alumnas de la Universidad de Almer\u00eda.<\/li>\n<li>Estimular la curiosidad y la inquietud por el conocimiento, ampliar el alcance de los temas de discusi\u00f3n y favorecer la implicaci\u00f3n activa de los estudiantes en el proceso de aprendizaje tanto individual como colectivo.<\/li>\n<li>Facilitar el acceso al conocimiento a estudiantes con discapacidad f\u00edsica, tanto de movilidad como de visi\u00f3n o audici\u00f3n.<\/li>\n<li>Facilitar el aprendizaje a alumnas y alumnos cuya primera lengua no sea el espa\u00f1ol.<\/li>\n<\/ol>\n<p>[\/et_pb_text][\/et_pb_column][\/et_pb_row][\/et_pb_section]<\/p>\n","protected":false},"excerpt":{"rendered":"<p>[et_pb_section bb_built=\u00bb1&#8243;][et_pb_row][et_pb_column type=\u00bb4_4&#8243;][et_pb_text] Los objetivos que nos proponemos son los siguientes: Mejorar la calidad y la difusi\u00f3n de la docencia universitaria a trav\u00e9s de la implementaci\u00f3n de nuevas tecnolog\u00edas para la publicaci\u00f3n de materiales did\u00e1cticos en red. Incrementar el inter\u00e9s por el aprendizaje activo y colaborativo de los estudiantes de la Universidad de Almer\u00eda, especialmente [&hellip;]<\/p>\n","protected":false},"author":1,"featured_media":0,"parent":0,"menu_order":0,"comment_status":"closed","ping_status":"closed","template":"","meta":{"cwp_meta_box_check":"No","cwp_rev_product_name":"","cwp_rev_product_image":"","wppr_links":[],"cwp_rev_price":"","wppr_options":[],"wppr_pros":[],"wppr_cons":[],"footnotes":""},"class_list":["post-412","page","type-page","status-publish","hentry"],"wppr_data":{"cwp_meta_box_check":"No"},"_links":{"self":[{"href":"https:\/\/www2.ual.es\/redesliterarias\/wp-json\/wp\/v2\/pages\/412","targetHints":{"allow":["GET"]}}],"collection":[{"href":"https:\/\/www2.ual.es\/redesliterarias\/wp-json\/wp\/v2\/pages"}],"about":[{"href":"https:\/\/www2.ual.es\/redesliterarias\/wp-json\/wp\/v2\/types\/page"}],"author":[{"embeddable":true,"href":"https:\/\/www2.ual.es\/redesliterarias\/wp-json\/wp\/v2\/users\/1"}],"replies":[{"embeddable":true,"href":"https:\/\/www2.ual.es\/redesliterarias\/wp-json\/wp\/v2\/comments?post=412"}],"version-history":[{"count":3,"href":"https:\/\/www2.ual.es\/redesliterarias\/wp-json\/wp\/v2\/pages\/412\/revisions"}],"predecessor-version":[{"id":815,"href":"https:\/\/www2.ual.es\/redesliterarias\/wp-json\/wp\/v2\/pages\/412\/revisions\/815"}],"wp:attachment":[{"href":"https:\/\/www2.ual.es\/redesliterarias\/wp-json\/wp\/v2\/media?parent=412"}],"curies":[{"name":"wp","href":"https:\/\/api.w.org\/{rel}","templated":true}]}}