
		{"id":2,"date":"2015-07-24T07:50:04","date_gmt":"2015-07-24T07:50:04","guid":{"rendered":"http:\/\/www2.ual.es\/redesliterarias\/?page_id=2"},"modified":"2015-07-29T11:11:02","modified_gmt":"2015-07-29T11:11:02","slug":"pagina-ejemplo","status":"publish","type":"page","link":"https:\/\/www2.ual.es\/redesliterarias\/pagina-ejemplo\/","title":{"rendered":"P\u00e1gina de ejemplo"},"content":{"rendered":"<section id=\"huge_it_portfolio_content_2\" data-portfolio-id=\"2\"  class=\"portfolio-gallery-content \">\r\n\t<div id=\"huge-it-container-loading-overlay_2\"><\/div>\r\n\t\t\t\t\t\t<div id=\"huge_it_portfolio_container_2\"\r\n\t     data-show-loading=\"on\"\r\n\t     data-show-center=\"center\"\r\n\t     class=\"huge_it_portfolio_container super-list variable-sizes clearfix view-full-width\" >\r\n\t\t\t\t\t<div\r\n\t\t\t\tclass=\"portelement portelement_2 colorbox_grouping   \" data-symbol=\"Proyecto In Fabula: las f\u00e1bulas grecolatinas y su proyecci\u00f3n cultural\" data-category=\"alkaline-earth\">\r\n\t\t\t\t<div class=\"left-block_2\">\r\n\t\t\t\t\t<div class=\"main-image-block_2 add-H-relative\">\r\n\t\t\t\t\t\t\t\t\t\t\t\t\t\t\t\t\t\t\t\t\t<a href=\"http:\/\/www2.ual.es\/redesliterarias\/wp-content\/uploads\/2015\/07\/Fabula-2.jpg\"\r\n\t\t\t\t\t\t\t\t\t   class=\" portfolio-group1-2\"\r\n\t\t\t\t\t\t\t\t\t   title=\"Proyecto In Fabula: las f\u00e1bulas grecolatinas y su proyecci\u00f3n cultural\"><img\r\n\t\t\t\t\t\t\t\t\t\t\talt=\"Proyecto In Fabula: las f\u00e1bulas grecolatinas y su proyecci\u00f3n cultural\"\r\n\t\t\t\t\t\t\t\t\t\t\tid=\"wd-cl-img0\"\r\n\t\t\t\t\t\t\t\t\t\t\tsrc=\"https:\/\/www2.ual.es\/redesliterarias\/wp-content\/uploads\/2015\/07\/Fabula-2.jpg\"><\/a>\r\n\t\t\t\t\t\t\t\t\t\t\t\t\t\t<\/div>\r\n\t\t\t\t\t<div class=\"thumbs-block\">\r\n\t\t\t\t\t\t\t\t\t\t\t\t\t<ul class=\"thumbs-list_2\">\r\n\t\t\t\t\t\t\t\t\t\t\t\t\t\t\t\t\t\t\t<li><a href=\"http:\/\/www2.ual.es\/redesliterarias\/wp-content\/uploads\/2015\/07\/Leo_et_mus.jpg\"\r\n\t\t\t\t\t\t\t\t\t\t\t       class=\" portfolio-group1-2 \"\r\n\t\t\t\t\t\t\t\t\t\t\t       title=\"Leo_et_mus\"><img\r\n\t\t\t\t\t\t\t\t\t\t\t\t\t\tsrc=\"https:\/\/www2.ual.es\/redesliterarias\/wp-content\/uploads\/2015\/07\/Leo_et_mus-100x100.jpg\"><\/a>\r\n\t\t\t\t\t\t\t\t\t\t\t<\/li>\r\n\t\t\t\t\t\t\t\t\t\t\t\t\t\t\t\t\t\t\t\t\t\t<li><a href=\"http:\/\/www2.ual.es\/redesliterarias\/wp-content\/uploads\/2015\/07\/35.jpg\"\r\n\t\t\t\t\t\t\t\t\t\t\t       class=\" portfolio-group1-2 \"\r\n\t\t\t\t\t\t\t\t\t\t\t       title=\"35\"><img\r\n\t\t\t\t\t\t\t\t\t\t\t\t\t\tsrc=\"https:\/\/www2.ual.es\/redesliterarias\/wp-content\/uploads\/2015\/07\/35-100x100.jpg\"><\/a>\r\n\t\t\t\t\t\t\t\t\t\t\t<\/li>\r\n\t\t\t\t\t\t\t\t\t\t\t\t\t\t\t\t\t\t<\/ul>\r\n\t\t\t\t\t\t\t\t\t\t\t\t<\/div>\r\n\t\t\t\t<\/div>\r\n\t\t\t\t<div class=\"right-block\">\r\n\t\t\t\t\t\t\t\t\t\t<div class=\"title-block_2\">\r\n\t\t\t\t\t\t<h3>Proyecto In Fabula: las f\u00e1bulas grecolatinas y su proyecci\u00f3n cultural<\/h3><\/div>\t\t\t\t\t\t\t\t\t\t\t\t<div class=\"description-block_2\">\r\n\t\t\t\t\t\t\t\t<p>In Fabula es un proyecto de divulgaci\u00f3n de calidad que se propone dar a conocer el corpus completo de la f\u00e1bula grecolatina a un p\u00fablico de formaci\u00f3n media interesado en la literatura, la historia cultural y las ideas (e ideales) morales y pol\u00edticas. A trav\u00e9s de una serie de emisiones en formato podcast, las f\u00e1bulas ser\u00e1n contadas en las versiones diferentes m\u00e1s conocidas y comentadas en di\u00e1logo ameno conforme a puntos de vista que puedan suscitar inter\u00e9s en el p\u00fablico oyente. Un Blog del mismo t\u00edtulo aporta material suplementario (textos, im\u00e1genes, bibliograf\u00eda, m\u00fasica\u2026 ) y est\u00e1 abierto a las opiniones, comentarios y sugerencias del p\u00fablico oyente. El proyecto toma como punto de partida la tradici\u00f3n de la f\u00e1bula es\u00f3pica, es decir la que tiene como centro el relato breve con valor argumentativo en el que dominan los animales como personajes.<\/p><\/div>\r\n\t\t\t\t\t\t\t\t\t\t\t\t\t\t\t<\/div>\r\n\t\t\t<\/div>\r\n\t\t\t\t\t\t<div\r\n\t\t\t\tclass=\"portelement portelement_2 colorbox_grouping   \" data-symbol=\"Proyecto La Odisea en 24 horas\" data-category=\"alkaline-earth\">\r\n\t\t\t\t<div class=\"left-block_2\">\r\n\t\t\t\t\t<div class=\"main-image-block_2 add-H-relative\">\r\n\t\t\t\t\t\t\t\t\t\t\t\t\t\t\t\t\t\t\t\t\t<a href=\"http:\/\/www2.ual.es\/redesliterarias\/wp-content\/uploads\/2015\/07\/OdiseoEuriclea_BelleClement_s.XVIII_.jpg.jpg\"\r\n\t\t\t\t\t\t\t\t\t   class=\" portfolio-group2-2\"\r\n\t\t\t\t\t\t\t\t\t   title=\"Proyecto La Odisea en 24 horas\"><img\r\n\t\t\t\t\t\t\t\t\t\t\talt=\"Proyecto La Odisea en 24 horas\"\r\n\t\t\t\t\t\t\t\t\t\t\tid=\"wd-cl-img1\"\r\n\t\t\t\t\t\t\t\t\t\t\tsrc=\"https:\/\/www2.ual.es\/redesliterarias\/wp-content\/uploads\/2015\/07\/OdiseoEuriclea_BelleClement_s.XVIII_.jpg.jpg\"><\/a>\r\n\t\t\t\t\t\t\t\t\t\t\t\t\t\t<\/div>\r\n\t\t\t\t\t<div class=\"thumbs-block\">\r\n\t\t\t\t\t\t\t\t\t\t\t\t\t<ul class=\"thumbs-list_2\">\r\n\t\t\t\t\t\t\t\t\t\t\t\t\t\t\t\t\t\t\t<li><a href=\"http:\/\/www2.ual.es\/redesliterarias\/wp-content\/uploads\/2015\/07\/La-Odisea-de-Homero.jpg\"\r\n\t\t\t\t\t\t\t\t\t\t\t       class=\" portfolio-group2-2 \"\r\n\t\t\t\t\t\t\t\t\t\t\t       title=\"La-Odisea-de-Homero\"><img\r\n\t\t\t\t\t\t\t\t\t\t\t\t\t\tsrc=\"https:\/\/www2.ual.es\/redesliterarias\/wp-content\/uploads\/2015\/07\/La-Odisea-de-Homero-100x100.jpg\"><\/a>\r\n\t\t\t\t\t\t\t\t\t\t\t<\/li>\r\n\t\t\t\t\t\t\t\t\t\t\t\t\t\t\t\t\t\t\t\t\t\t<li><a href=\"http:\/\/www2.ual.es\/redesliterarias\/wp-content\/uploads\/2015\/07\/14calipso_ulises.jpg\"\r\n\t\t\t\t\t\t\t\t\t\t\t       class=\" portfolio-group2-2 \"\r\n\t\t\t\t\t\t\t\t\t\t\t       title=\"14calipso_ulises\"><img\r\n\t\t\t\t\t\t\t\t\t\t\t\t\t\tsrc=\"https:\/\/www2.ual.es\/redesliterarias\/wp-content\/uploads\/2015\/07\/14calipso_ulises-100x100.jpg\"><\/a>\r\n\t\t\t\t\t\t\t\t\t\t\t<\/li>\r\n\t\t\t\t\t\t\t\t\t\t\t\t\t\t\t\t\t\t<\/ul>\r\n\t\t\t\t\t\t\t\t\t\t\t\t<\/div>\r\n\t\t\t\t<\/div>\r\n\t\t\t\t<div class=\"right-block\">\r\n\t\t\t\t\t\t\t\t\t\t<div class=\"title-block_2\">\r\n\t\t\t\t\t\t<h3>Proyecto La Odisea en 24 horas<\/h3><\/div>\t\t\t\t\t\t\t\t\t\t\t\t<div class=\"description-block_2\">\r\n\t\t\t\t\t\t\t\t<p>La Odisea atribuida a Homero es uno de los textos fundacionales de la literatura y cultura occidental, cuya tradici\u00f3n literaria, art\u00edstica y cultural es cada vez m\u00e1s rica, sugerente e inconmensurable. Proponemos tomar la Odisea como una aventura del conocimiento y, al hilo de la misma, discutir, perseguir, indagar y rescatar todos aquellos temas, personajes, versiones e interpretaciones que han sido m\u00e1s influyentes desde el mundo antiguo grecolatino hasta nuestros d\u00edas. A trav\u00e9s de una serie de emisiones en formato podcast, se leer\u00e1n extractos de la Odisea y se comentar\u00e1n en di\u00e1logo ameno conforme a puntos de vista que puedan suscitar inter\u00e9s en el p\u00fablico oyente. Cada emisi\u00f3n se cerrar\u00e1 con la lectura de otros textos literarios inspirados en la Odisea o compuestos en di\u00e1logo con ella. Dichos textos tambi\u00e9n se comentar\u00e1n como ejemplos inagotables de recepci\u00f3n creativa. Un Blog del mismo t\u00edtulo aportar\u00e1 material suplementario (textos, im\u00e1genes, bibliograf\u00eda, m\u00fasica\u2026 ), y estar\u00e1 abierto a las opiniones, comentarios y sugerencias del p\u00fablico oyente.<\/p><\/div>\r\n\t\t\t\t\t\t\t\t\t\t\t\t\t\t\t<\/div>\r\n\t\t\t<\/div>\r\n\t\t\t\t<\/div>\r\n<\/section><style>\r\n\/***For Full Width view***\/\r\n.portelement_2 .play-icon.youtube-icon  {\r\n    background: url(http:\/\/www2.ual.es\/redesliterarias\/wp-content\/plugins\/portfolio-gallery\/assets\/images\/admin_images\/play.youtube.png) center center no-repeat;\r\n    background-size: 30% 30%;\r\n}\r\n.portelement_2 .play-icon.vimeo-icon  {\r\n    background: url(http:\/\/www2.ual.es\/redesliterarias\/wp-content\/plugins\/portfolio-gallery\/assets\/images\/admin_images\/play.vimeo.png) center center no-repeat;\r\n    background-size: 30% 30%;\r\n}\r\n.portelement_2 .play-icon {\r\n    position: absolute;\r\n    top: 0px;\r\n    left: 0px;\r\n    width: 100%;\r\n    height: 100%;\r\n}\r\n.add-H-relative {\r\n    position: relative;\r\n}\r\n.add-H-block {\r\n    display: block;\r\n}\r\n\/***<\/add>***\/\r\n.portelement_2 {\r\n    position: relative;\r\n    width: calc(96% - 2px);\r\n    margin:5px 0px 5px 0px;\r\n    padding:2%;\r\n    clear:both;\r\n    overflow: hidden;\r\n    border:1px solid #dedede;\r\n    background:#f9f9f9;\r\n}\r\n\r\n\/*.portelement_2 > div {\r\n    display:table-cell;\r\n}*\/\r\n\r\n.portelement_2 div.left-block_2 {\r\n    padding-right: 10px;\r\n    display: inline-block;\r\n    float: left;\r\n}\r\n\r\n.portelement_2 div.left-block_2 .main-image-block_2 {\r\n    clear:both;\r\n    width:240px;\r\n}\r\n\r\n.portelement_2 div.left-block_2 .main-image-block_2 img {\r\n    margin:0px !important;\r\n    padding:0px !important;\r\n    width:240px !important;\r\n    height:auto;\r\n}\r\n\r\n.portelement_2 div.left-block_2 .thumbs-block {\r\n    position:relative;\r\n    margin-top:10px;\r\n}\r\n\r\n.portelement_2 div.left-block_2 .thumbs-block ul {\r\n    width:240px;\r\n    height:auto;\r\n    display:table;\r\n    margin:0px;\r\n    padding:0px;\r\n    list-style:none;\r\n}\r\n\r\n.portelement_2 div.left-block_2 .thumbs-block ul li {\r\n    margin:2px 3px 0px 2px;\r\n    padding:0px;\r\n    width:75px;\r\n    height:75px;\r\n    float:left;\r\n}\r\n\r\n.portelement_2 div.left-block_2 .thumbs-block ul li a {\r\n    display:block;\r\n    width:75px;\r\n    height:75px;\r\n}\r\n\r\n.portelement_2 div.left-block_2 .thumbs-block ul li a img {\r\n    margin:0px !important;\r\n    padding:0px !important;\r\n    width:75px;\r\n    height:75px;\r\n}\r\n\r\n.portelement_2 div.right-block {\r\n    vertical-align:top;\r\n    float: right;\r\n    display: inline-block;\r\n    width: calc(96% - 240px);\r\n}\r\n\r\n.portelement_2 div.right-block > div {\r\n    width:100%;\r\n    padding-bottom:10px;\r\n    margin-top:10px;\r\n    background:url('http:\/\/www2.ual.es\/redesliterarias\/wp-content\/plugins\/portfolio-gallery\/assets\/images\/admin_images\/divider.line.png') center bottom repeat-x;\r\n}\r\n\r\n.portelement_2 div.right-block > div:last-child {\r\n    background:none;\r\n}\r\n\r\n.portelement_2 div.right-block .title-block_2  {\r\n    margin-top:3px;\r\n}\r\n\r\n.portelement_2 div.right-block .title-block_2 h3 {\r\n    margin:0px;\r\n    padding:0px;\r\n    font-weight:normal;\r\n    font-size:18px !important;\r\n    line-height:22px !important;\r\n    color:#0074a2;\r\n}\r\n\r\n.portelement_2 div.right-block .description-block_2 p,.portelement_2 div.right-block .description-block_2  {\r\n    margin:0px;\r\n    padding:0px;\r\n    font-size:14px;\r\n    color:#555555;\r\n    text-align: justify;\r\n}\r\n\r\n\r\n.portelement_2 div.right-block .description-block_2 h1,\r\n.portelement_2 div.right-block .description-block_2 h2,\r\n.portelement_2 div.right-block .description-block_2 h3,\r\n.portelement_2 div.right-block .description-block_2 h4,\r\n.portelement_2 div.right-block .description-block_2 h5,\r\n.portelement_2 div.right-block .description-block_2 h6,\r\n.portelement_2 div.right-block .description-block_2 p,\r\n.portelement_2 div.right-block .description-block_2 strong,\r\n.portelement_2 div.right-block .description-block_2 span {\r\n    padding:2px !important;\r\n    margin:0px !important;\r\n}\r\n\r\n.portelement_2 div.right-block .description-block_2 ul,\r\n.portelement_2 div.right-block .description-block_2 li {\r\n    padding:2px 0px 2px 5px;\r\n    margin:0px 0px 0px 8px;\r\n}\r\n\r\n.portelement_2 .button-block {\r\n    position:relative;\r\n}\r\n\r\n.portelement_2 div.right-block .button-block a,.portelement_2 div.right-block .button-block a:link,.portelement_2 div.right-block .button-block a:visited {\r\n    position:relative;\r\n    display:inline-block;\r\n    padding:6px 12px;\r\n    background:#2ea2cd;\r\n    color:#ffffff;\r\n    font-size:14px;\r\n    text-decoration:none;\r\n    border:none;\r\n}\r\n\r\n.portelement_2 div.right-block .button-block a:hover,.pupup-elemen.element div.right-block .button-block a:focus,.portelement_2 div.right-block .button-block a:active {\r\n    background:#0074a2;\r\n    color:#ffffff;\r\n    border:none;\r\n}\r\n\r\n\r\n\r\n@media only screen and (max-width: 767px) {\r\n\r\n    .portelement_2 > div {\r\n        display:block;\r\n        width:100% !important;\r\n        clear:both;\r\n    }\r\n\r\n    .portelement_2 div.left-block_2 {\r\n        padding-right:0px;\r\n    }\r\n\r\n    .portelement_2 div.left-block_2 .main-image-block_2 {\r\n        clear:both;\r\n        width:100%;\r\n    }\r\n\r\n    .portelement_2 div.left-block_2 .main-image-block_2 img {\r\n        margin:0px !important;\r\n        padding:0px !important;\r\n        width:100% !important;\r\n        height:auto;\r\n    }\r\n\r\n    .portelement_2 div.left-block_2 .thumbs-block ul {\r\n        width:100%;\r\n    }\r\n}\r\n\r\n#huge_it_portfolio_content_2 #huge_it_portfolio_options_2 {\r\n    position: relative;\r\n    overflow: hidden;\r\nfloat:;margin-top:5px;max-width:180px;width:20%;display:inline-block;margin-left:1%;\r\nopacity: 0;    margin-bottom: 10px;\r\n}\r\n\r\n#huge_it_portfolio_content_2 #huge_it_portfolio_options_2 ul {\r\n    margin: 0px !important;\r\n    padding: 0px !important;\r\n    list-style: none;\r\n}\r\n\r\n#huge_it_portfolio_content_2 #huge_it_portfolio_filters_2 ul {\r\n    margin: 0px !important;\r\n    padding: 0px !important;\r\n    overflow: hidden;\r\n    width: 100%;\r\n}\r\n\r\n\r\n#huge_it_portfolio_content_2 #huge_it_portfolio_options_2 ul li {\r\n    border-radius: 0px;\r\n    list-style-type: none;\r\n    margin: 0px !important;\r\n    padding: 0;\r\nborder: 1px solid #ccc;}\r\n\r\n#huge_it_portfolio_content_2 #huge_it_portfolio_options_2 ul li a {\r\n    background-color: #F7F7F7 !important;\r\n    border-radius: 0px;\r\n    font-size:14px !important;\r\n    color:#555555 !important;\r\n    text-decoration: none;\r\n    cursor: pointer;\r\n    margin: 0px !important;\r\n    display: block;\r\n    padding:3px;\r\n}\r\n\r\n\/*#huge_it_portfolio_content_2 #huge_it_portfolio_options_2 ul li:hover {\r\n\r\n}*\/\r\n\r\n#huge_it_portfolio_content_2 #huge_it_portfolio_options_2 ul li a:hover {\r\n    background-color: #FF3845 !important;\r\n    color:#ffffff !important;\r\n    cursor: pointer;\r\n}\r\n\r\n#huge_it_portfolio_content_2 #huge_it_portfolio_filters_2 {\r\n    position: relative;\r\n    overflow: hidden;\r\nfloat:;margin-top:5px;max-width:180px;width:20%;display:inline-block;margin-left:1%;\r\nopacity: 0;}\r\n\r\n#huge_it_portfolio_content_2 #huge_it_portfolio_filters_2 ul li {\r\n    border-radius: 0px;\r\n    list-style-type: none;\r\nborder: 1px solid #ccc;}\r\n\r\n#huge_it_portfolio_content_2 #huge_it_portfolio_filters_2 ul li a {\r\n    font-size:14px !important;\r\n    color:#555555 !important;\r\n    background-color: #F7F7F7 !important;\r\n    border-radius: 0px;\r\n    padding:3px;\r\n    display: block;\r\n    text-decoration: none;\r\n}\r\n\r\n#huge_it_portfolio_content_2 #huge_it_portfolio_filters_2  ul li a:hover {\r\n    color:#ffffff !important;\r\n    background-color: #FF3845 !important;\r\n    cursor: pointer;\r\n}\r\n#huge_it_portfolio_content_2 #huge_it_portfolio_filters_2 ul li.active a,\r\n#huge_it_portfolio_content_2 #huge_it_portfolio_filters_2 ul li.active a:link,\r\n#huge_it_portfolio_content_2 #huge_it_portfolio_filters_2 ul li.active a:visited,\r\n#huge_it_portfolio_content_2 #huge_it_portfolio_filters_2  ul li.active a:hover,\r\n#huge_it_portfolio_content_2 #huge_it_portfolio_filters_2  ul li.active a:focus,\r\n#huge_it_portfolio_content_2 #huge_it_portfolio_filters_2  ul li.active a:active {\r\n    color:#ffffff !important;\r\n    background-color: #FF3845 !important;\r\n    cursor: pointer;\r\n}\r\n#huge_it_portfolio_content_2 section {\r\n    position:relative;\r\n    display:block;\r\n}\r\n\r\n#huge_it_portfolio_content_2 #huge_it_portfolio_container_2 {\r\n\r\n    width: 100%;\r\nwidth:100%;opacity: 0;\r\n}\r\n@media screen and (max-width: 768px) {\r\n\r\n    #huge_it_portfolio_content_2 #huge_it_portfolio_filters_2 ul li a,\r\n    #huge_it_portfolio_content_2 #huge_it_portfolio_filters_2 ul li a:link,\r\n    #huge_it_portfolio_content_2 #huge_it_portfolio_filters_2 ul li a:visited {\r\n        font-size: 2vw !important;\r\n    }\r\n    #huge_it_portfolio_content_2 #huge_it_portfolio_options_2 ul li a {\r\n        font-size:2vw !important;\r\n    }\r\n\r\n}\r\n@media screen and (max-width: 480px) {\r\n\r\n    #huge_it_portfolio_content_2 #huge_it_portfolio_filters_2 ul li a,\r\n    #huge_it_portfolio_content_2 #huge_it_portfolio_filters_2 ul li a:link,\r\n    #huge_it_portfolio_content_2 #huge_it_portfolio_filters_2 ul li a:visited {\r\n        font-size: 3vw !important;\r\n    }\r\n    #huge_it_portfolio_content_2 #huge_it_portfolio_options_2 ul li a {\r\n        line-height: 3vw;\r\n        font-size:3vw !important;\r\n    }\r\n}\r\n@media screen and (max-width: 420px) {\r\n\r\n    #huge_it_portfolio_content_2 #huge_it_portfolio_filters_2 ul li a,\r\n    #huge_it_portfolio_content_2 #huge_it_portfolio_filters_2 ul li a:link,\r\n    #huge_it_portfolio_content_2 #huge_it_portfolio_filters_2 ul li a:visited {\r\n        font-size: 4vw !important;\r\n    }\r\n    #huge_it_portfolio_content_2 #huge_it_portfolio_options_2 ul li a {\r\n        font-size:4vw !important;\r\n    }\r\n}\r\n#huge-it-container-loading-overlay_2 {\r\n    width: 100%;\r\n    height: 100%;\r\n    position: absolute;\r\n    z-index: 1;\r\n    background:  url(http:\/\/www2.ual.es\/redesliterarias\/wp-content\/plugins\/portfolio-gallery\/assets\/images\/loading\/loading-1.svg) center top ;\r\n    background-repeat: no-repeat;\r\n    background-size: 60px auto;\r\n}\r\n#huge_it_portfolio_options_and_filters_2{\r\n    position: relative;\r\n    float: left;\r\n    width: 20%;\r\n    max-width: 180px;\r\n    float:;\r\nmargin-left:1%;}\r\n<\/style>\n<p>&nbsp;<\/p>\n","protected":false},"excerpt":{"rendered":"<p>&nbsp;<\/p>\n","protected":false},"author":1,"featured_media":0,"parent":0,"menu_order":0,"comment_status":"open","ping_status":"open","template":"template-withslider.php","meta":{"cwp_meta_box_check":"No","cwp_rev_product_name":"","cwp_rev_product_image":"","wppr_links":[],"cwp_rev_price":"","wppr_options":[],"wppr_pros":[],"wppr_cons":[],"footnotes":""},"class_list":["post-2","page","type-page","status-publish","hentry"],"wppr_data":{"cwp_meta_box_check":"No","cwp_rev_product_name":"","cwp_rev_product_image":"","cwp_image_link":"image","cwp_rev_price":""},"_links":{"self":[{"href":"https:\/\/www2.ual.es\/redesliterarias\/wp-json\/wp\/v2\/pages\/2","targetHints":{"allow":["GET"]}}],"collection":[{"href":"https:\/\/www2.ual.es\/redesliterarias\/wp-json\/wp\/v2\/pages"}],"about":[{"href":"https:\/\/www2.ual.es\/redesliterarias\/wp-json\/wp\/v2\/types\/page"}],"author":[{"embeddable":true,"href":"https:\/\/www2.ual.es\/redesliterarias\/wp-json\/wp\/v2\/users\/1"}],"replies":[{"embeddable":true,"href":"https:\/\/www2.ual.es\/redesliterarias\/wp-json\/wp\/v2\/comments?post=2"}],"version-history":[{"count":1,"href":"https:\/\/www2.ual.es\/redesliterarias\/wp-json\/wp\/v2\/pages\/2\/revisions"}],"predecessor-version":[{"id":91,"href":"https:\/\/www2.ual.es\/redesliterarias\/wp-json\/wp\/v2\/pages\/2\/revisions\/91"}],"wp:attachment":[{"href":"https:\/\/www2.ual.es\/redesliterarias\/wp-json\/wp\/v2\/media?parent=2"}],"curies":[{"name":"wp","href":"https:\/\/api.w.org\/{rel}","templated":true}]}}