{"id":18,"date":"2015-07-24T09:31:08","date_gmt":"2015-07-24T09:31:08","guid":{"rendered":"http:\/\/www2.ual.es\/redesliterarias\/?page_id=18"},"modified":"2018-03-22T11:20:07","modified_gmt":"2018-03-22T11:20:07","slug":"semblanza","status":"publish","type":"page","link":"https:\/\/www2.ual.es\/redesliterarias\/semblanza\/","title":{"rendered":"Personas"},"content":{"rendered":"<p>[et_pb_section fb_built=\u00bb1&#8243; transparent_background_fb=\u00bbdefault\u00bb custom_padding=\u00bb40.6562px|71px|40.6562px|0px\u00bb admin_label=\u00bbsection\u00bb _builder_version=\u00bb3.0.66&#8243;][et_pb_row make_fullwidth=\u00bbon\u00bb custom_padding=\u00bb30.7969px|0px|30.7969px|0px\u00bb admin_label=\u00bbrow\u00bb _builder_version=\u00bb3.0.66&#8243; background_size=\u00bbinitial\u00bb background_position=\u00bbtop_left\u00bb background_repeat=\u00bbrepeat\u00bb][et_pb_column type=\u00bb4_4&#8243; _builder_version=\u00bb3.0.47&#8243; parallax=\u00bboff\u00bb parallax_method=\u00bbon\u00bb][et_pb_text text_orientation=\u00bbjustified\u00bb admin_label=\u00bbText\u00bb _builder_version=\u00bb3.0.66&#8243; text_font_size=\u00bb17px\u00bb text_line_height=\u00bb2.1em\u00bb background_size=\u00bbinitial\u00bb background_position=\u00bbtop_left\u00bb background_repeat=\u00bbrepeat\u00bb custom_margin=\u00bb|0px||\u00bb custom_padding=\u00bb|0px||\u00bb]<\/p>\n<h3>Coordinadora del Grupo de Innovaci\u00f3n Docente<\/h3>\n<p>[\/et_pb_text][et_pb_text _builder_version=\u00bb3.0.66&#8243;]<\/p>\n<h4 class=\"team-title\"><a href=\"http:\/\/www2.ual.es\/redesliterarias\/wp-content\/uploads\/2018\/03\/profesora.png\"><img loading=\"lazy\" decoding=\"async\" src=\"http:\/\/www2.ual.es\/redesliterarias\/wp-content\/uploads\/2018\/03\/profesora-150x150.png\" width=\"81\" height=\"81\" alt=\"\" class=\"wp-image-945 aligncenter size-thumbnail\" srcset=\"https:\/\/www2.ual.es\/redesliterarias\/wp-content\/uploads\/2018\/03\/profesora-150x150.png 150w, https:\/\/www2.ual.es\/redesliterarias\/wp-content\/uploads\/2018\/03\/profesora-50x50.png 50w, https:\/\/www2.ual.es\/redesliterarias\/wp-content\/uploads\/2018\/03\/profesora.png 225w\" sizes=\"auto, (max-width: 81px) 100vw, 81px\" \/><\/a>Luc&iacute;a P. Romero Mariscal<\/h4>\n<h2><span style=\"font-size: large;\"><strong>Profesora de Filolog&iacute;a Griega de la Universidad de Almer&iacute;a<\/strong><\/span><\/h2>\n<p>Profesora de Filolog&iacute;a Griega de la Universidad de Almer&iacute;a y Doctora en Filolog&iacute;a Cl&aacute;sica por la Universidad de Granada. Las l&iacute;neas m&aacute;s importantes en las que ha desarrollado su investigaci&oacute;n son la tragedia griega, especialmente eurip&iacute;dea, as&iacute; como la tradici&oacute;n cl&aacute;sica de la literatura griega y su recepci&oacute;n en las literaturas espa&ntilde;ola e inglesa contempor&aacute;neas.<\/p>\n<div class=\"team-list\">\n<div class=\"grid\">\n<div class=\"team-member-des\">\n<ul>\n<li>Website:&nbsp;<a href=\"http:\/\/cms.ual.es\/UAL\/personas\/persona.htm?id=505553484854495584\" target=\"_blank\" rel=\"noopener noreferrer\">Link<\/a>&nbsp;<\/li>\n<\/ul>\n<table style=\"width: 786px;\">\n<tbody>\n<tr>\n<td style=\"width: 113px;\"><strong>Academia.edu<\/strong><\/td>\n<td style=\"width: 671px;\">https:\/\/ual-es.academia.edu\/Luc%C3%ADaPRomeroMariscal<\/td>\n<\/tr>\n<\/tbody>\n<\/table>\n<\/div>\n<\/div>\n<\/div>\n<p>[\/et_pb_text][et_pb_text _builder_version=\u00bb3.0.66&#8243; inline_fonts=\u00bbAbel\u00bb]<\/p>\n<p><img loading=\"lazy\" decoding=\"async\" src=\"http:\/\/www2.ual.es\/redesliterarias\/wp-content\/uploads\/2015\/07\/cropped-logoaracne1-3.png\" width=\"51\" height=\"60\" alt=\"\" class=\"wp-image-386 aligncenter size-full\" \/>\u00a0<span style=\"font-family: Raleway; font-size: 34px; font-style: normal; font-weight: 500;\">Grupo de investigaci\u00f3n: Redes Literarias<\/span><\/p>\n<p>[\/et_pb_text][et_pb_text _builder_version=\u00bb3.0.66&#8243;]<\/p>\n<p><span style=\"font-size: 27px;\"><\/span><a href=\"http:\/\/www2.ual.es\/redesliterarias\/wp-content\/uploads\/2018\/03\/profesor.png\" style=\"font-style: inherit; font-weight: inherit; font-size: 27px;\"><img loading=\"lazy\" decoding=\"async\" src=\"http:\/\/www2.ual.es\/redesliterarias\/wp-content\/uploads\/2018\/03\/profesor-150x150.png\" width=\"80\" height=\"80\" alt=\"\" class=\"wp-image-940 aligncenter size-thumbnail\" srcset=\"https:\/\/www2.ual.es\/redesliterarias\/wp-content\/uploads\/2018\/03\/profesor-150x150.png 150w, https:\/\/www2.ual.es\/redesliterarias\/wp-content\/uploads\/2018\/03\/profesor-50x50.png 50w, https:\/\/www2.ual.es\/redesliterarias\/wp-content\/uploads\/2018\/03\/profesor.png 200w\" sizes=\"auto, (max-width: 80px) 100vw, 80px\" \/><\/a><span style=\"font-size: 27px;\">F. Javier Campos Daroca<\/span><\/p>\n<h4><span style=\"font-size: large;\"><strong>Profesor de Filolog\u00eda Griega de la Universidad de Almer\u00eda<\/strong><\/span><\/h4>\n<p>Doctor en Filolog\u00eda Cl\u00e1sica por la Universidad de Granada y profesor de Filolog\u00eda Griega de la Universidad de Almer\u00eda. Sus intereses se centran en la tragedia antigua y la filosof\u00eda griega.<\/p>\n<ul>\n<li>Website:\u00a0<a href=\"http:\/\/cms.ual.es\/UAL\/personas\/persona.htm?id=505552575053495576\" target=\"_blank\" rel=\"noopener noreferrer\">Link<\/a><\/li>\n<\/ul>\n<table>\n<tbody>\n<tr>\n<td width=\"78\"><strong>Academia.edu<\/strong><\/td>\n<td width=\"317\">https:\/\/ual-es.academia.edu\/JavierCampos<\/td>\n<\/tr>\n<\/tbody>\n<\/table>\n<p>\u00a0<\/p>\n<div class=\"team-list\">\n<div class=\"list\"><\/div>\n<\/div>\n<p>[\/et_pb_text][et_pb_text _builder_version=\u00bb3.0.66&#8243;]<\/p>\n<p><span style=\"font-size: 27px;\"><\/span><a href=\"http:\/\/www2.ual.es\/redesliterarias\/wp-content\/uploads\/2018\/03\/profesor.png\" style=\"font-style: inherit; font-weight: inherit; font-size: 27px;\"><img loading=\"lazy\" decoding=\"async\" src=\"http:\/\/www2.ual.es\/redesliterarias\/wp-content\/uploads\/2018\/03\/profesor-150x150.png\" width=\"80\" height=\"80\" alt=\"\" class=\"wp-image-940 aligncenter size-thumbnail\" srcset=\"https:\/\/www2.ual.es\/redesliterarias\/wp-content\/uploads\/2018\/03\/profesor-150x150.png 150w, https:\/\/www2.ual.es\/redesliterarias\/wp-content\/uploads\/2018\/03\/profesor-50x50.png 50w, https:\/\/www2.ual.es\/redesliterarias\/wp-content\/uploads\/2018\/03\/profesor.png 200w\" sizes=\"auto, (max-width: 80px) 100vw, 80px\" \/><\/a><span style=\"font-size: 27px;\">Pamina Fern\u00e1ndez Camacho<\/p>\n<p><\/span><\/p>\n<div class=\"team-list\">\n<div class=\"list\">\n<div class=\"team-member-des\">\n<h4 class=\"team-position\"><span style=\"font-size: medium;\"><strong>Profesora de Filolog\u00eda Latina de la Universidad de Almer\u00eda<\/strong><\/span><\/h4>\n<h4>\u00a0<\/h4>\n<\/div>\n<\/div>\n<div class=\"list\"><\/div>\n<\/div>\n<div class=\"team-list\">\n<div class=\"list\"><\/div>\n<\/div>\n<p>[\/et_pb_text][et_pb_text _builder_version=\u00bb3.0.66&#8243;]<\/p>\n<p><span style=\"font-size: 27px;\"><\/span><a href=\"http:\/\/www2.ual.es\/redesliterarias\/wp-content\/uploads\/2018\/03\/profesor.png\" style=\"font-style: inherit; font-weight: inherit; font-size: 27px;\"><img loading=\"lazy\" decoding=\"async\" src=\"http:\/\/www2.ual.es\/redesliterarias\/wp-content\/uploads\/2018\/03\/profesor-150x150.png\" width=\"80\" height=\"80\" alt=\"\" class=\"wp-image-940 aligncenter size-thumbnail\" srcset=\"https:\/\/www2.ual.es\/redesliterarias\/wp-content\/uploads\/2018\/03\/profesor-150x150.png 150w, https:\/\/www2.ual.es\/redesliterarias\/wp-content\/uploads\/2018\/03\/profesor-50x50.png 50w, https:\/\/www2.ual.es\/redesliterarias\/wp-content\/uploads\/2018\/03\/profesor.png 200w\" sizes=\"auto, (max-width: 80px) 100vw, 80px\" \/><\/a><span style=\"font-size: 27px;\"><span style=\"font-family: Roboto; font-style: normal;\">F. Javier Garc&iacute;a Gonz&aacute;lez<\/span><\/span><\/p>\n<div class=\"team-list\">\n<div class=\"list\">\n<div class=\"team-member-des\">\n<h4>&nbsp;<\/h4>\n<h5 class=\"team-position\">Profesor de Filolog&iacute;a Griega de la Universidad de Almer&iacute;a<\/h5>\n<p>Doctor en Filolog&iacute;a Cl&aacute;sica por la Universidad de Granada y profesor de Filolog&iacute;a Griega de la Universidad de Almer&iacute;a. Sus intereses se centran en el teatro cl&aacute;sico griego.<\/p>\n<ul class=\"team-member-other-info\">\n<li>\n<p>Website:&nbsp;<a href=\"http:\/\/cms.ual.es\/UAL\/personas\/persona.htm?id=505256544954575171\" target=\"_blank\" rel=\"noopener noreferrer\">Link<\/a><span style=\"font-weight: inherit;\">&nbsp;<\/span><\/p>\n<\/li>\n<\/ul>\n<\/div>\n<\/div>\n<\/div>\n<p>[\/et_pb_text][et_pb_text _builder_version=\u00bb3.0.66&#8243;]<\/p>\n<p><span style=\"font-size: 27px;\"><\/span><a href=\"http:\/\/www2.ual.es\/redesliterarias\/wp-content\/uploads\/2018\/03\/profesor.png\" style=\"font-style: inherit; font-weight: inherit; font-size: 27px;\"><img loading=\"lazy\" decoding=\"async\" src=\"http:\/\/www2.ual.es\/redesliterarias\/wp-content\/uploads\/2018\/03\/profesor-150x150.png\" width=\"80\" height=\"80\" alt=\"\" class=\"wp-image-940 aligncenter size-thumbnail\" srcset=\"https:\/\/www2.ual.es\/redesliterarias\/wp-content\/uploads\/2018\/03\/profesor-150x150.png 150w, https:\/\/www2.ual.es\/redesliterarias\/wp-content\/uploads\/2018\/03\/profesor-50x50.png 50w, https:\/\/www2.ual.es\/redesliterarias\/wp-content\/uploads\/2018\/03\/profesor.png 200w\" sizes=\"auto, (max-width: 80px) 100vw, 80px\" \/><\/a><span style=\"font-size: 27px;\"><span style=\"font-family: Roboto; font-style: normal;\"><span>B&aacute;rbara Herrero Mu&ntilde;oz-Cobo<\/p>\n<p><\/span><\/span><\/span><\/p>\n<div class=\"team-list\">\n<div class=\"list\">\n<div class=\"team-member-des\">\n<h4><\/h4>\n<h5 class=\"team-position\">Profesora de Estudios &Aacute;rabes e Isl&aacute;micos de la Universidad de Almer&iacute;a<\/p>\n<\/h5>\n<p>Profesora de Estudios &Aacute;rabes e Isl&aacute;micos de la Universidad de Almer&iacute;a. Sus intereses se centran en el &aacute;rabe marroqu&iacute; y en el mundo &aacute;rabe contempor&aacute;neo.<\/p><\/div>\n<\/div>\n<div class=\"list\">\n<div class=\"team-member-des\">&nbsp;<\/div>\n<\/div>\n<p>&nbsp;<\/p><\/div>\n<p>[\/et_pb_text][et_pb_text _builder_version=\u00bb3.0.66&#8243;]<\/p>\n<p><span style=\"font-size: 27px;\"><\/span><a href=\"http:\/\/www2.ual.es\/redesliterarias\/wp-content\/uploads\/2018\/03\/profesor.png\" style=\"font-style: inherit; font-weight: inherit; font-size: 27px;\"><img loading=\"lazy\" decoding=\"async\" src=\"http:\/\/www2.ual.es\/redesliterarias\/wp-content\/uploads\/2018\/03\/profesor-150x150.png\" width=\"80\" height=\"80\" alt=\"\" class=\"wp-image-940 aligncenter size-thumbnail\" srcset=\"https:\/\/www2.ual.es\/redesliterarias\/wp-content\/uploads\/2018\/03\/profesor-150x150.png 150w, https:\/\/www2.ual.es\/redesliterarias\/wp-content\/uploads\/2018\/03\/profesor-50x50.png 50w, https:\/\/www2.ual.es\/redesliterarias\/wp-content\/uploads\/2018\/03\/profesor.png 200w\" sizes=\"auto, (max-width: 80px) 100vw, 80px\" \/><\/a><span style=\"font-size: 27px;\"><span style=\"font-family: Roboto; font-style: normal;\"><span>Juan Luis L&oacute;pez Cruces<\/p>\n<p><\/span><\/span><\/span><\/p>\n<div class=\"team-list\">\n<div class=\"list\">\n<div class=\"team-member-des\">\n<h5 class=\"team-position\">Profesor de Filolog&iacute;a Griega de la Universidad de Almer&iacute;a<\/h5>\n<\/div>\n<div class=\"team-member-des\">\n<p>Profesor de Filolog&iacute;a Griega en la Universidad de Almer&iacute;a. Sus principales intereses son el teatro antiguo y la dimensi&oacute;n literaria de la filosof&iacute;a poscl&aacute;sica.<\/p>\n<p>&nbsp;<\/p>\n<table>\n<tbody>\n<tr>\n<td width=\"78\"><strong>Academia.edu<\/strong><\/td>\n<td width=\"317\">https:\/\/ual-es.academia.edu\/JuanLL&oacute;pezCruces<\/td>\n<\/tr>\n<tr>\n<td width=\"78\"><\/td>\n<td width=\"317\"><\/td>\n<\/tr>\n<\/tbody>\n<\/table>\n<ul class=\"team-member-other-info\">\n<li>Website:&nbsp;<a href=\"http:\/\/cms.ual.es\/UAL\/personas\/persona.htm?id=505553484854495584\" target=\"_blank\" rel=\"noopener noreferrer\">Link<\/a><\/li>\n<\/ul>\n<\/div>\n<\/div>\n<div class=\"list\">\n<div class=\"team-member-des\">&nbsp;<\/div>\n<\/div>\n<\/div>\n<p>[\/et_pb_text][et_pb_text _builder_version=\u00bb3.0.66&#8243;]<\/p>\n<p><span style=\"font-size: 27px;\"><\/span><a href=\"http:\/\/www2.ual.es\/redesliterarias\/wp-content\/uploads\/2018\/03\/profesor.png\" style=\"font-style: inherit; font-weight: inherit; font-size: 27px;\"><img loading=\"lazy\" decoding=\"async\" src=\"http:\/\/www2.ual.es\/redesliterarias\/wp-content\/uploads\/2018\/03\/profesor-150x150.png\" width=\"80\" height=\"80\" alt=\"\" class=\"wp-image-940 aligncenter size-thumbnail\" srcset=\"https:\/\/www2.ual.es\/redesliterarias\/wp-content\/uploads\/2018\/03\/profesor-150x150.png 150w, https:\/\/www2.ual.es\/redesliterarias\/wp-content\/uploads\/2018\/03\/profesor-50x50.png 50w, https:\/\/www2.ual.es\/redesliterarias\/wp-content\/uploads\/2018\/03\/profesor.png 200w\" sizes=\"auto, (max-width: 80px) 100vw, 80px\" \/><\/a><span style=\"font-size: 27px;\"><span style=\"font-family: Roboto; font-style: normal;\"><span>Manuel L&oacute;pez Mu&ntilde;oz<\/span><\/span><\/span>&nbsp;&nbsp;<\/p>\n<h5 class=\"team-position\">Profesor de Filolog&iacute;a Latina en la Universidad de Almer&iacute;a<\/h5>\n<p>Profesor de Filolog&iacute;a Latina en la Universidad de Almer&iacute;a. Sus principales intereses de investigaci&oacute;n son la Ret&oacute;rica latina, la L&iacute;rica romana y la aplicaci&oacute;n de las TIC a los estudios filol&oacute;gicos. Tiene tambi&eacute;n trabajos dedicados a la innovaci&oacute;n docente en la Filolog&iacute;a cl&aacute;sica.<\/p>\n<table width=\"1048\" height=\"31\">\n<tbody>\n<tr>\n<td style=\"width: 282px;\"><strong>Academia.edu<\/strong><\/td>\n<td style=\"width: 750px;\">https:\/\/ual-es.academia.edu\/ManuelL&oacute;pezMu&ntilde;oz<\/td>\n<\/tr>\n<\/tbody>\n<\/table>\n<p>&nbsp;<\/p>\n<ul class=\"team-member-other-info\">\n<li>Website:&nbsp;<a href=\"http:\/\/cms.ual.es\/UAL\/personas\/persona.htm?id=505357574954525266\" target=\"_blank\" rel=\"noopener noreferrer\">Link<\/a><\/li>\n<\/ul>\n<p>&nbsp;<\/p>\n<p>[\/et_pb_text][et_pb_text _builder_version=\u00bb3.0.66&#8243;]<\/p>\n<p><span style=\"font-size: 27px;\"><\/span><a href=\"http:\/\/www2.ual.es\/redesliterarias\/wp-content\/uploads\/2018\/03\/profesor.png\" style=\"font-style: inherit; font-weight: inherit; font-size: 27px;\"><img loading=\"lazy\" decoding=\"async\" src=\"http:\/\/www2.ual.es\/redesliterarias\/wp-content\/uploads\/2018\/03\/profesor-150x150.png\" width=\"80\" height=\"80\" alt=\"\" class=\"wp-image-940 aligncenter size-thumbnail\" srcset=\"https:\/\/www2.ual.es\/redesliterarias\/wp-content\/uploads\/2018\/03\/profesor-150x150.png 150w, https:\/\/www2.ual.es\/redesliterarias\/wp-content\/uploads\/2018\/03\/profesor-50x50.png 50w, https:\/\/www2.ual.es\/redesliterarias\/wp-content\/uploads\/2018\/03\/profesor.png 200w\" sizes=\"auto, (max-width: 80px) 100vw, 80px\" \/><\/a><span style=\"font-size: 27px;\"><span style=\"font-family: Roboto; font-style: normal;\"><span>Alicia Valverde Velasco<\/span><\/span><\/span>&nbsp;<\/p>\n<h5 class=\"team-position\">Profesora de Teor&iacute;a de la literatura en la Universidad de Almer&iacute;a<\/h5>\n<p>&nbsp;Doctora en Filolog&iacute;a Hisp&aacute;nica por la Universidad de Almer&iacute;a y M&aacute;ster en Comunicaci&oacute;n y Educaci&oacute;n en la Red por la UNED. Actualmente trabaja como profesora de Teor&iacute;a de la literatura en la Universidad de Almer&iacute;a y sus principales l&iacute;neas de investigaci&oacute;n son la teor&iacute;a de la narrativa y el estudio de las interrelaciones entre la literatura y las tecnolog&iacute;as de la comunicaci&oacute;n.<\/p>\n<div class=\"list\">\n<div class=\"team-member-des\">\n<ul class=\"team-member-other-info\">\n<li>Website:&nbsp;<a href=\"http:\/\/cms.ual.es\/UAL\/personas\/persona.htm?id=495649495149495775\" target=\"_blank\" rel=\"noopener noreferrer\">Link<\/a><\/li>\n<\/ul>\n<\/div>\n<\/div>\n<p>[\/et_pb_text][\/et_pb_column][\/et_pb_row][\/et_pb_section]<\/p>\n","protected":false},"excerpt":{"rendered":"<p>[et_pb_section fb_built=\u00bb1&#8243; transparent_background_fb=\u00bbdefault\u00bb custom_padding=\u00bb40.6562px|71px|40.6562px|0px\u00bb admin_label=\u00bbsection\u00bb _builder_version=\u00bb3.0.66&#8243;][et_pb_row make_fullwidth=\u00bbon\u00bb custom_padding=\u00bb30.7969px|0px|30.7969px|0px\u00bb admin_label=\u00bbrow\u00bb _builder_version=\u00bb3.0.66&#8243; background_size=\u00bbinitial\u00bb background_position=\u00bbtop_left\u00bb background_repeat=\u00bbrepeat\u00bb][et_pb_column type=\u00bb4_4&#8243; _builder_version=\u00bb3.0.47&#8243; parallax=\u00bboff\u00bb parallax_method=\u00bbon\u00bb][et_pb_text text_orientation=\u00bbjustified\u00bb admin_label=\u00bbText\u00bb _builder_version=\u00bb3.0.66&#8243; text_font_size=\u00bb17px\u00bb text_line_height=\u00bb2.1em\u00bb background_size=\u00bbinitial\u00bb background_position=\u00bbtop_left\u00bb background_repeat=\u00bbrepeat\u00bb custom_margin=\u00bb|0px||\u00bb custom_padding=\u00bb|0px||\u00bb] Coordinadora del Grupo de Innovaci\u00f3n Docente [\/et_pb_text][et_pb_text _builder_version=\u00bb3.0.66&#8243;] Luc&iacute;a P. Romero Mariscal Profesora de Filolog&iacute;a Griega de la Universidad de Almer&iacute;a Profesora de Filolog&iacute;a Griega de la Universidad [&hellip;]<\/p>\n","protected":false},"author":1,"featured_media":0,"parent":0,"menu_order":0,"comment_status":"open","ping_status":"open","template":"","meta":{"cwp_meta_box_check":"No","cwp_rev_product_name":"","cwp_rev_product_image":"","wppr_links":[],"cwp_rev_price":"","wppr_options":[],"wppr_pros":[],"wppr_cons":[],"footnotes":""},"class_list":["post-18","page","type-page","status-publish","hentry"],"wppr_data":{"cwp_meta_box_check":"No","cwp_rev_product_name":"","cwp_rev_product_image":"","cwp_image_link":"image","cwp_rev_price":""},"_links":{"self":[{"href":"https:\/\/www2.ual.es\/redesliterarias\/wp-json\/wp\/v2\/pages\/18","targetHints":{"allow":["GET"]}}],"collection":[{"href":"https:\/\/www2.ual.es\/redesliterarias\/wp-json\/wp\/v2\/pages"}],"about":[{"href":"https:\/\/www2.ual.es\/redesliterarias\/wp-json\/wp\/v2\/types\/page"}],"author":[{"embeddable":true,"href":"https:\/\/www2.ual.es\/redesliterarias\/wp-json\/wp\/v2\/users\/1"}],"replies":[{"embeddable":true,"href":"https:\/\/www2.ual.es\/redesliterarias\/wp-json\/wp\/v2\/comments?post=18"}],"version-history":[{"count":41,"href":"https:\/\/www2.ual.es\/redesliterarias\/wp-json\/wp\/v2\/pages\/18\/revisions"}],"predecessor-version":[{"id":946,"href":"https:\/\/www2.ual.es\/redesliterarias\/wp-json\/wp\/v2\/pages\/18\/revisions\/946"}],"wp:attachment":[{"href":"https:\/\/www2.ual.es\/redesliterarias\/wp-json\/wp\/v2\/media?parent=18"}],"curies":[{"name":"wp","href":"https:\/\/api.w.org\/{rel}","templated":true}]}}