{"id":112,"date":"2015-07-30T08:48:13","date_gmt":"2015-07-30T08:48:13","guid":{"rendered":"http:\/\/www2.ual.es\/redesliterarias\/?page_id=112"},"modified":"2015-07-30T17:32:26","modified_gmt":"2015-07-30T17:32:26","slug":"proyecto-in-fabula-las-fabulas-grecolatinas-y-su-proyeccion-cultural","status":"publish","type":"page","link":"https:\/\/www2.ual.es\/redesliterarias\/proyecto-in-fabula-las-fabulas-grecolatinas-y-su-proyeccion-cultural\/","title":{"rendered":"In Fabula: las f\u00e1bulas grecolatinas y su proyecci\u00f3n cultural"},"content":{"rendered":"<p>&nbsp;<\/p>\n<p><em><a href=\"http:\/\/www2.ual.es\/redesliterarias\/wp-content\/uploads\/2015\/07\/Fabula-2.jpg\"><img loading=\"lazy\" decoding=\"async\" class=\" size-medium wp-image-85 alignleft\" src=\"http:\/\/www2.ual.es\/redesliterarias\/wp-content\/uploads\/2015\/07\/Fabula-2-243x300.jpg\" alt=\"Fabula 2\" width=\"243\" height=\"300\" srcset=\"https:\/\/www2.ual.es\/redesliterarias\/wp-content\/uploads\/2015\/07\/Fabula-2-243x300.jpg 243w, https:\/\/www2.ual.es\/redesliterarias\/wp-content\/uploads\/2015\/07\/Fabula-2.jpg 400w\" sizes=\"auto, (max-width: 243px) 100vw, 243px\" \/><\/a>In Fabula<\/em> es un proyecto de divulgaci\u00f3n de calidad que se propone dar a conocer el corpus completo de la f\u00e1bula grecolatina a un p\u00fablico interesado en la literatura, la historia cultural y las ideas (e ideales) morales y pol\u00edticas.<\/p>\n","protected":false},"excerpt":{"rendered":"<p>&nbsp; In Fabula es un proyecto de divulgaci\u00f3n de calidad que se propone dar a conocer el corpus completo de la f\u00e1bula grecolatina a un p\u00fablico interesado en la literatura, la historia cultural y las ideas (e ideales) morales y pol\u00edticas.<\/p>\n","protected":false},"author":1,"featured_media":85,"parent":0,"menu_order":0,"comment_status":"open","ping_status":"open","template":"","meta":{"cwp_meta_box_check":"No","cwp_rev_product_name":"","cwp_rev_product_image":"","wppr_links":[],"cwp_rev_price":"","wppr_options":[],"wppr_pros":[],"wppr_cons":[],"footnotes":""},"class_list":["post-112","page","type-page","status-publish","has-post-thumbnail","hentry"],"wppr_data":{"cwp_meta_box_check":"No","cwp_rev_product_name":"","cwp_rev_product_image":"","cwp_image_link":"image","cwp_rev_price":""},"_links":{"self":[{"href":"https:\/\/www2.ual.es\/redesliterarias\/wp-json\/wp\/v2\/pages\/112","targetHints":{"allow":["GET"]}}],"collection":[{"href":"https:\/\/www2.ual.es\/redesliterarias\/wp-json\/wp\/v2\/pages"}],"about":[{"href":"https:\/\/www2.ual.es\/redesliterarias\/wp-json\/wp\/v2\/types\/page"}],"author":[{"embeddable":true,"href":"https:\/\/www2.ual.es\/redesliterarias\/wp-json\/wp\/v2\/users\/1"}],"replies":[{"embeddable":true,"href":"https:\/\/www2.ual.es\/redesliterarias\/wp-json\/wp\/v2\/comments?post=112"}],"version-history":[{"count":6,"href":"https:\/\/www2.ual.es\/redesliterarias\/wp-json\/wp\/v2\/pages\/112\/revisions"}],"predecessor-version":[{"id":166,"href":"https:\/\/www2.ual.es\/redesliterarias\/wp-json\/wp\/v2\/pages\/112\/revisions\/166"}],"wp:featuredmedia":[{"embeddable":true,"href":"https:\/\/www2.ual.es\/redesliterarias\/wp-json\/wp\/v2\/media\/85"}],"wp:attachment":[{"href":"https:\/\/www2.ual.es\/redesliterarias\/wp-json\/wp\/v2\/media?parent=112"}],"curies":[{"name":"wp","href":"https:\/\/api.w.org\/{rel}","templated":true}]}}