{"id":777,"date":"2020-05-01T15:58:48","date_gmt":"2020-05-01T15:58:48","guid":{"rendered":"http:\/\/www2.ual.es\/neotrie\/?page_id=777"},"modified":"2026-01-13T18:19:34","modified_gmt":"2026-01-13T17:19:34","slug":"sign-up","status":"publish","type":"page","link":"https:\/\/www2.ual.es\/neotrie\/sign-up\/","title":{"rendered":"Registro"},"content":{"rendered":"<p><div class=\"et_d4_element et_pb_section et_pb_section_0 et_pb_with_background  et_pb_css_mix_blend_mode et_section_regular et_block_section\" >\n\t\t\t\t\n\t\t\t\t\n\t\t\t\t\n\t\t\t\t\n\t\t\t\t\n\t\t\t\t\n\t\t\t\t<div class=\"et_d4_element et_pb_row et_pb_row_0  et_pb_css_mix_blend_mode et_block_row\">\n\t\t\t\t<div class=\"et_d4_element et_pb_column_4_4 et_pb_column et_pb_column_0  et_pb_css_mix_blend_mode et-last-child et_block_column\">\n\t\t\t\t\n\t\t\t\t\n\t\t\t\t\n\t\t\t\t\n\t\t\t\t<div class=\"et_pb_module et_d4_element et_pb_text et_pb_text_0  et_pb_text_align_left et_pb_bg_layout_light\">\n\t\t\t\t\n\t\t\t\t\n\t\t\t\t\n\t\t\t\t\n\t\t\t\t<div class=\"et_pb_text_inner\"><h1>Registro<\/h1>\n<h4>acceda a todos los contenidos<!--4--><\/h4>\n<p><span>Reg\u00edstrese aqu\u00ed (gratuitamente) para tener acceso libre a todos los contenidos de la <a href=\"https:\/\/www2.ual.es\/neotrie\/comunidad\/\">comunidad<\/a>.\u00a0 Al registrarse, formar\u00e1 parte de un <a href=\"https:\/\/www2.ual.es\/neotrie\/foro\/\">grupo de docentes<\/a> interesados en el uso did\u00e1ctico de Neotrie y se mantendr\u00e1 al corriente de los avances y actualizaciones m\u00e1s importantes del software. <\/span><\/p>\n<p><span>Recuerde que puede contactar con nosotros para cualquier duda o sugerencia que tenga.\u00a0<br \/> <\/span><\/p><\/div>\n\t\t\t<\/div><div class=\"et_pb_module et_d4_element et_pb_text et_pb_text_1  et_pb_text_align_left et_pb_bg_layout_light\">\n\t\t\t\t\n\t\t\t\t\n\t\t\t\t\n\t\t\t\t\n\t\t\t\t<div class=\"et_pb_text_inner\"><h4><\/h4>\n<h2>Formulario de registro<\/h2><\/div>\n\t\t\t<\/div>\n\t\t\t<\/div>\n\t\t\t\t\n\t\t\t\t\n\t\t\t\t\n\t\t\t\t\n\t\t\t<\/div>\n\t\t\t\t\n\t\t\t\t\n\t\t\t<\/div><div class=\"et_d4_element et_pb_section et_pb_section_1  et_pb_css_mix_blend_mode et_section_regular et_block_section\" >\n\t\t\t\t\n\t\t\t\t\n\t\t\t\t\n\t\t\t\t\n\t\t\t\t\n\t\t\t\t\n\t\t\t\t<div class=\"et_d4_element et_pb_row et_pb_row_1  et_pb_css_mix_blend_mode et_block_row\">\n\t\t\t\t<div class=\"et_d4_element et_pb_column_4_4 et_pb_column et_pb_column_1  et_pb_css_mix_blend_mode et-last-child et_block_column\">\n\t\t\t\t\n\t\t\t\t\n\t\t\t\t\n\t\t\t\t\n\t\t\t\t<div class=\"et_pb_module et_d4_element et_pb_code et_pb_code_0\">\n\t\t\t\t\n\t\t\t\t\n\t\t\t\t\n\t\t\t\t\n\t\t\t\t<div class=\"et_pb_code_inner\"><div class=\"piereg_container pieregWrapper\"><div class=\"pieregformWrapper pieregWrapper\"><div id=\"show_pie_register_error_js\" class=\"piereg_entry-content\"><\/div><div id=\"pie_register_reg_form\"><form enctype=\"multipart\/form-data\" class=\"pie_register_reg_form\" id=\"pie_regiser_form\" method=\"post\" action=\"\/neotrie\/wp-json\/wp\/v2\/pages\/777\" data-form=\"1\"><input type=\"hidden\" id=\"piereg_registration_form_nonce\" name=\"piereg_registration_form_nonce\" value=\"430b2a52c2\" \/><input type=\"hidden\" name=\"_wp_http_referer\" value=\"\/neotrie\/wp-json\/wp\/v2\/pages\/777\" \/><div class=\"fieldset \"><p id=\"piereg_pie_form_desc\" ><\/p><\/div><ul id=\"pie_register\"><input type=\"hidden\" value=\"1\" name=\"form_id\" \/><li class=\"fields   pageFields_1 piereg_li_0\" ><div class=\"fieldset\"><label class=\"\" for=\"username_0\">Nombre de Usuario\/a&nbsp;<span class=\"piereg_field_required_label\">*<\/span><\/label><input id=\"username\" name=\"username\" data-field_id=\"piereg_field_0\" class=\"input_fields  piereg_validate[required,username] piereg_username_input_field\" placeholder=\"\" type=\"text\" value=\"\" data-errormessage-value-missing=\"\"  \/><\/div><\/li><li class=\"fields   pageFields_1 piereg_li_1\" ><div class=\"fieldset\"><label class=\"\" for=\"email_1\">Correo Electr\u00f3nico&nbsp;<span class=\"piereg_field_required_label\">*<\/span><\/label><input  id=\"email_1\" name=\"e_mail\" data-field_id=\"piereg_field_1\" class=\"input_fields  piereg_validate[required,custom[email]]\" data-errormessage-custom-error=\"\" placeholder=\"\" type=\"text\" value=\"\" \/><\/div><\/li><li class=\"fields   pageFields_1 piereg_li_2\" ><div class=\"fieldset\"><label class=\"\" for=\"password_2\">Contrase\u00f1a&nbsp;<span class=\"piereg_field_required_label\">*<\/span><\/label><input id=\"password_2\" name=\"password\" data-field_id=\"piereg_field_2\" class=\"input_fields  piereg_validate[minSize[8],required] prPass1\" placeholder=\"\" type=\"password\" data-errormessage-value-missing=\"\" data-errormessage-range-underflow=\"\" data-errormessage-range-overflow=\"\" autocomplete=\"off\" ><span class=\"show-hide-password-innerbtn pass-eye-reg pass-eye-reg_left_label_no_desc  eye\"><\/span><\/div><div class=\"fieldset\"><label>Confirmar Contrase\u00f1a&nbsp;<span class=\"piereg_field_required_label\">*<\/span><\/label><input id=\"confirm_password_password_2\" type=\"password\" data-errormessage-value-missing=\"\" data-errormessage-range-underflow=\"\" data-errormessage-range-overflow=\"\" class=\"input_fields  piereg_validate[minSize[8],required,equals[password_2]]  prPass2\" placeholder=\"\" autocomplete=\"off\" \/><span class=\"show-hide-password-innerbtn confirm-pass-eye-reg_left_label_no_desc eye\"><\/span><input class=\"prMinimumPasswordStrengthlength\" type=\"hidden\" id=\"password_strength_meter_1\" data-id=\"1\" value=\"1\" \/><span class=\"prMinimumPasswordStrengthMessage\" id=\"password_strength_message_1\" style=\"display:none;\">Weak Password<\/span><\/li><li class=\"fields pageFields_1  piereg_li_2\"><div id=\"password_meter\" class=\"fieldset\"><label style=\"visibility: hidden;\">No se ha introducido contrase\u00f1a<\/label><div id=\"piereg_passwordStrength\" class=\"piereg_pass prPasswordStrengthMeter\" >Strength Indicator<\/div><\/div><\/li><li class=\"fields   pageFields_1 piereg_li_5\" ><div class=\"fieldset\"><div class=\"input_fields piereg_recaptcha_reg_div piereg_validate[required]\" data-form-id=\"reg_form_1\"  id=\"piereg_form_1_not_registration_widget\" data-type=\"recaptcha\" ><\/div><\/div><\/li><li class=\"fields   pageFields_1 piereg_li_\" ><div class=\"fieldset\"><div class=\"pie_wrap_buttons\"><input name=\"pie_submit\" class=\"pie_submit\" type=\"submit\" value=\"Submit\" \/><\/div><\/div><\/li><\/ul><\/form><\/div><\/div><\/div><\/div>\n\t\t\t<\/div>\n\t\t\t<\/div>\n\t\t\t\t\n\t\t\t\t\n\t\t\t\t\n\t\t\t\t\n\t\t\t<\/div>\n\t\t\t\t\n\t\t\t\t\n\t\t\t<\/div><div class=\"et_d4_element et_pb_section et_pb_section_2  et_pb_css_mix_blend_mode et_section_regular et_block_section\" >\n\t\t\t\t\n\t\t\t\t\n\t\t\t\t\n\t\t\t\t\n\t\t\t\t\n\t\t\t\t\n\t\t\t\t\n\t\t\t\t\n\t\t\t\t\n\t\t\t<\/div><\/p>\n","protected":false},"excerpt":{"rendered":"","protected":false},"author":1,"featured_media":0,"parent":0,"menu_order":0,"comment_status":"closed","ping_status":"closed","template":"","meta":{"om_disable_all_campaigns":false,"_monsterinsights_skip_tracking":false,"_monsterinsights_sitenote_active":false,"_monsterinsights_sitenote_note":"","_monsterinsights_sitenote_category":0,"_et_pb_use_builder":"on","_et_pb_old_content":"","_et_gb_content_width":"","footnotes":""},"class_list":["post-777","page","type-page","status-publish","hentry"],"aioseo_notices":[],"_links":{"self":[{"href":"https:\/\/www2.ual.es\/neotrie\/wp-json\/wp\/v2\/pages\/777","targetHints":{"allow":["GET"]}}],"collection":[{"href":"https:\/\/www2.ual.es\/neotrie\/wp-json\/wp\/v2\/pages"}],"about":[{"href":"https:\/\/www2.ual.es\/neotrie\/wp-json\/wp\/v2\/types\/page"}],"author":[{"embeddable":true,"href":"https:\/\/www2.ual.es\/neotrie\/wp-json\/wp\/v2\/users\/1"}],"replies":[{"embeddable":true,"href":"https:\/\/www2.ual.es\/neotrie\/wp-json\/wp\/v2\/comments?post=777"}],"version-history":[{"count":91,"href":"https:\/\/www2.ual.es\/neotrie\/wp-json\/wp\/v2\/pages\/777\/revisions"}],"predecessor-version":[{"id":11198,"href":"https:\/\/www2.ual.es\/neotrie\/wp-json\/wp\/v2\/pages\/777\/revisions\/11198"}],"wp:attachment":[{"href":"https:\/\/www2.ual.es\/neotrie\/wp-json\/wp\/v2\/media?parent=777"}],"curies":[{"name":"wp","href":"https:\/\/api.w.org\/{rel}","templated":true}]}}