{"id":567,"date":"2020-04-24T10:47:54","date_gmt":"2020-04-24T10:47:54","guid":{"rendered":"http:\/\/www2.ual.es\/neotrie\/?page_id=567"},"modified":"2025-10-20T16:45:34","modified_gmt":"2025-10-20T15:45:34","slug":"contact","status":"publish","type":"page","link":"https:\/\/www2.ual.es\/neotrie\/contact\/","title":{"rendered":"Contacto"},"content":{"rendered":"<p>[et_pb_section fb_built=&#8221;1&#8243; custom_padding_last_edited=&#8221;on|phone&#8221; admin_label=&#8221;Header&#8221; _builder_version=&#8221;4.16&#8243; use_background_color_gradient=&#8221;on&#8221; background_color_gradient_stops=&#8221;rgba(60,190,190,0.2) 0%|rgba(255,255,255,0.98) 100%&#8221; background_color_gradient_overlays_image=&#8221;on&#8221; background_color_gradient_start=&#8221;rgba(60,190,190,0.2)&#8221; background_color_gradient_end=&#8221;rgba(255,255,255,0.98)&#8221; background_image=&#8221;https:\/\/www2.ual.es\/neotrie\/wp-content\/uploads\/2020\/04\/language-school-illustration-13.png&#8221; background_position=&#8221;bottom_center&#8221; custom_padding=&#8221;110px||110px||true|false&#8221; custom_padding_tablet=&#8221;140px|0px|50px|0px|false|false&#8221; custom_padding_phone=&#8221;120px|||&#8221; global_colors_info=&#8221;{}&#8221;][et_pb_row _builder_version=&#8221;4.16&#8243; background_size=&#8221;initial&#8221; background_position=&#8221;top_left&#8221; background_repeat=&#8221;repeat&#8221; max_width=&#8221;1280px&#8221; use_custom_width=&#8221;on&#8221; custom_width_px=&#8221;1280px&#8221; global_colors_info=&#8221;{}&#8221;][et_pb_column type=&#8221;4_4&#8243; _builder_version=&#8221;4.16&#8243; custom_padding=&#8221;|||&#8221; global_colors_info=&#8221;{}&#8221; custom_padding__hover=&#8221;|||&#8221;][et_pb_text _builder_version=&#8221;4.16&#8243; text_font=&#8221;||||||||&#8221; text_font_size=&#8221;18px&#8221; text_line_height=&#8221;2em&#8221; header_font=&#8221;EB Garamond||||||||&#8221; header_font_size=&#8221;60px&#8221; header_line_height=&#8221;1.3em&#8221; text_orientation=&#8221;center&#8221; max_width=&#8221;600px&#8221; module_alignment=&#8221;center&#8221; text_font_size_tablet=&#8221;&#8221; text_font_size_phone=&#8221;15px&#8221; text_font_size_last_edited=&#8221;on|phone&#8221; text_line_height_tablet=&#8221;&#8221; text_line_height_phone=&#8221;1.6em&#8221; text_line_height_last_edited=&#8221;on|phone&#8221; header_font_size_tablet=&#8221;50px&#8221; header_font_size_phone=&#8221;32px&#8221; header_font_size_last_edited=&#8221;on|phone&#8221; global_colors_info=&#8221;{}&#8221;]<\/p>\n<h1>Contacto<\/h1>\n<p style=\"text-align: left;\"><span style=\"font-size: 18px;\">Contacte con nosotros para recibir m\u00e1s informaci\u00f3n, solicitar una demo de Neotrie, adquirir licencia educativa, o si tiene alg\u00fan problema.<\/span><\/p>\n<p>[\/et_pb_text][\/et_pb_column][\/et_pb_row][\/et_pb_section][et_pb_section fb_built=&#8221;1&#8243; admin_label=&#8221;Contact Info&#8221; _builder_version=&#8221;4.16&#8243; custom_padding=&#8221;54px|0|80px|0px|false|false&#8221; global_colors_info=&#8221;{}&#8221;][et_pb_row column_structure=&#8221;2_3,1_3&#8243; make_equal=&#8221;on&#8221; custom_padding_last_edited=&#8221;off|desktop&#8221; padding_top_bottom_link_1=&#8221;true&#8221; padding_top_bottom_link_2=&#8221;true&#8221; padding_left_right_link_1=&#8221;false&#8221; padding_left_right_link_2=&#8221;true&#8221; _builder_version=&#8221;4.16&#8243; background_color=&#8221;#ffffff&#8221; max_width=&#8221;1280px&#8221; custom_padding=&#8221;0px||0px||true&#8221; custom_padding_phone=&#8221;|20px||20px||true&#8221; animation_style=&#8221;zoom&#8221; animation_intensity_zoom=&#8221;2%&#8221; border_radii=&#8221;on|12px|12px|12px|12px&#8221; box_shadow_style=&#8221;preset1&#8243; box_shadow_vertical=&#8221;50px&#8221; box_shadow_blur=&#8221;80px&#8221; box_shadow_color=&#8221;rgba(15,19,25,0.1)&#8221; use_custom_width=&#8221;on&#8221; custom_width_px=&#8221;1280px&#8221; global_colors_info=&#8221;{}&#8221;][et_pb_column type=&#8221;2_3&#8243; _builder_version=&#8221;4.16&#8243; custom_padding=&#8221;60px||60px|40px&#8221; custom_padding_tablet=&#8221;|40px||&#8221; custom_padding_phone=&#8221;40px|20px|40px|20px|true|true&#8221; custom_padding_last_edited=&#8221;on|tablet&#8221; global_colors_info=&#8221;{}&#8221; padding_phone=&#8221;40px|20px|40px|20px|true|true&#8221; padding_tablet=&#8221;|40px||&#8221; padding_last_edited=&#8221;on|tablet&#8221; custom_padding__hover=&#8221;|||&#8221;][et_pb_contact_form email=&#8221;jlrodri@ual.es&#8221; title=&#8221;Formulario de contacto&#8221; custom_message=&#8221;Nombre: %%Name%%||et_pb_line_break_holder||Correo: %%Email%%||et_pb_line_break_holder||Tema: %%Subject%%||et_pb_line_break_holder||Sistema VR: %%VR%%||et_pb_line_break_holder||Mensaje: %%Message%%&#8221; success_message=&#8221;Gracias por contactar con nosotros. En breve recibir\u00e1 una respuesta.&#8221; module_id=&#8221;et_pb_contact_form_0&#8243; _builder_version=&#8221;4.27.4&#8243; _unique_id=&#8221;cc62f1aa-b9c6-410b-a48b-cd2de0fb05ae&#8221; form_field_background_color=&#8221;#f3f4f5&#8243; captcha_font_size=&#8221;20px&#8221; form_field_font=&#8221;||||||||&#8221; form_field_line_height=&#8221;2em&#8221; custom_button=&#8221;on&#8221; button_text_size=&#8221;16px&#8221; button_text_color=&#8221;#ffffff&#8221; button_bg_color=&#8221;#ff4d54&#8243; button_border_width=&#8221;10px&#8221; button_border_color=&#8221;rgba(0,0,0,0)&#8221; button_border_radius=&#8221;100px&#8221; button_letter_spacing=&#8221;1px&#8221; button_font=&#8221;|700||on|||||&#8221; custom_margin=&#8221;|1px||||&#8221; hover_enabled=&#8221;0&#8243; border_radii=&#8221;on|3px|3px|3px|3px&#8221; box_shadow_style_button=&#8221;preset1&#8243; box_shadow_vertical_button=&#8221;10px&#8221; box_shadow_blur_button=&#8221;30px&#8221; box_shadow_color_button=&#8221;rgba(255,77,84,0.24)&#8221; form_background_color=&#8221;#f3f4f5&#8243; global_colors_info=&#8221;{}&#8221; sticky_enabled=&#8221;0&#8243;][et_pb_contact_field field_id=&#8221;Name&#8221; field_title=&#8221;Nombre o usuario registrado&#8221; _builder_version=&#8221;4.16&#8243; global_colors_info=&#8221;{}&#8221; button_text_size__hover_enabled=&#8221;off&#8221; button_one_text_size__hover_enabled=&#8221;off&#8221; button_two_text_size__hover_enabled=&#8221;off&#8221; button_text_color__hover_enabled=&#8221;off&#8221; button_one_text_color__hover_enabled=&#8221;off&#8221; button_two_text_color__hover_enabled=&#8221;off&#8221; button_border_width__hover_enabled=&#8221;off&#8221; button_one_border_width__hover_enabled=&#8221;off&#8221; button_two_border_width__hover_enabled=&#8221;off&#8221; button_border_color__hover_enabled=&#8221;off&#8221; button_one_border_color__hover_enabled=&#8221;off&#8221; button_two_border_color__hover_enabled=&#8221;off&#8221; button_border_radius__hover_enabled=&#8221;off&#8221; button_one_border_radius__hover_enabled=&#8221;off&#8221; button_two_border_radius__hover_enabled=&#8221;off&#8221; button_letter_spacing__hover_enabled=&#8221;off&#8221; button_one_letter_spacing__hover_enabled=&#8221;off&#8221; button_two_letter_spacing__hover_enabled=&#8221;off&#8221; button_bg_color__hover_enabled=&#8221;off&#8221; button_one_bg_color__hover_enabled=&#8221;off&#8221; button_two_bg_color__hover_enabled=&#8221;off&#8221;][\/et_pb_contact_field][et_pb_contact_field field_id=&#8221;Email&#8221; field_title=&#8221;Email&#8221; field_type=&#8221;email&#8221; _builder_version=&#8221;4.16&#8243; global_colors_info=&#8221;{}&#8221; button_text_size__hover_enabled=&#8221;off&#8221; button_one_text_size__hover_enabled=&#8221;off&#8221; button_two_text_size__hover_enabled=&#8221;off&#8221; button_text_color__hover_enabled=&#8221;off&#8221; button_one_text_color__hover_enabled=&#8221;off&#8221; button_two_text_color__hover_enabled=&#8221;off&#8221; button_border_width__hover_enabled=&#8221;off&#8221; button_one_border_width__hover_enabled=&#8221;off&#8221; button_two_border_width__hover_enabled=&#8221;off&#8221; button_border_color__hover_enabled=&#8221;off&#8221; button_one_border_color__hover_enabled=&#8221;off&#8221; button_two_border_color__hover_enabled=&#8221;off&#8221; button_border_radius__hover_enabled=&#8221;off&#8221; button_one_border_radius__hover_enabled=&#8221;off&#8221; button_two_border_radius__hover_enabled=&#8221;off&#8221; button_letter_spacing__hover_enabled=&#8221;off&#8221; button_one_letter_spacing__hover_enabled=&#8221;off&#8221; button_two_letter_spacing__hover_enabled=&#8221;off&#8221; button_bg_color__hover_enabled=&#8221;off&#8221; button_one_bg_color__hover_enabled=&#8221;off&#8221; button_two_bg_color__hover_enabled=&#8221;off&#8221;][\/et_pb_contact_field][et_pb_contact_field field_id=&#8221;Subject&#8221; field_title=&#8221;Tema&#8221; field_type=&#8221;select&#8221; select_options=&#8221;%91{%22value%22:%22Solicitar una prueba gratuita de Neotrie VR de una semana (solo profesores)%22,%22checked%22:0,%22dragID%22:0},{%22value%22:%22Solicitar 4 o m\u00e1s licencias educativas%22,%22checked%22:0,%22dragID%22:1},{%22value%22:%22Mejorar mi licencia actual%22,%22checked%22:0,%22dragID%22:2},{%22value%22:%22Solicitar factura de licencia de software%22,%22checked%22:0,%22dragID%22:3},{%22value%22:%22Solicitar un servicio de ampliaci\u00f3n o adaptaci\u00f3n del software%22,%22checked%22:0,%22dragID%22:4},{%22value%22:%22Solicitar la publicaci\u00f3n de un libro en la comunidad%22,%22checked%22:0,%22dragID%22:5},{%22value%22:%22Problema en la publicaci\u00f3n de una entrada o proyecto%22,%22checked%22:0,%22dragID%22:6},{%22value%22:%22Problema con el software%22,%22checked%22:0,%22dragID%22:7},{%22value%22:%22Consulta sobre hardware%22,%22checked%22:0,%22dragID%22:8},{%22value%22:%22Otro%22,%22checked%22:0,%22dragID%22:9}%93&#8243; fullwidth_field=&#8221;on&#8221; _builder_version=&#8221;4.27.4&#8243; form_field_font=&#8221;||||||||&#8221; min_height=&#8221;56px&#8221; min_height_tablet=&#8221;&#8221; min_height_phone=&#8221;&#8221; min_height_last_edited=&#8221;on|desktop&#8221; custom_margin=&#8221;||||false|false&#8221; hover_enabled=&#8221;0&#8243; global_colors_info=&#8221;{}&#8221; button_text_size__hover_enabled=&#8221;off&#8221; button_one_text_size__hover_enabled=&#8221;off&#8221; button_two_text_size__hover_enabled=&#8221;off&#8221; button_text_color__hover_enabled=&#8221;off&#8221; button_one_text_color__hover_enabled=&#8221;off&#8221; button_two_text_color__hover_enabled=&#8221;off&#8221; button_border_width__hover_enabled=&#8221;off&#8221; button_one_border_width__hover_enabled=&#8221;off&#8221; button_two_border_width__hover_enabled=&#8221;off&#8221; button_border_color__hover_enabled=&#8221;off&#8221; button_one_border_color__hover_enabled=&#8221;off&#8221; button_two_border_color__hover_enabled=&#8221;off&#8221; button_border_radius__hover_enabled=&#8221;off&#8221; button_one_border_radius__hover_enabled=&#8221;off&#8221; button_two_border_radius__hover_enabled=&#8221;off&#8221; button_letter_spacing__hover_enabled=&#8221;off&#8221; button_one_letter_spacing__hover_enabled=&#8221;off&#8221; button_two_letter_spacing__hover_enabled=&#8221;off&#8221; button_bg_color__hover_enabled=&#8221;off&#8221; button_one_bg_color__hover_enabled=&#8221;off&#8221; button_two_bg_color__hover_enabled=&#8221;off&#8221; sticky_enabled=&#8221;0&#8243;][\/et_pb_contact_field][et_pb_contact_field field_id=&#8221;VR&#8221; field_title=&#8221;Sistema VR&#8221; field_type=&#8221;select&#8221; select_options=&#8221;%91{%22value%22:%22Meta Quest 1 \/ 2 \/ Pro \/ 3 \/ S%22,%22checked%22:0,%22dragID%22:-1},{%22value%22:%22PICO 4 Ultra, PICO Neo3 Link, PICO 4, PICO 4 Pro%22,%22checked%22:0,%22dragID%22:7},{%22value%22:%22Oculus Rift\/S%22,%22checked%22:0,%22dragID%22:0},{%22value%22:%22HTC\/Pro%22,%22checked%22:0,%22dragID%22:1},{%22value%22:%22Valve Index%22,%22checked%22:0,%22dragID%22:2},{%22value%22:%22Windows Mixed Reality%22,%22checked%22:0,%22dragID%22:3},{%22value%22:%22Phone VR%22,%22checked%22:0,%22dragID%22:4},{%22value%22:%22Otro%22,%22checked%22:0,%22dragID%22:5},{%22value%22:%22No tengo%22,%22checked%22:0,%22dragID%22:6}%93&#8243; fullwidth_field=&#8221;on&#8221; _builder_version=&#8221;4.27.2&#8243; form_field_font=&#8221;||||||||&#8221; min_height=&#8221;56px&#8221; min_height_tablet=&#8221;&#8221; min_height_phone=&#8221;&#8221; min_height_last_edited=&#8221;on|desktop&#8221; custom_margin=&#8221;||||false|false&#8221; global_colors_info=&#8221;{}&#8221; button_text_size__hover_enabled=&#8221;off&#8221; button_one_text_size__hover_enabled=&#8221;off&#8221; button_two_text_size__hover_enabled=&#8221;off&#8221; button_text_color__hover_enabled=&#8221;off&#8221; button_one_text_color__hover_enabled=&#8221;off&#8221; button_two_text_color__hover_enabled=&#8221;off&#8221; button_border_width__hover_enabled=&#8221;off&#8221; button_one_border_width__hover_enabled=&#8221;off&#8221; button_two_border_width__hover_enabled=&#8221;off&#8221; button_border_color__hover_enabled=&#8221;off&#8221; button_one_border_color__hover_enabled=&#8221;off&#8221; button_two_border_color__hover_enabled=&#8221;off&#8221; button_border_radius__hover_enabled=&#8221;off&#8221; button_one_border_radius__hover_enabled=&#8221;off&#8221; button_two_border_radius__hover_enabled=&#8221;off&#8221; button_letter_spacing__hover_enabled=&#8221;off&#8221; button_one_letter_spacing__hover_enabled=&#8221;off&#8221; button_two_letter_spacing__hover_enabled=&#8221;off&#8221; button_bg_color__hover_enabled=&#8221;off&#8221; button_one_bg_color__hover_enabled=&#8221;off&#8221; button_two_bg_color__hover_enabled=&#8221;off&#8221;][\/et_pb_contact_field][et_pb_contact_field field_id=&#8221;Message&#8221; field_title=&#8221;Mensaje&#8221; field_type=&#8221;text&#8221; fullwidth_field=&#8221;on&#8221; _builder_version=&#8221;4.16&#8243; form_field_font=&#8221;||||||||&#8221; custom_margin=&#8221;||40px|&#8221; global_colors_info=&#8221;{}&#8221; button_text_size__hover_enabled=&#8221;off&#8221; button_one_text_size__hover_enabled=&#8221;off&#8221; button_two_text_size__hover_enabled=&#8221;off&#8221; button_text_color__hover_enabled=&#8221;off&#8221; button_one_text_color__hover_enabled=&#8221;off&#8221; button_two_text_color__hover_enabled=&#8221;off&#8221; button_border_width__hover_enabled=&#8221;off&#8221; button_one_border_width__hover_enabled=&#8221;off&#8221; button_two_border_width__hover_enabled=&#8221;off&#8221; button_border_color__hover_enabled=&#8221;off&#8221; button_one_border_color__hover_enabled=&#8221;off&#8221; button_two_border_color__hover_enabled=&#8221;off&#8221; button_border_radius__hover_enabled=&#8221;off&#8221; button_one_border_radius__hover_enabled=&#8221;off&#8221; button_two_border_radius__hover_enabled=&#8221;off&#8221; button_letter_spacing__hover_enabled=&#8221;off&#8221; button_one_letter_spacing__hover_enabled=&#8221;off&#8221; button_two_letter_spacing__hover_enabled=&#8221;off&#8221; button_bg_color__hover_enabled=&#8221;off&#8221; button_one_bg_color__hover_enabled=&#8221;off&#8221; button_two_bg_color__hover_enabled=&#8221;off&#8221;][\/et_pb_contact_field][\/et_pb_contact_form][\/et_pb_column][et_pb_column type=&#8221;1_3&#8243; _builder_version=&#8221;4.16&#8243; background_color=&#8221;#ffdaa4&#8243; custom_padding=&#8221;60px|40px|60px|40px&#8221; custom_padding_tablet=&#8221;60px||60px||true|true&#8221; custom_padding_phone=&#8221;40px|20px|40px|20px|true|true&#8221; custom_padding_last_edited=&#8221;on|tablet&#8221; global_colors_info=&#8221;{}&#8221; padding_phone=&#8221;40px|20px|40px|20px|true|true&#8221; padding_tablet=&#8221;60px||60px||true|true&#8221; padding_last_edited=&#8221;on|tablet&#8221; custom_padding__hover=&#8221;|||&#8221;][et_pb_blurb title=&#8221;Correo electr\u00f3nico&#8221; use_icon=&#8221;on&#8221; font_icon=&#8221;&#xe076;||divi||400&#8243; icon_color=&#8221;#1d2530&#8243; icon_placement=&#8221;left&#8221; content_max_width=&#8221;1100px&#8221; image_icon_width_last_edited=&#8221;off|desktop&#8221; _builder_version=&#8221;4.27.4&#8243; header_font=&#8221;|600|||||||&#8221; header_font_size=&#8221;18px&#8221; header_line_height=&#8221;1.6em&#8221; body_font=&#8221;||||||||&#8221; body_font_size=&#8221;15px&#8221; body_line_height=&#8221;2em&#8221; custom_margin=&#8221;|||-22px||&#8221; hover_enabled=&#8221;0&#8243; header_font_size_tablet=&#8221;&#8221; header_font_size_phone=&#8221;15px&#8221; header_font_size_last_edited=&#8221;on|phone&#8221; body_line_height_tablet=&#8221;&#8221; body_line_height_phone=&#8221;1.6em&#8221; body_line_height_last_edited=&#8221;on|phone&#8221; image_max_width_phone=&#8221;50px&#8221; image_max_width_last_edited=&#8221;off|desktop&#8221; locked=&#8221;off&#8221; global_colors_info=&#8221;{}&#8221; sticky_enabled=&#8221;0&#8243;]<\/p>\n<p>Empresa desarrolladora:<\/p>\n<pre>Diego Cangas<br \/><a href=\"mailto:virtualdor@gmail.com\">virtualdor@gmail.com<\/a><\/pre>\n<p>Director del proyecto NeoTrie VR:<\/p>\n<pre>Jos\u00e9 L. Rodr\u00edguez <br \/><a href=\"mailto:jlrodri@ual.es\">jlrodri@ual.es<\/a><\/pre>\n<p>[\/et_pb_blurb][\/et_pb_column][\/et_pb_row][\/et_pb_section]<\/p>\n","protected":false},"excerpt":{"rendered":"<p>Contacto Contacte con nosotros para recibir m\u00e1s informaci\u00f3n, solicitar una demo de Neotrie, adquirir licencia educativa, o si tiene alg\u00fan problema.Empresa desarrolladora: Diego Cangasvirtualdor@gmail.com Director del proyecto NeoTrie VR: Jos\u00e9 L. Rodr\u00edguez jlrodri@ual.es<\/p>\n","protected":false},"author":1,"featured_media":0,"parent":0,"menu_order":0,"comment_status":"closed","ping_status":"closed","template":"","meta":{"_et_pb_use_builder":"on","_et_pb_old_content":"","_et_gb_content_width":"","om_disable_all_campaigns":false,"_monsterinsights_skip_tracking":false,"_monsterinsights_sitenote_active":false,"_monsterinsights_sitenote_note":"","_monsterinsights_sitenote_category":0,"footnotes":""},"class_list":["post-567","page","type-page","status-publish","hentry"],"aioseo_notices":[],"_links":{"self":[{"href":"https:\/\/www2.ual.es\/neotrie\/wp-json\/wp\/v2\/pages\/567","targetHints":{"allow":["GET"]}}],"collection":[{"href":"https:\/\/www2.ual.es\/neotrie\/wp-json\/wp\/v2\/pages"}],"about":[{"href":"https:\/\/www2.ual.es\/neotrie\/wp-json\/wp\/v2\/types\/page"}],"author":[{"embeddable":true,"href":"https:\/\/www2.ual.es\/neotrie\/wp-json\/wp\/v2\/users\/1"}],"replies":[{"embeddable":true,"href":"https:\/\/www2.ual.es\/neotrie\/wp-json\/wp\/v2\/comments?post=567"}],"version-history":[{"count":115,"href":"https:\/\/www2.ual.es\/neotrie\/wp-json\/wp\/v2\/pages\/567\/revisions"}],"predecessor-version":[{"id":11016,"href":"https:\/\/www2.ual.es\/neotrie\/wp-json\/wp\/v2\/pages\/567\/revisions\/11016"}],"wp:attachment":[{"href":"https:\/\/www2.ual.es\/neotrie\/wp-json\/wp\/v2\/media?parent=567"}],"curies":[{"name":"wp","href":"https:\/\/api.w.org\/{rel}","templated":true}]}}