{"id":2059,"date":"2020-05-25T14:51:00","date_gmt":"2020-05-25T14:51:00","guid":{"rendered":"http:\/\/www2.ual.es\/neotrie\/?page_id=2059"},"modified":"2025-07-10T07:28:06","modified_gmt":"2025-07-10T06:28:06","slug":"project-neotrie","status":"publish","type":"page","link":"https:\/\/www2.ual.es\/neotrie\/project-neotrie\/","title":{"rendered":"Proyecto Neotrie"},"content":{"rendered":"<p>[et_pb_section fb_built=&#8221;1&#8243; _builder_version=&#8221;4.16&#8243; global_colors_info=&#8221;{}&#8221;][et_pb_row _builder_version=&#8221;4.16&#8243; global_colors_info=&#8221;{}&#8221;][et_pb_column type=&#8221;4_4&#8243; _builder_version=&#8221;4.16&#8243; global_colors_info=&#8221;{}&#8221;][et_pb_text _builder_version=&#8221;4.16&#8243; text_font=&#8221;||||||||&#8221; text_font_size=&#8221;18px&#8221; text_line_height=&#8221;2em&#8221; header_font=&#8221;EB Garamond||||||||&#8221; header_font_size=&#8221;60px&#8221; header_line_height=&#8221;1.3em&#8221; text_font_size_tablet=&#8221;&#8221; text_font_size_phone=&#8221;15px&#8221; text_font_size_last_edited=&#8221;on|phone&#8221; text_line_height_tablet=&#8221;&#8221; text_line_height_phone=&#8221;1.6em&#8221; text_line_height_last_edited=&#8221;on|phone&#8221; header_font_size_tablet=&#8221;50px&#8221; header_font_size_phone=&#8221;32px&#8221; header_font_size_last_edited=&#8221;on|phone&#8221; global_colors_info=&#8221;{}&#8221;]<\/p>\n<h1>Proyecto educativo NeoTrie VR<\/h1>\n<p>[\/et_pb_text][\/et_pb_column][\/et_pb_row][et_pb_row _builder_version=&#8221;4.16&#8243; global_colors_info=&#8221;{}&#8221;][et_pb_column type=&#8221;4_4&#8243; _builder_version=&#8221;4.16&#8243; global_colors_info=&#8221;{}&#8221;][et_pb_accordion _builder_version=&#8221;4.27.4&#8243; _module_preset=&#8221;default&#8221; hover_enabled=&#8221;0&#8243; sticky_enabled=&#8221;0&#8243;][et_pb_accordion_item title=&#8221;Presentaci\u00f3n&#8221; _builder_version=&#8221;4.27.4&#8243; _module_preset=&#8221;default&#8221; open=&#8221;on&#8221; hover_enabled=&#8221;0&#8243; sticky_enabled=&#8221;0&#8243;]<\/p>\n<p>El proyecto NeoTrie VR arranca tras lograr el 1er premio de Matem\u00e1ticas en el concurso Ciencia en Acci\u00f3n de Algeciras (Espa\u00f1a) en 2016. Se enmarca en sus inicios dentro de la comunidad educativa europea Scientix (2017-20), donde investigadores, profesores y estudiantes de varios centros europeos trabajamos conjuntamente para avanzar en la mejora y desarrollo de NeoTrie VR, probando nuevas herramientas y funciones, dise\u00f1ando y validando actividades para distintos niveles educativos.<span style=\"font-size: 14px;\"> Actualmente, el software NeoTrie VR se utiliza y evoluciona al amparo de distintos proyectos de \u00e1mbito nacional e internacional.<\/span><\/p>\n<p>[\/et_pb_accordion_item][et_pb_accordion_item title=&#8221;Objetivos&#8221; _builder_version=&#8221;4.27.4&#8243; _module_preset=&#8221;default&#8221; open=&#8221;on&#8221; hover_enabled=&#8221;0&#8243; sticky_enabled=&#8221;0&#8243;]<\/p>\n<ul>\n<li>Examinar aspectos del plano visible a trav\u00e9s de la tercera dimensi\u00f3n.<\/li>\n<li>Introducir la geometr\u00eda 3D y el modelado para impresi\u00f3n 3D.<\/li>\n<li>Desarrollar visi\u00f3n espacial y habilidades tridimensionales.<\/li>\n<li>Estimular la cooperaci\u00f3n y trabajo en equipo.<\/li>\n<li>Motivar a las actividades recreacionales y did\u00e1cticas a trav\u00e9s de un juego colaborativo y competitivo.<\/li>\n<\/ul>\n<p>[\/et_pb_accordion_item][et_pb_accordion_item title=&#8221;Temas&#8221; _builder_version=&#8221;4.27.4&#8243; _module_preset=&#8221;default&#8221; open=&#8221;on&#8221; hover_enabled=&#8221;0&#8243; sticky_enabled=&#8221;0&#8243;]<\/p>\n<p>El software Neotrie tiene implementadas herramientas que permiten tratar una gran variedad de temas de Gemetr\u00eda:\u00a0<span style=\"color: #333333; font-size: 30px;\"><\/span><span style=\"color: #333333; font-size: 30px;\"><\/span><\/p>\n<ul class=\"bb_ul\">\n<li>Geometr\u00eda 2D, vista desde el espacio: pol\u00edgonos, posici\u00f3n relativa de rectas, medida de longitudes y \u00e1ngulos, \u00e1reas, etc.<\/li>\n<li>Geometr\u00eda 3D: creaci\u00f3n y modificaci\u00f3n de figuras en general, estudio de sus proyecciones, con\u00a0<span>planos de proyecci\u00f3n multivista, esc\u00e1ner&#8230;.<\/span><\/li>\n<li>Construcci\u00f3n de poliedros: s\u00f3lidos plat\u00f3nicos, prismas, antiprismas, pir\u00e1mides, s\u00f3lidos arquimedianos, de Johnson, Kepler, etc.).<\/li>\n<li>Operaciones b\u00e1sicas con poliedros: dualidad, truncamiento, rectificaci\u00f3n, extensi\u00f3n, etc.<\/li>\n<li>C\u00e1lculo de \u00e1ngulos, longitudes, \u00e1reas y vol\u00famenes de figuras 3D, caracter\u00edstica de Euler, y otras nociones topol\u00f3gicas.<\/li>\n<li>Cuerpos redondos (esfera, cono, cilindro, toro, &#8230;), con movimientos en el espacio, generados como cuerpos de revoluci\u00f3n, superficies regladas, etc., rastro dejado por aristas.<\/li>\n<li>Parametrizaci\u00f3n de curvas y superficies, con calculadora gr\u00e1fica 3D, interpolaci\u00f3n entre superficies, curvas de nivel.<\/li>\n<li>Simetr\u00edas de figuras en el espacio (traslaciones, reflexiones, rotaciones) y homotecias.<\/li>\n<li>Geometr\u00eda fractal bi- y tridimensional.<\/li>\n<li>Estructuras cristalinas, construcci\u00f3n de celdas, simetr\u00edas puntuales.<\/li>\n<li>Grafos Eulerianos 3D (problema de los 7 puentes de K\u00f6nigsberg).<\/li>\n<li>Grafos Hamiltonianos (Problema del viajero o Salesman).<\/li>\n<li>Coloraci\u00f3n de grafos (teorema de los 4 colores, m\u00e1s si es en el espacio).<\/li>\n<li>Construcciones din\u00e1micas variadas con herramienta de interpolaci\u00f3n lineal y circular.<\/li>\n<li>Y m\u00e1s funciones y actividades en la <a href=\"www2.ual.es\/neotrie\/comunidad\">p\u00e1gina de la comunidad<\/a>.<\/li>\n<li><a href=\"https:\/\/docs.google.com\/document\/d\/1n5Zi8xAzuDlrFhnmtjQesDN78D8P4VJXg6dO5QSiNns\/edit?pli=1&amp;tab=t.0\">Lista de novedades y actualizaciones.<\/a><\/li>\n<\/ul>\n<p>[\/et_pb_accordion_item][et_pb_accordion_item title=&#8221;Participantes&#8221; _builder_version=&#8221;4.27.4&#8243; _module_preset=&#8221;default&#8221; open=&#8221;on&#8221; hover_enabled=&#8221;0&#8243; sticky_enabled=&#8221;0&#8243;]<\/p>\n<p class=\"zfr3Q\" id=\"h.p_tiiLBxlVJiss\"><strong>Director:<\/strong><\/p>\n<ul class=\"n8H08c UVNKR\">\n<li class=\"TYR86d zfr3Q\" id=\"h.p_hiDD5LnzJjBK\">Jos\u00e9 L. Rodr\u00edguez (Departamento de Matem\u00e1ticas, UAL).<\/li>\n<\/ul>\n<p class=\"zfr3Q\" id=\"h.p_9DOo_Y1AJjBK\"><strong>Desarrolladores de software: <\/strong><\/p>\n<ul class=\"n8H08c UVNKR\">\n<li class=\"TYR86d zfr3Q\" id=\"h.p_s7Vo9erRJjBL\">Diego Cangas Moldes (Director de Virtual Dor, Ingeniero Inform\u00e1tica, UAL).<\/li>\n<li class=\"TYR86d zfr3Q\">Rub\u00e9n Hern\u00e1ndez S\u00e1nchez, 2021-22 (Matem\u00e1ticas, UAL, Virtual Dor)<\/li>\n<\/ul>\n<p class=\"zfr3Q\" id=\"h.p_Uin3sxP1JjBL\"><strong>Investigadores:<\/strong><\/p>\n<ul class=\"n8H08c UVNKR\">\n<li class=\"TYR86d zfr3Q\" id=\"h.p_1SDEpkY5JjBM\">M\u00aa Isabel Romero (Departamento de Educaci\u00f3n, UAL)<\/li>\n<li class=\"TYR86d zfr3Q\" id=\"h.p_cVyKcu3_JjBN\">Antonio Codina (Departamento de Educaci\u00f3n, UAL)<\/li>\n<li class=\"TYR86d zfr3Q\">Mar\u00eda del Mar Garc\u00eda (Departamento de Educaci\u00f3n, UAL)<\/li>\n<\/ul>\n<p class=\"zfr3Q\" id=\"h.p_HHt9aFqAJjBN\"><strong>Miembros colaboradores: (Esta lista no se actualiza desde 2021, debido al gran n\u00famero de profesores y centros involucrados)<\/strong><\/p>\n<ul class=\"n8H08c UVNKR\">\n<li class=\"TYR86d zfr3Q\" id=\"h.p_628Ja_crJjBO\">David Crespo Casteleiro (I<span>ES Santa Mar\u00eda del \u00c1guila<\/span>, Almer\u00eda)<\/li>\n<li class=\"TYR86d zfr3Q\" id=\"h.p_8_3r96-9JjBO\">Grazyna Morga (Zesp\u00f3\u0142 Szkolno-Przedszkolny w \u017bernicy, Poland)<\/li>\n<li class=\"TYR86d zfr3Q\" id=\"h.p_6XJ_65blJjBP\">Asunci\u00f3n Bosch Salda\u00f1a (Departamento de Educaci\u00f3n, UAL)<\/li>\n<li class=\"TYR86d zfr3Q\" id=\"h.p_5cjnd-uUJjBP\">Juan Carlos Trillo (Escuela Polit\u00e9cnica Cartagena)<\/li>\n<li class=\"TYR86d zfr3Q\" id=\"h.p_FCMsuIBLJjBQ\">Lutz Str\u00fcngmann (Hochschule Mannheim, Germany)<\/li>\n<li class=\"TYR86d zfr3Q\" id=\"h.p_CO3fmJ4pJjBQ\">Mateja Budin (Mathema, Slovenia)<\/li>\n<li class=\"TYR86d zfr3Q\" id=\"h.p_PTZO4DFyJjBR\">Elena Soledad (IES Jim\u00e9nez de la Espada, Cartagena)<\/li>\n<li class=\"TYR86d zfr3Q\" id=\"h.p_GNskjrTjJjBS\">Jos\u00e9 Manuel Fern\u00e1ndez (IES Pablo Picasso, M\u00e1laga)<\/li>\n<li class=\"TYR86d zfr3Q\" id=\"h.p_fXMtB2k_JjBS\">Encarna L\u00f3pez (IES Reyes Cat\u00f3licos, V\u00e9lez- M\u00e1laga)<\/li>\n<li class=\"TYR86d zfr3Q\" id=\"h.p_j2JORMIDJjBT\">Eloy Almeida Fleitas (CIVITAS, Gran Canaria)<\/li>\n<li class=\"TYR86d zfr3Q\" id=\"h.p_lg93Y7V8JjBT\">M\u00aa Carmen Hern\u00e1ndez Santana (CIVITAS)<\/li>\n<li class=\"TYR86d zfr3Q\" id=\"h.p_qzWMhTV3JjBU\">Silvia Montoya Haro (Asociaci\u00f3n A Toda Vela)<\/li>\n<li class=\"TYR86d zfr3Q\" id=\"h.p__2bueLskJjBV\">Lorena Fern\u00e1ndez Carre\u00f1o (Asociaci\u00f3n A Toda Vela)<\/li>\n<li class=\"TYR86d zfr3Q\" id=\"h.p_3p7NLPzLJjBV\">Emmanuelle Feaux de Lacroix (Universit\u00e9 de Caen, Laboratoire de Math\u00e9matiques Nicolas Oresme)<\/li>\n<li class=\"TYR86d zfr3Q\" id=\"h.p_zKS2JFPvJjBW\">Eufrasio Rigaud (IES Aurantia, Benahadux, Almer\u00eda)<\/li>\n<li class=\"TYR86d zfr3Q\" id=\"h.p_GwBbIx1dJjBW\">Jacob Kamerling (CSG Willem de Zwijger, Schoonhoven, The Netherlands)<\/li>\n<li class=\"TYR86d zfr3Q\" id=\"h.p_zzDc0U-uJjBX\">Katryn Leschke (University of Leicester, Department of Mathematics)<\/li>\n<li class=\"TYR86d zfr3Q\" id=\"h.p_2F7zWt8aJjBY\">Houria Lafrance (Association Les Maths en Scene, Toulouse)<\/li>\n<li class=\"TYR86d zfr3Q\" id=\"h.p_sPUQRc5hJjBZ\">Arnaud Ch\u00e9ritat ( Institut de Math\u00e9matiques de Toulouse)<\/li>\n<li class=\"TYR86d zfr3Q\" id=\"h.p_8GzYfbKMJjBa\">Marta P\u00e9rez (Universidad de Vigo)<\/li>\n<li class=\"TYR86d zfr3Q\" id=\"h.p_EIkRh0xuJjBb\">Cristina S\u00e1nchez Cruzado (University of M\u00e1laga)<\/li>\n<li class=\"TYR86d zfr3Q\" id=\"h.p_9nOEkveZJjBb\">Mar\u00eda Teresa S\u00e1nchez Compa\u00f1a (University of M\u00e1laga)<\/li>\n<li class=\"TYR86d zfr3Q\" id=\"h.p_b4xjqn_cKleg\">Javier Claros (IES Calder\u00f3n de la Barca, Pinto, Madrid)<\/li>\n<li class=\"TYR86d zfr3Q\" id=\"h.p_iMDtmVTQh-fH\">Gema R. Quintana (UNED Cantabria, Spain)<\/li>\n<li class=\"TYR86d zfr3Q\" id=\"h.p_pHkAif4HiFnq\">Steven Van Vaerenbergh (University of Cantabria, Spain)<\/li>\n<li class=\"TYR86d zfr3Q\">Paloma Puerto Moyano (IES Jos\u00e9 Saramago, Marinaleda, Sevilla)<\/li>\n<li class=\"TYR86d zfr3Q\">Miguel \u00c1ngel Labella Lopera (<span style=\"font-weight: 400;\">IES Carmen de Burgos, Almer\u00eda)<\/span><\/li>\n<li class=\"TYR86d zfr3Q\"><span style=\"font-weight: 400;\">Pedro Sorroche Fuentes (IES R\u00edo Aguas, Sorbas, Almer\u00eda)<\/span><\/li>\n<li class=\"TYR86d zfr3Q\"><span style=\"font-weight: 400;\">Ana Bel\u00e9n Moreno Rodr\u00edguez\u00a0(<span>IES Carmen de Burgos, Almer\u00eda)\u00a0<\/span><\/span><\/li>\n<\/ul>\n<p class=\"zfr3Q\" id=\"h.p_xbwL_FX9JjBc\"><strong>Estudiantes de grado\/m\u00e1ster:<\/strong><\/p>\n<ul class=\"n8H08c UVNKR\">\n<li class=\"TYR86d zfr3Q\" id=\"h.p_uecr2YpZJjBc\">Antonio Zarauz Moreno (Master&#8217;s Degree in Secondary Education Teaching 2019, UAL)<\/li>\n<li class=\"TYR86d zfr3Q\" id=\"h.p_0UoX5QLNJjBd\">Alicia Ruiz (Master&#8217;s Degree in Secondary Education Teaching 2019, UAL)<\/li>\n<li class=\"TYR86d zfr3Q\" id=\"h.p_5TQkIKjlJjBd\">Andr\u00e9s Mateo (Master&#8217;s Degree in Secondary Education Teaching 2019, UAL)<\/li>\n<li class=\"TYR86d zfr3Q\" id=\"h.p_7a3skcZfJjBe\">Jos\u00e9 Antonio Rodr\u00edguez Mart\u00ednez (Student&#8217;s Education Degree, UAL)<\/li>\n<li class=\"TYR86d zfr3Q\" id=\"h.p_lnFs9XNiJjBf\">Alba Mart\u00edn Robles (Master&#8217;s Degree in Classroom Research and Didactic Assessment for Teachers, UAL)<\/li>\n<li class=\"TYR86d zfr3Q\" id=\"h.p_YGtCHOqWJjBf\">Carmen Santos Morales Rodr\u00edguez (Master&#8217;s Degree in Classroom Research and Didactic Assessment for Teachers, UAL)<\/li>\n<li class=\"TYR86d zfr3Q\" id=\"h.p_b0pkI-lsJjBg\">Dante Yv\u00e1n Chavil (PhD Student 2019-2022, UAL)<\/li>\n<li class=\"TYR86d zfr3Q\" id=\"h.p_ET58UlEUJjBg\">Ronny Sitter (Phd student, Universit\u00e4t Chemnitz, Zentrum f\u00fcr Lehrerbildung)<\/li>\n<li class=\"TYR86d zfr3Q\" id=\"h.p_s5cu7I1BJjBh\">Sivia Moral (PhD student, M\u00e1laga)<\/li>\n<li class=\"TYR86d zfr3Q\">Carmen S\u00e1nchez (Maths student 2020, UAL)<\/li>\n<li class=\"TYR86d zfr3Q\">Juan Antonio P\u00e9rez (Master student 2020, UAL)<\/li>\n<li class=\"TYR86d zfr3Q\"><span>Mario Doblado Ag\u00fcera (Master&#8217;s Degree in Secondary Education Teaching student 2021, UAL)<\/span><\/li>\n<li class=\"TYR86d zfr3Q\">Mar\u00eda del Mar Ribera Cabanillas (Student&#8217;s Education Degree 2021, UAL)<\/li>\n<li class=\"TYR86d zfr3Q\"><span>Jos\u00e9 Antonio Oca\u00f1a (Pr\u00e1cticas de Empresa 2021, Marketing)\u00a0<\/span><\/li>\n<li class=\"TYR86d zfr3Q\"><span>Judith Exp\u00f3sito G\u00e1zquez (Student&#8217;s Education Degree 2021, UAL)\u00a0<\/span><\/li>\n<li class=\"TYR86d zfr3Q\"><span style=\"font-size: 14px;\">Rub\u00e9n Hern\u00e1ndez S\u00e1nchez (<\/span><span style=\"font-size: 14px;\">Student&#8217;s Math Degree 2022, UAL)<\/span><\/li>\n<li class=\"TYR86d zfr3Q\">Ver\u00f3nica Roca (<span style=\"font-size: 14px;\">Master&#8217;s Degree in Secondary Education Teaching student 2023, UAL)<\/span><span><\/span><\/li>\n<li class=\"TYR86d zfr3Q\">Carlos Ceballos Parra (Student&#8217;s Math Degree 2024, UAL)<span><\/span><\/li>\n<li class=\"TYR86d zfr3Q\">Isabel Domenech (<span>Student&#8217;s Math Degree 2024, UAL)<\/span><\/li>\n<li class=\"TYR86d zfr3Q\">Moises mendez fernandez (Student&#8217;s Master Degree 2025, UAL)<\/li>\n<li class=\"TYR86d zfr3Q\">Alberto Ferro V\u00e1zquez (Education degree 2025, University of Santiago de Compostela)<\/li>\n<\/ul>\n<p>[\/et_pb_accordion_item][et_pb_accordion_item title=&#8221;Instituciones colaboradoras y proyectos&#8221; _builder_version=&#8221;4.27.4&#8243; _module_preset=&#8221;default&#8221; open=&#8221;off&#8221; hover_enabled=&#8221;0&#8243; sticky_enabled=&#8221;0&#8243;]<\/p>\n<ul>\n<li id=\"h.p_BWmKX1DeiwZv\" class=\"TYR86d zfr3Q\"><a class=\"dhtgD aw5Odc\" href=\"http:\/\/www.google.com\/url?q=http%3A%2F%2Fmat.uab.es%2Fret%2F&amp;sa=D&amp;sntz=1&amp;usg=AFQjCNG9ZzJFwccqtEkaQ78klsqYIJQrNw\" target=\"_blank\" rel=\"noopener noreferrer\">Red Espa\u00f1ola de Topolog\u00eda<\/a>\u00a0(2018).<\/li>\n<li id=\"h.p_yM7bd2-NJUpS\" class=\"TYR86d zfr3Q\"><a class=\"dhtgD aw5Odc\" href=\"https:\/\/www.google.com\/url?q=https%3A%2F%2Fwww.ub.edu%2Fweb%2Fub%2Fes%2Frecerca_innovacio%2Frecerca_a_la_UB%2Fprojectes%2Ffitxa%2FT%2FPJ013372%2Findex.html%3F&amp;sa=D&amp;sntz=1&amp;usg=AFQjCNFQGYL5kyggM4cVJPELCGDGQB-Lxw\" target=\"_blank\" rel=\"noopener noreferrer\">Ministerio de Economia y Competitividad<\/a> (ref. MTM2016-76453-C2-2-P).<\/li>\n<li id=\"h.p_WNAbw5LUiwvR\" class=\"TYR86d zfr3Q\">Vicerrectorado de Extensi\u00f3n Universitaria y Deportes, y del Secretariado de Innovaci\u00f3n y Docencia Virtual, UAL.<\/li>\n<li id=\"h.p_SSmQPniCi05z\" class=\"TYR86d zfr3Q\"><a class=\"dhtgD aw5Odc\" href=\"https:\/\/www.google.com\/url?q=https%3A%2F%2Fcms.ual.es%2FUAL%2Funiversidad%2Fdepartamentos%2Fmatematicas%2Findex.htm&amp;sa=D&amp;sntz=1&amp;usg=AFQjCNE2wikjA0a8n8doMeJU-xe04XqIfw\" target=\"_blank\" rel=\"noopener noreferrer\">Departamento de Matem\u00e1ticas<\/a>, UAL.<\/li>\n<li id=\"h.p_MGbbM59LIm6g\" class=\"TYR86d zfr3Q\"><a class=\"dhtgD aw5Odc\" href=\"Neotrie%20VR adaptado a personas con discapacidad intelectual\" target=\"_blank\" rel=\"noopener noreferrer\">I Plan transfiere de la Universidad de Almer\u00eda<\/a> (ref. TRFE-SI-2018\/009).<\/li>\n<li id=\"h.p_fZlCz0wmI2qo\" class=\"TYR86d zfr3Q\"><a class=\"dhtgD aw5Odc\" href=\"http:\/\/www.google.com\/url?q=http%3A%2F%2Fasociacioncivitas.es%2F&amp;sa=D&amp;sntz=1&amp;usg=AFQjCNEjyTv6PiNXx7uUHLHMljl7PUtBbw\" target=\"_blank\" rel=\"noopener noreferrer\">Asociaci\u00f3n CIVITAS<\/a>, Canarias (2018-2020).<\/li>\n<li id=\"h.p_gowOpmsfI3wS\" class=\"TYR86d zfr3Q\"><a class=\"dhtgD aw5Odc\" href=\"http:\/\/www.google.com\/url?q=http%3A%2F%2Fatodavela.org&amp;sa=D&amp;sntz=1&amp;usg=AFQjCNEgG7xmf_rEw1BuWA6VQcAJ40ickQ\" target=\"_blank\" rel=\"noopener noreferrer\">Asociaci\u00f3n A Toda Vela<\/a>, Almer\u00eda (2018-2020).<\/li>\n<li id=\"h.p_zS8QdOIvi3H3\" class=\"TYR86d zfr3Q\"><a class=\"dhtgD aw5Odc\" href=\"http:\/\/www.google.com\/url?q=http%3A%2F%2Fwww.palais-decouverte.fr%2Fen%2Fhome%2F&amp;sa=D&amp;sntz=1&amp;usg=AFQjCNGqEVs8Wy1qB3gIlj-6DGcolkT20g\" target=\"_blank\" rel=\"noopener noreferrer\">Palais de la D\u00e9couverte<\/a>, UniverseScience, Paris (2019).<\/li>\n<li id=\"h.p_Vtl_b-4sBhqF\" class=\"TYR86d zfr3Q\"><a class=\"dhtgD aw5Odc\" href=\"http:\/\/www.google.com\/url?q=http%3A%2F%2Flesmathsenscene.fr%2F&amp;sa=D&amp;sntz=1&amp;usg=AFQjCNE-jP5-zUq1anTwL3dqz4PZOxcbzw\" target=\"_blank\" rel=\"noopener noreferrer\">Association Les Maths en Scene<\/a>, Toulouse (2020).<\/li>\n<li class=\"TYR86d zfr3Q\"><span style=\"font-size: 14px;\"><a href=\"https:\/\/geometricians-views.lesmathsenscene.fr\/\">Erasmus + KA2 Geometrician&#8217;s views<\/a> (ref.\u00a0<span>KA227-0A9B525E;\u00a0<\/span>2021-2023).<\/span><\/li>\n<li class=\"TYR86d zfr3Q\">Proyecto de Innovaci\u00f3n Educativa en el CEIP Andaluc\u00eda, Almer\u00eda; financiado por la Junta de Andaluc\u00eda (ref. PIV-055\/21; 2021-2023).<span style=\"font-size: 14px;\"><\/span><\/li>\n<li class=\"TYR86d zfr3Q\">Proyectos de I+D+i en el marco del Programa Operativo Feder (REF. UAL2020-SEJ-B2086).<\/li>\n<li>Programa Profundiza en el <span>IES Carmen de Burgos, Almer\u00eda;<\/span>\u00a0financiado por la Junta de Andaluc\u00eda (2021-22)<\/li>\n<li class=\"TYR86d zfr3Q\">Ministerio de Ciencia e Innovaci\u00f3n, Agencia Estatal\u00a0 de Investigaci\u00f3n (MCIN\/ AEI\/10.13039\/501100011033\/ under the I+D+i grant PID2020-117971GB-C22).<\/li>\n<li class=\"TYR86d zfr3Q\">Proyecto &#8220;<a href=\"https:\/\/www2.ual.es\/neotrie\/project\/reafico\/\">REAFICO<\/a>&#8220;, en colaboraci\u00f3n con la asociaci\u00f3n Verdiblanca y la Fundaci\u00f3n La Caixa, 2022-23.<\/li>\n<li class=\"TYR86d zfr3Q\"><span>Proyecto de Intercambio de Experiencias Profesionales entre la UAL y el IES R\u00edo Aguas (Sorbas): \u201cINVESTIGACI\u00d3N DE DISE\u00d1O EN GEOMETR\u00cdA CON REALIDAD VIRTUAL EN SECUNDARIA\u201d, Universidad de Almer\u00eda, 2023.<\/span><\/li>\n<li class=\"TYR86d zfr3Q\">Proyecto de Innovaci\u00f3n Docente CRISTA3D, UAL, 2023-24 (ha recibido el PREMIO \u201cINNOVACI\u00d3N -DIGITALIZACI\u00d3N -UAL al Proyecto de Innovaci\u00f3n Docente mejor<br \/>valorado, relacionado con la l\u00ednea \u201cDigitalizaci\u00f3n de la docencia e Inteligencia Artificial\u201d\u201d, el pasado 14 de marzo de 2025.<\/li>\n<li class=\"TYR86d zfr3Q\"><span>\u201cAugmented intelligence in mathematics education through modelling, automatic reasoning and artificial intelligence (2024-2027)\u00bb (IAxEM-CM\/PHS-2024\/PH-HUM-383), \u00a0founded by the Community of Madrid.<\/span><\/li>\n<li class=\"TYR86d zfr3Q\">\u00abGeometry in Touch: 3D Modeling Resources for Visually Impaired Learners\u00bb (Geo3Dtouch) (2025), founded by EUniWell.<\/li>\n<\/ul>\n<p>[\/et_pb_accordion_item][\/et_pb_accordion][\/et_pb_column][\/et_pb_row][\/et_pb_section]<\/p>\n","protected":false},"excerpt":{"rendered":"<p>El proyecto NeoTrie VR arranca tras lograr el 1er premio de Matem\u00e1ticas en el concurso Ciencia en Acci\u00f3n de Algeciras (Espa\u00f1a) en 2016. Se enmarca en sus inicios dentro de la comunidad educativa europea Scientix (2017-20), donde investigadores, profesores y estudiantes de varios centros europeos trabajamos conjuntamente para avanzar en la mejora y desarrollo de Neotrie VR, probando nuevas herramientas y funciones, dise\u00f1ando y validando actividades para distintos niveles educativos. Actualmente, el software Neotrie VR se utiliza en distintos proyectos de \u00e1mbito nacional e internacional (V\u00e9anse proyectos asociados abajo).<\/p>\n","protected":false},"author":3,"featured_media":0,"parent":0,"menu_order":0,"comment_status":"closed","ping_status":"closed","template":"","meta":{"_et_pb_use_builder":"on","_et_pb_old_content":"","_et_gb_content_width":"","om_disable_all_campaigns":false,"_monsterinsights_skip_tracking":false,"_monsterinsights_sitenote_active":false,"_monsterinsights_sitenote_note":"","_monsterinsights_sitenote_category":0,"footnotes":""},"class_list":["post-2059","page","type-page","status-publish","hentry"],"aioseo_notices":[],"_links":{"self":[{"href":"https:\/\/www2.ual.es\/neotrie\/wp-json\/wp\/v2\/pages\/2059","targetHints":{"allow":["GET"]}}],"collection":[{"href":"https:\/\/www2.ual.es\/neotrie\/wp-json\/wp\/v2\/pages"}],"about":[{"href":"https:\/\/www2.ual.es\/neotrie\/wp-json\/wp\/v2\/types\/page"}],"author":[{"embeddable":true,"href":"https:\/\/www2.ual.es\/neotrie\/wp-json\/wp\/v2\/users\/3"}],"replies":[{"embeddable":true,"href":"https:\/\/www2.ual.es\/neotrie\/wp-json\/wp\/v2\/comments?post=2059"}],"version-history":[{"count":93,"href":"https:\/\/www2.ual.es\/neotrie\/wp-json\/wp\/v2\/pages\/2059\/revisions"}],"predecessor-version":[{"id":10820,"href":"https:\/\/www2.ual.es\/neotrie\/wp-json\/wp\/v2\/pages\/2059\/revisions\/10820"}],"wp:attachment":[{"href":"https:\/\/www2.ual.es\/neotrie\/wp-json\/wp\/v2\/media?parent=2059"}],"curies":[{"name":"wp","href":"https:\/\/api.w.org\/{rel}","templated":true}]}}