{"id":1703,"date":"2020-05-19T11:22:50","date_gmt":"2020-05-19T11:22:50","guid":{"rendered":"http:\/\/www2.ual.es\/neotrie\/?page_id=1703"},"modified":"2020-05-25T06:34:39","modified_gmt":"2020-05-25T06:34:39","slug":"politica-de-cookies-2","status":"publish","type":"page","link":"https:\/\/www2.ual.es\/neotrie\/politica-de-cookies-2\/","title":{"rendered":"POLITICA DE COOKIES 2"},"content":{"rendered":"[et_pb_section fb_built=&#8221;1&#8243; admin_label=&#8221;section&#8221; _builder_version=&#8221;3.22&#8243;][et_pb_row admin_label=&#8221;row&#8221; _builder_version=&#8221;3.25&#8243; background_size=&#8221;initial&#8221; background_position=&#8221;top_left&#8221; background_repeat=&#8221;repeat&#8221;][et_pb_column type=&#8221;4_4&#8243; _builder_version=&#8221;3.25&#8243; custom_padding=&#8221;|||&#8221; custom_padding__hover=&#8221;|||&#8221;][et_pb_text admin_label=&#8221;Text&#8221; _builder_version=&#8221;4.4.4&#8243; background_size=&#8221;initial&#8221; background_position=&#8221;top_left&#8221; background_repeat=&#8221;repeat&#8221; hover_enabled=&#8221;0&#8243;]<p><\/p>\n<h1><span style=\"color: #333333; font-size: 30px;\">Pol\u00edtica de cookies<\/span><\/h1>\n<p><span style=\"font-size: 14px;\">Virtual Dor Sociedad Limitada, spin-off de la Universidad de Almer\u00eda, informa acerca del uso de las cookies en el sitio web: www2.ual.es\/neotrie\/, cedido por la Universidad de Almer\u00eda, para el proyecto Neotrie VR.<\/span><\/p>\n<h2>\u00bfQu\u00e9 son las cookies?<\/h2>\n<p>Las cookies son archivos que se pueden descargar en su equipo a trav\u00e9s de las p\u00e1ginas web. Son herramientas que tienen un papel\u00a0esencial para la prestaci\u00f3n de numerosos servicios de la sociedad de la informaci\u00f3n. Entre otros, permiten a una p\u00e1gina web\u00a0almacenar y recuperar informaci\u00f3n sobre los h\u00e1bitos de navegaci\u00f3n de un usuario o de su equipo y, dependiendo de la informaci\u00f3n\u00a0obtenida, se pueden utilizar para reconocer al usuario y mejorar el servicio ofrecido.<\/p>\n<h2>Tipos de cookies<\/h2>\n<p>Seg\u00fan quien sea la entidad que gestione el dominio desde donde se env\u00edan las cookies y trate los datos que se obtengan se pueden\u00a0distinguir dos tipos:<\/p>\n<ul>\n<li>Cookies propias: aqu\u00e9llas que se env\u00edan al equipo terminal del usuario desde un equipo o dominio gestionado\u00a0por el propio editor y desde el que se presta el servicio solicitado por el usuario.<\/li>\n<li>Cookies de terceros: aqu\u00e9llas que se env\u00edan al equipo terminal del usuario desde un equipo o dominio que no es gestionado por el editor, sino por otra entidad que trata los datos obtenidos trav\u00e9s de las cookies.<\/li>\n<\/ul>\n<p><span style=\"font-size: 14px;\">En el caso de que las cookies sean instaladas desde un equipo o dominio gestionado por el propio editor pero la informaci\u00f3n que se recoja mediante \u00e9stas sea gestionada por un tercero, no pueden ser consideradas como cookies propias.<\/span><\/p>\n<p><span style=\"font-size: 14px;\">Existe tambi\u00e9n una segunda clasificaci\u00f3n seg\u00fan el plazo de tiempo que permanecen almacenadas en el navegador del cliente, pudiendo tratarse de:<\/span><\/p>\n<ul>\n<li><span style=\"font-size: 14px;\">Co<\/span><span style=\"font-size: 14px;\">okies de sesi\u00f3n: dise\u00f1adas para recabar y almacenar datos mientras el usuario accede a una p\u00e1gina web. Se<\/span>suelen emplear para almacenar informaci\u00f3n que solo interesa conservar para la prestaci\u00f3n del servicio\u00a0solicitado por el usuario en una sola ocasi\u00f3n (p.e. una lista de productos adquiridos).<\/li>\n<li>Cookies persistentes: los datos siguen almacenados en el terminal y pueden ser accedidos y tratados durante un\u00a0periodo definido por el responsable de la cookie, y que puede ir de unos minutos a varios a\u00f1os.<\/li>\n<\/ul>\n<p>Por \u00faltimo, existe otra clasificaci\u00f3n con cinco tipos de cookies seg\u00fan la finalidad para la que se traten los datos obtenidos:<\/p>\n<ul>\n<li>Cookies t\u00e9cnicas: aquellas que permiten al usuario la navegaci\u00f3n a trav\u00e9s de una p\u00e1gina web,\u00a0plataforma o aplicaci\u00f3n y la utilizaci\u00f3n de las diferentes opciones o servicios que en ella existan como, por\u00a0ejemplo, controlar el tr\u00e1fico y la comunicaci\u00f3n de datos, identificar la sesi\u00f3n, acceder a partes de acceso\u00a0restringido, recordar los elementos que integran un pedido, realizar el proceso de compra de un pedido, realizar la solicitud de inscripci\u00f3n o participaci\u00f3n en un evento, utilizar elementos de seguridad durante la navegaci\u00f3n,\u00a0almacenar contenidos para la difusi\u00f3n de v\u00eddeos o sonido o compartir contenidos a trav\u00e9s de redes sociales.<\/li>\n<li>Cookies de personalizaci\u00f3n: permiten al usuario acceder al servicio con algunas caracter\u00edsticas de car\u00e1cter\u00a0general predefinidas en funci\u00f3n de una serie de criterios en el terminal del usuario como por ejemplo serian el\u00a0idioma, el tipo de navegador a trav\u00e9s del cual accede al servicio, la configuraci\u00f3n regional desde donde accede al\u00a0servicio, etc.<\/li>\n<li>Cookies de an\u00e1lisis: permiten al responsable de las mismas, el seguimiento y an\u00e1lisis del comportamiento de los usuarios de los sitios web a los que est\u00e1n vinculadas. La informaci\u00f3n recogida mediante este tipo de cookies se utiliza en la medici\u00f3n de la actividad de los sitios web, aplicaci\u00f3n o plataforma y para la elaboraci\u00f3n de perfiles de navegaci\u00f3n de los usuarios de dichos sitios, aplicaciones y plataformas, con el fin de introducir mejoras en\u00a0funci\u00f3n del an\u00e1lisis de los datos de uso que hacen los usuarios del servicio.<\/li>\n<li>Cookies publicitarias: permiten la gesti\u00f3n, de la forma m\u00e1s eficaz posible, de los espacios publicitarios.<\/li>\n<li>Cookies de publicidad comportamental: almacenan informaci\u00f3n del comportamiento de los usuarios obtenida a\u00a0trav\u00e9s de la observaci\u00f3n continuada de sus h\u00e1bitos de navegaci\u00f3n, lo que permite desarrollar un perfil espec\u00edfico\u00a0para mostrar publicidad en funci\u00f3n del mismo.<\/li>\n<li>Cookies de redes sociales externas: se utilizan para que los visitantes puedan interactuar con el contenido de diferentes plataformas sociales (facebook, youtube, twitter, linkedIn, etc..) y que se generen \u00fanicamente para\u00a0los usuarios de dichas redes sociales. Las condiciones de utilizaci\u00f3n de estas cookies y la informaci\u00f3n recopilada\u00a0se regula por la pol\u00edtica de privacidad de la plataforma social correspondiente.<\/li>\n<\/ul>\n<h2><span style=\"color: #333333; font-size: 26px;\">Desactivaci\u00f3n y eliminaci\u00f3n de cookies<\/span><\/h2>\n<p><span style=\"font-size: 14px;\">Tienes la opci\u00f3n de permitir, bloquear o eliminar las cookies instaladas en tu equipo mediante la configuraci\u00f3n de las opciones del\u00a0navegador instalado en su equipo. Al desactivar cookies, algunos de los servicios disponibles podr\u00edan dejar de estar operativos. La\u00a0forma de deshabilitar las cookies es diferente para cada navegador, pero normalmente puede hacerse desde el men\u00fa Herramientas\u00a0u Opciones. Tambi\u00e9n puede consultarse el men\u00fa de Ayuda del navegador d\u00f3nde puedes encontrar instrucciones. El usuario podr\u00e1\u00a0en cualquier momento elegir qu\u00e9 cookies quiere que funcionen en este sitio web.<\/span><\/p>\n<p><span style=\"font-size: 14px;\">Puede usted permitir, bloquear o eliminar las cookies instaladas en su equipo mediante la configuraci\u00f3n de las opciones del\u00a0navegador instalado en su ordenador:<\/span><\/p>\n<ul>\n<li>Microsoft Internet Explorer o Microsoft Edge: <a href=\"http:\/\/windows.microsoft.com\/es-es\/windows-vista\/Block-or-allow-cookies\">http:\/\/windows.microsoft.com\/es-es\/windows-vista\/Block-or-allow-cookies<\/a><\/li>\n<li>Mozilla Firefox: <a href=\"http:\/\/support.mozilla.org\/es\/kb\/impedir-que-los-sitios-web-guarden-sus-preferencia\">http:\/\/support.mozilla.org\/es\/kb\/impedir-que-los-sitios-web-guarden-sus-preferencia<\/a><\/li>\n<li>Chrome: <a href=\"https:\/\/support.google.com\/accounts\/answer\/61416?hl=es\">https:\/\/support.google.com\/accounts\/answer\/61416?hl=es<\/a><\/li>\n<li>Safari: <a href=\"http:\/\/safari.helpmax.net\/es\/privacidad-y-seguridad\/como-gestionar-las-cookies\/\">http:\/\/safari.helpmax.net\/es\/privacidad-y-seguridad\/como-gestionar-las-cookies\/<\/a><\/li>\n<li>Opera: http:\/\/help.opera.com\/Linux\/10.60\/es-ES\/cookies.html<\/li>\n<\/ul>\n<p>Adem\u00e1s, tambi\u00e9n puede gestionar el almac\u00e9n de cookies en su navegador a trav\u00e9s de herramientas como las siguientes<\/p>\n<ul>\n<li><span style=\"font-size: 14px;\">Ghostery: <a href=\"http:\/\/www.ghostery.com\/\">www.ghostery.com\/<\/a><\/span><\/li>\n<li>\u00a0Your online choices: <a href=\"http:\/\/www.youronlinechoices.com\/es\/\">www.youronlinechoices.com\/es\/<\/a><\/li>\n<\/ul>\n<h2><span style=\"color: #333333; font-size: 26px;\">Cookies utilizadas en www2.ual.es\/neotrie<\/span><\/h2>\n<p><span style=\"font-size: 14px;\">A continuaci\u00f3n, se identifican las cookies que est\u00e1n siendo utilizadas en este portal as\u00ed como su tipolog\u00eda y funci\u00f3n:<\/span><\/p>\n<ul>\n<li>Google Analytic, que sirve para control de uso, tiempo en la p\u00e1gina, y anal\u00edticas, la cual se trata de infomaci\u00f3n externa.<\/li>\n<\/ul>\n<h2>Aceptaci\u00f3n de la Pol\u00edtica de cookies<\/h2>\n<p>www2.ual.es\/neotrie asume que usted acepta el uso de cookies. No obstante, muestra informaci\u00f3n sobre su Pol\u00edtica de cookies en la\u00a0parte inferior o superior de cualquier p\u00e1gina del portal con cada inicio de sesi\u00f3n con el objeto de que usted sea consciente.<\/p>\n<p>Ante esta informaci\u00f3n es posible llevar a cabo las siguientes acciones:<\/p>\n<ul>\n<li>Aceptar cookies. No se volver\u00e1 a visualizar este aviso al acceder a cualquier p\u00e1gina del portal durante la presente sesi\u00f3n.<\/li>\n<li>Cerrar. Se oculta el aviso en la presente p\u00e1gina.<\/li>\n<li>Modificar su configuraci\u00f3n. Podr\u00e1 obtener m\u00e1s informaci\u00f3n sobre qu\u00e9 son las cookies, conocer la Pol\u00edtica de\u00a0cookies de www2.ual.es\/neotrie y modificar la configuraci\u00f3n de su navegador.<\/li>\n<\/ul>\n[\/et_pb_text][\/et_pb_column][\/et_pb_row][\/et_pb_section]","protected":false},"excerpt":{"rendered":"<p>Pol\u00edtica de cookies Virtual Dor Sociedad Limitada, spin-off de la Universidad de Almer\u00eda, informa acerca del uso de las cookies en el sitio web: www2.ual.es\/neotrie\/, cedido por la Universidad de Almer\u00eda, para el proyecto Neotrie VR. \u00bfQu\u00e9 son las cookies? Las cookies son archivos que se pueden descargar en su equipo a trav\u00e9s de las [&hellip;]<\/p>\n","protected":false},"author":1,"featured_media":0,"parent":0,"menu_order":0,"comment_status":"closed","ping_status":"closed","template":"","meta":{"_et_pb_use_builder":"on","_et_pb_old_content":"<!-- wp:paragraph -->\n<p>Pol\u00edtica de cookies<\/p>\n<!-- \/wp:paragraph -->\n\n<!-- wp:paragraph -->\n<p>Pol\u00edtica de cookies<br>Virtual Dor Sociedad Limitada informa acerca del uso de las cookies en su p\u00e1gina web: www2.ual.es\/neotrie\/<br>\u00bfQu\u00e9 son las cookies?<br>Las cookies son archivos que se pueden descargar en su equipo a trav\u00e9s de las p\u00e1ginas web. Son herramientas que tienen un papel<br>esencial para la prestaci\u00f3n de numerosos servicios de la sociedad de la informaci\u00f3n. Entre otros, permiten a una p\u00e1gina web<br>almacenar y recuperar informaci\u00f3n sobre los h\u00e1bitos de navegaci\u00f3n de un usuario o de su equipo y, dependiendo de la informaci\u00f3n<br>obtenida, se pueden utilizar para reconocer al usuario y mejorar el servicio ofrecido.<br>Tipos de cookies<br>Seg\u00fan quien sea la entidad que gestione el dominio desde donde se env\u00edan las cookies y trate los datos que se obtengan se pueden<br>distinguir dos tipos:<br>\u2022 Cookies propias: aqu\u00e9llas que se env\u00edan al equipo terminal del usuario desde un equipo o dominio gestionado<br>por el propio editor y desde el que se presta el servicio solicitado por el usuario.<br>\u2022 Cookies de terceros: aqu\u00e9llas que se env\u00edan al equipo terminal del usuario desde un equipo o dominio que no es<br>gestionado por el editor, sino por otra entidad que trata los datos obtenidos trav\u00e9s de las cookies.<br>En el caso de que las cookies sean instaladas desde un equipo o dominio gestionado por el propio editor pero la informaci\u00f3n que se<br>recoja mediante \u00e9stas sea gestionada por un tercero, no pueden ser consideradas como cookies propias.<br>Existe tambi\u00e9n una segunda clasificaci\u00f3n seg\u00fan el plazo de tiempo que permanecen almacenadas en el navegador del cliente,<br>pudiendo tratarse de:<br>\u2022 Cookies de sesi\u00f3n: dise\u00f1adas para recabar y almacenar datos mientras el usuario accede a una p\u00e1gina web. Se<br>suelen emplear para almacenar informaci\u00f3n que solo interesa conservar para la prestaci\u00f3n del servicio<br>solicitado por el usuario en una sola ocasi\u00f3n (p.e. una lista de productos adquiridos).<br>\u2022 Cookies persistentes: los datos siguen almacenados en el terminal y pueden ser accedidos y tratados durante un<br>periodo definido por el responsable de la cookie, y que puede ir de unos minutos a varios a\u00f1os.<br>Por \u00faltimo, existe otra clasificaci\u00f3n con cinco tipos de cookies seg\u00fan la finalidad para la que se traten los datos obtenidos:<br>\u2022 Cookies t\u00e9cnicas: aquellas que permiten al usuario la navegaci\u00f3n a trav\u00e9s de una p\u00e1gina web,<br>plataforma o aplicaci\u00f3n y la utilizaci\u00f3n de las diferentes opciones o servicios que en ella existan como, por<br>ejemplo, controlar el tr\u00e1fico y la comunicaci\u00f3n de datos, identificar la sesi\u00f3n, acceder a partes de acceso<br>restringido, recordar los elementos que integran un pedido, realizar el proceso de compra de un pedido, realizar<\/p>\n<!-- \/wp:paragraph -->\n\n<!-- wp:paragraph -->\n<p>la solicitud de inscripci\u00f3n o participaci\u00f3n en un evento, utilizar elementos de seguridad durante la navegaci\u00f3n,<br>almacenar contenidos para la difusi\u00f3n de v\u00eddeos o sonido o compartir contenidos a trav\u00e9s de redes sociales.<br>\u2022 Cookies de personalizaci\u00f3n: permiten al usuario acceder al servicio con algunas caracter\u00edsticas de car\u00e1cter<br>general predefinidas en funci\u00f3n de una serie de criterios en el terminal del usuario como por ejemplo serian el<br>idioma, el tipo de navegador a trav\u00e9s del cual accede al servicio, la configuraci\u00f3n regional desde donde accede al<br>servicio, etc.<br>\u2022 Cookies de an\u00e1lisis: permiten al responsable de las mismas, el seguimiento y an\u00e1lisis del comportamiento de los<br>usuarios de los sitios web a los que est\u00e1n vinculadas. La informaci\u00f3n recogida mediante este tipo de cookies se<br>utiliza en la medici\u00f3n de la actividad de los sitios web, aplicaci\u00f3n o plataforma y para la elaboraci\u00f3n de perfiles<br>de navegaci\u00f3n de los usuarios de dichos sitios, aplicaciones y plataformas, con el fin de introducir mejoras en<br>funci\u00f3n del an\u00e1lisis de los datos de uso que hacen los usuarios delservicio.<br>\u2022 Cookies publicitarias: permiten la gesti\u00f3n, de la forma m\u00e1s eficaz posible, de los espacios publicitarios.<br>\u2022 Cookies de publicidad comportamental: almacenan informaci\u00f3n del comportamiento de los usuarios obtenida a<br>trav\u00e9s de la observaci\u00f3n continuada de sus h\u00e1bitos de navegaci\u00f3n, lo que permite desarrollar un perfil espec\u00edfico<br>para mostrar publicidad en funci\u00f3n del mismo.<br>\u2022 Cookies de redes sociales externas: se utilizan para que los visitantes puedan interactuar con el contenido de<br>diferentes plataformas sociales (facebook, youtube, twitter, linkedIn, etc..) y que se generen \u00fanicamente para<br>los usuarios de dichas redes sociales. Las condiciones de utilizaci\u00f3n de estas cookies y la informaci\u00f3n recopilada<br>se regula por la pol\u00edtica de privacidad de la plataforma social correspondiente.<br>Desactivaci\u00f3n y eliminaci\u00f3n de cookies<br>Tienes la opci\u00f3n de permitir, bloquear o eliminar las cookies instaladas en tu equipo mediante la configuraci\u00f3n de las opciones del<br>navegador instalado en su equipo. Al desactivar cookies, algunos de los servicios disponibles podr\u00edan dejar de estar operativos. La<br>forma de deshabilitar las cookies es diferente para cada navegador, pero normalmente puede hacerse desde el men\u00fa Herramientas<br>u Opciones. Tambi\u00e9n puede consultarse el men\u00fa de Ayuda del navegador d\u00f3nde puedes encontrar instrucciones. El usuario podr\u00e1<br>en cualquier momento elegir qu\u00e9 cookies quiere que funcionen en este sitio web.<br>Puede usted permitir, bloquear o eliminar las cookies instaladas en su equipo mediante la configuraci\u00f3n de las opciones del<br>navegador instalado en su ordenador:<br>\u2022 Microsoft Internet Explorer o Microsoft Edge:<br>http:\/\/windows.microsoft.com\/es-es\/windows-vista\/Block-or-allow-cookies<br>\u2022 Mozilla Firefox: http:\/\/support.mozilla.org\/es\/kb\/impedir-que-los-sitios-web-guarden-sus-preferencia<br>\u2022 Chrome: https:\/\/support.google.com\/accounts\/answer\/61416?hl=es<br>\u2022 Safari: http:\/\/safari.helpmax.net\/es\/privacidad-y-seguridad\/como-gestionar-las-cookies\/<br>\u2022 Opera: http:\/\/help.opera.com\/Linux\/10.60\/es-ES\/cookies.html<br>Adem\u00e1s, tambi\u00e9n puede gestionar el almac\u00e9n de cookies en su navegador a trav\u00e9s de herramientas como las siguientes<\/p>\n<!-- \/wp:paragraph -->\n\n<!-- wp:paragraph -->\n<p>\u2022 Ghostery: www.ghostery.com\/<br>\u2022 Your online choices: www.youronlinechoices.com\/es\/<br>Cookies utilizadas en www2.ual.es\/neotrie<br>A continuaci\u00f3n, se identifican las cookies que est\u00e1n siendo utilizadas en este portal as\u00ed como su tipolog\u00eda y funci\u00f3n:<\/p>\n<!-- \/wp:paragraph -->\n\n<!-- wp:list -->\n<ul><li>Google Analityc, que sirve para control de uso, tiempo en la p\u00e1gina, y anal\u00edticas, la cual se trata de infomaci\u00f3n externa.<br>Aceptaci\u00f3n de la Pol\u00edtica de cookies<br>www2.ual.es\/neotrie asume que usted acepta el uso de cookies. No obstante, muestra informaci\u00f3n sobre su Pol\u00edtica de cookies en la<br>parte inferior o superior de cualquier p\u00e1gina del portal con cada inicio de sesi\u00f3n con el objeto de que usted sea consciente.<br>Ante esta informaci\u00f3n es posible llevar a cabo las siguientes acciones:<br>\u2022 Aceptar cookies. No se volver\u00e1 a visualizar este aviso al acceder a cualquier p\u00e1gina del portal durante la<br>presente sesi\u00f3n.<br>\u2022 Cerrar. Se oculta el aviso en la presente p\u00e1gina.<br>\u2022 Modificar su configuraci\u00f3n. Podr\u00e1 obtener m\u00e1s informaci\u00f3n sobre qu\u00e9 son las cookies, conocer la Pol\u00edtica de<br>cookies de www2.ual.es\/neotrie y modificar la configuraci\u00f3n de su navegador.<\/li><\/ul>\n<!-- \/wp:list -->","_et_gb_content_width":"","om_disable_all_campaigns":false,"_monsterinsights_skip_tracking":false,"_monsterinsights_sitenote_active":false,"_monsterinsights_sitenote_note":"","_monsterinsights_sitenote_category":0,"footnotes":""},"class_list":["post-1703","page","type-page","status-publish","hentry"],"aioseo_notices":[],"_links":{"self":[{"href":"https:\/\/www2.ual.es\/neotrie\/wp-json\/wp\/v2\/pages\/1703","targetHints":{"allow":["GET"]}}],"collection":[{"href":"https:\/\/www2.ual.es\/neotrie\/wp-json\/wp\/v2\/pages"}],"about":[{"href":"https:\/\/www2.ual.es\/neotrie\/wp-json\/wp\/v2\/types\/page"}],"author":[{"embeddable":true,"href":"https:\/\/www2.ual.es\/neotrie\/wp-json\/wp\/v2\/users\/1"}],"replies":[{"embeddable":true,"href":"https:\/\/www2.ual.es\/neotrie\/wp-json\/wp\/v2\/comments?post=1703"}],"version-history":[{"count":11,"href":"https:\/\/www2.ual.es\/neotrie\/wp-json\/wp\/v2\/pages\/1703\/revisions"}],"predecessor-version":[{"id":1947,"href":"https:\/\/www2.ual.es\/neotrie\/wp-json\/wp\/v2\/pages\/1703\/revisions\/1947"}],"wp:attachment":[{"href":"https:\/\/www2.ual.es\/neotrie\/wp-json\/wp\/v2\/media?parent=1703"}],"curies":[{"name":"wp","href":"https:\/\/api.w.org\/{rel}","templated":true}]}}