{"id":1701,"date":"2020-05-19T11:21:51","date_gmt":"2020-05-19T11:21:51","guid":{"rendered":"http:\/\/www2.ual.es\/neotrie\/?page_id=1701"},"modified":"2020-05-21T08:11:31","modified_gmt":"2020-05-21T08:11:31","slug":"aviso-legal-2","status":"publish","type":"page","link":"https:\/\/www2.ual.es\/neotrie\/aviso-legal-2\/","title":{"rendered":"AVISO LEGAL 2"},"content":{"rendered":"<p>[et_pb_section fb_built=&#8221;1&#8243; _builder_version=&#8221;3.22&#8243;][et_pb_row _builder_version=&#8221;3.25&#8243; background_size=&#8221;initial&#8221; background_position=&#8221;top_left&#8221; background_repeat=&#8221;repeat&#8221;][et_pb_column type=&#8221;4_4&#8243; _builder_version=&#8221;3.25&#8243; custom_padding=&#8221;|||&#8221; custom_padding__hover=&#8221;|||&#8221;][et_pb_text _builder_version=&#8221;4.4.4&#8243; background_size=&#8221;initial&#8221; background_position=&#8221;top_left&#8221; background_repeat=&#8221;repeat&#8221;]<\/p>\n<h1>\u00a0Aviso legal<\/h1>\n<p><!-- divi:paragraph --><\/p>\n<p style=\"text-align: justify;\">\n<p style=\"text-align: justify;\">En cumplimiento de lo previsto en la Ley 34\/2002, de 11 de julio, de Servicios de la Sociedad de la Informaci\u00f3n y de Comercio Electr\u00f3nico, as\u00ed como en otras normas de legal aplicaci\u00f3n, se pone en conocimiento de los usuarios del sitio web www2.ual.es\/neotrie la siguiente informaci\u00f3n:<\/p>\n<p style=\"text-align: justify;\">El sitio web\u00a0www2.ual.es\/neotrie es titularidad de la Universidad de Almer\u00eda (seg\u00fan se indica en\u00a0<a href=\"https:\/\/www.ual.es\/avisolegal\">https:\/\/www.ual.es\/avisolegal<\/a>), y cedido su uso y mantenimiento a\u00a0<span style=\"font-size: 14px;\">Virtual Dor Sociedad Limitada, como spin-off de la Universidad de Almer\u00eda, provisto con NIF\/CIF B04883351, direcci\u00f3n Calle Rodrigo Vivas Miras, 51, 04007 Almer\u00eda, Espa\u00f1a, con fines relacionados con el proyecto de software Neotrie VR y su comunidad de usuarios. <\/span><\/p>\n<p style=\"text-align: justify;\"><span style=\"font-size: 14px;\"><span>Virtual Dor Sociedad Limitada<\/span>\u00a0no\u00a0puede asumir ninguna responsabilidad derivada del uso incorrecto, inapropiado o il\u00edcito de la informaci\u00f3n aparecida en este sitio web<\/span>\u00a0proporcionada por sus usuarios.<span style=\"font-size: 14px;\">\u00a0<\/span><\/p>\n<p style=\"text-align: justify;\"><span style=\"font-size: 14px;\">Con los l\u00edmites establecidos en la ley no asume ninguna responsabilidad derivada de la falta de veracidad, integridad, actualizaci\u00f3n y precisi\u00f3n de los datos o informaciones que se contienen en sus p\u00e1ginas creadas por sus usuarios.\u00a0<\/span><\/p>\n<p style=\"text-align: justify;\">Los contenidos e informaci\u00f3n no vinculan a Virtual Dor Sociedad Limitada ni constituyen opiniones, consejos o asesoramiento legal de ning\u00fan tipo pues se trata meramente de un servicio ofrecido con car\u00e1cter informativo y\u00a0divulgativo.<\/p>\n<p style=\"text-align: justify;\">La p\u00e1gina de Internet de www2.ual.es\/neotrie puede contener enlaces a otras p\u00e1ginas de terceras\u00a0partes que Virtual Dor Sociedad Limitada no puede controlar. Por lo tanto Virtual Dor Sociedad Limitada no puede asumir responsabilidades por el contenido que pueda aparecer en p\u00e1ginas de terceros.\u00a0<\/p>\n<p style=\"text-align: justify;\">Los textos, im\u00e1genes, sonidos, animaciones, software y el resto de contenidos incluidos en\u00a0www2.ual.es\/neotrie son propiedad exclusiva de Virtual Dor Sociedad Limitada o sus suscriptores. Cualquier acto de transmisi\u00f3n, distribuci\u00f3n, cesi\u00f3n, reproducci\u00f3n, almacenamiento o comunicaci\u00f3n p\u00fablica total o parcial, debe contar con el consentimiento expreso de Virtual Dor Sociedad Limitada.<\/p>\n<p style=\"text-align: justify;\">Asimismo, para acceder a algunos de los servicios que Virtual Dor Sociedad Limitada ofrece a trav\u00e9s del este sitio web deber\u00e1\u00a0proporcionar algunos datos de car\u00e1cter personal. En cumplimiento de lo establecido en el Reglamento (UE) 2016\/679\u00a0del Parlamento Europeo y del Consejo, de 27 de abril de 2016, relativo a la protecci\u00f3n de las personas f\u00edsicas en lo que\u00a0respecta al tratamiento de datos personales y a la libre circulaci\u00f3n de estos datos le informamos que, mediante la\u00a0cumplimentaci\u00f3n de los presentes formularios, sus datos personales quedar\u00e1n incorporados y ser\u00e1n tratados en los\u00a0ficheros de Virtual Dor Sociedad Limitada con el fin de poderle prestar y ofrecer nuestros servicios as\u00ed como para\u00a0informarle de las mejoras del sitio web.<\/p>\n<p style=\"text-align: justify;\">Asimismo, le informamos de la posibilidad de que ejerza los derechos de\u00a0acceso, rectificaci\u00f3n, cancelaci\u00f3n y oposici\u00f3n de sus datos de car\u00e1cter personal, manera gratuita mediante email a\u00a0virtualdor@gmail.com o en la direcci\u00f3n Calle Rodrigo Vivas Miras, 51, 04007 Almer\u00eda, Espa\u00f1a.<\/p>\n<p>[\/et_pb_text][\/et_pb_column][\/et_pb_row][\/et_pb_section]<\/p>\n","protected":false},"excerpt":{"rendered":"<p>\u00a0Aviso legal En cumplimiento de lo previsto en la Ley 34\/2002, de 11 de julio, de Servicios de la Sociedad de la Informaci\u00f3n y de Comercio Electr\u00f3nico, as\u00ed como en otras normas de legal aplicaci\u00f3n, se pone en conocimiento de los usuarios del sitio web www2.ual.es\/neotrie la siguiente informaci\u00f3n: El sitio web\u00a0www2.ual.es\/neotrie es titularidad de [&hellip;]<\/p>\n","protected":false},"author":1,"featured_media":0,"parent":0,"menu_order":0,"comment_status":"closed","ping_status":"closed","template":"","meta":{"_et_pb_use_builder":"on","_et_pb_old_content":"<!-- wp:paragraph -->\n<p>Virtual Dor Sociedad Limitada, provisto con NIF\/CIF B04883351, direcci\u00f3n CALLE RODRIGO VIVAS MIRAS, 51 , no<br>puede asumir ninguna responsabilidad derivada del uso incorrecto, inapropiado o il\u00edcito de la informaci\u00f3n aparecida en la<br>p\u00e1gina de Internet de http:\/\/www2.ual.es\/neotrie\/<br>Con los l\u00edmites establecidos en la ley no asume ninguna responsabilidad derivada de la falta de veracidad, integridad,<br>actualizaci\u00f3n y precisi\u00f3n de los datos o informaciones que se contienen en sus p\u00e1ginas de Internet.<br>Los contenidos e informaci\u00f3n no vinculan a Virtual Dor Sociedad Limitada ni constituyen opiniones, consejos o<br>asesoramiento legal de ning\u00fan tipo pues se trata meramente de un servicio ofrecido con car\u00e1cter informativo y<br>divulgativo.<br>La p\u00e1gina de Internet de http:\/\/www2.ual.es\/neotrie puede contener enlaces (links) a otras p\u00e1ginas de terceras<br>partes que Virtual Dor Sociedad Limitada no puede controlar. Por lo tanto Virtual Dor Sociedad Limitada no puede asumir<br>responsabilidades por el contenido que pueda aparecer en p\u00e1ginas de terceros.<br>Los textos, im\u00e1genes, sonidos, animaciones, software y el resto de contenidos incluidos en este website son propiedad<br>exclusiva de Virtual Dor Sociedad Limitada o sus licenciantes. Cualquier acto de transmisi\u00f3n, distribuci\u00f3n, cesi\u00f3n,<br>reproducci\u00f3n, almacenamiento o comunicaci\u00f3n p\u00fablica total o parcial, debe contar con el consentimiento expreso de<br>Virtual Dor Sociedad Limitada.<br>Asimismo, para acceder a algunos de los servicios que Virtual Dor Sociedad Limitada ofrece a trav\u00e9s del website deber\u00e1<br>proporcionar algunos datos de car\u00e1cter personal. En cumplimiento de lo establecido en el Reglamento (UE) 2016\/679<br>del Parlamento Europeo y del Consejo, de 27 de abril de 2016, relativo a la protecci\u00f3n de las personas f\u00edsicas en lo que<br>respecta al tratamiento de datos personales y a la libre circulaci\u00f3n de estos datos le informamos que, mediante la<br>cumplimentaci\u00f3n de los presentes formularios, sus datos personales quedar\u00e1n incorporados y ser\u00e1n tratados en los<br>ficheros de Virtual Dor Sociedad Limitada con el fin de poderle prestar y ofrecer nuestros servicios as\u00ed como para<br>informarle de las mejoras del sitio Web. Asimismo, le informamos de la posibilidad de que ejerza los derechos de<br>acceso, rectificaci\u00f3n, cancelaci\u00f3n y oposici\u00f3n de sus datos de car\u00e1cter personal, manera gratuita mediante email a<br>virtualdor@gmail.com o en la direcci\u00f3n: CALLE RODRIGO VIVAS MIRAS, 51<\/p>\n<!-- \/wp:paragraph -->","_et_gb_content_width":"","om_disable_all_campaigns":false,"_monsterinsights_skip_tracking":false,"_monsterinsights_sitenote_active":false,"_monsterinsights_sitenote_note":"","_monsterinsights_sitenote_category":0,"footnotes":""},"class_list":["post-1701","page","type-page","status-publish","hentry"],"aioseo_notices":[],"_links":{"self":[{"href":"https:\/\/www2.ual.es\/neotrie\/wp-json\/wp\/v2\/pages\/1701","targetHints":{"allow":["GET"]}}],"collection":[{"href":"https:\/\/www2.ual.es\/neotrie\/wp-json\/wp\/v2\/pages"}],"about":[{"href":"https:\/\/www2.ual.es\/neotrie\/wp-json\/wp\/v2\/types\/page"}],"author":[{"embeddable":true,"href":"https:\/\/www2.ual.es\/neotrie\/wp-json\/wp\/v2\/users\/1"}],"replies":[{"embeddable":true,"href":"https:\/\/www2.ual.es\/neotrie\/wp-json\/wp\/v2\/comments?post=1701"}],"version-history":[{"count":10,"href":"https:\/\/www2.ual.es\/neotrie\/wp-json\/wp\/v2\/pages\/1701\/revisions"}],"predecessor-version":[{"id":1773,"href":"https:\/\/www2.ual.es\/neotrie\/wp-json\/wp\/v2\/pages\/1701\/revisions\/1773"}],"wp:attachment":[{"href":"https:\/\/www2.ual.es\/neotrie\/wp-json\/wp\/v2\/media?parent=1701"}],"curies":[{"name":"wp","href":"https:\/\/api.w.org\/{rel}","templated":true}]}}