{"id":278,"date":"2025-12-03T14:13:55","date_gmt":"2025-12-03T13:13:55","guid":{"rendered":"https:\/\/www2.ual.es\/masterdatamat\/?page_id=278"},"modified":"2025-12-03T19:42:52","modified_gmt":"2025-12-03T18:42:52","slug":"ediciones","status":"publish","type":"page","link":"https:\/\/www2.ual.es\/masterdatamat\/ediciones\/","title":{"rendered":"Ediciones"},"content":{"rendered":"\n<p>El M\u00e1ster de formaci\u00f3n permanente en Ciencia de Datos y Matem\u00e1tica Computacional se implant\u00f3 en el curso acad\u00e9mico 2025\/26. Este m\u00e1ster surgi\u00f3 del Diploma de Experto en Ciencia de Datos de la Universidad de Almer\u00eda, cuyo \u00e9xito permiti\u00f3 ampliar la formaci\u00f3n hacia un programa completo de m\u00e1ster.<\/p>\n\n\n\n<p>Se imparte totalmente online y de manera as\u00edncrona, lo que permite a los estudiantes acceder al contenido y realizar las actividades en cualquier momento, seg\u00fan su disponibilidad. Todo el material, recursos y actividades est\u00e1n disponibles en nuestro aula virtual.<\/p>\n\n\n\n<div class=\"wp-block-buttons is-content-justification-center is-layout-flex wp-container-core-buttons-is-layout-a89b3969 wp-block-buttons-is-layout-flex\">\n<div class=\"wp-block-button\"><a class=\"wp-block-button__link has-text-align-left wp-element-button\" href=\"https:\/\/www2.ual.es\/masterdatamat\/moodle\">Acceso al Aula Virtual<\/a><\/div>\n<\/div>\n\n\n\n<div class=\"wp-block-buttons is-layout-flex wp-block-buttons-is-layout-flex\">\n<div class=\"wp-block-button\"><a class=\"wp-block-button__link has-secondary-color has-luminous-vivid-amber-background-color has-text-color has-background has-link-color wp-element-button\" href=\"https:\/\/www2.ual.es\/masterdatamat\/ediciones\/primera-edicion\/\">Primera edici\u00f3n<\/a><\/div>\n<\/div>\n\n\n\n<p><\/p>\n","protected":false},"excerpt":{"rendered":"<p>El M\u00e1ster de formaci\u00f3n permanente en Ciencia de Datos y Matem\u00e1tica Computacional se implant\u00f3 en el curso acad\u00e9mico 2025\/26. Este m\u00e1ster surgi\u00f3 del Diploma de Experto en Ciencia de Datos de la Universidad de Almer\u00eda, cuyo \u00e9xito permiti\u00f3 ampliar la formaci\u00f3n hacia un programa completo de m\u00e1ster. Se imparte totalmente online y de manera as\u00edncrona,&hellip;<\/p>\n","protected":false},"author":1,"featured_media":0,"parent":0,"menu_order":0,"comment_status":"closed","ping_status":"closed","template":"","meta":{"footnotes":""},"class_list":["post-278","page","type-page","status-publish","hentry"],"_links":{"self":[{"href":"https:\/\/www2.ual.es\/masterdatamat\/wp-json\/wp\/v2\/pages\/278","targetHints":{"allow":["GET"]}}],"collection":[{"href":"https:\/\/www2.ual.es\/masterdatamat\/wp-json\/wp\/v2\/pages"}],"about":[{"href":"https:\/\/www2.ual.es\/masterdatamat\/wp-json\/wp\/v2\/types\/page"}],"author":[{"embeddable":true,"href":"https:\/\/www2.ual.es\/masterdatamat\/wp-json\/wp\/v2\/users\/1"}],"replies":[{"embeddable":true,"href":"https:\/\/www2.ual.es\/masterdatamat\/wp-json\/wp\/v2\/comments?post=278"}],"version-history":[{"count":7,"href":"https:\/\/www2.ual.es\/masterdatamat\/wp-json\/wp\/v2\/pages\/278\/revisions"}],"predecessor-version":[{"id":318,"href":"https:\/\/www2.ual.es\/masterdatamat\/wp-json\/wp\/v2\/pages\/278\/revisions\/318"}],"wp:attachment":[{"href":"https:\/\/www2.ual.es\/masterdatamat\/wp-json\/wp\/v2\/media?parent=278"}],"curies":[{"name":"wp","href":"https:\/\/api.w.org\/{rel}","templated":true}]}}