{"id":276,"date":"2025-12-03T14:14:54","date_gmt":"2025-12-03T13:14:54","guid":{"rendered":"https:\/\/www2.ual.es\/masterdatamat\/?page_id=276"},"modified":"2025-12-03T19:38:19","modified_gmt":"2025-12-03T18:38:19","slug":"primera-edicion","status":"publish","type":"page","link":"https:\/\/www2.ual.es\/masterdatamat\/ediciones\/primera-edicion\/","title":{"rendered":"Curso 2025\/26"},"content":{"rendered":"\n<h2 class=\"wp-block-heading\">Preinscripci\u00f3n y matr\u00edcula<\/h2>\n\n\n\n<div class=\"wp-block-group has-global-padding is-layout-constrained wp-block-group-is-layout-constrained\">\n<p>Preinscripci\u00f3n: hasta el 15\/09\/2025<\/p>\n\n\n\n<p>Matr\u00edcula: hasta el 02\/10\/2025<\/p>\n<\/div>\n\n\n\n<p>N\u00famero de plazas disponibles: 50<\/p>\n\n\n\n<h2 class=\"wp-block-heading\">Calendario de fechas<\/h2>\n\n\n\n<figure class=\"wp-block-image size-large\"><img loading=\"lazy\" decoding=\"async\" width=\"1024\" height=\"489\" src=\"https:\/\/www2.ual.es\/masterdatamat\/wp-content\/uploads\/2025\/12\/calendario-1024x489.png\" alt=\"\" class=\"wp-image-297\" srcset=\"https:\/\/www2.ual.es\/masterdatamat\/wp-content\/uploads\/2025\/12\/calendario-1024x489.png 1024w, https:\/\/www2.ual.es\/masterdatamat\/wp-content\/uploads\/2025\/12\/calendario-300x143.png 300w, https:\/\/www2.ual.es\/masterdatamat\/wp-content\/uploads\/2025\/12\/calendario-768x366.png 768w, https:\/\/www2.ual.es\/masterdatamat\/wp-content\/uploads\/2025\/12\/calendario-1536x733.png 1536w, https:\/\/www2.ual.es\/masterdatamat\/wp-content\/uploads\/2025\/12\/calendario-2048x977.png 2048w\" sizes=\"auto, (max-width: 1024px) 100vw, 1024px\" \/><\/figure>\n\n\n\n<div style=\"height:100px\" aria-hidden=\"true\" class=\"wp-block-spacer\"><\/div>\n\n\n\n<h2 class=\"wp-block-heading\">Planificaci\u00f3n temporal de asignaturas<\/h2>\n\n\n\n<figure class=\"wp-block-image size-large is-resized\"><img loading=\"lazy\" decoding=\"async\" width=\"1017\" height=\"1024\" src=\"https:\/\/www2.ual.es\/masterdatamat\/wp-content\/uploads\/2025\/12\/planificacion-1017x1024.png\" alt=\"\" class=\"wp-image-299\" style=\"aspect-ratio:0.9931710573743175;width:717px;height:auto\" srcset=\"https:\/\/www2.ual.es\/masterdatamat\/wp-content\/uploads\/2025\/12\/planificacion-1017x1024.png 1017w, https:\/\/www2.ual.es\/masterdatamat\/wp-content\/uploads\/2025\/12\/planificacion-298x300.png 298w, https:\/\/www2.ual.es\/masterdatamat\/wp-content\/uploads\/2025\/12\/planificacion-150x150.png 150w, https:\/\/www2.ual.es\/masterdatamat\/wp-content\/uploads\/2025\/12\/planificacion-768x773.png 768w, https:\/\/www2.ual.es\/masterdatamat\/wp-content\/uploads\/2025\/12\/planificacion.png 1206w\" sizes=\"auto, (max-width: 1017px) 100vw, 1017px\" \/><\/figure>\n","protected":false},"excerpt":{"rendered":"<p>Preinscripci\u00f3n y matr\u00edcula Preinscripci\u00f3n: hasta el 15\/09\/2025 Matr\u00edcula: hasta el 02\/10\/2025 N\u00famero de plazas disponibles: 50 Calendario de fechas Planificaci\u00f3n temporal de asignaturas<\/p>\n","protected":false},"author":1,"featured_media":0,"parent":278,"menu_order":0,"comment_status":"closed","ping_status":"closed","template":"","meta":{"footnotes":""},"class_list":["post-276","page","type-page","status-publish","hentry"],"_links":{"self":[{"href":"https:\/\/www2.ual.es\/masterdatamat\/wp-json\/wp\/v2\/pages\/276","targetHints":{"allow":["GET"]}}],"collection":[{"href":"https:\/\/www2.ual.es\/masterdatamat\/wp-json\/wp\/v2\/pages"}],"about":[{"href":"https:\/\/www2.ual.es\/masterdatamat\/wp-json\/wp\/v2\/types\/page"}],"author":[{"embeddable":true,"href":"https:\/\/www2.ual.es\/masterdatamat\/wp-json\/wp\/v2\/users\/1"}],"replies":[{"embeddable":true,"href":"https:\/\/www2.ual.es\/masterdatamat\/wp-json\/wp\/v2\/comments?post=276"}],"version-history":[{"count":8,"href":"https:\/\/www2.ual.es\/masterdatamat\/wp-json\/wp\/v2\/pages\/276\/revisions"}],"predecessor-version":[{"id":314,"href":"https:\/\/www2.ual.es\/masterdatamat\/wp-json\/wp\/v2\/pages\/276\/revisions\/314"}],"up":[{"embeddable":true,"href":"https:\/\/www2.ual.es\/masterdatamat\/wp-json\/wp\/v2\/pages\/278"}],"wp:attachment":[{"href":"https:\/\/www2.ual.es\/masterdatamat\/wp-json\/wp\/v2\/media?parent=276"}],"curies":[{"name":"wp","href":"https:\/\/api.w.org\/{rel}","templated":true}]}}