{"id":238,"date":"2025-12-02T23:16:35","date_gmt":"2025-12-02T22:16:35","guid":{"rendered":"https:\/\/www2.ual.es\/masterdatamat\/?page_id=238"},"modified":"2025-12-02T23:16:35","modified_gmt":"2025-12-02T22:16:35","slug":"preguntas-frecuentes","status":"publish","type":"page","link":"https:\/\/www2.ual.es\/masterdatamat\/preguntas-frecuentes\/","title":{"rendered":"Preguntas frecuentes"},"content":{"rendered":"\n<div class=\"wp-block-quick-and-easy-faqs-faqs-only\">            <div class=\"qae-faqs-container qae-faqs-list-container\">\n\t\t\t\t<ol class=\"qe-faqs-index-list\"><div id=\"qe-faqs-index\" class=\"qe-faqs-index\">\n\t\t\t\t\t<li class=\"faqs\">\n\t\t\t\t\t\t<a href=\"#qaef-249\">\u00bfEste m\u00e1ster da acceso a estudios de doctorado?<\/a>\n\t\t\t\t\t<\/li>\n\n\t\t\t\t\n\t\t\t\t\t<li class=\"faqs\">\n\t\t\t\t\t\t<a href=\"#qaef-248\">\u00bfEste m\u00e1ster tiene pr\u00e1cticas acad\u00e9micas externas curriculares?<\/a>\n\t\t\t\t\t<\/li>\n\n\t\t\t\t\n\t\t\t\t\t<li class=\"faqs\">\n\t\t\t\t\t\t<a href=\"#qaef-247\">Actualmente trabajo, por lo que no podr\u00e9 asistir regularmente a clase. \u00bfPuedo compaginar mi trabajo con estos estudios?<\/a>\n\t\t\t\t\t<\/li>\n\n\t\t\t\t\n\t\t\t\t\t<li class=\"faqs\">\n\t\t\t\t\t\t<a href=\"#qaef-246\">Mi titulaci\u00f3n universitaria no es espa\u00f1ola, \u00bfpuedo realizar este m\u00e1ster?<\/a>\n\t\t\t\t\t<\/li>\n\n\t\t\t\t\n\t\t\t\t\t<li class=\"faqs\">\n\t\t\t\t\t\t<a href=\"#qaef-245\">\u00bfQu\u00e9 titulaci\u00f3n necesito para acceder a este m\u00e1ster?<\/a>\n\t\t\t\t\t<\/li>\n\n\t\t\t\t\n\t\t\t\t\t<li class=\"faqs\">\n\t\t\t\t\t\t<a href=\"#qaef-244\">\u00bfC\u00f3mo puedo realizar la preinscripci\u00f3n y la matr\u00edcula?<\/a>\n\t\t\t\t\t<\/li>\n\n\t\t\t\t\n\t\t\t\t\t<li class=\"faqs\">\n\t\t\t\t\t\t<a href=\"#qaef-243\">\u00bfExisten becas de ayuda al estudio?<\/a>\n\t\t\t\t\t<\/li>\n\n\t\t\t\t<\/div><\/ol>\t\t<div id=\"qaef-249\" class=\"qe-faq-list faqs\">\n\t\t\t<div class=\"qe-list-title\">\n\t\t\t\t<h4>\n\t\t\t\t\t<i class=\"fa fa-question-circle\"><\/i> \u00bfEste m\u00e1ster da acceso a estudios de doctorado?\t\t\t\t<\/h4>\n\t\t\t<\/div>\n\t\t\t<div class=\"qe-list-content\">\n\t\t\t\t\n<p>No, este m\u00e1ster no da acceso a estudios de doctorado, ya que es un t\u00edtulo propio de la universidad.<\/p>\n\n\n\n<p><\/p>\n<br \/><a class=\"qe-faq-top\" href=\"#qe-faqs-index\"><i class=\"fa fa-angle-up\"><\/i> Back to Index<\/a>\t\t\t<\/div>\n\t\t<\/div>\n\t\t\t\t<div id=\"qaef-248\" class=\"qe-faq-list faqs\">\n\t\t\t<div class=\"qe-list-title\">\n\t\t\t\t<h4>\n\t\t\t\t\t<i class=\"fa fa-question-circle\"><\/i> \u00bfEste m\u00e1ster tiene pr\u00e1cticas acad\u00e9micas externas curriculares?\t\t\t\t<\/h4>\n\t\t\t<\/div>\n\t\t\t<div class=\"qe-list-content\">\n\t\t\t\t\n<p>No. De momento, no contamos con pr\u00e1cticas acad\u00e9micas externas curriculares.<\/p>\n<br \/><a class=\"qe-faq-top\" href=\"#qe-faqs-index\"><i class=\"fa fa-angle-up\"><\/i> Back to Index<\/a>\t\t\t<\/div>\n\t\t<\/div>\n\t\t\t\t<div id=\"qaef-247\" class=\"qe-faq-list faqs\">\n\t\t\t<div class=\"qe-list-title\">\n\t\t\t\t<h4>\n\t\t\t\t\t<i class=\"fa fa-question-circle\"><\/i> Actualmente trabajo, por lo que no podr\u00e9 asistir regularmente a clase. \u00bfPuedo compaginar mi trabajo con estos estudios?\t\t\t\t<\/h4>\n\t\t\t<\/div>\n\t\t\t<div class=\"qe-list-content\">\n\t\t\t\t\n<p>S\u00ed, sin ninguna duda. El m\u00e1ster se realiza totalmente online y de manera as\u00edncrona. Podr\u00e1s organizar tu tiempo de estudio seg\u00fan tu disponibilidad.<\/p>\n<br \/><a class=\"qe-faq-top\" href=\"#qe-faqs-index\"><i class=\"fa fa-angle-up\"><\/i> Back to Index<\/a>\t\t\t<\/div>\n\t\t<\/div>\n\t\t\t\t<div id=\"qaef-246\" class=\"qe-faq-list faqs\">\n\t\t\t<div class=\"qe-list-title\">\n\t\t\t\t<h4>\n\t\t\t\t\t<i class=\"fa fa-question-circle\"><\/i> Mi titulaci\u00f3n universitaria no es espa\u00f1ola, \u00bfpuedo realizar este m\u00e1ster?\t\t\t\t<\/h4>\n\t\t\t<\/div>\n\t\t\t<div class=\"qe-list-content\">\n\t\t\t\t\n<p>Para acceder a los estudios propios de la Universidad de Almer\u00eda se requiere, en general, tener un t\u00edtulo oficial espa\u00f1ol o del Espacio Europeo de Educaci\u00f3n Superior que permita cursar estudios del mismo nivel. Sin embargo, tambi\u00e9n pueden acceder titulados de fuera del EEES, siempre que el Centro de Postgrado y Formaci\u00f3n Continua verifique que su formaci\u00f3n es equivalente y da acceso en su pa\u00eds a estudios del mismo nivel.<\/p>\n<br \/><a class=\"qe-faq-top\" href=\"#qe-faqs-index\"><i class=\"fa fa-angle-up\"><\/i> Back to Index<\/a>\t\t\t<\/div>\n\t\t<\/div>\n\t\t\t\t<div id=\"qaef-245\" class=\"qe-faq-list faqs\">\n\t\t\t<div class=\"qe-list-title\">\n\t\t\t\t<h4>\n\t\t\t\t\t<i class=\"fa fa-question-circle\"><\/i> \u00bfQu\u00e9 titulaci\u00f3n necesito para acceder a este m\u00e1ster?\t\t\t\t<\/h4>\n\t\t\t<\/div>\n\t\t\t<div class=\"qe-list-content\">\n\t\t\t\t\n<p>Podr\u00e1 acceder a estos estudios el alumnado que ostente un t\u00edtulo oficial de Grado o equivalente.<\/p>\n\n\n\n<p>Excepcionalmente, se permite el acceso al estudiantado que le falte menos de un 10% de los cr\u00e9ditos para finalizar los estudios de Grado, de forma condicionada a que superen dichos cr\u00e9ditos y se hallen en posesi\u00f3n del t\u00edtulo de Grado antes de la finalizaci\u00f3n del M\u00e1ster.<\/p>\n\n\n\n<p><\/p>\n<br \/><a class=\"qe-faq-top\" href=\"#qe-faqs-index\"><i class=\"fa fa-angle-up\"><\/i> Back to Index<\/a>\t\t\t<\/div>\n\t\t<\/div>\n\t\t\t\t<div id=\"qaef-244\" class=\"qe-faq-list faqs\">\n\t\t\t<div class=\"qe-list-title\">\n\t\t\t\t<h4>\n\t\t\t\t\t<i class=\"fa fa-question-circle\"><\/i> \u00bfC\u00f3mo puedo realizar la preinscripci\u00f3n y la matr\u00edcula?\t\t\t\t<\/h4>\n\t\t\t<\/div>\n\t\t\t<div class=\"qe-list-content\">\n\t\t\t\t\n<p>Tanto la preinscripci\u00f3n como la matr\u00edcula se realizan online entrando en esta p\u00e1gina de la Universidad de Almer\u00eda: <a href=\"http:\/\/fcontinua.ual.es\/index.php\/course\/detail\/147736\" target=\"_blank\" rel=\"noreferrer noopener\">fcontinua.ual.es\/index.php\/course\/detail\/147736<\/a>\u00a0<\/p>\n<br \/><a class=\"qe-faq-top\" href=\"#qe-faqs-index\"><i class=\"fa fa-angle-up\"><\/i> Back to Index<\/a>\t\t\t<\/div>\n\t\t<\/div>\n\t\t\t\t<div id=\"qaef-243\" class=\"qe-faq-list faqs\">\n\t\t\t<div class=\"qe-list-title\">\n\t\t\t\t<h4>\n\t\t\t\t\t<i class=\"fa fa-question-circle\"><\/i> \u00bfExisten becas de ayuda al estudio?\t\t\t\t<\/h4>\n\t\t\t<\/div>\n\t\t\t<div class=\"qe-list-content\">\n\t\t\t\t\n<p>S\u00ed, el Vicerrectorado de Postrado y Relaciones Internacionales de la Universidad de Almer\u00eda ofrece ayudas para Estudios de Formaci\u00f3n Continua. Estas ayudas se suelen convocar a finales del a\u00f1o acad\u00e9mico, por lo que el estudiante deber\u00e1 abonar los precios p\u00fablicos del M\u00e1ster previamente.<\/p>\n\n\n\n<p>M\u00e1s informaci\u00f3n sobre estas ayudas: <a href=\"https:\/\/www.ual.es\/estudios\/gestionesacademicas\/becas\/ayudasestudio\/informaciongeneralayudafcontinua\" target=\"_blank\" rel=\"noreferrer noopener\">www.ual.es\/estudios\/gestionesacademicas\/becas\/ayudasestudio\/informaciongeneralayudafcontinua<\/a>&nbsp;<\/p>\n<br \/><a class=\"qe-faq-top\" href=\"#qe-faqs-index\"><i class=\"fa fa-angle-up\"><\/i> Back to Index<\/a>\t\t\t<\/div>\n\t\t<\/div>\n\t\t            <\/div>\n\t\t<\/div>\n","protected":false},"excerpt":{"rendered":"","protected":false},"author":1,"featured_media":0,"parent":0,"menu_order":0,"comment_status":"closed","ping_status":"closed","template":"","meta":{"footnotes":""},"class_list":["post-238","page","type-page","status-publish","hentry"],"_links":{"self":[{"href":"https:\/\/www2.ual.es\/masterdatamat\/wp-json\/wp\/v2\/pages\/238","targetHints":{"allow":["GET"]}}],"collection":[{"href":"https:\/\/www2.ual.es\/masterdatamat\/wp-json\/wp\/v2\/pages"}],"about":[{"href":"https:\/\/www2.ual.es\/masterdatamat\/wp-json\/wp\/v2\/types\/page"}],"author":[{"embeddable":true,"href":"https:\/\/www2.ual.es\/masterdatamat\/wp-json\/wp\/v2\/users\/1"}],"replies":[{"embeddable":true,"href":"https:\/\/www2.ual.es\/masterdatamat\/wp-json\/wp\/v2\/comments?post=238"}],"version-history":[{"count":1,"href":"https:\/\/www2.ual.es\/masterdatamat\/wp-json\/wp\/v2\/pages\/238\/revisions"}],"predecessor-version":[{"id":242,"href":"https:\/\/www2.ual.es\/masterdatamat\/wp-json\/wp\/v2\/pages\/238\/revisions\/242"}],"wp:attachment":[{"href":"https:\/\/www2.ual.es\/masterdatamat\/wp-json\/wp\/v2\/media?parent=238"}],"curies":[{"name":"wp","href":"https:\/\/api.w.org\/{rel}","templated":true}]}}