{"id":42,"date":"2017-03-27T10:32:57","date_gmt":"2017-03-27T10:32:57","guid":{"rendered":"http:\/\/www2.ual.es\/geuin\/?page_id=42"},"modified":"2017-04-05T11:05:14","modified_gmt":"2017-04-05T11:05:14","slug":"localizacion","status":"publish","type":"page","link":"https:\/\/www2.ual.es\/geuin\/congreso\/localizacion\/","title":{"rendered":"Localizaci\u00f3n"},"content":{"rendered":"<h5><strong>La Asamblea se\u00a0celebrar\u00e1 en:<\/strong><\/h5>\n<h2 class=\"r\"><em>Museo Mar\u00edtimo R\u00eda de Bilbao<\/em> \/ <span lang=\"eu\" xml:lang=\"eu\"><i>Bilboko Itsasadarra Itsas Museoa<\/i><\/span><\/h2>\n<h3>Ram\u00f3n de la Sota Kaia, 1, 48011 Bilbao, Bizkaia<\/h3>\n<h5><a href=\"http:\/\/www.museomaritimobilbao.eus\/mmrb\/Web\/home\/index.asp?cod=23bde694-9b2f-45fb-a73d-36f047b06e13\">Web<\/a><\/h5>\n<p><center><br \/>\n<iframe loading=\"lazy\" style=\"border: 0;\" src=\"https:\/\/www.google.com\/maps\/embed?pb=!1m14!1m8!1m3!1d11621.154652725849!2d-2.946203!3d43.266328!3m2!1i1024!2i768!4f13.1!3m3!1m2!1s0x0%3A0x2159b591e59b5ab6!2sMuseo+Mar%C3%ADtimo+R%C3%ADa+de+Bilbao!5e0!3m2!1ses!2ses!4v1491389892581\" width=\"600\" height=\"450\" frameborder=\"0\" allowfullscreen=\"allowfullscreen\"><\/iframe><\/center><\/p>\n","protected":false},"excerpt":{"rendered":"<p>La Asamblea se\u00a0celebrar\u00e1 en: Museo Mar\u00edtimo R\u00eda de Bilbao \/ Bilboko Itsasadarra Itsas Museoa Ram\u00f3n de la Sota Kaia, 1, 48011 Bilbao, Bizkaia Web<\/p>\n","protected":false},"author":1,"featured_media":0,"parent":34,"menu_order":4,"comment_status":"closed","ping_status":"closed","template":"","meta":{"footnotes":""},"class_list":["post-42","page","type-page","status-publish","hentry"],"_links":{"self":[{"href":"https:\/\/www2.ual.es\/geuin\/wp-json\/wp\/v2\/pages\/42"}],"collection":[{"href":"https:\/\/www2.ual.es\/geuin\/wp-json\/wp\/v2\/pages"}],"about":[{"href":"https:\/\/www2.ual.es\/geuin\/wp-json\/wp\/v2\/types\/page"}],"author":[{"embeddable":true,"href":"https:\/\/www2.ual.es\/geuin\/wp-json\/wp\/v2\/users\/1"}],"replies":[{"embeddable":true,"href":"https:\/\/www2.ual.es\/geuin\/wp-json\/wp\/v2\/comments?post=42"}],"version-history":[{"count":10,"href":"https:\/\/www2.ual.es\/geuin\/wp-json\/wp\/v2\/pages\/42\/revisions"}],"predecessor-version":[{"id":177,"href":"https:\/\/www2.ual.es\/geuin\/wp-json\/wp\/v2\/pages\/42\/revisions\/177"}],"up":[{"embeddable":true,"href":"https:\/\/www2.ual.es\/geuin\/wp-json\/wp\/v2\/pages\/34"}],"wp:attachment":[{"href":"https:\/\/www2.ual.es\/geuin\/wp-json\/wp\/v2\/media?parent=42"}],"curies":[{"name":"wp","href":"https:\/\/api.w.org\/{rel}","templated":true}]}}