{"id":40,"date":"2017-03-27T10:30:20","date_gmt":"2017-03-27T10:30:20","guid":{"rendered":"http:\/\/www2.ual.es\/geuin\/?page_id=40"},"modified":"2017-03-29T08:46:38","modified_gmt":"2017-03-29T08:46:38","slug":"comunicaciones","status":"publish","type":"page","link":"https:\/\/www2.ual.es\/geuin\/congreso\/comunicaciones\/","title":{"rendered":"Comunicaciones"},"content":{"rendered":"<p>El plazo de recepci\u00f3n de comunicaciones est\u00e1 abierto <strong>hasta el d\u00eda\u00a07 de mayo<\/strong>.<\/p>\n<p>Las <strong>instrucciones<\/strong> para la presentaci\u00f3n de comunicaciones son las siguientes:<\/p>\n<ul>\n<li>Los autores deber\u00e1n elaborar un resumen informativo, cuya extensi\u00f3n m\u00e1xima ser\u00e1 de 300 palabras.<\/li>\n<li>El resumen debe incluir los datos de autor\u00eda del mismo para que la organizaci\u00f3n pueda comunicarse con ellos.<\/li>\n<li>La presentaci\u00f3n de la comunicaci\u00f3n tendr\u00e1 una duraci\u00f3n m\u00e1xima de 15 minutos.<\/li>\n<li>Los res\u00famenes se enviar\u00e1n por correo electr\u00f3nico a la direcci\u00f3n <a href=\"mailto:Geuin17@ual.es\">Geuin17@ual.es<\/a> indicando en el asunto \u201cPropuesta de comunicaci\u00f3n para la XV Asamblea de GEUIN\u201d.<\/li>\n<\/ul>\n<p><strong>El\u00a0viernes 12\u00a0de mayo se informar\u00e1 a los autores de la aceptaci\u00f3n de la comunicaci\u00f3n.<\/strong><\/p>\n","protected":false},"excerpt":{"rendered":"<p>El plazo de recepci\u00f3n de comunicaciones est\u00e1 abierto hasta el d\u00eda\u00a07 de mayo. Las instrucciones para la presentaci\u00f3n de comunicaciones son las siguientes: Los autores deber\u00e1n elaborar un resumen informativo, cuya extensi\u00f3n m\u00e1xima ser\u00e1 de 300 palabras. El resumen debe incluir los datos de autor\u00eda del mismo para que la organizaci\u00f3n pueda comunicarse con ellos.&hellip;<\/p>\n","protected":false},"author":1,"featured_media":0,"parent":34,"menu_order":3,"comment_status":"closed","ping_status":"closed","template":"","meta":{"footnotes":""},"class_list":["post-40","page","type-page","status-publish","hentry"],"_links":{"self":[{"href":"https:\/\/www2.ual.es\/geuin\/wp-json\/wp\/v2\/pages\/40"}],"collection":[{"href":"https:\/\/www2.ual.es\/geuin\/wp-json\/wp\/v2\/pages"}],"about":[{"href":"https:\/\/www2.ual.es\/geuin\/wp-json\/wp\/v2\/types\/page"}],"author":[{"embeddable":true,"href":"https:\/\/www2.ual.es\/geuin\/wp-json\/wp\/v2\/users\/1"}],"replies":[{"embeddable":true,"href":"https:\/\/www2.ual.es\/geuin\/wp-json\/wp\/v2\/comments?post=40"}],"version-history":[{"count":9,"href":"https:\/\/www2.ual.es\/geuin\/wp-json\/wp\/v2\/pages\/40\/revisions"}],"predecessor-version":[{"id":119,"href":"https:\/\/www2.ual.es\/geuin\/wp-json\/wp\/v2\/pages\/40\/revisions\/119"}],"up":[{"embeddable":true,"href":"https:\/\/www2.ual.es\/geuin\/wp-json\/wp\/v2\/pages\/34"}],"wp:attachment":[{"href":"https:\/\/www2.ual.es\/geuin\/wp-json\/wp\/v2\/media?parent=40"}],"curies":[{"name":"wp","href":"https:\/\/api.w.org\/{rel}","templated":true}]}}