{"id":38,"date":"2017-03-27T10:29:54","date_gmt":"2017-03-27T10:29:54","guid":{"rendered":"http:\/\/www2.ual.es\/geuin\/?page_id=38"},"modified":"2017-03-28T13:26:49","modified_gmt":"2017-03-28T13:26:49","slug":"comite","status":"publish","type":"page","link":"https:\/\/www2.ual.es\/geuin\/congreso\/comite\/","title":{"rendered":"Comit\u00e9s"},"content":{"rendered":"<p><strong>Comit\u00e9 Cient\u00edfico:<\/strong><\/p>\n<ul>\n<li>Joan Espina De La Portilla (Universitat de les Illes Balears \/ Universidad de las Islas Baleares)<\/li>\n<li>Encarna Fuentes Melero (Universidad de Almer\u00eda)<\/li>\n<li>Carmen Sojo Cirion (Bizkaiko Foru Liburutegia \/ Biblioteca Foral de Bizkaia)<\/li>\n<\/ul>\n<p><strong>Comit\u00e9 Organizador:<\/strong><\/p>\n<ul>\n<li>Joan Espina De La Portilla (Universitat de les Illes Balears \/ Universidad de las Islas Baleares)<\/li>\n<li>Juan Lorenzo Garc\u00eda S\u00e1nchez (Bizkaiko Foru Liburutegia \/ Biblioteca Foral de Bizkaia)<\/li>\n<li>Maria del Carmen P\u00e9rez Agudo (Universidad de Almer\u00eda)<\/li>\n<li>Juan Luis S\u00e1nchez Mart\u00edn (Universidad de Almer\u00eda)<\/li>\n<li>Carmen Sojo Cirion (Bizkaiko Foru Liburutegia \/ Biblioteca Foral de Bizkaia)<\/li>\n<\/ul>\n<p><strong>Colaboradores:<\/strong><\/p>\n<ul>\n<li>Antonio Salmer\u00f3n Gil\u00a0(Universidad de Almer\u00eda)<\/li>\n<\/ul>\n","protected":false},"excerpt":{"rendered":"<p>Comit\u00e9 Cient\u00edfico: Joan Espina De La Portilla (Universitat de les Illes Balears \/ Universidad de las Islas Baleares) Encarna Fuentes Melero (Universidad de Almer\u00eda) Carmen Sojo Cirion (Bizkaiko Foru Liburutegia \/ Biblioteca Foral de Bizkaia) Comit\u00e9 Organizador: Joan Espina De La Portilla (Universitat de les Illes Balears \/ Universidad de las Islas Baleares) Juan Lorenzo&hellip;<\/p>\n","protected":false},"author":1,"featured_media":0,"parent":34,"menu_order":2,"comment_status":"closed","ping_status":"closed","template":"","meta":{"footnotes":""},"class_list":["post-38","page","type-page","status-publish","hentry"],"_links":{"self":[{"href":"https:\/\/www2.ual.es\/geuin\/wp-json\/wp\/v2\/pages\/38"}],"collection":[{"href":"https:\/\/www2.ual.es\/geuin\/wp-json\/wp\/v2\/pages"}],"about":[{"href":"https:\/\/www2.ual.es\/geuin\/wp-json\/wp\/v2\/types\/page"}],"author":[{"embeddable":true,"href":"https:\/\/www2.ual.es\/geuin\/wp-json\/wp\/v2\/users\/1"}],"replies":[{"embeddable":true,"href":"https:\/\/www2.ual.es\/geuin\/wp-json\/wp\/v2\/comments?post=38"}],"version-history":[{"count":6,"href":"https:\/\/www2.ual.es\/geuin\/wp-json\/wp\/v2\/pages\/38\/revisions"}],"predecessor-version":[{"id":106,"href":"https:\/\/www2.ual.es\/geuin\/wp-json\/wp\/v2\/pages\/38\/revisions\/106"}],"up":[{"embeddable":true,"href":"https:\/\/www2.ual.es\/geuin\/wp-json\/wp\/v2\/pages\/34"}],"wp:attachment":[{"href":"https:\/\/www2.ual.es\/geuin\/wp-json\/wp\/v2\/media?parent=38"}],"curies":[{"name":"wp","href":"https:\/\/api.w.org\/{rel}","templated":true}]}}