{"id":36,"date":"2017-03-27T10:29:32","date_gmt":"2017-03-27T10:29:32","guid":{"rendered":"http:\/\/www2.ual.es\/geuin\/?page_id=36"},"modified":"2017-09-01T12:16:36","modified_gmt":"2017-09-01T12:16:36","slug":"programa","status":"publish","type":"page","link":"https:\/\/www2.ual.es\/geuin\/congreso\/programa\/","title":{"rendered":"Programa"},"content":{"rendered":"<h5 style=\"text-align: center;\"><strong>\u00a0<span style=\"color: #800080;\"><a style=\"color: #800080;\" href=\"http:\/\/www2.ual.es\/geuin\/wp-content\/uploads\/2017\/05\/Programa.pdf\" target=\"_blank\" rel=\"noopener noreferrer\">Descargar programa en PDF<\/a><\/span><\/strong><\/h5>\n<h2>Programa XV Asamblea GEUIN<\/h2>\n<p><span style=\"color: #993300;\"><strong>JUEVES, 1 DE JUNIO \/ OSTEGUNA, EKAINAREN 1ean<\/strong><\/span><\/p>\n<p><span style=\"color: #800080;\"><strong>9:00 \u2013 9:30 h<\/strong>.<\/span> Recepci\u00f3n de los participantes y entrega de la documentaci\u00f3n<\/p>\n<p><span style=\"color: #800080;\"><strong>9:30 \u2013 10:00 h. <\/strong><\/span>Acto de apertura<\/p>\n<p style=\"padding-left: 30px;\"><strong><em>Andoni Iturbe Amorebieta<\/em><\/strong>, Director General de Cultura, Diputaci\u00f3n Foral de Bizkaia<\/p>\n<p style=\"padding-left: 30px;\"><strong><em>Zuri\u00f1e Anto\u00f1ana Ozaeta<\/em><\/strong>, Jefa del Servicio de Patrimonio Cultural, Diputaci\u00f3n Foral de Bizkaia<\/p>\n<p style=\"padding-left: 30px;\"><strong><em>Encarna Fuentes Melero<\/em><\/strong>, Directora de la Biblioteca, Universidad de Almer\u00eda. Presidenta de GEUIN<\/p>\n<p style=\"padding-left: 30px;\"><strong><em>Carmen Sojo Cirion<\/em><\/strong>, Prozesu Teknikoen Arloa \/ \u00c1rea de Proceso T\u00e9cnico. Bizkaiko Foru Liburutegia \/ Biblioteca Foral de Bizkaia. Vicepresidenta GEUIN<\/p>\n<p><span style=\"color: #800080;\"><strong>10:00 \u2013 10:30 h<\/strong><\/span>. Visi\u00f3n estrat\u00e9gica de Innovative. <span style=\"color: #ff0000;\">PDF<\/span><\/p>\n<p style=\"padding-left: 30px;\"><strong><em>Jim Tallman<\/em><\/strong>, CEO Innovative<\/p>\n<p><span style=\"color: #800080;\"><strong>10:30 \u2013 11:00 h<\/strong>.<\/span> Pausa y caf\u00e9 patrocinado por SERDOC<\/p>\n<p><span style=\"color: #800080;\"><strong>11:00 \u2013 12:00 h. <\/strong><\/span>Novedades sobre nuestros productos Innovative<\/p>\n<p style=\"padding-left: 30px;\"><strong><em>Caroline Devue<\/em><\/strong><em>, <\/em>Sales Engineer<\/p>\n<p><span style=\"color: #800080;\"><strong>\u00a0<\/strong><strong>12:00 \u2013 12:30 h<\/strong>.<\/span> Servicio de atenci\u00f3n al cliente y Servicios profesionales Innovative. <span style=\"color: #ff0000;\">PDF1<\/span>. <span style=\"color: #ff0000;\">PDF2<\/span><\/p>\n<p style=\"padding-left: 30px;\"><strong><em>Charo Diez, <\/em><\/strong>Senior Manager, Customer Support<\/p>\n<p style=\"padding-left: 30px;\"><strong><em>S\u00edlvia Guivernau, <\/em><\/strong>Customer Success Manager EMEA<\/p>\n<p><span style=\"color: #800080;\"><strong>12:30 \u2013 12:45 h<\/strong>.<\/span> Turno de preguntas<\/p>\n<p><strong><span style=\"color: #800080;\">12:45 \u2013 13:00 h.<\/span> <\/strong>Servicio de Autopr\u00e9stamo de port\u00e1tiles en la Biblioteca de la Universidad de Almer\u00eda. <span style=\"color: #ff0000;\"><a style=\"color: #ff0000;\" href=\"http:\/\/www2.ual.es\/geuin\/wp-content\/uploads\/2017\/06\/Autoprestamo-de-portatiles-BUAL.pdf\" target=\"_blank\" rel=\"noopener noreferrer\">PDF<\/a>. <a style=\"color: #ff0000;\" href=\"https:\/\/drive.google.com\/file\/d\/0B7MoIRfC8aUBUS1TSnI3SjdDZ2c\/view?usp=sharing\" target=\"_blank\" rel=\"noopener noreferrer\">V\u00eddeo<\/a><\/span><\/p>\n<p style=\"padding-left: 30px;\"><strong><em>Antonio Manuel P\u00e9rez Coria<\/em><\/strong>, Director General, SERDOC<\/p>\n<p style=\"padding-left: 30px;\"><strong><em>Juan Luis S\u00e1nchez Mart\u00edn<\/em><\/strong>, Administrador de Tecnolog\u00eda y Sistema, Biblioteca Universitaria de Almer\u00eda<\/p>\n<p><span style=\"color: #800080;\"><strong>13:00 \u2013 13:20 h<\/strong>.<\/span> Novedades y posibilidades del Descubridor EDS\u201d\/ \u201cAPI GOBI para libros<\/p>\n<p style=\"padding-left: 30px;\"><strong><em>Carlos Campa, <\/em><\/strong>Regional Manager, EBSCO Information Services<\/p>\n<p style=\"padding-left: 30px;\"><strong><em>Enrique Casany<\/em>, <\/strong>Regional Manager, EBSCO Information Services<\/p>\n<p><span style=\"color: #800080;\"><strong>14:30 h<\/strong>.<\/span> Almuerzo patrocinado por EBSCO e IDCARE<\/p>\n<p><span style=\"color: #800080;\"><strong>16:30 &#8211; 16:45 h<\/strong>.<\/span> Cloud Library y su integraci\u00f3n con Innovative<\/p>\n<p style=\"padding-left: 30px;\"><strong><em>Marco Gerritsen, <\/em><\/strong>BIBLIOTHECA+3M<\/p>\n<p style=\"padding-left: 30px;\"><strong><em>Jos\u00e9 A. Asensi<\/em><\/strong><em>, <\/em>IDCARE<\/p>\n<p><span style=\"color: #800080;\"><strong>16:45 &#8211; 19:00 h<\/strong><\/span>. Mesa redonda: Panorama actual de los Sistemas Integrados de Gesti\u00f3n de Bibliotecas: perspectivas de futuro<\/p>\n<p><em>Moderadora<\/em>: <strong><em>Encarna Fuentes Melero, <\/em><\/strong>Directora de la Biblioteca, Universidad de Almer\u00eda. Presidenta de GEUIN<\/p>\n<p><em>Ponentes:<\/em><\/p>\n<ul>\n<li><b><em><strong>Eugenio Tard\u00f3n<\/strong><\/em>, <\/b>Subdirector de Tecnolog\u00eda e Innovaci\u00f3n Bibliotecaria (Universidad Complutense de Madrid)<b> <\/b><\/li>\n<li><em><strong>Marta Mat\u00edas Rodr\u00edguez<\/strong><\/em>, Responsable Unidad de Automatizaci\u00f3n (Universidad de Le\u00f3n)<\/li>\n<li><strong><em>Francesc March Mir<\/em>, <\/strong>Projectes i Aplicacions, \u00c1rea de Tecnologia (Universitat Oberta de Catalunya)<\/li>\n<li><em><strong>Jim Tallman<\/strong><\/em>, CEO Innovative<\/li>\n<\/ul>\n<p><span style=\"color: #800080;\"><strong>21:00 h<\/strong><em>. <\/em><\/span>Cena patrocinada por Innovative<\/p>\n<p style=\"padding-left: 30px;\">Restaurante <strong>ATEA <\/strong>Uribitarte Pasealekua, 4, 48001 Bilbo, Bizkaia,<\/p>\n<p><strong>\u00a0<\/strong><\/p>\n<p><span style=\"color: #993300;\"><strong>VIERNES, 2 DE JUNIO \/ OSTIRALA, EKAINAREN 2AN<\/strong><\/span><\/p>\n<p><span style=\"color: #800080;\"><strong>10:00 &#8211; 10.15 h.<\/strong><\/span> La personalizaci\u00f3n de Encore de la Biblioteca de la Universidad Europea de Madrid (Videoconferencia). <span style=\"color: #ff0000;\"><a style=\"color: #ff0000;\" href=\"http:\/\/www2.ual.es\/geuin\/wp-content\/uploads\/2017\/06\/Personalizacion-Encore.pdf\" target=\"_blank\" rel=\"noopener noreferrer\">PDF<\/a><\/span><\/p>\n<p style=\"padding-left: 30px;\"><strong><em>Antonio Alonso Espadas<\/em>, <\/strong>\u00c1rea de Gesti\u00f3n y Tratamiento de la Informaci\u00f3n, Biblioteca CRAI Dulce Chac\u00f3n, Universidad Europea de Madrid<\/p>\n<p><span style=\"color: #800080;\"><strong>10:15 \u2013 10:30 h<\/strong>.<\/span> XeBook\u00ae, interoperabilidad y servicios integrales<\/p>\n<p style=\"padding-left: 30px;\"><strong><em>Miguel A. Calvo L\u00e1zaro<\/em>, <\/strong>Chief Executive Officer, XERCODE<\/p>\n<p><span style=\"color: #800080;\"><strong>10:30: 11:00<\/strong> <strong>h. <\/strong><\/span>Pausa y caf\u00e9 patrocinado por XERCODE<\/p>\n<p><span style=\"color: #800080;\"><strong>11:00 h.<\/strong> <\/span>Asamblea general de GEUIN<\/p>\n<p><span style=\"color: #800080;\"><strong>13:00 h. <\/strong><\/span>Clausura<\/p>\n<p>&nbsp;<\/p>\n","protected":false},"excerpt":{"rendered":"<p>\u00a0Descargar programa en PDF Programa XV Asamblea GEUIN JUEVES, 1 DE JUNIO \/ OSTEGUNA, EKAINAREN 1ean 9:00 \u2013 9:30 h. Recepci\u00f3n de los participantes y entrega de la documentaci\u00f3n 9:30 \u2013 10:00 h. Acto de apertura Andoni Iturbe Amorebieta, Director General de Cultura, Diputaci\u00f3n Foral de Bizkaia Zuri\u00f1e Anto\u00f1ana Ozaeta, Jefa del Servicio de Patrimonio&hellip;<\/p>\n","protected":false},"author":1,"featured_media":0,"parent":34,"menu_order":1,"comment_status":"closed","ping_status":"closed","template":"","meta":{"footnotes":""},"class_list":["post-36","page","type-page","status-publish","hentry"],"_links":{"self":[{"href":"https:\/\/www2.ual.es\/geuin\/wp-json\/wp\/v2\/pages\/36"}],"collection":[{"href":"https:\/\/www2.ual.es\/geuin\/wp-json\/wp\/v2\/pages"}],"about":[{"href":"https:\/\/www2.ual.es\/geuin\/wp-json\/wp\/v2\/types\/page"}],"author":[{"embeddable":true,"href":"https:\/\/www2.ual.es\/geuin\/wp-json\/wp\/v2\/users\/1"}],"replies":[{"embeddable":true,"href":"https:\/\/www2.ual.es\/geuin\/wp-json\/wp\/v2\/comments?post=36"}],"version-history":[{"count":28,"href":"https:\/\/www2.ual.es\/geuin\/wp-json\/wp\/v2\/pages\/36\/revisions"}],"predecessor-version":[{"id":405,"href":"https:\/\/www2.ual.es\/geuin\/wp-json\/wp\/v2\/pages\/36\/revisions\/405"}],"up":[{"embeddable":true,"href":"https:\/\/www2.ual.es\/geuin\/wp-json\/wp\/v2\/pages\/34"}],"wp:attachment":[{"href":"https:\/\/www2.ual.es\/geuin\/wp-json\/wp\/v2\/media?parent=36"}],"curies":[{"name":"wp","href":"https:\/\/api.w.org\/{rel}","templated":true}]}}