{"id":36,"date":"2016-01-27T08:44:29","date_gmt":"2016-01-27T08:44:29","guid":{"rendered":"http:\/\/www2.ual.es\/enerpro\/?page_id=36"},"modified":"2019-03-27T19:30:41","modified_gmt":"2019-03-27T19:30:41","slug":"staff","status":"publish","type":"page","link":"https:\/\/www2.ual.es\/enerpro\/staff\/","title":{"rendered":"RESEARCHERS"},"content":{"rendered":"<h2>UAL\u00a0Subproject<\/h2>\n<hr \/>\n<h2><\/h2>\n<div id='gallery-1' class='gallery galleryid-36 gallery-columns-2 gallery-size-large'><figure class='gallery-item'>\n\t\t\t<div class='gallery-icon landscape'>\n\t\t\t\t<img loading=\"lazy\" decoding=\"async\" width=\"640\" height=\"206\" src=\"https:\/\/www2.ual.es\/enerpro\/wp-content\/uploads\/2016\/01\/tabla1-2-e1553714172272.png\" class=\"attachment-large size-large\" alt=\"\" \/>\n\t\t\t<\/div><\/figure><figure class='gallery-item'>\n\t\t\t<div class='gallery-icon landscape'>\n\t\t\t\t<img loading=\"lazy\" decoding=\"async\" width=\"640\" height=\"273\" src=\"https:\/\/www2.ual.es\/enerpro\/wp-content\/uploads\/2019\/03\/WT_UAL-3-e1553713468769.png\" class=\"attachment-large size-large\" alt=\"\" \/>\n\t\t\t<\/div><\/figure>\n\t\t<\/div>\n\n<p><img loading=\"lazy\" decoding=\"async\" class=\"aligncenter wp-image-321\" src=\"http:\/\/www2.ual.es\/enerpro\/wp-content\/uploads\/2016\/01\/tabla3.png\" alt=\"tabla3\" width=\"500\" height=\"107\" srcset=\"https:\/\/www2.ual.es\/enerpro\/wp-content\/uploads\/2016\/01\/tabla3.png 926w, https:\/\/www2.ual.es\/enerpro\/wp-content\/uploads\/2016\/01\/tabla3-300x64.png 300w, https:\/\/www2.ual.es\/enerpro\/wp-content\/uploads\/2016\/01\/tabla3-768x164.png 768w\" sizes=\"auto, (max-width: 500px) 100vw, 500px\" \/><\/p>\n<h2>CIEMAT-PSA\u00a0Subproject<\/h2>\n<hr \/>\n<div id='gallery-2' class='gallery galleryid-36 gallery-columns-2 gallery-size-large'><figure class='gallery-item'>\n\t\t\t<div class='gallery-icon landscape'>\n\t\t\t\t<img loading=\"lazy\" decoding=\"async\" width=\"640\" height=\"206\" src=\"https:\/\/www2.ual.es\/enerpro\/wp-content\/uploads\/2016\/01\/TABLA3-e1553714229956.png\" class=\"attachment-large size-large\" alt=\"\" \/>\n\t\t\t<\/div><\/figure><figure class='gallery-item'>\n\t\t\t<div class='gallery-icon landscape'>\n\t\t\t\t<img loading=\"lazy\" decoding=\"async\" width=\"568\" height=\"256\" src=\"https:\/\/www2.ual.es\/enerpro\/wp-content\/uploads\/2019\/03\/WT_PSA-1-e1553714073434.png\" class=\"attachment-large size-large\" alt=\"\" srcset=\"https:\/\/www2.ual.es\/enerpro\/wp-content\/uploads\/2019\/03\/WT_PSA-1-e1553714073434.png 568w, https:\/\/www2.ual.es\/enerpro\/wp-content\/uploads\/2019\/03\/WT_PSA-1-e1553714073434-300x135.png 300w\" sizes=\"auto, (max-width: 568px) 100vw, 568px\" \/>\n\t\t\t<\/div><\/figure>\n\t\t<\/div>\n\n<h2>Collaborators<\/h2>\n<hr \/>\n<div id='gallery-3' class='gallery galleryid-36 gallery-columns-2 gallery-size-large'><figure class='gallery-item'>\n\t\t\t<div class='gallery-icon landscape'>\n\t\t\t\t<a href='https:\/\/www2.ual.es\/enerpro\/staff\/ual_c-2\/'><img loading=\"lazy\" decoding=\"async\" width=\"484\" height=\"175\" src=\"https:\/\/www2.ual.es\/enerpro\/wp-content\/uploads\/2019\/03\/UAl_c-1-e1553714528828.png\" class=\"attachment-large size-large\" alt=\"\" srcset=\"https:\/\/www2.ual.es\/enerpro\/wp-content\/uploads\/2019\/03\/UAl_c-1-e1553714528828.png 484w, https:\/\/www2.ual.es\/enerpro\/wp-content\/uploads\/2019\/03\/UAl_c-1-e1553714528828-300x108.png 300w, https:\/\/www2.ual.es\/enerpro\/wp-content\/uploads\/2019\/03\/UAl_c-1-e1553714528828-480x175.png 480w\" sizes=\"auto, (max-width: 484px) 100vw, 484px\" \/><\/a>\n\t\t\t<\/div><\/figure><figure class='gallery-item'>\n\t\t\t<div class='gallery-icon landscape'>\n\t\t\t\t<a href='https:\/\/www2.ual.es\/enerpro\/staff\/psa_c-2\/'><img loading=\"lazy\" decoding=\"async\" width=\"511\" height=\"134\" src=\"https:\/\/www2.ual.es\/enerpro\/wp-content\/uploads\/2019\/03\/PSA_c-1-e1553714791608.png\" class=\"attachment-large size-large\" alt=\"\" srcset=\"https:\/\/www2.ual.es\/enerpro\/wp-content\/uploads\/2019\/03\/PSA_c-1-e1553714791608.png 511w, https:\/\/www2.ual.es\/enerpro\/wp-content\/uploads\/2019\/03\/PSA_c-1-e1553714791608-300x79.png 300w\" sizes=\"auto, (max-width: 511px) 100vw, 511px\" \/><\/a>\n\t\t\t<\/div><\/figure>\n\t\t<\/div>\n\n<h3>Affiliations<\/h3>\n<hr \/>\n<p>*Automatic, Robotics and Mechatronics &#8211; University of Almer\u00eda<\/p>\n<p>**Departamento de Automa\u00e7\u00e3o \u00a0e Sistemas &#8211; Universidade Federal de Santa Catalina<\/p>\n<p>***CIEMAT &#8211; Plataforma Solar de Almer\u00eda<\/p>\n<p>**** Biotechnology of Marine Microalgae &#8211; University of Almer\u00eda<\/p>\n","protected":false},"excerpt":{"rendered":"<p>UAL\u00a0Subproject CIEMAT-PSA\u00a0Subproject Collaborators Affiliations *Automatic, Robotics and Mechatronics &#8211; University of Almer\u00eda **Departamento de Automa\u00e7\u00e3o \u00a0e Sistemas &#8211; Universidade Federal de Santa Catalina ***CIEMAT &#8211; Plataforma Solar de Almer\u00eda **** Biotechnology of Marine Microalgae &#8211; University of Almer\u00eda<\/p>\n","protected":false},"author":2,"featured_media":0,"parent":0,"menu_order":0,"comment_status":"closed","ping_status":"closed","template":"template-fullwidth.php","meta":{"footnotes":""},"class_list":["post-36","page","type-page","status-publish","hentry"],"_links":{"self":[{"href":"https:\/\/www2.ual.es\/enerpro\/wp-json\/wp\/v2\/pages\/36","targetHints":{"allow":["GET"]}}],"collection":[{"href":"https:\/\/www2.ual.es\/enerpro\/wp-json\/wp\/v2\/pages"}],"about":[{"href":"https:\/\/www2.ual.es\/enerpro\/wp-json\/wp\/v2\/types\/page"}],"author":[{"embeddable":true,"href":"https:\/\/www2.ual.es\/enerpro\/wp-json\/wp\/v2\/users\/2"}],"replies":[{"embeddable":true,"href":"https:\/\/www2.ual.es\/enerpro\/wp-json\/wp\/v2\/comments?post=36"}],"version-history":[{"count":148,"href":"https:\/\/www2.ual.es\/enerpro\/wp-json\/wp\/v2\/pages\/36\/revisions"}],"predecessor-version":[{"id":597,"href":"https:\/\/www2.ual.es\/enerpro\/wp-json\/wp\/v2\/pages\/36\/revisions\/597"}],"wp:attachment":[{"href":"https:\/\/www2.ual.es\/enerpro\/wp-json\/wp\/v2\/media?parent=36"}],"curies":[{"name":"wp","href":"https:\/\/api.w.org\/{rel}","templated":true}]}}