{"id":74,"date":"2022-04-02T06:22:48","date_gmt":"2022-04-02T04:22:48","guid":{"rendered":"http:\/\/localhost\/wordpress\/services\/"},"modified":"2024-11-21T21:22:29","modified_gmt":"2024-11-21T20:22:29","slug":"noticias","status":"publish","type":"page","link":"https:\/\/www2.ual.es\/advice\/noticias\/","title":{"rendered":"Noticias"},"content":{"rendered":"\t\t<div data-elementor-type=\"wp-page\" data-elementor-id=\"74\" class=\"elementor elementor-74\" data-elementor-post-type=\"page\">\n\t\t\t\t\t\t<section class=\"elementor-section elementor-top-section elementor-element elementor-element-d8d0c51 elementor-section-boxed elementor-section-height-default elementor-section-height-default\" data-id=\"d8d0c51\" data-element_type=\"section\" data-e-type=\"section\">\n\t\t\t\t\t\t<div class=\"elementor-container elementor-column-gap-default\">\n\t\t\t\t\t<div class=\"elementor-column elementor-col-100 elementor-top-column elementor-element elementor-element-f2a093e\" data-id=\"f2a093e\" data-element_type=\"column\" data-e-type=\"column\">\n\t\t\t<div class=\"elementor-widget-wrap elementor-element-populated\">\n\t\t\t\t\t\t<div class=\"elementor-element elementor-element-96f80a6 elementor-alert-info elementor-widget elementor-widget-alert\" data-id=\"96f80a6\" data-element_type=\"widget\" data-e-type=\"widget\" data-widget_type=\"alert.default\">\n\t\t\t\t<div class=\"elementor-widget-container\">\n\t\t\t\t\t\t\t<div class=\"elementor-alert\" role=\"alert\">\n\n\t\t\t\t\t\t<span class=\"elementor-alert-title\">\u00a1VOLVEMOS!<\/span>\n\t\t\t\n\t\t\t\t\t\t<span class=\"elementor-alert-description\">\u00a1Hemos vuelto! No te lo pierdas todas las novedades. <\/span>\n\t\t\t\n\t\t\t\t\t\t<button type=\"button\" class=\"elementor-alert-dismiss\" aria-label=\"Descartar esta alerta.\">\n\t\t\t\t<i aria-hidden=\"true\" class=\"far fa-bell\"><\/i>\t\t\t<\/button>\n\t\t\t\n\t\t<\/div>\n\t\t\t\t\t\t<\/div>\n\t\t\t\t<\/div>\n\t\t\t\t<div class=\"elementor-element elementor-element-7ba4002 elementor-widget elementor-widget-text-editor\" data-id=\"7ba4002\" data-element_type=\"widget\" data-e-type=\"widget\" data-widget_type=\"text-editor.default\">\n\t\t\t\t<div class=\"elementor-widget-container\">\n\t\t\t\t\t\t\t\t\t<p>                    <!-- print_verticalScroll_func -->\n                        \n                             <div id=\"news-container_8695\" class=\"news-container\" style=\"max-width: 100%;visibility: hidden\">\n                                    <ul>\n                                                                                        <li>\n                                                            <div style=\"padding:10px\">\n                                                                    <div class=\"newsscroller_title\">\n                                                                                                                                                <a href='https:\/\/www2.ual.es\/advice\/noticias-advice-transfiere\/'>\n                                                                                                                                                                                                                                                                 Advice en UAL transfierE 2023                                                                    <\/a>\n                                                                <\/div>\n                                                                    <div style=\"clear:both\"><\/div>\n                                                                                                                                <div class=\"scrollercontent\">\n                                                                                    El equipo de ADVICE participa con sus programas educativos en UAL transfierE 2023: Abla, afluente de conocimiento: Abla Viva                                                                            <\/div>\n                                                           \n                                                            <\/div>\n                                                             <div style=\"clear:both\"><\/div>\n                                                    <\/li>\n                                                                                                <li>\n                                                            <div style=\"padding:10px\">\n                                                                    <div class=\"newsscroller_title\">\n                                                                                                                                                <a href='https:\/\/www.msard-journal.com\/article\/S2211-0348(24)00271-2\/pdf'>\n                                                                                                                                                                                                                                                                 El equipo ADVICE encuentran asimetr&iacute;as de fuerza entre las piernas en hombres y mujeres con esclerosis m&uacute;ltiple                                                                    <\/a>\n                                                                <\/div>\n                                                                    <div style=\"clear:both\"><\/div>\n                                                                                                                                <div class=\"scrollercontent\">\n                                                                                    El equipo ADVICE encuentran asimetr\u00edas de fuerza entre las piernas en hombres y mujeres con esclerosis m\u00faltiple destacan la necesidad de enfoques de ejercicio espec\u00edficos para mejorar la capacidad funcional, observ\u00e1ndose diferencias solo en la fuerza m\u00e1xima entre sexos y no en la capacidad funcional.                                                                            <\/div>\n                                                           \n                                                            <\/div>\n                                                             <div style=\"clear:both\"><\/div>\n                                                    <\/li>\n                                                                                                <li>\n                                                            <div style=\"padding:10px\">\n                                                                    <div class=\"newsscroller_title\">\n                                                                                                                                                <a href='https:\/\/bmjopensem.bmj.com\/content\/9\/4\/e001797'>\n                                                                                                                                                                                                                                                                 El equipo ADVICE\/EMMA desarrolla un protocolo innovador                                                                    <\/a>\n                                                                <\/div>\n                                                                    <div style=\"clear:both\"><\/div>\n                                                                                                                                <div class=\"scrollercontent\">\n                                                                                    El equipo ADVICE\/EMMA desarrolla un protocolo innovador para analizar c\u00f3mo las fases del ciclo menstrual influyen en la respuesta al ejercicio f\u00edsico en mujeres con esclerosis m\u00faltiple, destacando el impacto potencial del entrenamiento de fuerza y el HIIT en la salud y satisfacci\u00f3n hacia la pr\u00e1ctica de actividad f\u00edsica.                                                                            <\/div>\n                                                           \n                                                            <\/div>\n                                                             <div style=\"clear:both\"><\/div>\n                                                    <\/li>\n                                                                                                <li>\n                                                            <div style=\"padding:10px\">\n                                                                    <div class=\"newsscroller_title\">\n                                                                                                                                                <a href='https:\/\/www.youtube.com\/watch?v=6293BN0ah0A'>\n                                                                                                                                                                                                                                                                 Sesi&oacute;n de formaci&oacute;n en Almer&iacute;a para personas con esclerosis m&uacute;ltiple                                                                    <\/a>\n                                                                <\/div>\n                                                                    <div style=\"clear:both\"><\/div>\n                                                                                                                                <div class=\"scrollercontent\">\n                                                                                    El equipo ADVICE realiza una sesi\u00f3n de formaci\u00f3n en Almer\u00eda para personas con esclerosis m\u00faltiple                                                                            <\/div>\n                                                           \n                                                            <\/div>\n                                                             <div style=\"clear:both\"><\/div>\n                                                    <\/li>\n                                                                                <\/ul>\n                            <\/div>\n                                                                                       <script type=\"text\/javascript\">var interval_69d112ffdf1e5 = setInterval(function() {if(document.readyState === 'complete') {clearInterval(interval_69d112ffdf1e5);jQuery(\"#news-container_8695\").css('visibility','visible');   jQuery(function(){jQuery('#news-container_8695').vTicker({ speed: 200,pause: 5000,animation: '',mousePause: true,height:800,direction:'up'});  });}    }, 100);<\/script><!-- end print_verticalScroll_func -->\n                                                                <\/p>\t\t\t\t\t\t\t\t<\/div>\n\t\t\t\t<\/div>\n\t\t\t\t<div class=\"elementor-element elementor-element-5af0e47 elementor-grid-eael-col-3 elementor-grid-tablet-eael-col-2 elementor-grid-mobile-eael-col-1 elementor-widget elementor-widget-eael-post-grid\" data-id=\"5af0e47\" data-element_type=\"widget\" data-e-type=\"widget\" data-settings=\"{&quot;eael_post_grid_columns&quot;:&quot;eael-col-3&quot;,&quot;eael_post_grid_columns_tablet&quot;:&quot;eael-col-2&quot;,&quot;eael_post_grid_columns_mobile&quot;:&quot;eael-col-1&quot;}\" data-widget_type=\"eael-post-grid.default\">\n\t\t\t\t<div class=\"elementor-widget-container\">\n\t\t\t\t\t<div id=\"eael-post-grid-5af0e47\" class=\"eael-post-grid-container\">\n            <div class=\"eael-post-grid eael-post-appender eael-post-appender-5af0e47 eael-post-grid-style-three\" data-layout-mode=\"masonry\"><article class=\"eael-grid-post  eael-post-grid-column eael-pg-post-4453\" data-id=\"4453\">\n        <div class=\"eael-grid-post-holder\">\n            <div class=\"eael-grid-post-holder-inner\"><div class=\"eael-entry-wrapper\"><header class=\"eael-entry-header\"><h4 class=\"eael-entry-title\"><a class=\"eael-grid-post-link\" href=\"https:\/\/www2.ual.es\/advice\/noticias-protocol-innovador\/\" title=\"Noticias ADVICE\/EMMA desarrolla un protocolo innovador\">Noticias ADVICE\/EMMA desarrolla un protocolo<\/a><\/h4><\/header><div class=\"eael-entry-content\">\n                        <div class=\"eael-grid-post-excerpt\"><p>Protocolo innovador de Advice El equipo ADVICE\/EMMA desarrolla un protocolo...<\/p><a href=\"https:\/\/www2.ual.es\/advice\/noticias-protocol-innovador\/\" class=\"eael-post-elements-readmore-btn\">Leer m\u00e1s<\/a><\/div>\n                    <\/div><\/div><\/div>\n        <\/div>\n    <\/article><article class=\"eael-grid-post  eael-post-grid-column eael-pg-post-4456\" data-id=\"4456\">\n        <div class=\"eael-grid-post-holder\">\n            <div class=\"eael-grid-post-holder-inner\"><div class=\"eael-entry-wrapper\"><header class=\"eael-entry-header\"><h4 class=\"eael-entry-title\"><a class=\"eael-grid-post-link\" href=\"https:\/\/www2.ual.es\/advice\/noticias-asimetrias-de-fuerza-entre-las-piernas-en-hombres-y-mujeres\/\" title=\"Noticias asimetr\u00edas de fuerza entre las piernas en hombres y mujeres\">Noticias asimetr\u00edas de fuerza entre<\/a><\/h4><\/header><div class=\"eael-entry-content\">\n                        <div class=\"eael-grid-post-excerpt\"><p>Asimetr\u00edas de fuerza entre las piernas en hombres y mujeres...<\/p><a href=\"https:\/\/www2.ual.es\/advice\/noticias-asimetrias-de-fuerza-entre-las-piernas-en-hombres-y-mujeres\/\" class=\"eael-post-elements-readmore-btn\">Leer m\u00e1s<\/a><\/div>\n                    <\/div><\/div><\/div>\n        <\/div>\n    <\/article><article class=\"eael-grid-post  eael-post-grid-column eael-pg-post-4441\" data-id=\"4441\">\n        <div class=\"eael-grid-post-holder\">\n            <div class=\"eael-grid-post-holder-inner\"><div class=\"eael-entry-wrapper\"><header class=\"eael-entry-header\"><h4 class=\"eael-entry-title\"><a class=\"eael-grid-post-link\" href=\"https:\/\/www2.ual.es\/advice\/noticias-formacion-advice\/\" title=\"Noticias sesi\u00f3n formaci\u00f3n ADVICE\">Noticias sesi\u00f3n formaci\u00f3n ADVICE<\/a><\/h4><\/header><div class=\"eael-entry-content\">\n                        <div class=\"eael-grid-post-excerpt\"><p>Sesi\u00f3n formaci\u00f3n Advice El equipo ADVICE realiza una sesi\u00f3n de...<\/p><a href=\"https:\/\/www2.ual.es\/advice\/noticias-formacion-advice\/\" class=\"eael-post-elements-readmore-btn\">Leer m\u00e1s<\/a><\/div>\n                    <\/div><\/div><\/div>\n        <\/div>\n    <\/article><\/div>\n            <div class=\"clearfix\"><\/div>\n        <\/div>\t\t\t\t<\/div>\n\t\t\t\t<\/div>\n\t\t\t\t\t<\/div>\n\t\t<\/div>\n\t\t\t\t\t<\/div>\n\t\t<\/section>\n\t\t\t\t<section class=\"elementor-section elementor-top-section elementor-element elementor-element-690194a elementor-section-boxed elementor-section-height-default elementor-section-height-default\" data-id=\"690194a\" data-element_type=\"section\" data-e-type=\"section\">\n\t\t\t\t\t\t<div class=\"elementor-container elementor-column-gap-default\">\n\t\t\t\t\t<div class=\"elementor-column elementor-col-100 elementor-top-column elementor-element elementor-element-00aa1b6\" data-id=\"00aa1b6\" data-element_type=\"column\" data-e-type=\"column\">\n\t\t\t<div class=\"elementor-widget-wrap\">\n\t\t\t\t\t\t\t<\/div>\n\t\t<\/div>\n\t\t\t\t\t<\/div>\n\t\t<\/section>\n\t\t\t\t<section class=\"elementor-section elementor-top-section elementor-element elementor-element-1f24dd02 elementor-section-stretched elementor-section-boxed elementor-section-height-default elementor-section-height-default\" data-id=\"1f24dd02\" data-element_type=\"section\" data-e-type=\"section\" data-settings=\"{&quot;stretch_section&quot;:&quot;section-stretched&quot;}\">\n\t\t\t\t\t\t<div class=\"elementor-container elementor-column-gap-default\">\n\t\t\t\t\t<div class=\"elementor-column elementor-col-100 elementor-top-column elementor-element elementor-element-7a3b053b\" data-id=\"7a3b053b\" data-element_type=\"column\" data-e-type=\"column\">\n\t\t\t<div class=\"elementor-widget-wrap elementor-element-populated\">\n\t\t\t\t\t\t<div class=\"elementor-element elementor-element-e22275f elementor-widget elementor-widget-heading\" data-id=\"e22275f\" data-element_type=\"widget\" data-e-type=\"widget\" data-widget_type=\"heading.default\">\n\t\t\t\t<div class=\"elementor-widget-container\">\n\t\t\t\t\t<h4 class=\"elementor-heading-title elementor-size-default\"><span style=\"font-size: 18px;white-space: normal\">Bienvenido a la secci\u00f3n de noticias de ADVICE.<\/span><br><br><span style=\"font-size: 18px;white-space: normal\">En nuestra secci\u00f3n de noticias, te mantendremos actualizado sobre los \u00faltimos avances y descubrimientos en la investigaci\u00f3n sobre la esclerosis m\u00faltiple. Aqu\u00ed encontrar\u00e1s art\u00edculos y noticias relevantes sobre tratamientos innovadores, investigaciones recientes y eventos de inter\u00e9s relacionados con la esclerosis m\u00faltiple. Tambi\u00e9n te informaremos sobre las actualizaciones y mejoras en nuestros propios programas educativos, para que siempre est\u00e9s al tanto de lo que ofrecemos y c\u00f3mo podemos ayudarte. \u00a1Mantente informado y sigue leyendo nuestras noticias!<\/span><\/h4>\t\t\t\t<\/div>\n\t\t\t\t<\/div>\n\t\t\t\t<div class=\"elementor-element elementor-element-d43c6f5 elementor--h-position-center elementor--v-position-middle elementor-arrows-position-inside elementor-pagination-position-inside elementor-widget elementor-widget-slides\" data-id=\"d43c6f5\" data-element_type=\"widget\" data-e-type=\"widget\" data-settings=\"{&quot;navigation&quot;:&quot;both&quot;,&quot;autoplay&quot;:&quot;yes&quot;,&quot;pause_on_hover&quot;:&quot;yes&quot;,&quot;pause_on_interaction&quot;:&quot;yes&quot;,&quot;autoplay_speed&quot;:5000,&quot;infinite&quot;:&quot;yes&quot;,&quot;transition&quot;:&quot;slide&quot;,&quot;transition_speed&quot;:500}\" data-widget_type=\"slides.default\">\n\t\t\t\t<div class=\"elementor-widget-container\">\n\t\t\t\t\t\t\t\t\t<div class=\"elementor-swiper\">\n\t\t\t\t\t<div class=\"elementor-slides-wrapper elementor-main-swiper swiper\" role=\"region\" aria-roledescription=\"carousel\" aria-label=\"Slides\" dir=\"ltr\" data-animation=\"fadeInUp\">\n\t\t\t\t<div class=\"swiper-wrapper elementor-slides\">\n\t\t\t\t\t\t\t\t\t\t<div class=\"elementor-repeater-item-950f7b0 swiper-slide\" role=\"group\" aria-roledescription=\"slide\"><div class=\"swiper-slide-bg\" role=\"img\"><\/div><div class=\"swiper-slide-inner\" ><div class=\"swiper-slide-contents\"><div  class=\"elementor-button elementor-slide-button elementor-size-sm\">Click Here<\/div><\/div><\/div><\/div><div class=\"elementor-repeater-item-1202a0a swiper-slide\" role=\"group\" aria-roledescription=\"slide\"><div class=\"swiper-slide-bg\" role=\"img\"><\/div><div class=\"swiper-slide-inner\" ><div class=\"swiper-slide-contents\"><div  class=\"elementor-button elementor-slide-button elementor-size-sm\">Click Here<\/div><\/div><\/div><\/div><div class=\"elementor-repeater-item-72149be swiper-slide\" role=\"group\" aria-roledescription=\"slide\"><div class=\"swiper-slide-bg\" role=\"img\"><\/div><div class=\"swiper-slide-inner\" ><div class=\"swiper-slide-contents\"><div  class=\"elementor-button elementor-slide-button elementor-size-sm\">Click Here<\/div><\/div><\/div><\/div>\t\t\t\t<\/div>\n\t\t\t\t\t\t\t\t\t\t\t\t\t\t\t<div class=\"elementor-swiper-button elementor-swiper-button-prev\" role=\"button\" tabindex=\"0\" aria-label=\"Previous slide\">\n\t\t\t\t\t\t\t<i aria-hidden=\"true\" class=\"eicon-chevron-left\"><\/i>\t\t\t\t\t\t<\/div>\n\t\t\t\t\t\t<div class=\"elementor-swiper-button elementor-swiper-button-next\" role=\"button\" tabindex=\"0\" aria-label=\"Next slide\">\n\t\t\t\t\t\t\t<i aria-hidden=\"true\" class=\"eicon-chevron-right\"><\/i>\t\t\t\t\t\t<\/div>\n\t\t\t\t\t\t\t\t\t\t\t\t\t\t\t\t<div class=\"swiper-pagination\"><\/div>\n\t\t\t\t\t\t\t\t\t\t\t\t<\/div>\n\t\t\t\t<\/div>\n\t\t\t\t\t\t\t\t<\/div>\n\t\t\t\t<\/div>\n\t\t\t\t\t<\/div>\n\t\t<\/div>\n\t\t\t\t\t<\/div>\n\t\t<\/section>\n\t\t\t\t<section class=\"elementor-section elementor-top-section elementor-element elementor-element-330fc90 elementor-section-stretched elementor-section-boxed elementor-section-height-default elementor-section-height-default\" data-id=\"330fc90\" data-element_type=\"section\" data-e-type=\"section\" data-settings=\"{&quot;stretch_section&quot;:&quot;section-stretched&quot;}\">\n\t\t\t\t\t\t<div class=\"elementor-container elementor-column-gap-default\">\n\t\t\t\t\t<div class=\"elementor-column elementor-col-100 elementor-top-column elementor-element elementor-element-cf46887\" data-id=\"cf46887\" data-element_type=\"column\" data-e-type=\"column\">\n\t\t\t<div class=\"elementor-widget-wrap elementor-element-populated\">\n\t\t\t\t\t\t<div class=\"elementor-element elementor-element-37d0b33 elementor-widget-divider--view-line elementor-widget elementor-widget-divider\" data-id=\"37d0b33\" data-element_type=\"widget\" data-e-type=\"widget\" data-widget_type=\"divider.default\">\n\t\t\t\t<div class=\"elementor-widget-container\">\n\t\t\t\t\t\t\t<div class=\"elementor-divider\">\n\t\t\t<span class=\"elementor-divider-separator\">\n\t\t\t\t\t\t<\/span>\n\t\t<\/div>\n\t\t\t\t\t\t<\/div>\n\t\t\t\t<\/div>\n\t\t\t\t<div class=\"elementor-element elementor-element-441a5d7 elementor-widget elementor-widget-heading\" data-id=\"441a5d7\" data-element_type=\"widget\" data-e-type=\"widget\" data-widget_type=\"heading.default\">\n\t\t\t\t<div class=\"elementor-widget-container\">\n\t\t\t\t\t<h4 class=\"elementor-heading-title elementor-size-default\"><span style=\"font-size: 18px\"><b>AEMA Y UNIVERSIDAD DE ALMER\u00cdA COLABORAN EN UN ESTUDIO&nbsp; DE NUTRICI\u00d3N Y DEPORTE EN ESCLEROSIS M\u00daLTIPLE.&nbsp;<\/b><\/span><b><br><span style=\"font-size: 18px\">ISABEL MART\u00cdNEZ Y JACOBO RUBIO.&nbsp;<\/span><\/b><br><br><div><span style=\"font-size: 18px\">Entrevista en Dipalme Radio Almer\u00eda.<\/span><\/div><div><span style=\"font-size: 18px;background-color: var(--wp--preset--color--base)\">La asociaci\u00f3n de esclerosis m\u00faltiple de Almer\u00eda y la Universidad de Almer\u00eda presentaban hace unos d\u00edas un estudio de investigaci\u00f3n titulado \"Programas educativos en personas con esclerosis m\u00faltiple\".&nbsp;<\/span><br><\/div><span style=\"background-color: var(--wp--preset--color--base);font-size: 18px\">Abundamos en este estudio en el que se anima a la realizaci\u00f3n de ejercicio y una correcta nutrici\u00f3n.<\/span><br><br><span style=\"background-color: var(--wp--preset--color--base);font-size: 18px\">Para acceder a la entrevista utiliza el siguiente enlace:<\/span><\/h4>\t\t\t\t<\/div>\n\t\t\t\t<\/div>\n\t\t\t\t<div class=\"elementor-element elementor-element-349f683 elementor-widget elementor-widget-image\" data-id=\"349f683\" data-element_type=\"widget\" data-e-type=\"widget\" data-widget_type=\"image.default\">\n\t\t\t\t<div class=\"elementor-widget-container\">\n\t\t\t\t\t\t\t\t\t\t\t\t<figure class=\"wp-caption\">\n\t\t\t\t\t\t\t\t\t\t\t<a href=\"https:\/\/www.ivoox.com\/aema-universidad-colaboran-estudio-nutricion-deporte-audios-mp3_rf_124872256_1.html\" target=\"_blank\">\n\t\t\t\t\t\t\t<img decoding=\"async\" width=\"150\" height=\"150\" src=\"https:\/\/www2.ual.es\/advice\/wp-content\/uploads\/2024\/03\/dipalme-radio-150x150.jpg\" class=\"attachment-thumbnail size-thumbnail wp-image-3508\" alt=\"\" srcset=\"https:\/\/www2.ual.es\/advice\/wp-content\/uploads\/2024\/03\/dipalme-radio-150x150.jpg 150w, https:\/\/www2.ual.es\/advice\/wp-content\/uploads\/2024\/03\/dipalme-radio-300x300.jpg 300w, https:\/\/www2.ual.es\/advice\/wp-content\/uploads\/2024\/03\/dipalme-radio-1024x1024.jpg 1024w, https:\/\/www2.ual.es\/advice\/wp-content\/uploads\/2024\/03\/dipalme-radio-768x768.jpg 768w, https:\/\/www2.ual.es\/advice\/wp-content\/uploads\/2024\/03\/dipalme-radio.jpg 1400w\" sizes=\"(max-width: 150px) 100vw, 150px\" \/>\t\t\t\t\t\t\t\t<\/a>\n\t\t\t\t\t\t\t\t\t\t\t<figcaption class=\"widget-image-caption wp-caption-text\">https:\/\/www.ivoox.com\/aema-universidad-colaboran-estudio-nutricion-deporte-audios-mp3_rf_124872256_1.html\u200b<\/figcaption>\n\t\t\t\t\t\t\t\t\t\t<\/figure>\n\t\t\t\t\t\t\t\t\t<\/div>\n\t\t\t\t<\/div>\n\t\t\t\t\t<\/div>\n\t\t<\/div>\n\t\t\t\t\t<\/div>\n\t\t<\/section>\n\t\t\t\t<\/div>\n\t\t<p>Visitas: 40<\/p>","protected":false},"excerpt":{"rendered":"<p>\u00a1VOLVEMOS! \u00a1Hemos vuelto! No te lo pierdas todas las novedades. Descartar esta alerta. Noticias ADVICE\/EMMA desarrolla un protocolo Protocolo innovador de Advice El equipo ADVICE\/EMMA desarrolla un protocolo&#8230; Leer m\u00e1s Noticias asimetr\u00edas de fuerza entre Asimetr\u00edas de fuerza entre las piernas en hombres y mujeres&#8230; Leer m\u00e1s Noticias sesi\u00f3n formaci\u00f3n ADVICE Sesi\u00f3n formaci\u00f3n Advice El [&hellip;]<\/p>\n","protected":false},"author":1,"featured_media":0,"parent":0,"menu_order":0,"comment_status":"closed","ping_status":"closed","template":"","meta":{"_uag_custom_page_level_css":"","footnotes":""},"class_list":["post-74","page","type-page","status-publish","hentry"],"uagb_featured_image_src":{"full":false,"thumbnail":false,"medium":false,"medium_large":false,"large":false,"1536x1536":false,"2048x2048":false},"uagb_author_info":{"display_name":"root","author_link":"https:\/\/www2.ual.es\/advice\/author\/root\/"},"uagb_comment_info":0,"uagb_excerpt":"\u00a1VOLVEMOS! \u00a1Hemos vuelto! No te lo pierdas todas las novedades. Descartar esta alerta. Noticias ADVICE\/EMMA desarrolla un protocolo Protocolo innovador de Advice El equipo ADVICE\/EMMA desarrolla un protocolo&#8230; Leer m\u00e1s Noticias asimetr\u00edas de fuerza entre Asimetr\u00edas de fuerza entre las piernas en hombres y mujeres&#8230; Leer m\u00e1s Noticias sesi\u00f3n formaci\u00f3n ADVICE Sesi\u00f3n formaci\u00f3n Advice El&hellip;","_links":{"self":[{"href":"https:\/\/www2.ual.es\/advice\/wp-json\/wp\/v2\/pages\/74","targetHints":{"allow":["GET"]}}],"collection":[{"href":"https:\/\/www2.ual.es\/advice\/wp-json\/wp\/v2\/pages"}],"about":[{"href":"https:\/\/www2.ual.es\/advice\/wp-json\/wp\/v2\/types\/page"}],"author":[{"embeddable":true,"href":"https:\/\/www2.ual.es\/advice\/wp-json\/wp\/v2\/users\/1"}],"replies":[{"embeddable":true,"href":"https:\/\/www2.ual.es\/advice\/wp-json\/wp\/v2\/comments?post=74"}],"version-history":[{"count":92,"href":"https:\/\/www2.ual.es\/advice\/wp-json\/wp\/v2\/pages\/74\/revisions"}],"predecessor-version":[{"id":4513,"href":"https:\/\/www2.ual.es\/advice\/wp-json\/wp\/v2\/pages\/74\/revisions\/4513"}],"wp:attachment":[{"href":"https:\/\/www2.ual.es\/advice\/wp-json\/wp\/v2\/media?parent=74"}],"curies":[{"name":"wp","href":"https:\/\/api.w.org\/{rel}","templated":true}]}}