{"id":69,"date":"2022-04-02T06:21:04","date_gmt":"2022-04-02T04:21:04","guid":{"rendered":"http:\/\/localhost\/wordpress\/home\/"},"modified":"2023-05-12T19:10:24","modified_gmt":"2023-05-12T17:10:24","slug":"proyectos","status":"publish","type":"page","link":"https:\/\/www2.ual.es\/advice\/","title":{"rendered":"Programas Educativos, Esclerosis M\u00faltiple y Calidad de Vida."},"content":{"rendered":"\t\t<div data-elementor-type=\"wp-page\" data-elementor-id=\"69\" class=\"elementor elementor-69\" data-elementor-post-type=\"page\">\n\t\t\t\t\t\t<section class=\"elementor-section elementor-top-section elementor-element elementor-element-6cacdcbb elementor-section-stretched elementor-section-boxed elementor-section-height-default elementor-section-height-default\" data-id=\"6cacdcbb\" data-element_type=\"section\" data-e-type=\"section\" data-settings=\"{&quot;stretch_section&quot;:&quot;section-stretched&quot;}\">\n\t\t\t\t\t\t<div class=\"elementor-container elementor-column-gap-default\">\n\t\t\t\t\t<header class=\"elementor-column elementor-col-100 elementor-top-column elementor-element elementor-element-4c145420\" data-id=\"4c145420\" data-element_type=\"column\" data-e-type=\"column\">\n\t\t\t<div class=\"elementor-widget-wrap elementor-element-populated\">\n\t\t\t\t\t\t<div class=\"elementor-element elementor-element-d0eac81 elementor-widget elementor-widget-html\" data-id=\"d0eac81\" data-element_type=\"widget\" data-e-type=\"widget\" data-widget_type=\"html.default\">\n\t\t\t\t<div class=\"elementor-widget-container\">\n\t\t\t\t\t<H3><b>Programas Educativos, Esclerosis M\u00faltiple y Calidad de Vida\n<\/b>\n<\/H3>\t\t\t\t<\/div>\n\t\t\t\t<\/div>\n\t\t\t\t<div class=\"elementor-element elementor-element-8d6e4ef elementor-widget-divider--view-line elementor-widget elementor-widget-divider\" data-id=\"8d6e4ef\" data-element_type=\"widget\" data-e-type=\"widget\" data-widget_type=\"divider.default\">\n\t\t\t\t<div class=\"elementor-widget-container\">\n\t\t\t\t\t\t\t<div class=\"elementor-divider\">\n\t\t\t<span class=\"elementor-divider-separator\">\n\t\t\t\t\t\t<\/span>\n\t\t<\/div>\n\t\t\t\t\t\t<\/div>\n\t\t\t\t<\/div>\n\t\t\t\t<div class=\"elementor-element elementor-element-7ec374c elementor-widget elementor-widget-heading\" data-id=\"7ec374c\" data-element_type=\"widget\" data-e-type=\"widget\" data-widget_type=\"heading.default\">\n\t\t\t\t<div class=\"elementor-widget-container\">\n\t\t\t\t\t<h4 class=\"elementor-heading-title elementor-size-default\"><span style=\"font-size: 18px;font-weight: 400;white-space: normal\">Te damos la bienvenida al programa <\/span><span style=\"font-size: 18px;white-space: normal\"><b>ADVICE<\/b><\/span><span style=\"font-size: 18px;font-weight: 400;white-space: normal\">, desarrollado en diferentes universidades de Espa\u00f1a y coordinado desde la Universidad de Almer\u00eda. En esta p\u00e1gina web, te presentamos nuestro proyecto de investigaci\u00f3n enfocado en mejorar la calidad de vida de las personas con esclerosis m\u00faltiple.<\/span><br><span style=\"font-size: 18px;font-weight: 400;white-space: normal\">Nuestro objetivo a largo plazo es desarrollar Programas Educativos para mejorar la calidad de vida en personas con enfermedades neurodegenerativas y, concretamente, en esclerosis m\u00faltiple. Estos programas educativos combinan intervenciones de ejercicio f\u00edsico, nutrici\u00f3n y terapia cognitivo-conductual. Creemos que esta combinaci\u00f3n de enfoques puede tener un impacto significativo en la salud y el bienestar de las personas que viven con esta enfermedad. En este sitio web, encontrar\u00e1s informaci\u00f3n detallada sobre nuestros programas y c\u00f3mo pueden ayudarte a mejorar tu calidad de vida. Nuestro objetivo es brindarte las herramientas y recursos que necesitas para vivir tu vida al m\u00e1ximo. \u00a1Explora nuestra p\u00e1gina y descubre c\u00f3mo podemos ayudarte a lograr tus metas!<\/span><\/h4>\t\t\t\t<\/div>\n\t\t\t\t<\/div>\n\t\t\t\t<div class=\"elementor-element elementor-element-51089b2 gallery-spacing-custom elementor-widget elementor-widget-image-gallery\" data-id=\"51089b2\" data-element_type=\"widget\" data-e-type=\"widget\" data-widget_type=\"image-gallery.default\">\n\t\t\t\t<div class=\"elementor-widget-container\">\n\t\t\t\t\t\t\t<div class=\"elementor-image-gallery\">\n\t\t\t<div id='gallery-1' class='gallery galleryid-69 gallery-columns-3 gallery-size-medium_large'><figure class='gallery-item'>\n\t\t\t<div class='gallery-icon landscape'>\n\t\t\t\t<a data-elementor-open-lightbox=\"no\" href='https:\/\/www2.ual.es\/advice\/wp-content\/uploads\/2023\/05\/physiotherapy-weight-training-dumbbells-595529.jpg'><img fetchpriority=\"high\" decoding=\"async\" width=\"768\" height=\"512\" src=\"https:\/\/www2.ual.es\/advice\/wp-content\/uploads\/2023\/05\/physiotherapy-weight-training-dumbbells-595529-768x512.jpg\" class=\"attachment-medium_large size-medium_large\" alt=\"physiotherapy, weight training, dumbbells-595529.jpg\" srcset=\"https:\/\/www2.ual.es\/advice\/wp-content\/uploads\/2023\/05\/physiotherapy-weight-training-dumbbells-595529-768x512.jpg 768w, https:\/\/www2.ual.es\/advice\/wp-content\/uploads\/2023\/05\/physiotherapy-weight-training-dumbbells-595529-300x200.jpg 300w, https:\/\/www2.ual.es\/advice\/wp-content\/uploads\/2023\/05\/physiotherapy-weight-training-dumbbells-595529-1024x682.jpg 1024w, https:\/\/www2.ual.es\/advice\/wp-content\/uploads\/2023\/05\/physiotherapy-weight-training-dumbbells-595529.jpg 1280w\" sizes=\"(max-width: 768px) 100vw, 768px\" \/><\/a>\n\t\t\t<\/div><\/figure><figure class='gallery-item'>\n\t\t\t<div class='gallery-icon landscape'>\n\t\t\t\t<a data-elementor-open-lightbox=\"no\" href='https:\/\/www2.ual.es\/advice\/wp-content\/uploads\/2023\/05\/crossfit-sports-fitness-534615.jpg'><img decoding=\"async\" width=\"768\" height=\"512\" src=\"https:\/\/www2.ual.es\/advice\/wp-content\/uploads\/2023\/05\/crossfit-sports-fitness-534615-768x512.jpg\" class=\"attachment-medium_large size-medium_large\" alt=\"crossfit, sports, fitness-534615.jpg\" srcset=\"https:\/\/www2.ual.es\/advice\/wp-content\/uploads\/2023\/05\/crossfit-sports-fitness-534615-768x512.jpg 768w, https:\/\/www2.ual.es\/advice\/wp-content\/uploads\/2023\/05\/crossfit-sports-fitness-534615-300x200.jpg 300w, https:\/\/www2.ual.es\/advice\/wp-content\/uploads\/2023\/05\/crossfit-sports-fitness-534615-1024x682.jpg 1024w, https:\/\/www2.ual.es\/advice\/wp-content\/uploads\/2023\/05\/crossfit-sports-fitness-534615.jpg 1280w\" sizes=\"(max-width: 768px) 100vw, 768px\" \/><\/a>\n\t\t\t<\/div><\/figure><figure class='gallery-item'>\n\t\t\t<div class='gallery-icon landscape'>\n\t\t\t\t<a data-elementor-open-lightbox=\"no\" href='https:\/\/www2.ual.es\/advice\/wp-content\/uploads\/2023\/04\/depositphotos_187923412-stock-photo-side-view-close-strong-male.jpg'><img decoding=\"async\" width=\"450\" height=\"300\" src=\"https:\/\/www2.ual.es\/advice\/wp-content\/uploads\/2023\/04\/depositphotos_187923412-stock-photo-side-view-close-strong-male.jpg\" class=\"attachment-medium_large size-medium_large\" alt=\"\" srcset=\"https:\/\/www2.ual.es\/advice\/wp-content\/uploads\/2023\/04\/depositphotos_187923412-stock-photo-side-view-close-strong-male.jpg 450w, https:\/\/www2.ual.es\/advice\/wp-content\/uploads\/2023\/04\/depositphotos_187923412-stock-photo-side-view-close-strong-male-300x200.jpg 300w\" sizes=\"(max-width: 450px) 100vw, 450px\" \/><\/a>\n\t\t\t<\/div><\/figure><figure class='gallery-item'>\n\t\t\t<div class='gallery-icon landscape'>\n\t\t\t\t<a data-elementor-open-lightbox=\"no\" href='https:\/\/www2.ual.es\/advice\/wp-content\/uploads\/2023\/04\/fotonoticia_20170805111028_1200.jpg'><img loading=\"lazy\" decoding=\"async\" width=\"768\" height=\"511\" src=\"https:\/\/www2.ual.es\/advice\/wp-content\/uploads\/2023\/04\/fotonoticia_20170805111028_1200-768x511.jpg\" class=\"attachment-medium_large size-medium_large\" alt=\"\" srcset=\"https:\/\/www2.ual.es\/advice\/wp-content\/uploads\/2023\/04\/fotonoticia_20170805111028_1200-768x511.jpg 768w, https:\/\/www2.ual.es\/advice\/wp-content\/uploads\/2023\/04\/fotonoticia_20170805111028_1200-300x200.jpg 300w, https:\/\/www2.ual.es\/advice\/wp-content\/uploads\/2023\/04\/fotonoticia_20170805111028_1200-1024x682.jpg 1024w, https:\/\/www2.ual.es\/advice\/wp-content\/uploads\/2023\/04\/fotonoticia_20170805111028_1200.jpg 1200w\" sizes=\"(max-width: 768px) 100vw, 768px\" \/><\/a>\n\t\t\t<\/div><\/figure><figure class='gallery-item'>\n\t\t\t<div class='gallery-icon landscape'>\n\t\t\t\t<a data-elementor-open-lightbox=\"no\" href='https:\/\/www2.ual.es\/advice\/wp-content\/uploads\/2023\/04\/IMG-20180516-WA0001.jpg'><img loading=\"lazy\" decoding=\"async\" width=\"768\" height=\"512\" src=\"https:\/\/www2.ual.es\/advice\/wp-content\/uploads\/2023\/04\/IMG-20180516-WA0001-768x512.jpg\" class=\"attachment-medium_large size-medium_large\" alt=\"\" srcset=\"https:\/\/www2.ual.es\/advice\/wp-content\/uploads\/2023\/04\/IMG-20180516-WA0001-768x512.jpg 768w, https:\/\/www2.ual.es\/advice\/wp-content\/uploads\/2023\/04\/IMG-20180516-WA0001-300x200.jpg 300w, https:\/\/www2.ual.es\/advice\/wp-content\/uploads\/2023\/04\/IMG-20180516-WA0001-1024x683.jpg 1024w, https:\/\/www2.ual.es\/advice\/wp-content\/uploads\/2023\/04\/IMG-20180516-WA0001-1536x1024.jpg 1536w, https:\/\/www2.ual.es\/advice\/wp-content\/uploads\/2023\/04\/IMG-20180516-WA0001.jpg 1600w\" sizes=\"(max-width: 768px) 100vw, 768px\" \/><\/a>\n\t\t\t<\/div><\/figure><figure class='gallery-item'>\n\t\t\t<div class='gallery-icon landscape'>\n\t\t\t\t<a data-elementor-open-lightbox=\"no\" href='https:\/\/www2.ual.es\/advice\/wp-content\/uploads\/2023\/04\/jogging-run-sport-2343558.jpg'><img loading=\"lazy\" decoding=\"async\" width=\"768\" height=\"512\" src=\"https:\/\/www2.ual.es\/advice\/wp-content\/uploads\/2023\/04\/jogging-run-sport-2343558-768x512.jpg\" class=\"attachment-medium_large size-medium_large\" alt=\"jogging, run, sport-2343558.jpg\" srcset=\"https:\/\/www2.ual.es\/advice\/wp-content\/uploads\/2023\/04\/jogging-run-sport-2343558-768x512.jpg 768w, https:\/\/www2.ual.es\/advice\/wp-content\/uploads\/2023\/04\/jogging-run-sport-2343558-300x200.jpg 300w, https:\/\/www2.ual.es\/advice\/wp-content\/uploads\/2023\/04\/jogging-run-sport-2343558-1024x683.jpg 1024w, https:\/\/www2.ual.es\/advice\/wp-content\/uploads\/2023\/04\/jogging-run-sport-2343558.jpg 1280w\" sizes=\"(max-width: 768px) 100vw, 768px\" \/><\/a>\n\t\t\t<\/div><\/figure>\n\t\t<\/div>\n\t\t<\/div>\n\t\t\t\t\t\t<\/div>\n\t\t\t\t<\/div>\n\t\t\t\t\t<\/div>\n\t\t<\/header>\n\t\t\t\t\t<\/div>\n\t\t<\/section>\n\t\t\t\t<\/div>\n\t\t<p>Visitas: 6643<\/p>","protected":false},"excerpt":{"rendered":"<p>Programas Educativos, Esclerosis M\u00faltiple y Calidad de Vida Te damos la bienvenida al programa ADVICE, desarrollado en diferentes universidades de Espa\u00f1a y coordinado desde la Universidad de Almer\u00eda. En esta p\u00e1gina web, te presentamos nuestro proyecto de investigaci\u00f3n enfocado en mejorar la calidad de vida de las personas con esclerosis m\u00faltiple.Nuestro objetivo a largo plazo [&hellip;]<\/p>\n","protected":false},"author":1,"featured_media":1962,"parent":0,"menu_order":1,"comment_status":"closed","ping_status":"closed","template":"elementor_theme","meta":{"_uag_custom_page_level_css":"","footnotes":""},"class_list":["post-69","page","type-page","status-publish","has-post-thumbnail","hentry"],"uagb_featured_image_src":{"full":["https:\/\/www2.ual.es\/advice\/wp-content\/uploads\/2023\/04\/rep_esclerosis3.jpg",1000,1200,false],"thumbnail":["https:\/\/www2.ual.es\/advice\/wp-content\/uploads\/2023\/04\/rep_esclerosis3-150x150.jpg",150,150,true],"medium":["https:\/\/www2.ual.es\/advice\/wp-content\/uploads\/2023\/04\/rep_esclerosis3-250x300.jpg",250,300,true],"medium_large":["https:\/\/www2.ual.es\/advice\/wp-content\/uploads\/2023\/04\/rep_esclerosis3-768x922.jpg",768,922,true],"large":["https:\/\/www2.ual.es\/advice\/wp-content\/uploads\/2023\/04\/rep_esclerosis3-853x1024.jpg",853,1024,true],"1536x1536":["https:\/\/www2.ual.es\/advice\/wp-content\/uploads\/2023\/04\/rep_esclerosis3.jpg",1000,1200,false],"2048x2048":["https:\/\/www2.ual.es\/advice\/wp-content\/uploads\/2023\/04\/rep_esclerosis3.jpg",1000,1200,false]},"uagb_author_info":{"display_name":"root","author_link":"https:\/\/www2.ual.es\/advice\/author\/root\/"},"uagb_comment_info":0,"uagb_excerpt":"Programas Educativos, Esclerosis M\u00faltiple y Calidad de Vida Te damos la bienvenida al programa ADVICE, desarrollado en diferentes universidades de Espa\u00f1a y coordinado desde la Universidad de Almer\u00eda. En esta p\u00e1gina web, te presentamos nuestro proyecto de investigaci\u00f3n enfocado en mejorar la calidad de vida de las personas con esclerosis m\u00faltiple.Nuestro objetivo a largo plazo&hellip;","_links":{"self":[{"href":"https:\/\/www2.ual.es\/advice\/wp-json\/wp\/v2\/pages\/69","targetHints":{"allow":["GET"]}}],"collection":[{"href":"https:\/\/www2.ual.es\/advice\/wp-json\/wp\/v2\/pages"}],"about":[{"href":"https:\/\/www2.ual.es\/advice\/wp-json\/wp\/v2\/types\/page"}],"author":[{"embeddable":true,"href":"https:\/\/www2.ual.es\/advice\/wp-json\/wp\/v2\/users\/1"}],"replies":[{"embeddable":true,"href":"https:\/\/www2.ual.es\/advice\/wp-json\/wp\/v2\/comments?post=69"}],"version-history":[{"count":135,"href":"https:\/\/www2.ual.es\/advice\/wp-json\/wp\/v2\/pages\/69\/revisions"}],"predecessor-version":[{"id":3286,"href":"https:\/\/www2.ual.es\/advice\/wp-json\/wp\/v2\/pages\/69\/revisions\/3286"}],"wp:featuredmedia":[{"embeddable":true,"href":"https:\/\/www2.ual.es\/advice\/wp-json\/wp\/v2\/media\/1962"}],"wp:attachment":[{"href":"https:\/\/www2.ual.es\/advice\/wp-json\/wp\/v2\/media?parent=69"}],"curies":[{"name":"wp","href":"https:\/\/api.w.org\/{rel}","templated":true}]}}