{"id":4456,"date":"2024-11-16T14:07:57","date_gmt":"2024-11-16T13:07:57","guid":{"rendered":"https:\/\/www2.ual.es\/advice\/?page_id=4456"},"modified":"2024-11-16T14:52:51","modified_gmt":"2024-11-16T13:52:51","slug":"noticias-asimetrias-de-fuerza-entre-las-piernas-en-hombres-y-mujeres","status":"publish","type":"page","link":"https:\/\/www2.ual.es\/advice\/noticias-asimetrias-de-fuerza-entre-las-piernas-en-hombres-y-mujeres\/","title":{"rendered":"Noticias asimetr\u00edas de fuerza entre las piernas en hombres y mujeres"},"content":{"rendered":"\t\t<div data-elementor-type=\"wp-page\" data-elementor-id=\"4456\" class=\"elementor elementor-4456\" data-elementor-post-type=\"page\">\n\t\t\t\t\t\t<section class=\"elementor-section elementor-top-section elementor-element elementor-element-3dc0d6b elementor-section-boxed elementor-section-height-default elementor-section-height-default\" data-id=\"3dc0d6b\" data-element_type=\"section\" data-e-type=\"section\">\n\t\t\t\t\t\t<div class=\"elementor-container elementor-column-gap-default\">\n\t\t\t\t\t<div class=\"elementor-column elementor-col-100 elementor-top-column elementor-element elementor-element-97b9e13\" data-id=\"97b9e13\" data-element_type=\"column\" data-e-type=\"column\">\n\t\t\t<div class=\"elementor-widget-wrap\">\n\t\t\t\t\t\t\t<\/div>\n\t\t<\/div>\n\t\t\t\t\t<\/div>\n\t\t<\/section>\n\t\t\t\t<section class=\"elementor-section elementor-top-section elementor-element elementor-element-3e66360 elementor-section-boxed elementor-section-height-default elementor-section-height-default\" data-id=\"3e66360\" data-element_type=\"section\" data-e-type=\"section\">\n\t\t\t\t\t\t<div class=\"elementor-container elementor-column-gap-default\">\n\t\t\t\t\t<div class=\"elementor-column elementor-col-100 elementor-top-column elementor-element elementor-element-f7c681e\" data-id=\"f7c681e\" data-element_type=\"column\" data-e-type=\"column\">\n\t\t\t<div class=\"elementor-widget-wrap elementor-element-populated\">\n\t\t\t\t\t\t<div class=\"elementor-element elementor-element-c4b7067 elementor-widget elementor-widget-heading\" data-id=\"c4b7067\" data-element_type=\"widget\" data-e-type=\"widget\" data-widget_type=\"heading.default\">\n\t\t\t\t<div class=\"elementor-widget-container\">\n\t\t\t\t\t<h3 class=\"elementor-heading-title elementor-size-default\">Asimetr\u00edas de fuerza entre las piernas en hombres y mujeres<\/h3>\t\t\t\t<\/div>\n\t\t\t\t<\/div>\n\t\t\t\t<div class=\"elementor-element elementor-element-d18babd elementor-widget-divider--view-line elementor-widget elementor-widget-divider\" data-id=\"d18babd\" data-element_type=\"widget\" data-e-type=\"widget\" data-widget_type=\"divider.default\">\n\t\t\t\t<div class=\"elementor-widget-container\">\n\t\t\t\t\t\t\t<div class=\"elementor-divider\">\n\t\t\t<span class=\"elementor-divider-separator\">\n\t\t\t\t\t\t<\/span>\n\t\t<\/div>\n\t\t\t\t\t\t<\/div>\n\t\t\t\t<\/div>\n\t\t\t\t<div class=\"elementor-element elementor-element-500df60 elementor-widget elementor-widget-heading\" data-id=\"500df60\" data-element_type=\"widget\" data-e-type=\"widget\" data-widget_type=\"heading.default\">\n\t\t\t\t<div class=\"elementor-widget-container\">\n\t\t\t\t\t<h4 class=\"elementor-heading-title elementor-size-default\"><span style=\"font-size: 18px;white-space: normal\">El equipo ADVICE encuentran asimetr\u00edas de fuerza entre las piernas en hombres y mujeres con esclerosis m\u00faltiple destacan la necesidad de enfoques de ejercicio espec\u00edficos para mejorar la capacidad funcional, observ\u00e1ndose diferencias solo en la fuerza m\u00e1xima entre sexos y no en la capacidad funcional.<\/span><\/h4>\t\t\t\t<\/div>\n\t\t\t\t<\/div>\n\t\t\t\t<div class=\"elementor-element elementor-element-2a2001e elementor-widget elementor-widget-image\" data-id=\"2a2001e\" data-element_type=\"widget\" data-e-type=\"widget\" data-widget_type=\"image.default\">\n\t\t\t\t<div class=\"elementor-widget-container\">\n\t\t\t\t\t\t\t\t\t\t\t\t\t\t\t<img fetchpriority=\"high\" decoding=\"async\" width=\"800\" height=\"1024\" src=\"https:\/\/www2.ual.es\/advice\/wp-content\/uploads\/2024\/11\/Noticias-asimetria-800x1024.jpeg\" class=\"attachment-large size-large wp-image-4480\" alt=\"\" srcset=\"https:\/\/www2.ual.es\/advice\/wp-content\/uploads\/2024\/11\/Noticias-asimetria-800x1024.jpeg 800w, https:\/\/www2.ual.es\/advice\/wp-content\/uploads\/2024\/11\/Noticias-asimetria-234x300.jpeg 234w, https:\/\/www2.ual.es\/advice\/wp-content\/uploads\/2024\/11\/Noticias-asimetria-768x984.jpeg 768w, https:\/\/www2.ual.es\/advice\/wp-content\/uploads\/2024\/11\/Noticias-asimetria.jpeg 1076w\" sizes=\"(max-width: 800px) 100vw, 800px\" \/>\t\t\t\t\t\t\t\t\t\t\t\t\t\t\t<\/div>\n\t\t\t\t<\/div>\n\t\t\t\t<div class=\"elementor-element elementor-element-fd32993 elementor-widget elementor-widget-heading\" data-id=\"fd32993\" data-element_type=\"widget\" data-e-type=\"widget\" data-widget_type=\"heading.default\">\n\t\t\t\t<div class=\"elementor-widget-container\">\n\t\t\t\t\t<h4 class=\"elementor-heading-title elementor-size-default\"><span style=\"font-size: 18px;white-space: normal\">Para m\u00e1s detalle consultar la documentaci\u00f3n <u><a href=\"https:\/\/www.msard-journal.com\/article\/S2211-0348(24)00271-2\/pdf\">aqu\u00ed<\/a><\/u><\/span> <br><br><\/h4>\t\t\t\t<\/div>\n\t\t\t\t<\/div>\n\t\t\t\t\t<\/div>\n\t\t<\/div>\n\t\t\t\t\t<\/div>\n\t\t<\/section>\n\t\t\t\t<section class=\"elementor-section elementor-top-section elementor-element elementor-element-8860139 elementor-section-boxed elementor-section-height-default elementor-section-height-default\" data-id=\"8860139\" data-element_type=\"section\" data-e-type=\"section\">\n\t\t\t\t\t\t<div class=\"elementor-container elementor-column-gap-default\">\n\t\t\t\t\t<div class=\"elementor-column elementor-col-100 elementor-top-column elementor-element elementor-element-774b95c\" data-id=\"774b95c\" data-element_type=\"column\" data-e-type=\"column\">\n\t\t\t<div class=\"elementor-widget-wrap elementor-element-populated\">\n\t\t\t\t\t\t<div class=\"elementor-element elementor-element-1273021 elementor-widget elementor-widget-heading\" data-id=\"1273021\" data-element_type=\"widget\" data-e-type=\"widget\" data-widget_type=\"heading.default\">\n\t\t\t\t<div class=\"elementor-widget-container\">\n\t\t\t\t\t<h5 class=\"elementor-heading-title elementor-size-default\">Otras noticias<\/h5>\t\t\t\t<\/div>\n\t\t\t\t<\/div>\n\t\t\t\t<div class=\"elementor-element elementor-element-6330e70 elementor-grid-eael-col-3 elementor-grid-tablet-eael-col-2 elementor-grid-mobile-eael-col-1 elementor-widget elementor-widget-eael-post-grid\" data-id=\"6330e70\" data-element_type=\"widget\" data-e-type=\"widget\" data-settings=\"{&quot;eael_post_grid_columns&quot;:&quot;eael-col-3&quot;,&quot;eael_post_grid_columns_tablet&quot;:&quot;eael-col-2&quot;,&quot;eael_post_grid_columns_mobile&quot;:&quot;eael-col-1&quot;}\" data-widget_type=\"eael-post-grid.default\">\n\t\t\t\t<div class=\"elementor-widget-container\">\n\t\t\t\t\t<div id=\"eael-post-grid-6330e70\" class=\"eael-post-grid-container\">\n            <div class=\"eael-post-grid eael-post-appender eael-post-appender-6330e70 eael-post-grid-style-two\" data-layout-mode=\"masonry\"><article class=\"eael-grid-post  eael-post-grid-column eael-pg-post-4453\" data-id=\"4453\">\n    <div class=\"eael-grid-post-holder\">\n        <div class=\"eael-grid-post-holder-inner\"><div class=\"eael-entry-wrapper\"><div class=\"eael-entry-content\">\n                                <div class=\"eael-grid-post-excerpt\"><p>Protocolo innovador de Advice El equipo ADVICE\/EMMA desarrolla un protocolo innovador para analizar c\u00f3mo las fases...<\/p><a href=\"https:\/\/www2.ual.es\/advice\/noticias-protocol-innovador\/\" class=\"eael-post-elements-readmore-btn\"target=\"_blank\">Leer m\u00e1s<\/a><\/div>\n                            <\/div><div class=\"eael-entry-header-after style-two\"><div class=\"eael-entry-meta\"><span class=\"eael-meta-posted-on\"><i class=\"far fa-clock\"><\/i><time datetime=\"16 de noviembre de 2024\">16 de noviembre de 2024<\/time><\/span><\/div><\/div><\/div><\/div>\n    <\/div>\n<\/article><article class=\"eael-grid-post  eael-post-grid-column eael-pg-post-4456\" data-id=\"4456\">\n    <div class=\"eael-grid-post-holder\">\n        <div class=\"eael-grid-post-holder-inner\"><div class=\"eael-entry-wrapper\"><div class=\"eael-entry-content\">\n                                <div class=\"eael-grid-post-excerpt\"><p>Asimetr\u00edas de fuerza entre las piernas en hombres y mujeres El equipo ADVICE encuentran asimetr\u00edas de...<\/p><a href=\"https:\/\/www2.ual.es\/advice\/noticias-asimetrias-de-fuerza-entre-las-piernas-en-hombres-y-mujeres\/\" class=\"eael-post-elements-readmore-btn\"target=\"_blank\">Leer m\u00e1s<\/a><\/div>\n                            <\/div><div class=\"eael-entry-header-after style-two\"><div class=\"eael-entry-meta\"><span class=\"eael-meta-posted-on\"><i class=\"far fa-clock\"><\/i><time datetime=\"16 de noviembre de 2024\">16 de noviembre de 2024<\/time><\/span><\/div><\/div><\/div><\/div>\n    <\/div>\n<\/article><article class=\"eael-grid-post  eael-post-grid-column eael-pg-post-4441\" data-id=\"4441\">\n    <div class=\"eael-grid-post-holder\">\n        <div class=\"eael-grid-post-holder-inner\"><div class=\"eael-entry-wrapper\"><div class=\"eael-entry-content\">\n                                <div class=\"eael-grid-post-excerpt\"><p>Sesi\u00f3n formaci\u00f3n Advice El equipo ADVICE realiza una sesi\u00f3n de formaci\u00f3n en Almer\u00eda para personas con...<\/p><a href=\"https:\/\/www2.ual.es\/advice\/noticias-formacion-advice\/\" class=\"eael-post-elements-readmore-btn\"target=\"_blank\">Leer m\u00e1s<\/a><\/div>\n                            <\/div><div class=\"eael-entry-header-after style-two\"><div class=\"eael-entry-meta\"><span class=\"eael-meta-posted-on\"><i class=\"far fa-clock\"><\/i><time datetime=\"16 de noviembre de 2024\">16 de noviembre de 2024<\/time><\/span><\/div><\/div><\/div><\/div>\n    <\/div>\n<\/article><\/div>\n            <div class=\"clearfix\"><\/div>\n        <\/div>\t\t\t\t<\/div>\n\t\t\t\t<\/div>\n\t\t\t\t\t<\/div>\n\t\t<\/div>\n\t\t\t\t\t<\/div>\n\t\t<\/section>\n\t\t\t\t<\/div>\n\t\t<p>Visitas: 40<\/p>","protected":false},"excerpt":{"rendered":"<p>Asimetr\u00edas de fuerza entre las piernas en hombres y mujeres El equipo ADVICE encuentran asimetr\u00edas de fuerza entre las piernas en hombres y mujeres con esclerosis m\u00faltiple destacan la necesidad de enfoques de ejercicio espec\u00edficos para mejorar la capacidad funcional, observ\u00e1ndose diferencias solo en la fuerza m\u00e1xima entre sexos y no en la capacidad funcional. [&hellip;]<\/p>\n","protected":false},"author":5,"featured_media":0,"parent":0,"menu_order":0,"comment_status":"closed","ping_status":"closed","template":"","meta":{"_uag_custom_page_level_css":"","footnotes":""},"class_list":["post-4456","page","type-page","status-publish","hentry"],"uagb_featured_image_src":{"full":false,"thumbnail":false,"medium":false,"medium_large":false,"large":false,"1536x1536":false,"2048x2048":false},"uagb_author_info":{"display_name":"jacobo angel rubio arias","author_link":"https:\/\/www2.ual.es\/advice\/author\/jararias\/"},"uagb_comment_info":0,"uagb_excerpt":"Asimetr\u00edas de fuerza entre las piernas en hombres y mujeres El equipo ADVICE encuentran asimetr\u00edas de fuerza entre las piernas en hombres y mujeres con esclerosis m\u00faltiple destacan la necesidad de enfoques de ejercicio espec\u00edficos para mejorar la capacidad funcional, observ\u00e1ndose diferencias solo en la fuerza m\u00e1xima entre sexos y no en la capacidad funcional.&hellip;","_links":{"self":[{"href":"https:\/\/www2.ual.es\/advice\/wp-json\/wp\/v2\/pages\/4456","targetHints":{"allow":["GET"]}}],"collection":[{"href":"https:\/\/www2.ual.es\/advice\/wp-json\/wp\/v2\/pages"}],"about":[{"href":"https:\/\/www2.ual.es\/advice\/wp-json\/wp\/v2\/types\/page"}],"author":[{"embeddable":true,"href":"https:\/\/www2.ual.es\/advice\/wp-json\/wp\/v2\/users\/5"}],"replies":[{"embeddable":true,"href":"https:\/\/www2.ual.es\/advice\/wp-json\/wp\/v2\/comments?post=4456"}],"version-history":[{"count":9,"href":"https:\/\/www2.ual.es\/advice\/wp-json\/wp\/v2\/pages\/4456\/revisions"}],"predecessor-version":[{"id":4501,"href":"https:\/\/www2.ual.es\/advice\/wp-json\/wp\/v2\/pages\/4456\/revisions\/4501"}],"wp:attachment":[{"href":"https:\/\/www2.ual.es\/advice\/wp-json\/wp\/v2\/media?parent=4456"}],"curies":[{"name":"wp","href":"https:\/\/api.w.org\/{rel}","templated":true}]}}