{"id":4441,"date":"2024-11-16T13:59:51","date_gmt":"2024-11-16T12:59:51","guid":{"rendered":"https:\/\/www2.ual.es\/advice\/?page_id=4441"},"modified":"2024-11-16T14:52:26","modified_gmt":"2024-11-16T13:52:26","slug":"noticias-formacion-advice","status":"publish","type":"page","link":"https:\/\/www2.ual.es\/advice\/noticias-formacion-advice\/","title":{"rendered":"Noticias sesi\u00f3n formaci\u00f3n ADVICE"},"content":{"rendered":"\t\t<div data-elementor-type=\"wp-page\" data-elementor-id=\"4441\" class=\"elementor elementor-4441\" data-elementor-post-type=\"page\">\n\t\t\t\t\t\t<section class=\"elementor-section elementor-top-section elementor-element elementor-element-1f24dd02 elementor-section-boxed elementor-section-height-default elementor-section-height-default\" data-id=\"1f24dd02\" data-element_type=\"section\" data-e-type=\"section\">\n\t\t\t\t\t\t<div class=\"elementor-container elementor-column-gap-default\">\n\t\t\t\t\t<div class=\"elementor-column elementor-col-100 elementor-top-column elementor-element elementor-element-7a3b053b\" data-id=\"7a3b053b\" data-element_type=\"column\" data-e-type=\"column\">\n\t\t\t<div class=\"elementor-widget-wrap elementor-element-populated\">\n\t\t\t\t\t\t<div class=\"elementor-element elementor-element-2bff3dd elementor-widget elementor-widget-heading\" data-id=\"2bff3dd\" data-element_type=\"widget\" data-e-type=\"widget\" data-widget_type=\"heading.default\">\n\t\t\t\t<div class=\"elementor-widget-container\">\n\t\t\t\t\t<h3 class=\"elementor-heading-title elementor-size-default\">Sesi\u00f3n formaci\u00f3n Advice<\/h3>\t\t\t\t<\/div>\n\t\t\t\t<\/div>\n\t\t\t\t<div class=\"elementor-element elementor-element-4136be5 elementor-widget-divider--view-line elementor-widget elementor-widget-divider\" data-id=\"4136be5\" data-element_type=\"widget\" data-e-type=\"widget\" data-widget_type=\"divider.default\">\n\t\t\t\t<div class=\"elementor-widget-container\">\n\t\t\t\t\t\t\t<div class=\"elementor-divider\">\n\t\t\t<span class=\"elementor-divider-separator\">\n\t\t\t\t\t\t<\/span>\n\t\t<\/div>\n\t\t\t\t\t\t<\/div>\n\t\t\t\t<\/div>\n\t\t\t\t<div class=\"elementor-element elementor-element-e22275f elementor-widget elementor-widget-heading\" data-id=\"e22275f\" data-element_type=\"widget\" data-e-type=\"widget\" data-widget_type=\"heading.default\">\n\t\t\t\t<div class=\"elementor-widget-container\">\n\t\t\t\t\t<h4 class=\"elementor-heading-title elementor-size-default\"><span style=\"font-size: 18px;white-space: normal\">El equipo ADVICE realiza una sesi\u00f3n de formaci\u00f3n en Almer\u00eda para personas con esclerosis m\u00faltiple.<\/span><br><\/h4>\t\t\t\t<\/div>\n\t\t\t\t<\/div>\n\t\t\t\t\t<\/div>\n\t\t<\/div>\n\t\t\t\t\t<\/div>\n\t\t<\/section>\n\t\t\t\t<section class=\"elementor-section elementor-top-section elementor-element elementor-element-68a60e5 elementor-section-boxed elementor-section-height-default elementor-section-height-default\" data-id=\"68a60e5\" data-element_type=\"section\" data-e-type=\"section\">\n\t\t\t\t\t\t<div class=\"elementor-container elementor-column-gap-default\">\n\t\t\t\t\t<div class=\"elementor-column elementor-col-100 elementor-top-column elementor-element elementor-element-200bd14\" data-id=\"200bd14\" data-element_type=\"column\" data-e-type=\"column\">\n\t\t\t<div class=\"elementor-widget-wrap elementor-element-populated\">\n\t\t\t\t\t\t<div class=\"elementor-element elementor-element-7760256 elementor-widget elementor-widget-video\" data-id=\"7760256\" data-element_type=\"widget\" data-e-type=\"widget\" data-settings=\"{&quot;youtube_url&quot;:&quot;https:\\\/\\\/www.youtube.com\\\/watch?v=6293BN0ah0A&quot;,&quot;video_type&quot;:&quot;youtube&quot;,&quot;controls&quot;:&quot;yes&quot;}\" data-widget_type=\"video.default\">\n\t\t\t\t<div class=\"elementor-widget-container\">\n\t\t\t\t\t\t\t<div class=\"elementor-wrapper elementor-open-inline\">\n\t\t\t<div class=\"elementor-video\"><\/div>\t\t<\/div>\n\t\t\t\t\t\t<\/div>\n\t\t\t\t<\/div>\n\t\t\t\t\t<\/div>\n\t\t<\/div>\n\t\t\t\t\t<\/div>\n\t\t<\/section>\n\t\t\t\t<section class=\"elementor-section elementor-top-section elementor-element elementor-element-a49db63 elementor-section-boxed elementor-section-height-default elementor-section-height-default\" data-id=\"a49db63\" data-element_type=\"section\" data-e-type=\"section\">\n\t\t\t\t\t\t<div class=\"elementor-container elementor-column-gap-default\">\n\t\t\t\t\t<div class=\"elementor-column elementor-col-100 elementor-top-column elementor-element elementor-element-6d2916b\" data-id=\"6d2916b\" data-element_type=\"column\" data-e-type=\"column\">\n\t\t\t<div class=\"elementor-widget-wrap elementor-element-populated\">\n\t\t\t\t\t\t<div class=\"elementor-element elementor-element-5014a27 elementor-widget elementor-widget-heading\" data-id=\"5014a27\" data-element_type=\"widget\" data-e-type=\"widget\" data-widget_type=\"heading.default\">\n\t\t\t\t<div class=\"elementor-widget-container\">\n\t\t\t\t\t<h5 class=\"elementor-heading-title elementor-size-default\">Otras noticias<\/h5>\t\t\t\t<\/div>\n\t\t\t\t<\/div>\n\t\t\t\t<div class=\"elementor-element elementor-element-dc0f745 elementor-grid-eael-col-3 elementor-grid-tablet-eael-col-2 elementor-grid-mobile-eael-col-1 elementor-widget elementor-widget-eael-post-grid\" data-id=\"dc0f745\" data-element_type=\"widget\" data-e-type=\"widget\" data-settings=\"{&quot;eael_post_grid_columns&quot;:&quot;eael-col-3&quot;,&quot;eael_post_grid_columns_tablet&quot;:&quot;eael-col-2&quot;,&quot;eael_post_grid_columns_mobile&quot;:&quot;eael-col-1&quot;}\" data-widget_type=\"eael-post-grid.default\">\n\t\t\t\t<div class=\"elementor-widget-container\">\n\t\t\t\t\t<div id=\"eael-post-grid-dc0f745\" class=\"eael-post-grid-container\">\n            <div class=\"eael-post-grid eael-post-appender eael-post-appender-dc0f745 eael-post-grid-style-two\" data-layout-mode=\"masonry\"><article class=\"eael-grid-post  eael-post-grid-column eael-pg-post-4453\" data-id=\"4453\">\n    <div class=\"eael-grid-post-holder\">\n        <div class=\"eael-grid-post-holder-inner\"><div class=\"eael-entry-wrapper\"><div class=\"eael-entry-content\">\n                                <div class=\"eael-grid-post-excerpt\"><p>Protocolo innovador de Advice El equipo ADVICE\/EMMA desarrolla un protocolo innovador para analizar c\u00f3mo las fases...<\/p><a href=\"https:\/\/www2.ual.es\/advice\/noticias-protocol-innovador\/\" class=\"eael-post-elements-readmore-btn\"target=\"_blank\">Leer m\u00e1s<\/a><\/div>\n                            <\/div><div class=\"eael-entry-header-after style-two\"><div class=\"eael-entry-meta\"><span class=\"eael-meta-posted-on\"><i class=\"far fa-clock\"><\/i><time datetime=\"16 de noviembre de 2024\">16 de noviembre de 2024<\/time><\/span><\/div><\/div><\/div><\/div>\n    <\/div>\n<\/article><article class=\"eael-grid-post  eael-post-grid-column eael-pg-post-4456\" data-id=\"4456\">\n    <div class=\"eael-grid-post-holder\">\n        <div class=\"eael-grid-post-holder-inner\"><div class=\"eael-entry-wrapper\"><div class=\"eael-entry-content\">\n                                <div class=\"eael-grid-post-excerpt\"><p>Asimetr\u00edas de fuerza entre las piernas en hombres y mujeres El equipo ADVICE encuentran asimetr\u00edas de...<\/p><a href=\"https:\/\/www2.ual.es\/advice\/noticias-asimetrias-de-fuerza-entre-las-piernas-en-hombres-y-mujeres\/\" class=\"eael-post-elements-readmore-btn\"target=\"_blank\">Leer m\u00e1s<\/a><\/div>\n                            <\/div><div class=\"eael-entry-header-after style-two\"><div class=\"eael-entry-meta\"><span class=\"eael-meta-posted-on\"><i class=\"far fa-clock\"><\/i><time datetime=\"16 de noviembre de 2024\">16 de noviembre de 2024<\/time><\/span><\/div><\/div><\/div><\/div>\n    <\/div>\n<\/article><article class=\"eael-grid-post  eael-post-grid-column eael-pg-post-4441\" data-id=\"4441\">\n    <div class=\"eael-grid-post-holder\">\n        <div class=\"eael-grid-post-holder-inner\"><div class=\"eael-entry-wrapper\"><div class=\"eael-entry-content\">\n                                <div class=\"eael-grid-post-excerpt\"><p>Sesi\u00f3n formaci\u00f3n Advice El equipo ADVICE realiza una sesi\u00f3n de formaci\u00f3n en Almer\u00eda para personas con...<\/p><a href=\"https:\/\/www2.ual.es\/advice\/noticias-formacion-advice\/\" class=\"eael-post-elements-readmore-btn\"target=\"_blank\">Leer m\u00e1s<\/a><\/div>\n                            <\/div><div class=\"eael-entry-header-after style-two\"><div class=\"eael-entry-meta\"><span class=\"eael-meta-posted-on\"><i class=\"far fa-clock\"><\/i><time datetime=\"16 de noviembre de 2024\">16 de noviembre de 2024<\/time><\/span><\/div><\/div><\/div><\/div>\n    <\/div>\n<\/article><\/div>\n            <div class=\"clearfix\"><\/div>\n        <\/div>\t\t\t\t<\/div>\n\t\t\t\t<\/div>\n\t\t\t\t\t<\/div>\n\t\t<\/div>\n\t\t\t\t\t<\/div>\n\t\t<\/section>\n\t\t\t\t<\/div>\n\t\t<p>Visitas: 40<\/p>","protected":false},"excerpt":{"rendered":"<p>Sesi\u00f3n formaci\u00f3n Advice El equipo ADVICE realiza una sesi\u00f3n de formaci\u00f3n en Almer\u00eda para personas con esclerosis m\u00faltiple. Otras noticias Protocolo innovador de Advice El equipo ADVICE\/EMMA desarrolla un protocolo innovador para analizar c\u00f3mo las fases&#8230; Leer m\u00e1s 16 de noviembre de 2024 Asimetr\u00edas de fuerza entre las piernas en hombres y mujeres El equipo [&hellip;]<\/p>\n","protected":false},"author":5,"featured_media":0,"parent":0,"menu_order":0,"comment_status":"closed","ping_status":"closed","template":"","meta":{"_uag_custom_page_level_css":"","footnotes":""},"class_list":["post-4441","page","type-page","status-publish","hentry"],"uagb_featured_image_src":{"full":false,"thumbnail":false,"medium":false,"medium_large":false,"large":false,"1536x1536":false,"2048x2048":false},"uagb_author_info":{"display_name":"jacobo angel rubio arias","author_link":"https:\/\/www2.ual.es\/advice\/author\/jararias\/"},"uagb_comment_info":0,"uagb_excerpt":"Sesi\u00f3n formaci\u00f3n Advice El equipo ADVICE realiza una sesi\u00f3n de formaci\u00f3n en Almer\u00eda para personas con esclerosis m\u00faltiple. Otras noticias Protocolo innovador de Advice El equipo ADVICE\/EMMA desarrolla un protocolo innovador para analizar c\u00f3mo las fases&#8230; Leer m\u00e1s 16 de noviembre de 2024 Asimetr\u00edas de fuerza entre las piernas en hombres y mujeres El equipo&hellip;","_links":{"self":[{"href":"https:\/\/www2.ual.es\/advice\/wp-json\/wp\/v2\/pages\/4441","targetHints":{"allow":["GET"]}}],"collection":[{"href":"https:\/\/www2.ual.es\/advice\/wp-json\/wp\/v2\/pages"}],"about":[{"href":"https:\/\/www2.ual.es\/advice\/wp-json\/wp\/v2\/types\/page"}],"author":[{"embeddable":true,"href":"https:\/\/www2.ual.es\/advice\/wp-json\/wp\/v2\/users\/5"}],"replies":[{"embeddable":true,"href":"https:\/\/www2.ual.es\/advice\/wp-json\/wp\/v2\/comments?post=4441"}],"version-history":[{"count":32,"href":"https:\/\/www2.ual.es\/advice\/wp-json\/wp\/v2\/pages\/4441\/revisions"}],"predecessor-version":[{"id":4498,"href":"https:\/\/www2.ual.es\/advice\/wp-json\/wp\/v2\/pages\/4441\/revisions\/4498"}],"wp:attachment":[{"href":"https:\/\/www2.ual.es\/advice\/wp-json\/wp\/v2\/media?parent=4441"}],"curies":[{"name":"wp","href":"https:\/\/api.w.org\/{rel}","templated":true}]}}