{"id":69,"date":"2022-07-10T10:27:04","date_gmt":"2022-07-10T10:27:04","guid":{"rendered":"https:\/\/www2.ual.es\/FQM-317\/?page_id=69"},"modified":"2024-03-16T09:44:02","modified_gmt":"2024-03-16T09:44:02","slug":"sobre-nosotros","status":"publish","type":"page","link":"https:\/\/www2.ual.es\/FQM-317\/sobre-nosotros\/","title":{"rendered":"Sobre nosotros"},"content":{"rendered":"<div class=\"gb-container gb-container-ee1925c2\"><div class=\"gb-inside-container\">\n<div class=\"gb-grid-wrapper gb-grid-wrapper-4488e6f9\">\n<div class=\"gb-grid-column gb-grid-column-1ab1ffcf\"><div class=\"gb-container gb-container-1ab1ffcf\"><div class=\"gb-inside-container\">\n\n<p class=\"has-text-align-left has-medium-font-size\"><strong>Bienvenido<\/strong> a la web del Grupo de Qu\u00edmica de Coordinaci\u00f3n, Organomet\u00e1lica y Fotoqu\u00edmica de la Universidad de Almer\u00eda.<\/p>\n\n\n\n<p class=\"has-medium-font-size\">Nuestro Grupo forma parte del proyecto europeo AQUACHEM, acr\u00f3nimo de \u201cTransition Metal Chemistry and Catalysis in Aqueous Media\u00bb.<\/p>\n\n\n\n<p class=\"has-medium-font-size\">Para m\u00e1s informaci\u00f3n acerca de los miembros, publicaciones y proyectos del grupo, pulsa en este <a href=\"https:\/\/brujula.ual.es\/research-groups\/134-quimica-de-coordinacion--organometalica-y-fotoquimica\">enlace<\/a>.<\/p>\n\n<\/div><\/div><\/div>\n<\/div>\n<\/div><\/div>","protected":false},"excerpt":{"rendered":"","protected":false},"author":1,"featured_media":149,"parent":0,"menu_order":0,"comment_status":"closed","ping_status":"closed","template":"","meta":{"footnotes":""},"categories":[],"tags":[],"class_list":["post-69","page","type-page","status-publish","has-post-thumbnail"],"yoast_head":"<!-- This site is optimized with the Yoast SEO plugin v27.3 - https:\/\/yoast.com\/product\/yoast-seo-wordpress\/ -->\n<title>Sobre nosotros - FQM-317<\/title>\n<meta name=\"robots\" content=\"index, follow, max-snippet:-1, max-image-preview:large, max-video-preview:-1\" \/>\n<link rel=\"canonical\" href=\"https:\/\/www2.ual.es\/FQM-317\/sobre-nosotros\/\" \/>\n<meta property=\"og:locale\" content=\"es_ES\" \/>\n<meta property=\"og:type\" content=\"article\" \/>\n<meta property=\"og:title\" content=\"Sobre nosotros - FQM-317\" \/>\n<meta property=\"og:url\" content=\"https:\/\/www2.ual.es\/FQM-317\/sobre-nosotros\/\" \/>\n<meta property=\"og:site_name\" content=\"FQM-317\" \/>\n<meta property=\"article:modified_time\" content=\"2024-03-16T09:44:02+00:00\" \/>\n<meta property=\"og:image\" content=\"https:\/\/www2.ual.es\/FQM-317\/wp-content\/uploads\/2022\/07\/prueba5-1-1024x485.png\" \/>\n\t<meta property=\"og:image:width\" content=\"1024\" \/>\n\t<meta property=\"og:image:height\" content=\"485\" \/>\n\t<meta property=\"og:image:type\" content=\"image\/png\" \/>\n<meta name=\"twitter:card\" content=\"summary_large_image\" \/>\n<meta name=\"twitter:label1\" content=\"Tiempo de lectura\" \/>\n\t<meta name=\"twitter:data1\" content=\"1 minuto\" \/>\n<script type=\"application\/ld+json\" class=\"yoast-schema-graph\">{\"@context\":\"https:\\\/\\\/schema.org\",\"@graph\":[{\"@type\":\"WebPage\",\"@id\":\"https:\\\/\\\/www2.ual.es\\\/FQM-317\\\/sobre-nosotros\\\/\",\"url\":\"https:\\\/\\\/www2.ual.es\\\/FQM-317\\\/sobre-nosotros\\\/\",\"name\":\"Sobre nosotros - FQM-317\",\"isPartOf\":{\"@id\":\"https:\\\/\\\/www2.ual.es\\\/FQM-317\\\/#website\"},\"primaryImageOfPage\":{\"@id\":\"https:\\\/\\\/www2.ual.es\\\/FQM-317\\\/sobre-nosotros\\\/#primaryimage\"},\"image\":{\"@id\":\"https:\\\/\\\/www2.ual.es\\\/FQM-317\\\/sobre-nosotros\\\/#primaryimage\"},\"thumbnailUrl\":\"https:\\\/\\\/www2.ual.es\\\/FQM-317\\\/wp-content\\\/uploads\\\/2022\\\/07\\\/prueba5-1.png\",\"datePublished\":\"2022-07-10T10:27:04+00:00\",\"dateModified\":\"2024-03-16T09:44:02+00:00\",\"breadcrumb\":{\"@id\":\"https:\\\/\\\/www2.ual.es\\\/FQM-317\\\/sobre-nosotros\\\/#breadcrumb\"},\"inLanguage\":\"es\",\"potentialAction\":[{\"@type\":\"ReadAction\",\"target\":[\"https:\\\/\\\/www2.ual.es\\\/FQM-317\\\/sobre-nosotros\\\/\"]}]},{\"@type\":\"ImageObject\",\"inLanguage\":\"es\",\"@id\":\"https:\\\/\\\/www2.ual.es\\\/FQM-317\\\/sobre-nosotros\\\/#primaryimage\",\"url\":\"https:\\\/\\\/www2.ual.es\\\/FQM-317\\\/wp-content\\\/uploads\\\/2022\\\/07\\\/prueba5-1.png\",\"contentUrl\":\"https:\\\/\\\/www2.ual.es\\\/FQM-317\\\/wp-content\\\/uploads\\\/2022\\\/07\\\/prueba5-1.png\",\"width\":3002,\"height\":1422},{\"@type\":\"BreadcrumbList\",\"@id\":\"https:\\\/\\\/www2.ual.es\\\/FQM-317\\\/sobre-nosotros\\\/#breadcrumb\",\"itemListElement\":[{\"@type\":\"ListItem\",\"position\":1,\"name\":\"Portada\",\"item\":\"https:\\\/\\\/www2.ual.es\\\/FQM-317\\\/\"},{\"@type\":\"ListItem\",\"position\":2,\"name\":\"Sobre nosotros\"}]},{\"@type\":\"WebSite\",\"@id\":\"https:\\\/\\\/www2.ual.es\\\/FQM-317\\\/#website\",\"url\":\"https:\\\/\\\/www2.ual.es\\\/FQM-317\\\/\",\"name\":\"FQM-317\",\"description\":\"Bienvenido a la P\u00e1gina del Grupo de Investigaci\u00f3n de  Qu\u00edmica de Coordinaci\u00f3n, Organomet\u00e1lica y Fotoqu\u00edmica (FQM-317) de la Universidad de Almer\u00eda\",\"publisher\":{\"@id\":\"https:\\\/\\\/www2.ual.es\\\/FQM-317\\\/#organization\"},\"potentialAction\":[{\"@type\":\"SearchAction\",\"target\":{\"@type\":\"EntryPoint\",\"urlTemplate\":\"https:\\\/\\\/www2.ual.es\\\/FQM-317\\\/?s={search_term_string}\"},\"query-input\":{\"@type\":\"PropertyValueSpecification\",\"valueRequired\":true,\"valueName\":\"search_term_string\"}}],\"inLanguage\":\"es\"},{\"@type\":\"Organization\",\"@id\":\"https:\\\/\\\/www2.ual.es\\\/FQM-317\\\/#organization\",\"name\":\"FQM-317\",\"url\":\"https:\\\/\\\/www2.ual.es\\\/FQM-317\\\/\",\"logo\":{\"@type\":\"ImageObject\",\"inLanguage\":\"es\",\"@id\":\"https:\\\/\\\/www2.ual.es\\\/FQM-317\\\/#\\\/schema\\\/logo\\\/image\\\/\",\"url\":\"https:\\\/\\\/www2.ual.es\\\/FQM-317\\\/wp-content\\\/uploads\\\/2022\\\/07\\\/cropped-1.1-letras-blancas.png\",\"contentUrl\":\"https:\\\/\\\/www2.ual.es\\\/FQM-317\\\/wp-content\\\/uploads\\\/2022\\\/07\\\/cropped-1.1-letras-blancas.png\",\"width\":652,\"height\":358,\"caption\":\"FQM-317\"},\"image\":{\"@id\":\"https:\\\/\\\/www2.ual.es\\\/FQM-317\\\/#\\\/schema\\\/logo\\\/image\\\/\"}}]}<\/script>\n<!-- \/ Yoast SEO plugin. -->","yoast_head_json":{"title":"Sobre nosotros - FQM-317","robots":{"index":"index","follow":"follow","max-snippet":"max-snippet:-1","max-image-preview":"max-image-preview:large","max-video-preview":"max-video-preview:-1"},"canonical":"https:\/\/www2.ual.es\/FQM-317\/sobre-nosotros\/","og_locale":"es_ES","og_type":"article","og_title":"Sobre nosotros - FQM-317","og_url":"https:\/\/www2.ual.es\/FQM-317\/sobre-nosotros\/","og_site_name":"FQM-317","article_modified_time":"2024-03-16T09:44:02+00:00","og_image":[{"width":1024,"height":485,"url":"https:\/\/www2.ual.es\/FQM-317\/wp-content\/uploads\/2022\/07\/prueba5-1-1024x485.png","type":"image\/png"}],"twitter_card":"summary_large_image","twitter_misc":{"Tiempo de lectura":"1 minuto"},"schema":{"@context":"https:\/\/schema.org","@graph":[{"@type":"WebPage","@id":"https:\/\/www2.ual.es\/FQM-317\/sobre-nosotros\/","url":"https:\/\/www2.ual.es\/FQM-317\/sobre-nosotros\/","name":"Sobre nosotros - FQM-317","isPartOf":{"@id":"https:\/\/www2.ual.es\/FQM-317\/#website"},"primaryImageOfPage":{"@id":"https:\/\/www2.ual.es\/FQM-317\/sobre-nosotros\/#primaryimage"},"image":{"@id":"https:\/\/www2.ual.es\/FQM-317\/sobre-nosotros\/#primaryimage"},"thumbnailUrl":"https:\/\/www2.ual.es\/FQM-317\/wp-content\/uploads\/2022\/07\/prueba5-1.png","datePublished":"2022-07-10T10:27:04+00:00","dateModified":"2024-03-16T09:44:02+00:00","breadcrumb":{"@id":"https:\/\/www2.ual.es\/FQM-317\/sobre-nosotros\/#breadcrumb"},"inLanguage":"es","potentialAction":[{"@type":"ReadAction","target":["https:\/\/www2.ual.es\/FQM-317\/sobre-nosotros\/"]}]},{"@type":"ImageObject","inLanguage":"es","@id":"https:\/\/www2.ual.es\/FQM-317\/sobre-nosotros\/#primaryimage","url":"https:\/\/www2.ual.es\/FQM-317\/wp-content\/uploads\/2022\/07\/prueba5-1.png","contentUrl":"https:\/\/www2.ual.es\/FQM-317\/wp-content\/uploads\/2022\/07\/prueba5-1.png","width":3002,"height":1422},{"@type":"BreadcrumbList","@id":"https:\/\/www2.ual.es\/FQM-317\/sobre-nosotros\/#breadcrumb","itemListElement":[{"@type":"ListItem","position":1,"name":"Portada","item":"https:\/\/www2.ual.es\/FQM-317\/"},{"@type":"ListItem","position":2,"name":"Sobre nosotros"}]},{"@type":"WebSite","@id":"https:\/\/www2.ual.es\/FQM-317\/#website","url":"https:\/\/www2.ual.es\/FQM-317\/","name":"FQM-317","description":"Bienvenido a la P\u00e1gina del Grupo de Investigaci\u00f3n de  Qu\u00edmica de Coordinaci\u00f3n, Organomet\u00e1lica y Fotoqu\u00edmica (FQM-317) de la Universidad de Almer\u00eda","publisher":{"@id":"https:\/\/www2.ual.es\/FQM-317\/#organization"},"potentialAction":[{"@type":"SearchAction","target":{"@type":"EntryPoint","urlTemplate":"https:\/\/www2.ual.es\/FQM-317\/?s={search_term_string}"},"query-input":{"@type":"PropertyValueSpecification","valueRequired":true,"valueName":"search_term_string"}}],"inLanguage":"es"},{"@type":"Organization","@id":"https:\/\/www2.ual.es\/FQM-317\/#organization","name":"FQM-317","url":"https:\/\/www2.ual.es\/FQM-317\/","logo":{"@type":"ImageObject","inLanguage":"es","@id":"https:\/\/www2.ual.es\/FQM-317\/#\/schema\/logo\/image\/","url":"https:\/\/www2.ual.es\/FQM-317\/wp-content\/uploads\/2022\/07\/cropped-1.1-letras-blancas.png","contentUrl":"https:\/\/www2.ual.es\/FQM-317\/wp-content\/uploads\/2022\/07\/cropped-1.1-letras-blancas.png","width":652,"height":358,"caption":"FQM-317"},"image":{"@id":"https:\/\/www2.ual.es\/FQM-317\/#\/schema\/logo\/image\/"}}]}},"_links":{"self":[{"href":"https:\/\/www2.ual.es\/FQM-317\/wp-json\/wp\/v2\/pages\/69","targetHints":{"allow":["GET"]}}],"collection":[{"href":"https:\/\/www2.ual.es\/FQM-317\/wp-json\/wp\/v2\/pages"}],"about":[{"href":"https:\/\/www2.ual.es\/FQM-317\/wp-json\/wp\/v2\/types\/page"}],"author":[{"embeddable":true,"href":"https:\/\/www2.ual.es\/FQM-317\/wp-json\/wp\/v2\/users\/1"}],"replies":[{"embeddable":true,"href":"https:\/\/www2.ual.es\/FQM-317\/wp-json\/wp\/v2\/comments?post=69"}],"version-history":[{"count":10,"href":"https:\/\/www2.ual.es\/FQM-317\/wp-json\/wp\/v2\/pages\/69\/revisions"}],"predecessor-version":[{"id":208,"href":"https:\/\/www2.ual.es\/FQM-317\/wp-json\/wp\/v2\/pages\/69\/revisions\/208"}],"wp:featuredmedia":[{"embeddable":true,"href":"https:\/\/www2.ual.es\/FQM-317\/wp-json\/wp\/v2\/media\/149"}],"wp:attachment":[{"href":"https:\/\/www2.ual.es\/FQM-317\/wp-json\/wp\/v2\/media?parent=69"}],"wp:term":[{"taxonomy":"category","embeddable":true,"href":"https:\/\/www2.ual.es\/FQM-317\/wp-json\/wp\/v2\/categories?post=69"},{"taxonomy":"post_tag","embeddable":true,"href":"https:\/\/www2.ual.es\/FQM-317\/wp-json\/wp\/v2\/tags?post=69"}],"curies":[{"name":"wp","href":"https:\/\/api.w.org\/{rel}","templated":true}]}}