{"id":64,"date":"2022-07-10T10:11:26","date_gmt":"2022-07-10T10:11:26","guid":{"rendered":"https:\/\/www2.ual.es\/FQM-317\/?page_id=64"},"modified":"2022-07-10T10:11:26","modified_gmt":"2022-07-10T10:11:26","slug":"contacto","status":"publish","type":"page","link":"https:\/\/www2.ual.es\/FQM-317\/contacto\/","title":{"rendered":"Contacto"},"content":{"rendered":"<p>Si quieres ponerte en contacto con nosotros puedes utilizar el formulario que encontrar\u00e1s a continuaci\u00f3n.<\/p>\n\n<div class=\"wpcf7 no-js\" id=\"wpcf7-f33-o1\" lang=\"es-ES\" dir=\"ltr\" data-wpcf7-id=\"33\">\n<div class=\"screen-reader-response\"><p role=\"status\" aria-live=\"polite\" aria-atomic=\"true\"><\/p> <ul><\/ul><\/div>\n<form action=\"\/FQM-317\/wp-json\/wp\/v2\/pages\/64#wpcf7-f33-o1\" method=\"post\" class=\"wpcf7-form init\" aria-label=\"Formulario de contacto\" novalidate=\"novalidate\" data-status=\"init\">\n<fieldset class=\"hidden-fields-container\"><input type=\"hidden\" name=\"_wpcf7\" value=\"33\" \/><input type=\"hidden\" name=\"_wpcf7_version\" value=\"6.1.5\" \/><input type=\"hidden\" name=\"_wpcf7_locale\" value=\"es_ES\" \/><input type=\"hidden\" name=\"_wpcf7_unit_tag\" value=\"wpcf7-f33-o1\" \/><input type=\"hidden\" name=\"_wpcf7_container_post\" value=\"0\" \/><input type=\"hidden\" name=\"_wpcf7_posted_data_hash\" value=\"\" \/>\n<\/fieldset>\n<p><label> Tu nombre<br \/>\n<span class=\"wpcf7-form-control-wrap\" data-name=\"your-name\"><input size=\"40\" maxlength=\"400\" class=\"wpcf7-form-control wpcf7-text wpcf7-validates-as-required\" aria-required=\"true\" aria-invalid=\"false\" value=\"\" type=\"text\" name=\"your-name\" \/><\/span> <\/label>\n<\/p>\n<p><label> Tu correo electr\u00f3nico<br \/>\n<span class=\"wpcf7-form-control-wrap\" data-name=\"your-email\"><input size=\"40\" maxlength=\"400\" class=\"wpcf7-form-control wpcf7-email wpcf7-validates-as-required wpcf7-text wpcf7-validates-as-email\" aria-required=\"true\" aria-invalid=\"false\" value=\"\" type=\"email\" name=\"your-email\" \/><\/span> <\/label>\n<\/p>\n<p><label> Asunto<br \/>\n<span class=\"wpcf7-form-control-wrap\" data-name=\"your-subject\"><input size=\"40\" maxlength=\"400\" class=\"wpcf7-form-control wpcf7-text wpcf7-validates-as-required\" aria-required=\"true\" aria-invalid=\"false\" value=\"\" type=\"text\" name=\"your-subject\" \/><\/span> <\/label>\n<\/p>\n<p><label> Tu mensaje<br \/>\n<span class=\"wpcf7-form-control-wrap\" data-name=\"your-message\"><textarea cols=\"40\" rows=\"10\" maxlength=\"2000\" class=\"wpcf7-form-control wpcf7-textarea\" aria-invalid=\"false\" name=\"your-message\"><\/textarea><\/span> <\/label>\n<\/p>\n<p><input class=\"wpcf7-form-control wpcf7-submit has-spinner\" type=\"submit\" value=\"Enviar\" \/>\n<\/p><p style=\"display: none !important;\" class=\"akismet-fields-container\" data-prefix=\"_wpcf7_ak_\"><label>&#916;<textarea name=\"_wpcf7_ak_hp_textarea\" cols=\"45\" rows=\"8\" maxlength=\"100\"><\/textarea><\/label><input type=\"hidden\" id=\"ak_js_1\" name=\"_wpcf7_ak_js\" value=\"193\"\/><script>document.getElementById( \"ak_js_1\" ).setAttribute( \"value\", ( new Date() ).getTime() );<\/script><\/p><div class=\"wpcf7-response-output\" aria-hidden=\"true\"><\/div>\n<\/form>\n<\/div>\n\n","protected":false},"excerpt":{"rendered":"<p>Si quieres ponerte en contacto con nosotros puedes utilizar el formulario que encontrar\u00e1s a continuaci\u00f3n.<\/p>\n","protected":false},"author":1,"featured_media":0,"parent":0,"menu_order":0,"comment_status":"closed","ping_status":"closed","template":"","meta":{"footnotes":""},"categories":[],"tags":[],"class_list":["post-64","page","type-page","status-publish"],"yoast_head":"<!-- This site is optimized with the Yoast SEO plugin v27.3 - https:\/\/yoast.com\/product\/yoast-seo-wordpress\/ -->\n<title>Contacto - FQM-317<\/title>\n<meta name=\"robots\" content=\"index, follow, max-snippet:-1, max-image-preview:large, max-video-preview:-1\" \/>\n<link rel=\"canonical\" href=\"https:\/\/www2.ual.es\/FQM-317\/contacto\/\" \/>\n<meta property=\"og:locale\" content=\"es_ES\" \/>\n<meta property=\"og:type\" content=\"article\" \/>\n<meta property=\"og:title\" content=\"Contacto - FQM-317\" \/>\n<meta property=\"og:description\" content=\"Si quieres ponerte en contacto con nosotros puedes utilizar el formulario que encontrar\u00e1s a continuaci\u00f3n.\" \/>\n<meta property=\"og:url\" content=\"https:\/\/www2.ual.es\/FQM-317\/contacto\/\" \/>\n<meta property=\"og:site_name\" content=\"FQM-317\" \/>\n<meta name=\"twitter:card\" content=\"summary_large_image\" \/>\n<meta name=\"twitter:label1\" content=\"Tiempo de lectura\" \/>\n\t<meta name=\"twitter:data1\" content=\"1 minuto\" \/>\n<script type=\"application\/ld+json\" class=\"yoast-schema-graph\">{\"@context\":\"https:\\\/\\\/schema.org\",\"@graph\":[{\"@type\":\"WebPage\",\"@id\":\"https:\\\/\\\/www2.ual.es\\\/FQM-317\\\/contacto\\\/\",\"url\":\"https:\\\/\\\/www2.ual.es\\\/FQM-317\\\/contacto\\\/\",\"name\":\"Contacto - FQM-317\",\"isPartOf\":{\"@id\":\"https:\\\/\\\/www2.ual.es\\\/FQM-317\\\/#website\"},\"datePublished\":\"2022-07-10T10:11:26+00:00\",\"breadcrumb\":{\"@id\":\"https:\\\/\\\/www2.ual.es\\\/FQM-317\\\/contacto\\\/#breadcrumb\"},\"inLanguage\":\"es\",\"potentialAction\":[{\"@type\":\"ReadAction\",\"target\":[\"https:\\\/\\\/www2.ual.es\\\/FQM-317\\\/contacto\\\/\"]}]},{\"@type\":\"BreadcrumbList\",\"@id\":\"https:\\\/\\\/www2.ual.es\\\/FQM-317\\\/contacto\\\/#breadcrumb\",\"itemListElement\":[{\"@type\":\"ListItem\",\"position\":1,\"name\":\"Portada\",\"item\":\"https:\\\/\\\/www2.ual.es\\\/FQM-317\\\/\"},{\"@type\":\"ListItem\",\"position\":2,\"name\":\"Contacto\"}]},{\"@type\":\"WebSite\",\"@id\":\"https:\\\/\\\/www2.ual.es\\\/FQM-317\\\/#website\",\"url\":\"https:\\\/\\\/www2.ual.es\\\/FQM-317\\\/\",\"name\":\"FQM-317\",\"description\":\"Bienvenido a la P\u00e1gina del Grupo de Investigaci\u00f3n de  Qu\u00edmica de Coordinaci\u00f3n, Organomet\u00e1lica y Fotoqu\u00edmica (FQM-317) de la Universidad de Almer\u00eda\",\"publisher\":{\"@id\":\"https:\\\/\\\/www2.ual.es\\\/FQM-317\\\/#organization\"},\"potentialAction\":[{\"@type\":\"SearchAction\",\"target\":{\"@type\":\"EntryPoint\",\"urlTemplate\":\"https:\\\/\\\/www2.ual.es\\\/FQM-317\\\/?s={search_term_string}\"},\"query-input\":{\"@type\":\"PropertyValueSpecification\",\"valueRequired\":true,\"valueName\":\"search_term_string\"}}],\"inLanguage\":\"es\"},{\"@type\":\"Organization\",\"@id\":\"https:\\\/\\\/www2.ual.es\\\/FQM-317\\\/#organization\",\"name\":\"FQM-317\",\"url\":\"https:\\\/\\\/www2.ual.es\\\/FQM-317\\\/\",\"logo\":{\"@type\":\"ImageObject\",\"inLanguage\":\"es\",\"@id\":\"https:\\\/\\\/www2.ual.es\\\/FQM-317\\\/#\\\/schema\\\/logo\\\/image\\\/\",\"url\":\"https:\\\/\\\/www2.ual.es\\\/FQM-317\\\/wp-content\\\/uploads\\\/2022\\\/07\\\/cropped-1.1-letras-blancas.png\",\"contentUrl\":\"https:\\\/\\\/www2.ual.es\\\/FQM-317\\\/wp-content\\\/uploads\\\/2022\\\/07\\\/cropped-1.1-letras-blancas.png\",\"width\":652,\"height\":358,\"caption\":\"FQM-317\"},\"image\":{\"@id\":\"https:\\\/\\\/www2.ual.es\\\/FQM-317\\\/#\\\/schema\\\/logo\\\/image\\\/\"}}]}<\/script>\n<!-- \/ Yoast SEO plugin. -->","yoast_head_json":{"title":"Contacto - FQM-317","robots":{"index":"index","follow":"follow","max-snippet":"max-snippet:-1","max-image-preview":"max-image-preview:large","max-video-preview":"max-video-preview:-1"},"canonical":"https:\/\/www2.ual.es\/FQM-317\/contacto\/","og_locale":"es_ES","og_type":"article","og_title":"Contacto - FQM-317","og_description":"Si quieres ponerte en contacto con nosotros puedes utilizar el formulario que encontrar\u00e1s a continuaci\u00f3n.","og_url":"https:\/\/www2.ual.es\/FQM-317\/contacto\/","og_site_name":"FQM-317","twitter_card":"summary_large_image","twitter_misc":{"Tiempo de lectura":"1 minuto"},"schema":{"@context":"https:\/\/schema.org","@graph":[{"@type":"WebPage","@id":"https:\/\/www2.ual.es\/FQM-317\/contacto\/","url":"https:\/\/www2.ual.es\/FQM-317\/contacto\/","name":"Contacto - FQM-317","isPartOf":{"@id":"https:\/\/www2.ual.es\/FQM-317\/#website"},"datePublished":"2022-07-10T10:11:26+00:00","breadcrumb":{"@id":"https:\/\/www2.ual.es\/FQM-317\/contacto\/#breadcrumb"},"inLanguage":"es","potentialAction":[{"@type":"ReadAction","target":["https:\/\/www2.ual.es\/FQM-317\/contacto\/"]}]},{"@type":"BreadcrumbList","@id":"https:\/\/www2.ual.es\/FQM-317\/contacto\/#breadcrumb","itemListElement":[{"@type":"ListItem","position":1,"name":"Portada","item":"https:\/\/www2.ual.es\/FQM-317\/"},{"@type":"ListItem","position":2,"name":"Contacto"}]},{"@type":"WebSite","@id":"https:\/\/www2.ual.es\/FQM-317\/#website","url":"https:\/\/www2.ual.es\/FQM-317\/","name":"FQM-317","description":"Bienvenido a la P\u00e1gina del Grupo de Investigaci\u00f3n de  Qu\u00edmica de Coordinaci\u00f3n, Organomet\u00e1lica y Fotoqu\u00edmica (FQM-317) de la Universidad de Almer\u00eda","publisher":{"@id":"https:\/\/www2.ual.es\/FQM-317\/#organization"},"potentialAction":[{"@type":"SearchAction","target":{"@type":"EntryPoint","urlTemplate":"https:\/\/www2.ual.es\/FQM-317\/?s={search_term_string}"},"query-input":{"@type":"PropertyValueSpecification","valueRequired":true,"valueName":"search_term_string"}}],"inLanguage":"es"},{"@type":"Organization","@id":"https:\/\/www2.ual.es\/FQM-317\/#organization","name":"FQM-317","url":"https:\/\/www2.ual.es\/FQM-317\/","logo":{"@type":"ImageObject","inLanguage":"es","@id":"https:\/\/www2.ual.es\/FQM-317\/#\/schema\/logo\/image\/","url":"https:\/\/www2.ual.es\/FQM-317\/wp-content\/uploads\/2022\/07\/cropped-1.1-letras-blancas.png","contentUrl":"https:\/\/www2.ual.es\/FQM-317\/wp-content\/uploads\/2022\/07\/cropped-1.1-letras-blancas.png","width":652,"height":358,"caption":"FQM-317"},"image":{"@id":"https:\/\/www2.ual.es\/FQM-317\/#\/schema\/logo\/image\/"}}]}},"_links":{"self":[{"href":"https:\/\/www2.ual.es\/FQM-317\/wp-json\/wp\/v2\/pages\/64","targetHints":{"allow":["GET"]}}],"collection":[{"href":"https:\/\/www2.ual.es\/FQM-317\/wp-json\/wp\/v2\/pages"}],"about":[{"href":"https:\/\/www2.ual.es\/FQM-317\/wp-json\/wp\/v2\/types\/page"}],"author":[{"embeddable":true,"href":"https:\/\/www2.ual.es\/FQM-317\/wp-json\/wp\/v2\/users\/1"}],"replies":[{"embeddable":true,"href":"https:\/\/www2.ual.es\/FQM-317\/wp-json\/wp\/v2\/comments?post=64"}],"version-history":[{"count":1,"href":"https:\/\/www2.ual.es\/FQM-317\/wp-json\/wp\/v2\/pages\/64\/revisions"}],"predecessor-version":[{"id":65,"href":"https:\/\/www2.ual.es\/FQM-317\/wp-json\/wp\/v2\/pages\/64\/revisions\/65"}],"wp:attachment":[{"href":"https:\/\/www2.ual.es\/FQM-317\/wp-json\/wp\/v2\/media?parent=64"}],"wp:term":[{"taxonomy":"category","embeddable":true,"href":"https:\/\/www2.ual.es\/FQM-317\/wp-json\/wp\/v2\/categories?post=64"},{"taxonomy":"post_tag","embeddable":true,"href":"https:\/\/www2.ual.es\/FQM-317\/wp-json\/wp\/v2\/tags?post=64"}],"curies":[{"name":"wp","href":"https:\/\/api.w.org\/{rel}","templated":true}]}}