{"id":118,"date":"2022-07-10T19:51:25","date_gmt":"2022-07-10T19:51:25","guid":{"rendered":"https:\/\/www2.ual.es\/FQM-317\/?page_id=118"},"modified":"2022-07-10T19:51:25","modified_gmt":"2022-07-10T19:51:25","slug":"patentes","status":"publish","type":"page","link":"https:\/\/www2.ual.es\/FQM-317\/patentes\/","title":{"rendered":"Patentes"},"content":{"rendered":"<ul>\n<li><strong>Aditivaci\u00f3n de resinas epoxi mediante complejos polim\u00e9ricos homo y heteromet\u00e1licos con 1,3,5-triaza-7-fosfaadamantanofosfina y sus derivados.<\/strong><br \/>\nN\u00famero de solicitud: 201600099.<br \/>\nInventores: Scalambra, Franco.<\/li>\n<li><strong>Nuevos catalizadores para la met\u00e1tesis de olefinas en medio acuoso.<\/strong><br \/>\nN\u00famero de solicitud: P200502298.<br \/>\nInventores: Lidrissi, Chaker.<\/li>\n<li><strong>Procedimiento de polimerizaci\u00f3n de vinil-derivados en solventes inorg\u00e1nicos y org\u00e1nicos.<\/strong><br \/>\nInventores: Romerosa Nievas, Antonio Manuel.<\/li>\n<li><strong>Reactor<\/strong> <strong>micromolar fotoqu\u00edmico<\/strong><br \/>\nInventores: Richter, Christoph.<\/li>\n<li><strong>S\u00edntesis fotoqu\u00edmica de derivados \u00e1cidos de f\u00f3sforo y sus \u00e9steres a partir de f\u00f3sforo elemental blanco.<\/strong><br \/>\nInventores: Richter, Christoph.<\/li>\n<li><strong>Wiederaufbereitung von abfaliminerals\u00e4ure (reciclaje de \u00e1cidos residuales).<\/strong><br \/>\nInventores: L\u00fcpfert, Eckhard.<\/li>\n<li><strong>Procedimiento y catalizador para la oxidaci\u00f3n selectiva de grupos aldehido.<\/strong><br \/>\nFecha de solicitud: 15-11-2012.<br \/>\nN\u00famero de solicitud: P2010-00665.<br \/>\nInventores: Romerosa Nievas, Antonio Manuel.<\/li>\n<li><strong>A process for the separation and capture of CO2 from gas mixtures using amines solutions in anhydrous alcohols.<\/strong><br \/>\nFecha de solicitud: 27-01-2011.<br \/>\nInventores: Peruzzini, Maurizio.<\/li>\n<li><strong>Complejos de rutenio solubles en agua con fosfinas acuosolubles y bases p\u00faricas.<\/strong><br \/>\nFecha de solicitud: 23-07-2009.<br \/>\nInventores: Serrano Ruiz, Manuel.<\/li>\n<\/ul>\n","protected":false},"excerpt":{"rendered":"<p>Aditivaci\u00f3n de resinas epoxi mediante complejos polim\u00e9ricos homo y heteromet\u00e1licos con 1,3,5-triaza-7-fosfaadamantanofosfina y sus derivados. N\u00famero de solicitud: 201600099. Inventores: Scalambra, Franco. Nuevos catalizadores para la met\u00e1tesis de olefinas en medio acuoso. N\u00famero de solicitud: P200502298. Inventores: Lidrissi, Chaker. Procedimiento de polimerizaci\u00f3n de vinil-derivados en solventes inorg\u00e1nicos y org\u00e1nicos. Inventores: Romerosa Nievas, Antonio Manuel. Reactor &#8230; <a title=\"Patentes\" class=\"read-more\" href=\"https:\/\/www2.ual.es\/FQM-317\/patentes\/\" aria-label=\"Leer m\u00e1s sobre Patentes\">Leer m\u00e1s<\/a><\/p>\n","protected":false},"author":1,"featured_media":0,"parent":0,"menu_order":0,"comment_status":"closed","ping_status":"closed","template":"","meta":{"footnotes":""},"categories":[],"tags":[],"class_list":["post-118","page","type-page","status-publish"],"yoast_head":"<!-- This site is optimized with the Yoast SEO plugin v27.3 - https:\/\/yoast.com\/product\/yoast-seo-wordpress\/ -->\n<title>Patentes - FQM-317<\/title>\n<meta name=\"robots\" content=\"index, follow, max-snippet:-1, max-image-preview:large, max-video-preview:-1\" \/>\n<link rel=\"canonical\" href=\"https:\/\/www2.ual.es\/FQM-317\/patentes\/\" \/>\n<meta property=\"og:locale\" content=\"es_ES\" \/>\n<meta property=\"og:type\" content=\"article\" \/>\n<meta property=\"og:title\" content=\"Patentes - FQM-317\" \/>\n<meta property=\"og:description\" content=\"Aditivaci\u00f3n de resinas epoxi mediante complejos polim\u00e9ricos homo y heteromet\u00e1licos con 1,3,5-triaza-7-fosfaadamantanofosfina y sus derivados. N\u00famero de solicitud: 201600099. Inventores: Scalambra, Franco. Nuevos catalizadores para la met\u00e1tesis de olefinas en medio acuoso. N\u00famero de solicitud: P200502298. Inventores: Lidrissi, Chaker. Procedimiento de polimerizaci\u00f3n de vinil-derivados en solventes inorg\u00e1nicos y org\u00e1nicos. Inventores: Romerosa Nievas, Antonio Manuel. Reactor ... Leer m\u00e1s\" \/>\n<meta property=\"og:url\" content=\"https:\/\/www2.ual.es\/FQM-317\/patentes\/\" \/>\n<meta property=\"og:site_name\" content=\"FQM-317\" \/>\n<meta name=\"twitter:card\" content=\"summary_large_image\" \/>\n<meta name=\"twitter:label1\" content=\"Tiempo de lectura\" \/>\n\t<meta name=\"twitter:data1\" content=\"1 minuto\" \/>\n<script type=\"application\/ld+json\" class=\"yoast-schema-graph\">{\"@context\":\"https:\\\/\\\/schema.org\",\"@graph\":[{\"@type\":\"WebPage\",\"@id\":\"https:\\\/\\\/www2.ual.es\\\/FQM-317\\\/patentes\\\/\",\"url\":\"https:\\\/\\\/www2.ual.es\\\/FQM-317\\\/patentes\\\/\",\"name\":\"Patentes - FQM-317\",\"isPartOf\":{\"@id\":\"https:\\\/\\\/www2.ual.es\\\/FQM-317\\\/#website\"},\"datePublished\":\"2022-07-10T19:51:25+00:00\",\"breadcrumb\":{\"@id\":\"https:\\\/\\\/www2.ual.es\\\/FQM-317\\\/patentes\\\/#breadcrumb\"},\"inLanguage\":\"es\",\"potentialAction\":[{\"@type\":\"ReadAction\",\"target\":[\"https:\\\/\\\/www2.ual.es\\\/FQM-317\\\/patentes\\\/\"]}]},{\"@type\":\"BreadcrumbList\",\"@id\":\"https:\\\/\\\/www2.ual.es\\\/FQM-317\\\/patentes\\\/#breadcrumb\",\"itemListElement\":[{\"@type\":\"ListItem\",\"position\":1,\"name\":\"Portada\",\"item\":\"https:\\\/\\\/www2.ual.es\\\/FQM-317\\\/\"},{\"@type\":\"ListItem\",\"position\":2,\"name\":\"Patentes\"}]},{\"@type\":\"WebSite\",\"@id\":\"https:\\\/\\\/www2.ual.es\\\/FQM-317\\\/#website\",\"url\":\"https:\\\/\\\/www2.ual.es\\\/FQM-317\\\/\",\"name\":\"FQM-317\",\"description\":\"Bienvenido a la P\u00e1gina del Grupo de Investigaci\u00f3n de  Qu\u00edmica de Coordinaci\u00f3n, Organomet\u00e1lica y Fotoqu\u00edmica (FQM-317) de la Universidad de Almer\u00eda\",\"publisher\":{\"@id\":\"https:\\\/\\\/www2.ual.es\\\/FQM-317\\\/#organization\"},\"potentialAction\":[{\"@type\":\"SearchAction\",\"target\":{\"@type\":\"EntryPoint\",\"urlTemplate\":\"https:\\\/\\\/www2.ual.es\\\/FQM-317\\\/?s={search_term_string}\"},\"query-input\":{\"@type\":\"PropertyValueSpecification\",\"valueRequired\":true,\"valueName\":\"search_term_string\"}}],\"inLanguage\":\"es\"},{\"@type\":\"Organization\",\"@id\":\"https:\\\/\\\/www2.ual.es\\\/FQM-317\\\/#organization\",\"name\":\"FQM-317\",\"url\":\"https:\\\/\\\/www2.ual.es\\\/FQM-317\\\/\",\"logo\":{\"@type\":\"ImageObject\",\"inLanguage\":\"es\",\"@id\":\"https:\\\/\\\/www2.ual.es\\\/FQM-317\\\/#\\\/schema\\\/logo\\\/image\\\/\",\"url\":\"https:\\\/\\\/www2.ual.es\\\/FQM-317\\\/wp-content\\\/uploads\\\/2022\\\/07\\\/cropped-1.1-letras-blancas.png\",\"contentUrl\":\"https:\\\/\\\/www2.ual.es\\\/FQM-317\\\/wp-content\\\/uploads\\\/2022\\\/07\\\/cropped-1.1-letras-blancas.png\",\"width\":652,\"height\":358,\"caption\":\"FQM-317\"},\"image\":{\"@id\":\"https:\\\/\\\/www2.ual.es\\\/FQM-317\\\/#\\\/schema\\\/logo\\\/image\\\/\"}}]}<\/script>\n<!-- \/ Yoast SEO plugin. -->","yoast_head_json":{"title":"Patentes - FQM-317","robots":{"index":"index","follow":"follow","max-snippet":"max-snippet:-1","max-image-preview":"max-image-preview:large","max-video-preview":"max-video-preview:-1"},"canonical":"https:\/\/www2.ual.es\/FQM-317\/patentes\/","og_locale":"es_ES","og_type":"article","og_title":"Patentes - FQM-317","og_description":"Aditivaci\u00f3n de resinas epoxi mediante complejos polim\u00e9ricos homo y heteromet\u00e1licos con 1,3,5-triaza-7-fosfaadamantanofosfina y sus derivados. N\u00famero de solicitud: 201600099. Inventores: Scalambra, Franco. Nuevos catalizadores para la met\u00e1tesis de olefinas en medio acuoso. N\u00famero de solicitud: P200502298. Inventores: Lidrissi, Chaker. Procedimiento de polimerizaci\u00f3n de vinil-derivados en solventes inorg\u00e1nicos y org\u00e1nicos. Inventores: Romerosa Nievas, Antonio Manuel. Reactor ... Leer m\u00e1s","og_url":"https:\/\/www2.ual.es\/FQM-317\/patentes\/","og_site_name":"FQM-317","twitter_card":"summary_large_image","twitter_misc":{"Tiempo de lectura":"1 minuto"},"schema":{"@context":"https:\/\/schema.org","@graph":[{"@type":"WebPage","@id":"https:\/\/www2.ual.es\/FQM-317\/patentes\/","url":"https:\/\/www2.ual.es\/FQM-317\/patentes\/","name":"Patentes - FQM-317","isPartOf":{"@id":"https:\/\/www2.ual.es\/FQM-317\/#website"},"datePublished":"2022-07-10T19:51:25+00:00","breadcrumb":{"@id":"https:\/\/www2.ual.es\/FQM-317\/patentes\/#breadcrumb"},"inLanguage":"es","potentialAction":[{"@type":"ReadAction","target":["https:\/\/www2.ual.es\/FQM-317\/patentes\/"]}]},{"@type":"BreadcrumbList","@id":"https:\/\/www2.ual.es\/FQM-317\/patentes\/#breadcrumb","itemListElement":[{"@type":"ListItem","position":1,"name":"Portada","item":"https:\/\/www2.ual.es\/FQM-317\/"},{"@type":"ListItem","position":2,"name":"Patentes"}]},{"@type":"WebSite","@id":"https:\/\/www2.ual.es\/FQM-317\/#website","url":"https:\/\/www2.ual.es\/FQM-317\/","name":"FQM-317","description":"Bienvenido a la P\u00e1gina del Grupo de Investigaci\u00f3n de  Qu\u00edmica de Coordinaci\u00f3n, Organomet\u00e1lica y Fotoqu\u00edmica (FQM-317) de la Universidad de Almer\u00eda","publisher":{"@id":"https:\/\/www2.ual.es\/FQM-317\/#organization"},"potentialAction":[{"@type":"SearchAction","target":{"@type":"EntryPoint","urlTemplate":"https:\/\/www2.ual.es\/FQM-317\/?s={search_term_string}"},"query-input":{"@type":"PropertyValueSpecification","valueRequired":true,"valueName":"search_term_string"}}],"inLanguage":"es"},{"@type":"Organization","@id":"https:\/\/www2.ual.es\/FQM-317\/#organization","name":"FQM-317","url":"https:\/\/www2.ual.es\/FQM-317\/","logo":{"@type":"ImageObject","inLanguage":"es","@id":"https:\/\/www2.ual.es\/FQM-317\/#\/schema\/logo\/image\/","url":"https:\/\/www2.ual.es\/FQM-317\/wp-content\/uploads\/2022\/07\/cropped-1.1-letras-blancas.png","contentUrl":"https:\/\/www2.ual.es\/FQM-317\/wp-content\/uploads\/2022\/07\/cropped-1.1-letras-blancas.png","width":652,"height":358,"caption":"FQM-317"},"image":{"@id":"https:\/\/www2.ual.es\/FQM-317\/#\/schema\/logo\/image\/"}}]}},"_links":{"self":[{"href":"https:\/\/www2.ual.es\/FQM-317\/wp-json\/wp\/v2\/pages\/118","targetHints":{"allow":["GET"]}}],"collection":[{"href":"https:\/\/www2.ual.es\/FQM-317\/wp-json\/wp\/v2\/pages"}],"about":[{"href":"https:\/\/www2.ual.es\/FQM-317\/wp-json\/wp\/v2\/types\/page"}],"author":[{"embeddable":true,"href":"https:\/\/www2.ual.es\/FQM-317\/wp-json\/wp\/v2\/users\/1"}],"replies":[{"embeddable":true,"href":"https:\/\/www2.ual.es\/FQM-317\/wp-json\/wp\/v2\/comments?post=118"}],"version-history":[{"count":1,"href":"https:\/\/www2.ual.es\/FQM-317\/wp-json\/wp\/v2\/pages\/118\/revisions"}],"predecessor-version":[{"id":119,"href":"https:\/\/www2.ual.es\/FQM-317\/wp-json\/wp\/v2\/pages\/118\/revisions\/119"}],"wp:attachment":[{"href":"https:\/\/www2.ual.es\/FQM-317\/wp-json\/wp\/v2\/media?parent=118"}],"wp:term":[{"taxonomy":"category","embeddable":true,"href":"https:\/\/www2.ual.es\/FQM-317\/wp-json\/wp\/v2\/categories?post=118"},{"taxonomy":"post_tag","embeddable":true,"href":"https:\/\/www2.ual.es\/FQM-317\/wp-json\/wp\/v2\/tags?post=118"}],"curies":[{"name":"wp","href":"https:\/\/api.w.org\/{rel}","templated":true}]}}