{"id":110,"date":"2022-07-10T19:31:56","date_gmt":"2022-07-10T19:31:56","guid":{"rendered":"https:\/\/www2.ual.es\/FQM-317\/?page_id=110"},"modified":"2022-07-10T19:31:56","modified_gmt":"2022-07-10T19:31:56","slug":"tesis","status":"publish","type":"page","link":"https:\/\/www2.ual.es\/FQM-317\/tesis\/","title":{"rendered":"Tesis"},"content":{"rendered":"<ul>\n<li><strong>Complejos de ru(ii) con derivados de cp y fosfinas solubles en agua: propiedades catal\u00edticas.<\/strong><br \/>\nAutor\/a: Mallqui Ayala, Inocenta Mery.<br \/>\nFecha de presentaci\u00f3n: 2016.<br \/>\nDirectores\/as: Romerosa Nievas, Antonio Manuel.<\/li>\n<li><strong>Complejos hidrosolubles de rutenio con pta (1,3,5- triaza-7-phosphaadamantano) y derivados de cp (ciclopentadienilo): sintesis, caracterizaci\u00f3n y estudio de la actividad en procesos cataliticos.<\/strong><br \/>\nAutor\/a: Lidrissi , Chaker.<br \/>\nFecha de presentaci\u00f3n: 2016.<br \/>\nDirectores\/as: Romerosa Nievas, Antonio Manuel.<\/li>\n<li><strong>Reactividad de una resina epox\u00eddica con sales met\u00e1licas para su aplicaci\u00f3n en el sector de la piedra natural.<\/strong><br \/>\nAutor\/a: Sanchez Bajo, Lourdes.<br \/>\nFecha de presentaci\u00f3n: 2016.<br \/>\nDirectores\/as: Romerosa Nievas, Antonio Manuel.<\/li>\n<li><strong>Una nueva familia de materiales: los pol\u00edmeros heteroorganomet\u00e1licos ru-ru-m con puentes 1,3,5-triaza-7- adamantanofosfina \/ new materials: the backbone ru-ru-m organometallic polymers containing 1,3,5-triaza-7- phosphaadamantane.<\/strong><br \/>\nAutor\/a: Scalambra ., Franco.<br \/>\nFecha de presentaci\u00f3n: 2016.<br \/>\nDirectores\/as: Romerosa Nievas, Antonio Manuel.<\/li>\n<li><strong>S\u00edntesis de complejos derivados de purina con ru(ii) y fosfinas solubles en agua.<\/strong><br \/>\n<strong>Autor\/a: Segovia Torrente, Gaspar Francisco.<\/strong><br \/>\nFecha de presentaci\u00f3n: 2015.<br \/>\nDirectores\/as: Romerosa Nievas, Antonio Manuel.<\/li>\n<li><strong>S\u00edntesis de d\u00edmeros de ru(ii) como precursores de complejos poliheteromet\u00e1licos solubles en agua: estudio de sus propiedades fotoqu\u00edmicas y f\u00edsicas<\/strong>.<br \/>\nAutor\/a: Jadagayeva , Nazira.<br \/>\nFecha de presentaci\u00f3n: 2012.<br \/>\nDirectores\/as: Romerosa Nievas, Antonio Manuel.<\/li>\n<li><strong>Complejos met\u00e1licos solubles en agua con fosfinas derivadas de pta-dimetilado.<\/strong><br \/>\nAutor\/a: Mena Cruz, Adri\u00e1n.<br \/>\nFecha de presentaci\u00f3n: 2011.<br \/>\nDirectores\/as: Lorenzo Luis, Pablo Antonio; Romerosa Nievas, Antonio Manuel.<\/li>\n<li><strong>Complejos de rutenio solubles en agua con metil adamantano fosfina: estudio de sus propiedades catal\u00edticas.<\/strong><br \/>\nAutor\/a: Gonz\u00e1lez Del Castillo, Beatriz.<br \/>\nFecha de presentaci\u00f3n: 2010.<br \/>\nDirectores\/as: Lorenzo Luis, Pablo Antonio; Romerosa Nievas, Antonio Manuel.<\/li>\n<li><strong>S\u00edntesis de nuevos compuestos de coordinaci\u00f3n con ligandos multifuncionales con posibles propiedades catal\u00edticas.<\/strong><br \/>\nAutor\/a: Serrano Ruiz, Manuel.<br \/>\nFecha de presentaci\u00f3n: 2010.<br \/>\nDirectores\/as: Romerosa Nievas, Antonio Manuel.<\/li>\n<li><strong>Interacci\u00f3n purina\/complejos de ru(ii) con fosfinas solubles en agua. estudio de los compuestos resultantes.<\/strong><br \/>\nAutor\/a: Hajji , Lazhar.<br \/>\nFecha de presentaci\u00f3n: 2009.<br \/>\nDirectores\/as: Romerosa Nievas, Antonio Manuel; Saraiba Bello, Cristobal.<\/li>\n<li><strong>Funcionalizaci\u00f3n de acetilenos terminales mediante complejos de rutenio con fosfinas solubles en agua.<\/strong><br \/>\nAutor\/a: Saoud , Mustapha.<br \/>\nFecha de presentaci\u00f3n: 2006.<br \/>\nDirectores\/as: Romerosa Nievas, Antonio Manuel.<\/li>\n<li><strong>Procedimiento general para la s\u00edntesis de nuevas fosfinas quirales a partir de amino\u00e1cidos naturales: evaluaci\u00f3n de algunos de sus complejos de rodio, iridio y rutenio como mediadores en reacciones catal\u00edticas modelo.<\/strong><br \/>\nAutor\/a: Ciardi , Chiara.<br \/>\nFecha de presentaci\u00f3n: 2006.<br \/>\nDirectores\/as: Romerosa Nievas, Antonio Manuel.<\/li>\n<li><strong>S\u00edntesis de nuevos complejos de ciclopentadienil ru(ii) solubles en agua con posibles propiedades catal\u00edticas y biol\u00f3gicas.<\/strong><br \/>\nAutor\/a: Campos Malpartida, Tatiana.<br \/>\nFecha de presentaci\u00f3n: 2006.<br \/>\nDirectores\/as: Romerosa Nievas, Antonio Manuel.<\/li>\n<li><strong>S\u00edntesis y caracterizaci\u00f3n de nuevos complejos de coordinaci\u00f3n de ligandos multifuncionales. estudio de sus reacciones qu\u00edmicas y comportamiento en procesos qu\u00edmicos.<\/strong><br \/>\nAutor\/a: Saraiba Bello, Cristobal.<br \/>\nFecha de presentaci\u00f3n: 2003.<br \/>\nDirectores\/as: Romerosa Nievas, Antonio Manuel.<\/li>\n<li><strong>Estudio de la reactividad de f\u00f3sforo blanco y metales de transici\u00f3n.<\/strong><br \/>\nAutor\/a: Ma\u00f1as Carpio, Sonia.<br \/>\nFecha de presentaci\u00f3n: 2002.<br \/>\nDirectores\/as: Richter , Christoph; Romerosa Nievas, Antonio Manuel.<\/li>\n<\/ul>\n","protected":false},"excerpt":{"rendered":"<p>Complejos de ru(ii) con derivados de cp y fosfinas solubles en agua: propiedades catal\u00edticas. Autor\/a: Mallqui Ayala, Inocenta Mery. Fecha de presentaci\u00f3n: 2016. Directores\/as: Romerosa Nievas, Antonio Manuel. Complejos hidrosolubles de rutenio con pta (1,3,5- triaza-7-phosphaadamantano) y derivados de cp (ciclopentadienilo): sintesis, caracterizaci\u00f3n y estudio de la actividad en procesos cataliticos. Autor\/a: Lidrissi , Chaker. &#8230; <a title=\"Tesis\" class=\"read-more\" href=\"https:\/\/www2.ual.es\/FQM-317\/tesis\/\" aria-label=\"Leer m\u00e1s sobre Tesis\">Leer m\u00e1s<\/a><\/p>\n","protected":false},"author":1,"featured_media":0,"parent":0,"menu_order":0,"comment_status":"closed","ping_status":"closed","template":"","meta":{"footnotes":""},"categories":[],"tags":[],"class_list":["post-110","page","type-page","status-publish"],"yoast_head":"<!-- This site is optimized with the Yoast SEO plugin v27.3 - https:\/\/yoast.com\/product\/yoast-seo-wordpress\/ -->\n<title>Tesis - FQM-317<\/title>\n<meta name=\"robots\" content=\"index, follow, max-snippet:-1, max-image-preview:large, max-video-preview:-1\" \/>\n<link rel=\"canonical\" href=\"https:\/\/www2.ual.es\/FQM-317\/tesis\/\" \/>\n<meta property=\"og:locale\" content=\"es_ES\" \/>\n<meta property=\"og:type\" content=\"article\" \/>\n<meta property=\"og:title\" content=\"Tesis - FQM-317\" \/>\n<meta property=\"og:description\" content=\"Complejos de ru(ii) con derivados de cp y fosfinas solubles en agua: propiedades catal\u00edticas. Autor\/a: Mallqui Ayala, Inocenta Mery. Fecha de presentaci\u00f3n: 2016. Directores\/as: Romerosa Nievas, Antonio Manuel. Complejos hidrosolubles de rutenio con pta (1,3,5- triaza-7-phosphaadamantano) y derivados de cp (ciclopentadienilo): sintesis, caracterizaci\u00f3n y estudio de la actividad en procesos cataliticos. Autor\/a: Lidrissi , Chaker. ... Leer m\u00e1s\" \/>\n<meta property=\"og:url\" content=\"https:\/\/www2.ual.es\/FQM-317\/tesis\/\" \/>\n<meta property=\"og:site_name\" content=\"FQM-317\" \/>\n<meta name=\"twitter:card\" content=\"summary_large_image\" \/>\n<meta name=\"twitter:label1\" content=\"Tiempo de lectura\" \/>\n\t<meta name=\"twitter:data1\" content=\"3 minutos\" \/>\n<script type=\"application\/ld+json\" class=\"yoast-schema-graph\">{\"@context\":\"https:\\\/\\\/schema.org\",\"@graph\":[{\"@type\":\"WebPage\",\"@id\":\"https:\\\/\\\/www2.ual.es\\\/FQM-317\\\/tesis\\\/\",\"url\":\"https:\\\/\\\/www2.ual.es\\\/FQM-317\\\/tesis\\\/\",\"name\":\"Tesis - FQM-317\",\"isPartOf\":{\"@id\":\"https:\\\/\\\/www2.ual.es\\\/FQM-317\\\/#website\"},\"datePublished\":\"2022-07-10T19:31:56+00:00\",\"breadcrumb\":{\"@id\":\"https:\\\/\\\/www2.ual.es\\\/FQM-317\\\/tesis\\\/#breadcrumb\"},\"inLanguage\":\"es\",\"potentialAction\":[{\"@type\":\"ReadAction\",\"target\":[\"https:\\\/\\\/www2.ual.es\\\/FQM-317\\\/tesis\\\/\"]}]},{\"@type\":\"BreadcrumbList\",\"@id\":\"https:\\\/\\\/www2.ual.es\\\/FQM-317\\\/tesis\\\/#breadcrumb\",\"itemListElement\":[{\"@type\":\"ListItem\",\"position\":1,\"name\":\"Portada\",\"item\":\"https:\\\/\\\/www2.ual.es\\\/FQM-317\\\/\"},{\"@type\":\"ListItem\",\"position\":2,\"name\":\"Tesis\"}]},{\"@type\":\"WebSite\",\"@id\":\"https:\\\/\\\/www2.ual.es\\\/FQM-317\\\/#website\",\"url\":\"https:\\\/\\\/www2.ual.es\\\/FQM-317\\\/\",\"name\":\"FQM-317\",\"description\":\"Bienvenido a la P\u00e1gina del Grupo de Investigaci\u00f3n de  Qu\u00edmica de Coordinaci\u00f3n, Organomet\u00e1lica y Fotoqu\u00edmica (FQM-317) de la Universidad de Almer\u00eda\",\"publisher\":{\"@id\":\"https:\\\/\\\/www2.ual.es\\\/FQM-317\\\/#organization\"},\"potentialAction\":[{\"@type\":\"SearchAction\",\"target\":{\"@type\":\"EntryPoint\",\"urlTemplate\":\"https:\\\/\\\/www2.ual.es\\\/FQM-317\\\/?s={search_term_string}\"},\"query-input\":{\"@type\":\"PropertyValueSpecification\",\"valueRequired\":true,\"valueName\":\"search_term_string\"}}],\"inLanguage\":\"es\"},{\"@type\":\"Organization\",\"@id\":\"https:\\\/\\\/www2.ual.es\\\/FQM-317\\\/#organization\",\"name\":\"FQM-317\",\"url\":\"https:\\\/\\\/www2.ual.es\\\/FQM-317\\\/\",\"logo\":{\"@type\":\"ImageObject\",\"inLanguage\":\"es\",\"@id\":\"https:\\\/\\\/www2.ual.es\\\/FQM-317\\\/#\\\/schema\\\/logo\\\/image\\\/\",\"url\":\"https:\\\/\\\/www2.ual.es\\\/FQM-317\\\/wp-content\\\/uploads\\\/2022\\\/07\\\/cropped-1.1-letras-blancas.png\",\"contentUrl\":\"https:\\\/\\\/www2.ual.es\\\/FQM-317\\\/wp-content\\\/uploads\\\/2022\\\/07\\\/cropped-1.1-letras-blancas.png\",\"width\":652,\"height\":358,\"caption\":\"FQM-317\"},\"image\":{\"@id\":\"https:\\\/\\\/www2.ual.es\\\/FQM-317\\\/#\\\/schema\\\/logo\\\/image\\\/\"}}]}<\/script>\n<!-- \/ Yoast SEO plugin. -->","yoast_head_json":{"title":"Tesis - FQM-317","robots":{"index":"index","follow":"follow","max-snippet":"max-snippet:-1","max-image-preview":"max-image-preview:large","max-video-preview":"max-video-preview:-1"},"canonical":"https:\/\/www2.ual.es\/FQM-317\/tesis\/","og_locale":"es_ES","og_type":"article","og_title":"Tesis - FQM-317","og_description":"Complejos de ru(ii) con derivados de cp y fosfinas solubles en agua: propiedades catal\u00edticas. Autor\/a: Mallqui Ayala, Inocenta Mery. Fecha de presentaci\u00f3n: 2016. Directores\/as: Romerosa Nievas, Antonio Manuel. Complejos hidrosolubles de rutenio con pta (1,3,5- triaza-7-phosphaadamantano) y derivados de cp (ciclopentadienilo): sintesis, caracterizaci\u00f3n y estudio de la actividad en procesos cataliticos. Autor\/a: Lidrissi , Chaker. ... Leer m\u00e1s","og_url":"https:\/\/www2.ual.es\/FQM-317\/tesis\/","og_site_name":"FQM-317","twitter_card":"summary_large_image","twitter_misc":{"Tiempo de lectura":"3 minutos"},"schema":{"@context":"https:\/\/schema.org","@graph":[{"@type":"WebPage","@id":"https:\/\/www2.ual.es\/FQM-317\/tesis\/","url":"https:\/\/www2.ual.es\/FQM-317\/tesis\/","name":"Tesis - FQM-317","isPartOf":{"@id":"https:\/\/www2.ual.es\/FQM-317\/#website"},"datePublished":"2022-07-10T19:31:56+00:00","breadcrumb":{"@id":"https:\/\/www2.ual.es\/FQM-317\/tesis\/#breadcrumb"},"inLanguage":"es","potentialAction":[{"@type":"ReadAction","target":["https:\/\/www2.ual.es\/FQM-317\/tesis\/"]}]},{"@type":"BreadcrumbList","@id":"https:\/\/www2.ual.es\/FQM-317\/tesis\/#breadcrumb","itemListElement":[{"@type":"ListItem","position":1,"name":"Portada","item":"https:\/\/www2.ual.es\/FQM-317\/"},{"@type":"ListItem","position":2,"name":"Tesis"}]},{"@type":"WebSite","@id":"https:\/\/www2.ual.es\/FQM-317\/#website","url":"https:\/\/www2.ual.es\/FQM-317\/","name":"FQM-317","description":"Bienvenido a la P\u00e1gina del Grupo de Investigaci\u00f3n de  Qu\u00edmica de Coordinaci\u00f3n, Organomet\u00e1lica y Fotoqu\u00edmica (FQM-317) de la Universidad de Almer\u00eda","publisher":{"@id":"https:\/\/www2.ual.es\/FQM-317\/#organization"},"potentialAction":[{"@type":"SearchAction","target":{"@type":"EntryPoint","urlTemplate":"https:\/\/www2.ual.es\/FQM-317\/?s={search_term_string}"},"query-input":{"@type":"PropertyValueSpecification","valueRequired":true,"valueName":"search_term_string"}}],"inLanguage":"es"},{"@type":"Organization","@id":"https:\/\/www2.ual.es\/FQM-317\/#organization","name":"FQM-317","url":"https:\/\/www2.ual.es\/FQM-317\/","logo":{"@type":"ImageObject","inLanguage":"es","@id":"https:\/\/www2.ual.es\/FQM-317\/#\/schema\/logo\/image\/","url":"https:\/\/www2.ual.es\/FQM-317\/wp-content\/uploads\/2022\/07\/cropped-1.1-letras-blancas.png","contentUrl":"https:\/\/www2.ual.es\/FQM-317\/wp-content\/uploads\/2022\/07\/cropped-1.1-letras-blancas.png","width":652,"height":358,"caption":"FQM-317"},"image":{"@id":"https:\/\/www2.ual.es\/FQM-317\/#\/schema\/logo\/image\/"}}]}},"_links":{"self":[{"href":"https:\/\/www2.ual.es\/FQM-317\/wp-json\/wp\/v2\/pages\/110","targetHints":{"allow":["GET"]}}],"collection":[{"href":"https:\/\/www2.ual.es\/FQM-317\/wp-json\/wp\/v2\/pages"}],"about":[{"href":"https:\/\/www2.ual.es\/FQM-317\/wp-json\/wp\/v2\/types\/page"}],"author":[{"embeddable":true,"href":"https:\/\/www2.ual.es\/FQM-317\/wp-json\/wp\/v2\/users\/1"}],"replies":[{"embeddable":true,"href":"https:\/\/www2.ual.es\/FQM-317\/wp-json\/wp\/v2\/comments?post=110"}],"version-history":[{"count":1,"href":"https:\/\/www2.ual.es\/FQM-317\/wp-json\/wp\/v2\/pages\/110\/revisions"}],"predecessor-version":[{"id":111,"href":"https:\/\/www2.ual.es\/FQM-317\/wp-json\/wp\/v2\/pages\/110\/revisions\/111"}],"wp:attachment":[{"href":"https:\/\/www2.ual.es\/FQM-317\/wp-json\/wp\/v2\/media?parent=110"}],"wp:term":[{"taxonomy":"category","embeddable":true,"href":"https:\/\/www2.ual.es\/FQM-317\/wp-json\/wp\/v2\/categories?post=110"},{"taxonomy":"post_tag","embeddable":true,"href":"https:\/\/www2.ual.es\/FQM-317\/wp-json\/wp\/v2\/tags?post=110"}],"curies":[{"name":"wp","href":"https:\/\/api.w.org\/{rel}","templated":true}]}}