{"id":1492,"date":"2022-12-27T18:44:47","date_gmt":"2022-12-27T18:44:47","guid":{"rendered":"http:\/\/www2.ual.es\/Abdera\/?page_id=1492"},"modified":"2022-12-27T18:44:47","modified_gmt":"2022-12-27T18:44:47","slug":"turaniana","status":"publish","type":"page","link":"https:\/\/www2.ual.es\/Abdera\/contratos\/turaniana\/","title":{"rendered":"Turaniana"},"content":{"rendered":"\n<p class=\"has-medium-font-size\"><strong>Proyecto de intervenci\u00f3n arqueol\u00f3gica puntual en el yacimiento arqueol\u00f3gico de Turaniana (La Algaida \u2013 Los Bajos de Roquetas de Mar, Almer\u00eda)<\/strong><\/p>\n","protected":false},"excerpt":{"rendered":"<p>Proyecto de intervenci\u00f3n arqueol\u00f3gica puntual en el yacimiento arqueol\u00f3gico de Turaniana (La Algaida \u2013 Los Bajos de Roquetas de Mar, Almer\u00eda)<\/p>\n","protected":false},"author":1,"featured_media":0,"parent":1214,"menu_order":0,"comment_status":"closed","ping_status":"closed","template":"","meta":{"footnotes":""},"class_list":["post-1492","page","type-page","status-publish","czr-hentry"],"_links":{"self":[{"href":"https:\/\/www2.ual.es\/Abdera\/wp-json\/wp\/v2\/pages\/1492","targetHints":{"allow":["GET"]}}],"collection":[{"href":"https:\/\/www2.ual.es\/Abdera\/wp-json\/wp\/v2\/pages"}],"about":[{"href":"https:\/\/www2.ual.es\/Abdera\/wp-json\/wp\/v2\/types\/page"}],"author":[{"embeddable":true,"href":"https:\/\/www2.ual.es\/Abdera\/wp-json\/wp\/v2\/users\/1"}],"replies":[{"embeddable":true,"href":"https:\/\/www2.ual.es\/Abdera\/wp-json\/wp\/v2\/comments?post=1492"}],"version-history":[{"count":2,"href":"https:\/\/www2.ual.es\/Abdera\/wp-json\/wp\/v2\/pages\/1492\/revisions"}],"predecessor-version":[{"id":1495,"href":"https:\/\/www2.ual.es\/Abdera\/wp-json\/wp\/v2\/pages\/1492\/revisions\/1495"}],"up":[{"embeddable":true,"href":"https:\/\/www2.ual.es\/Abdera\/wp-json\/wp\/v2\/pages\/1214"}],"wp:attachment":[{"href":"https:\/\/www2.ual.es\/Abdera\/wp-json\/wp\/v2\/media?parent=1492"}],"curies":[{"name":"wp","href":"https:\/\/api.w.org\/{rel}","templated":true}]}}