{"id":1220,"date":"2022-12-26T09:08:26","date_gmt":"2022-12-26T09:08:26","guid":{"rendered":"http:\/\/www2.ual.es\/Abdera\/?page_id=1220"},"modified":"2022-12-27T16:45:42","modified_gmt":"2022-12-27T16:45:42","slug":"colaboraciones","status":"publish","type":"page","link":"https:\/\/www2.ual.es\/Abdera\/colaboraciones\/","title":{"rendered":"Colaboraciones"},"content":{"rendered":"\n<p>El grupo de investigaci\u00f3n colabora activamente con numerosos investigadores y grupos de investigaci\u00f3n nacionales e internacionales, entre los que destacan:<\/p>\n\n\n\n<p class=\"has-medium-font-size\"><strong>Grupos de investigaci\u00f3n nacionales<\/strong><\/p>\n\n\n\n<ul class=\"wp-block-list\">\n<li>Patrimonio Hist\u00f3rico de Andaluc\u00eda en la Antig\u00fcedad, Unidad de Geodetecci\u00f3n, An\u00e1lisis y Georreferenciaci\u00f3n del Patrimonio Hist\u00f3rico del IVAGRO (<a href=\"https:\/\/produccioncientifica.uca.es\/grupos\/7809\/detalle\" target=\"_blank\" rel=\"noreferrer noopener\">HUM240<\/a> &#8211; Universidad de C\u00e1diz, IP Dr. L\u00e1zaro Gabriel Lag\u00f3stena Barrios)<\/li>\n\n\n\n<li>Autom\u00e1tica, Rob\u00f3tica y Mecatr\u00f3nica (<a href=\"http:\/\/arm.ual.es\" target=\"_blank\" rel=\"noreferrer noopener\">TEP197<\/a> &#8211; Universidad de Almer\u00eda, IP Dr. Manuel Berenguel Soria)<\/li>\n\n\n\n<li>Gesti\u00f3n integrada del territorio y tecnolog\u00edas de la informaci\u00f3n espacial (RNM368, Universidad de Almer\u00eda, IP Fernando Aguilar Torres)<\/li>\n\n\n\n<li>Laboratorio de Investigaci\u00f3n en Percepci\u00f3n y Reconstrucci\u00f3n Digital 3D (<a href=\"https:\/\/arm.ual.es\/arm-group\/facilities-and-infrastructures\/3d-lab\/\" target=\"_blank\" rel=\"noreferrer noopener\">3DLAB<\/a>, IP Fernando Aguilar Torres, Manuel Berenguel Soria)<\/li>\n\n\n\n<li><a href=\"http:\/\/cchs.csic.es\/es\/research-group\/arqueologia-medioambiental\" target=\"_blank\" rel=\"noreferrer noopener\">Arqueolog\u00eda Medioambiental<\/a> (Departamento de Arqueolog\u00eda y Procesos Sociales del Instituto de Historia del CSIC, Madrid. IP Dr. Jos\u00e9 Antonio L\u00f3pez S\u00e1ez)<\/li>\n\n\n\n<li>Grupo de Investigaci\u00f3n AREA-\u00c0rea de Recerca en Estudis de l&#8217;Antiguitat (2005SGR-00991, Universitat Aut\u00f2noma de Barcelona, IP Dr. Oriol Olesti)<\/li>\n\n\n\n<li><a rel=\"noreferrer noopener\" href=\"https:\/\/www.uam.es\/uam\/investigacion\/grupos-de-investigacion\/detalle\/f1-398\" target=\"_blank\">Laboratorio de Arqueozoolog\u00eda<\/a> en el Departamento de Biolog\u00eda de la Universidad Aut\u00f3noma de Madrid (Director Dr. Arturo Morales Mu\u00f1iz)<\/li>\n\n\n\n<li><a href=\"https:\/\/caai.ujaen.es\/contactos\/rodriguez-ariza-oliva\" target=\"_blank\" rel=\"noreferrer noopener\">Instituto Universitario de Investigaci\u00f3n en Arqueolog\u00eda Ib\u00e9rica<\/a> de la Universidad de Ja\u00e9n (Investigadora Dra. Mar\u00eda Oliva Rodr\u00edguez Ariza)<\/li>\n\n\n\n<li>Grup de Recerca sobre l&#8217;Arqueologia de la Complexitat i els Processos d&#8217;Evoluci\u00f3 social de la Universitat de Barcelona (Dras. Marisol Madrid i Fern\u00e1ndez y Roberta Mentesana)<\/li>\n\n\n\n<li>Centro Nacional de Aceleradores de Sevilla (Dr. Francisco Javier Santos Ar\u00e9valo)<\/li>\n\n\n\n<li>Biotecnolog\u00eda de Microalgas Marinas (<a rel=\"noreferrer noopener\" href=\"https:\/\/www.ual.es\/investigacion\/investiga\/grupos\/area\/grupo\/BIO\/BIO173\" target=\"_blank\">BIO173<\/a> &#8211; Universidad de Almer\u00eda, Investigadora Martina Ciardi)<\/li>\n\n\n\n<li>Ecohidrologia y restauracion de tierras aridas (<a rel=\"noreferrer noopener\" href=\"https:\/\/brujula.ual.es\/research-groups\/140-ecohidrologia-y-restauracion-de-tierras-aridas\" target=\"_blank\">RNM-917<\/a>, Universidad de Almer\u00eda, IP Dra. Yolanda Cant\u00f3n Castilla)<\/li>\n<\/ul>\n\n\n\n<hr class=\"wp-block-separator has-alpha-channel-opacity\"\/>\n\n\n\n<p class=\"has-medium-font-size\"><strong>Grupos de investigaci\u00f3n internacionales<\/strong><\/p>\n\n\n\n<ul class=\"wp-block-list\">\n<li>Groupe international de recherches sur l&#8217;esclavage dans l&#8217;antiquit\u00e9 (GIREA) de la Universit\u00e9 de Franche-Comt\u00e9<\/li>\n\n\n\n<li>CEREGE center (Center Europ\u00e9en de Recherche et d&#8217;Enseignement des G\u00e9osciences de l&#8217;Environnement, Dr. Morhange de la Universit\u00e8 Aix-Marseille)<\/li>\n\n\n\n<li>TOLETUM (Netzwerk zur Erforschung der Iberischen Halbinsel in der Antike\/Red para la investigaci\u00f3n sobre la Pen\u00ednsula Ib\u00e9rica en la Antig\u00fcedad) dirigido por los Drs. Sabine Panzram (Universit\u00e4t Hamburg) y Markus Trunk (Universit\u00e4t Trier)<\/li>\n<\/ul>\n\n\n\n<hr class=\"wp-block-separator has-alpha-channel-opacity\"\/>\n\n\n\n<p class=\"has-medium-font-size\"><strong>Investigadores colaboradores<\/strong><\/p>\n\n\n\n<ul class=\"wp-block-list\">\n<li>Nicol\u00e1s Su\u00e1rez de Urbina Chapman (Arque\u00f3logo colaborador)<\/li>\n\n\n\n<li>Diego Moreno Lampreave (Bi\u00f3logo marino y experto en malacolog\u00eda, Delegaci\u00f3n de Desarrollo Sostenible-Almer\u00eda, Socio de la Sociedad Espa\u00f1ola de Malacolog\u00eda y vocal de Junta Directiva).<\/li>\n\n\n\n<li>Bel\u00e9n Alem\u00e1n Ochotorena (Arque\u00f3loga colaboradora)<\/li>\n\n\n\n<li>Sonia Garc\u00eda Mart\u00ednez (Arque\u00f3loga colaboradora)<\/li>\n<\/ul>\n\n\n\n<hr class=\"wp-block-separator has-alpha-channel-opacity\"\/>\n\n\n\n<p class=\"has-medium-font-size\"><strong>Colaboraciones con empresas o sectores socioecon\u00f3micos<\/strong><\/p>\n\n\n\n<ul class=\"wp-block-list\">\n<li>Delegaci\u00f3n Territorial de Cultura y Patrimonio Hist\u00f3rico de la Junta de Andaluc\u00eda en Almer\u00eda. Esta colaboraci\u00f3n ha permitido:\n<ul class=\"wp-block-list\">\n<li>Obtener los permisos para realizar las prospecciones no invasivas a trav\u00e9s del proyecto: \u201cEstudio de yacimientos de ribera desde la Prehistoria a la Edad Media en la provincia de Almer\u00eda mediante t\u00e9cnicas de prospecci\u00f3n no invasivas\u201d (IP: Dra. L\u00f3pez Medina UAL), con el permiso de la Consejer\u00eda de Cultura de la Junta de Andaluc\u00eda con fecha 6 de noviembre de 2018 (EXPTE: 2018_PT_01).<\/li>\n\n\n\n<li>Desarrollar el contrato de investigaci\u00f3n: Documentaci\u00f3n T\u00e9cnica Inscrip. C.G.P.H.A. Complejo Hidr\u00e1ulico Rambla de Carcauz. Entidad financiadora: Consejer\u00eda de Cultura y Patrimonio Hist\u00f3rico-Delegaci\u00f3n Territorial de Almer\u00eda. Contrato de Organismo P\u00fablico. Expte. adjudicaci\u00f3n: CONTR 2021 0000576709. IP. M\u00aa Juana L\u00f3pez Medina.<\/li>\n<\/ul>\n<\/li>\n\n\n\n<li>Delegaci\u00f3n Territorial de Agricultura, Ganader\u00eda, Pesca y Desarrollo Sostenible de la Junta de Andaluc\u00eda en Almer\u00eda, en relaci\u00f3n con los tr\u00e1mites para poder prospectar los yacimientos de Torregarc\u00eda y Paraje de Casa Fuerte del Toyo.<\/li>\n\n\n\n<li>Parque Natural Cabo de Gata-N\u00edjar: nos ha permitido prospectar en yacimiento de Torregarc\u00eda y extraer las columnas de sedimentos de Las Salinas, Rambla Morales y Rambla de la Amoladeras.<\/li>\n\n\n\n<li>Servicio Provincial de Costas del Ministerio para la Transici\u00f3n Ecol\u00f3gica en Almer\u00eda, en relaci\u00f3n a las prospecciones no invasivas de Torregarc\u00eda y Paraje de Casa Fuerte del Toyo.<\/li>\n\n\n\n<li>Ayuntamiento de Roquetas de Mar: lo que nos ha permitido poder realizar excavaciones en el yacimiento de Turaniana a trav\u00e9s de la obtenci\u00f3n del contrato de investigaci\u00f3n: Proyecto de estudio de Turaniana (Torrequebrada-Los Bajos de Roquetas de Mar, Almer\u00eda). Entidad financiadora: Ayuntamiento de Roquetas de Mar (Almer\u00eda). Contrato de Organismo P\u00fablico. Expte. adjudicaci\u00f3n: 2020\/21313. IP. M\u00aa Juana L\u00f3pez Medina.<\/li>\n\n\n\n<li>Ayuntamiento de Felix: nos ha facilitado las labores de prospecci\u00f3n en el Complejo Hidr\u00e1ulico de la Rambla de Carcauz.<\/li>\n\n\n\n<li>Ayuntamiento de V\u00edcar: nos ha facilitado las labores de prospecci\u00f3n en el Complejo Hidr\u00e1ulico de la Rambla de Carcauz, as\u00ed como nos ha permitido consultar toda la informaci\u00f3n sobre yacimientos arqueol\u00f3gicos del t\u00e9rmino municipal (Casablanca, Cuernotoro, yacimiento arg\u00e1rico de V\u00edcar).<\/li>\n\n\n\n<li>Ayuntamiento de Benahadux: nos ha facilitado las labores de prospecci\u00f3n no invasiva en el yacimiento del Cerro del Pared\u00f3n (Urci).<\/li>\n\n\n\n<li>Ayuntamiento de Pechina: ha contribuido a facilitar las labores de prospecci\u00f3n no invasiva en Bayyana.<\/li>\n<\/ul>\n\n\n\n<hr class=\"wp-block-separator has-alpha-channel-opacity\"\/>\n","protected":false},"excerpt":{"rendered":"<p>El grupo de investigaci\u00f3n colabora activamente con numerosos investigadores y grupos de investigaci\u00f3n nacionales e internacionales, entre los que destacan: Grupos de investigaci\u00f3n nacionales Grupos de investigaci\u00f3n internacionales Investigadores colaboradores Colaboraciones con empresas o sectores socioecon\u00f3micos<\/p>\n","protected":false},"author":1,"featured_media":0,"parent":0,"menu_order":0,"comment_status":"closed","ping_status":"closed","template":"","meta":{"footnotes":""},"class_list":["post-1220","page","type-page","status-publish","czr-hentry"],"_links":{"self":[{"href":"https:\/\/www2.ual.es\/Abdera\/wp-json\/wp\/v2\/pages\/1220","targetHints":{"allow":["GET"]}}],"collection":[{"href":"https:\/\/www2.ual.es\/Abdera\/wp-json\/wp\/v2\/pages"}],"about":[{"href":"https:\/\/www2.ual.es\/Abdera\/wp-json\/wp\/v2\/types\/page"}],"author":[{"embeddable":true,"href":"https:\/\/www2.ual.es\/Abdera\/wp-json\/wp\/v2\/users\/1"}],"replies":[{"embeddable":true,"href":"https:\/\/www2.ual.es\/Abdera\/wp-json\/wp\/v2\/comments?post=1220"}],"version-history":[{"count":10,"href":"https:\/\/www2.ual.es\/Abdera\/wp-json\/wp\/v2\/pages\/1220\/revisions"}],"predecessor-version":[{"id":1488,"href":"https:\/\/www2.ual.es\/Abdera\/wp-json\/wp\/v2\/pages\/1220\/revisions\/1488"}],"wp:attachment":[{"href":"https:\/\/www2.ual.es\/Abdera\/wp-json\/wp\/v2\/media?parent=1220"}],"curies":[{"name":"wp","href":"https:\/\/api.w.org\/{rel}","templated":true}]}}