{"id":1219,"date":"2022-12-26T09:08:26","date_gmt":"2022-12-26T09:08:26","guid":{"rendered":"http:\/\/www2.ual.es\/Abdera\/?page_id=1219"},"modified":"2022-12-26T19:29:23","modified_gmt":"2022-12-26T19:29:23","slug":"posibilidades-de-colaboracion","status":"publish","type":"page","link":"https:\/\/www2.ual.es\/Abdera\/posibilidades-de-colaboracion\/","title":{"rendered":"Posibilidades de colaboraci\u00f3n con el grupo"},"content":{"rendered":"\n<p>En breve se publicar\u00e1 un documento estableciendo las distintas modalidades de cooperaci\u00f3n de estudiantes en las actividades del grupo de investigaci\u00f3n.<\/p>\n","protected":false},"excerpt":{"rendered":"<p>En breve se publicar\u00e1 un documento estableciendo las distintas modalidades de cooperaci\u00f3n de estudiantes en las actividades del grupo de investigaci\u00f3n.<\/p>\n","protected":false},"author":1,"featured_media":0,"parent":0,"menu_order":0,"comment_status":"closed","ping_status":"closed","template":"","meta":{"footnotes":""},"class_list":["post-1219","page","type-page","status-publish","czr-hentry"],"_links":{"self":[{"href":"https:\/\/www2.ual.es\/Abdera\/wp-json\/wp\/v2\/pages\/1219","targetHints":{"allow":["GET"]}}],"collection":[{"href":"https:\/\/www2.ual.es\/Abdera\/wp-json\/wp\/v2\/pages"}],"about":[{"href":"https:\/\/www2.ual.es\/Abdera\/wp-json\/wp\/v2\/types\/page"}],"author":[{"embeddable":true,"href":"https:\/\/www2.ual.es\/Abdera\/wp-json\/wp\/v2\/users\/1"}],"replies":[{"embeddable":true,"href":"https:\/\/www2.ual.es\/Abdera\/wp-json\/wp\/v2\/comments?post=1219"}],"version-history":[{"count":3,"href":"https:\/\/www2.ual.es\/Abdera\/wp-json\/wp\/v2\/pages\/1219\/revisions"}],"predecessor-version":[{"id":1392,"href":"https:\/\/www2.ual.es\/Abdera\/wp-json\/wp\/v2\/pages\/1219\/revisions\/1392"}],"wp:attachment":[{"href":"https:\/\/www2.ual.es\/Abdera\/wp-json\/wp\/v2\/media?parent=1219"}],"curies":[{"name":"wp","href":"https:\/\/api.w.org\/{rel}","templated":true}]}}