{"id":1218,"date":"2022-12-26T09:08:26","date_gmt":"2022-12-26T09:08:26","guid":{"rendered":"http:\/\/www2.ual.es\/Abdera\/?page_id=1218"},"modified":"2022-12-26T18:47:54","modified_gmt":"2022-12-26T18:47:54","slug":"oferta-de-tfes","status":"publish","type":"page","link":"https:\/\/www2.ual.es\/Abdera\/oferta-de-tfes\/","title":{"rendered":"Oferta de TFEs"},"content":{"rendered":"\n<p>L\u00edneas en las que los miembros del grupo de investigaci\u00f3n ofertan TFEs<\/p>\n\n\n\n<figure class=\"wp-block-table is-style-stripes\"><table><tbody><tr><td><strong>Directora\/a<\/strong><\/td><td><strong>Tema<\/strong><\/td><td><strong>Observaciones<\/strong><\/td><\/tr><tr><td>Escoriza Mateu, Mar\u00eda Trinidad<\/td><td>Arqueolog\u00eda Andina, Arqueolog\u00eda del Sudeste Ib\u00e9rico, Arqueolog\u00eda Feminista y de las Mujeres, Teor\u00eda Feminista<\/td><td><\/td><\/tr><tr><td>Garc\u00eda Pardo, Manuela<\/td><td>Poblamiento medieval; Las mujeres medievales.<\/td><td>Oferta cuatro plazas con codirecci\u00f3n de Francisco Jos\u00e9 Diaz Marcilla (Historia social y cultural de la Edad Media; Poblamiento medieval; Las mujeres medievales)<\/td><\/tr><tr><td>L\u00f3pez Medina, Mar\u00eda Juana<\/td><td>Desigualdades sociales en el mundo romano, Historia de la Pen\u00ednsula Ib\u00e9rica desde la conquista romana hasta la Antig\u00fcedad Tard\u00eda, Historia de Roma<\/td><td>Oferta dos plazas sin codirecci\u00f3n y 3 con Enrique Arag\u00f3n N\u00fa\u00f1ez como codirector(Cultura Mar\u00edtima en el mundo romano; Historia Mar\u00edtima de la Pen\u00ednsula Ib\u00e9rica desde la conquista romana hasta la Antig\u00fcedad Tard\u00eda; Historia Mar\u00edtima de Roma.)<\/td><\/tr><tr><td>Moreno M\u00e1rquez, Adolfo<\/td><td>Prehistoria de la Pen\u00ednsula Ib\u00e9rica. Arqueolog\u00eda funeraria durante la Prehistoria reciente. Estudio de las desigualdades sociales a trav\u00e9s del an\u00e1lisis de los registros funerarios durante la Prehistoria reciente.<\/td><td><\/td><\/tr><tr><td>Rom\u00e1n D\u00edaz, Mar\u00eda de la Paz<\/td><td>Sociedades campesinas de la Prehistoria; Arqueolog\u00eda Prehist\u00f3rica; Sociedades prehist\u00f3ricas del sureste de la Pen\u00ednsula Ib\u00e9rica; Reconstrucci\u00f3n paleoambiental a partir de diversas fuentes de informaci\u00f3n; Aplicaci\u00f3n de t\u00e9cnicas no invasivas en Arqueolog\u00eda.<\/td><td>Oferta tres plazas con codirecci\u00f3n de Francisco Javier Medianero Soto como codirector (An\u00e1lisis y puesta en valor del patrimonio arqueol\u00f3gico; Poblamiento de sociedades cazadoras-recolectoras; Paisajes de la Prehistoria Almeriense)<\/td><\/tr><tr><td>Salinas Pleguezuelo, Mar\u00eda Elena<\/td><td>Arqueolog\u00eda medieval en el Sur peninsular; Cultura material en la Edad Media; \u00abal-Andalus\u00bb<\/td><td><\/td><\/tr><\/tbody><\/table><\/figure>\n","protected":false},"excerpt":{"rendered":"<p>L\u00edneas en las que los miembros del grupo de investigaci\u00f3n ofertan TFEs Directora\/a Tema Observaciones Escoriza Mateu, Mar\u00eda Trinidad Arqueolog\u00eda Andina, Arqueolog\u00eda del Sudeste Ib\u00e9rico, Arqueolog\u00eda Feminista y de las Mujeres, Teor\u00eda Feminista Garc\u00eda Pardo, Manuela Poblamiento medieval; Las mujeres medievales. Oferta cuatro plazas con codirecci\u00f3n de Francisco Jos\u00e9 Diaz Marcilla (Historia social y cultural [&hellip;]<\/p>\n","protected":false},"author":1,"featured_media":0,"parent":0,"menu_order":0,"comment_status":"closed","ping_status":"closed","template":"","meta":{"footnotes":""},"class_list":["post-1218","page","type-page","status-publish","czr-hentry"],"_links":{"self":[{"href":"https:\/\/www2.ual.es\/Abdera\/wp-json\/wp\/v2\/pages\/1218","targetHints":{"allow":["GET"]}}],"collection":[{"href":"https:\/\/www2.ual.es\/Abdera\/wp-json\/wp\/v2\/pages"}],"about":[{"href":"https:\/\/www2.ual.es\/Abdera\/wp-json\/wp\/v2\/types\/page"}],"author":[{"embeddable":true,"href":"https:\/\/www2.ual.es\/Abdera\/wp-json\/wp\/v2\/users\/1"}],"replies":[{"embeddable":true,"href":"https:\/\/www2.ual.es\/Abdera\/wp-json\/wp\/v2\/comments?post=1218"}],"version-history":[{"count":2,"href":"https:\/\/www2.ual.es\/Abdera\/wp-json\/wp\/v2\/pages\/1218\/revisions"}],"predecessor-version":[{"id":1376,"href":"https:\/\/www2.ual.es\/Abdera\/wp-json\/wp\/v2\/pages\/1218\/revisions\/1376"}],"wp:attachment":[{"href":"https:\/\/www2.ual.es\/Abdera\/wp-json\/wp\/v2\/media?parent=1218"}],"curies":[{"name":"wp","href":"https:\/\/api.w.org\/{rel}","templated":true}]}}