{"id":1217,"date":"2022-12-26T09:08:26","date_gmt":"2022-12-26T09:08:26","guid":{"rendered":"http:\/\/www2.ual.es\/Abdera\/?page_id=1217"},"modified":"2022-12-26T19:28:26","modified_gmt":"2022-12-26T19:28:26","slug":"eventos","status":"publish","type":"page","link":"https:\/\/www2.ual.es\/Abdera\/eventos\/","title":{"rendered":"Eventos"},"content":{"rendered":"\n<hr class=\"wp-block-separator has-alpha-channel-opacity\"\/>\n\n\n\n<p class=\"has-medium-font-size\"><strong>Noche de los investigadores 2022 &#8211; Entre tierra, aire y mar: la investigaci\u00f3n en arqueolog\u00eda<\/strong><\/p>\n\n\n\n<p>Grupo de investigaci\u00f3n Abdera<\/p>\n\n\n\n<p>30 de septiembre de 2022 <\/p>\n\n\n\n<div class=\"wp-block-media-text alignwide is-stacked-on-mobile\"><figure class=\"wp-block-media-text__media\"><img loading=\"lazy\" decoding=\"async\" width=\"1024\" height=\"768\" src=\"http:\/\/www2.ual.es\/Abdera\/wp-content\/uploads\/2022\/12\/IMG_1209-1024x768.jpg\" alt=\"\" class=\"wp-image-1388 size-full\" srcset=\"https:\/\/www2.ual.es\/Abdera\/wp-content\/uploads\/2022\/12\/IMG_1209-1024x768.jpg 1024w, https:\/\/www2.ual.es\/Abdera\/wp-content\/uploads\/2022\/12\/IMG_1209-300x225.jpg 300w, https:\/\/www2.ual.es\/Abdera\/wp-content\/uploads\/2022\/12\/IMG_1209-768x576.jpg 768w, https:\/\/www2.ual.es\/Abdera\/wp-content\/uploads\/2022\/12\/IMG_1209-1536x1152.jpg 1536w, https:\/\/www2.ual.es\/Abdera\/wp-content\/uploads\/2022\/12\/IMG_1209-2048x1536.jpg 2048w\" sizes=\"auto, (max-width: 1024px) 100vw, 1024px\" \/><\/figure><div class=\"wp-block-media-text__content\">\n<p>La Noche de los Investigadores ser\u00e1 aprovechada por el grupo de investigaci\u00f3n ABDERA para difundir los diferentes aspectos que la Arqueolog\u00eda del Paisaje abarca (por tierra, aire y mar) permitiendo mostrar a la ciudadan\u00eda la relevancia del estudio del pasado para entender nuestro presente y actuar en el futuro.<\/p>\n\n\n\n<p>Las sociedades humanas est\u00e1n transformando los paisajes a un ritmo y escala cada vez mayores en todo el mundo. Para comprender las causas y las consecuencias de estas transformaciones y contribuir a la construcci\u00f3n de un futuro sostenible, la Arqueolog\u00eda del Paisaje debe avanzar hacia marcos emp\u00edricos y te\u00f3ricos que integren la comprensi\u00f3n de la interacci\u00f3n del ser humano con su medio. \u00a0<\/p>\n\n\n\n<ul class=\"wp-block-list\">\n<li><\/li>\n<\/ul>\n<\/div><\/div>\n\n\n\n<p>Por lo tanto, el proyecto expositivo propuesto para la Noche de los Investigadores busca cubrir un n\u00famero de objetivos:<\/p>\n\n\n\n<ul class=\"wp-block-list\">\n<li><strong>Dise\u00f1ar estrategias de comunicaci\u00f3n atractivas al p\u00fablico.<\/strong>&nbsp;Se establecer\u00e1 un proceso comunicador orientado a transmitir la informaci\u00f3n contenida en los diferentes objetos expuestos y que, adem\u00e1s, sea capaz de impactar y atraer a los distintos tipos de p\u00fablico: familiar, escolar, docente, adulto y experto.<\/li>\n\n\n\n<li><strong>Impulsar la educaci\u00f3n y la ense\u00f1anza.<\/strong>&nbsp;La exposici\u00f3n contendr\u00e1 elementos que permitan al visitante adquirir conocimientos espec\u00edficos de la tem\u00e1tica tratada, a trav\u00e9s de una serie de explicaciones o experiencias que predispongan al espectador a acercarse a la Arqueolog\u00eda, apoyada por las fuentes escritas, y los trabajos desarrollados por el grupo de investigaci\u00f3n ABDERA.<\/li>\n\n\n\n<li><strong>Fomentar la adquisici\u00f3n de conocimientos.<\/strong>&nbsp;A trav\u00e9s de una propuesta expositiva atractiva, amena y de f\u00e1cil comprensi\u00f3n, el visitante puede conocer de primera mano los procesos hist\u00f3ricos y naturales que caracterizan a la provincia de Almer\u00eda.<\/li>\n\n\n\n<li><strong>Promover el inter\u00e9s por la Arqueolog\u00eda del Paisaje y el uso de nuevas tecnolog\u00edas.<\/strong>&nbsp;Explicar el espacio de Almer\u00eda y su realidad hist\u00f3rica a trav\u00e9s de su Patrimonio Arqueol\u00f3gico y Documental material e inmaterial. Mostrar como las nuevas tecnolog\u00edas ayudan a este proceso.<\/li>\n\n\n\n<li><strong>Dar a conocer la actividad cient\u00edfica del grupo de investigaci\u00f3n ABDERA<\/strong>&nbsp;en sus diferentes proyectos: a trav\u00e9s de la puesta en valor de los trabajos realizados en diferentes puntos de la Provincia de Almer\u00eda.<\/li>\n\n\n\n<li><strong>Motivar el cuidado y el respeto por el patrimonio arqueol\u00f3gico, unido al documental<\/strong>, creando una conciencia social en torno a la necesidad de proteger y conservar este patrimonio a trav\u00e9s de la divulgaci\u00f3n cient\u00edfica y la realizaci\u00f3n de actividades did\u00e1cticas.<\/li>\n<\/ul>\n\n\n\n<hr class=\"wp-block-separator has-alpha-channel-opacity\"\/>\n\n\n\n<p class=\"has-medium-font-size\"><strong>Seminario Torregarc\u00eda, agua y purpura: Historia arqueol\u00f3gica de un yacimiento de ribera<\/strong><\/p>\n\n\n\n<p>Organizan: Mar\u00eda Juana L\u00f3pez Medina, Mar\u00eda de la Paz Rom\u00e1n D\u00edaz, Manuela Garc\u00eda Pardo<\/p>\n\n\n\n<p>25 y 26 de mayo de 2022<\/p>\n\n\n\n<div class=\"wp-block-media-text alignwide is-stacked-on-mobile\"><figure class=\"wp-block-media-text__media\"><img loading=\"lazy\" decoding=\"async\" width=\"835\" height=\"1024\" src=\"http:\/\/www2.ual.es\/Abdera\/wp-content\/uploads\/2022\/12\/torre2-835x1024.png\" alt=\"\" class=\"wp-image-1390 size-full\" srcset=\"https:\/\/www2.ual.es\/Abdera\/wp-content\/uploads\/2022\/12\/torre2-835x1024.png 835w, https:\/\/www2.ual.es\/Abdera\/wp-content\/uploads\/2022\/12\/torre2-245x300.png 245w, https:\/\/www2.ual.es\/Abdera\/wp-content\/uploads\/2022\/12\/torre2-768x942.png 768w, https:\/\/www2.ual.es\/Abdera\/wp-content\/uploads\/2022\/12\/torre2-1253x1536.png 1253w, https:\/\/www2.ual.es\/Abdera\/wp-content\/uploads\/2022\/12\/torre2-1670x2048.png 1670w, https:\/\/www2.ual.es\/Abdera\/wp-content\/uploads\/2022\/12\/torre2.png 1684w\" sizes=\"auto, (max-width: 835px) 100vw, 835px\" \/><\/figure><div class=\"wp-block-media-text__content\">\n<p>Esta actividad se desarrolla en el marco del Proyecto \u00abAprovechamiento y uso del agua en contextos de ribera en el Sureste peninsular desde la Prehistoria a la Edad Media (AQVA)\u00bb (Ref. UAL18-HUM-C010-A) de la convocatoria de Proyectos de Investigaci\u00f3n I+D+k UAL-FEDER 2018.<\/p>\n\n\n\n<p><br>Mediante \u00e9sta tratamos de revalorizar el yacimiento de Torregarc\u00eda (Parque Natural Cabo de Gata-N\u00edjar), un importante asentamiento romano vinculado a la producci\u00f3n del tinte purpura (uno de los m\u00e1s preciados de la Antig\u00fcedad, y que ha sido muy poco estudiado en el Sureste peninsular).<\/p>\n\n\n\n<p><br>En \u00e9ste llevamos trabajando desde el a\u00f1o 2018 un equipo formado por miembros de las Universidades de Almer\u00eda y C\u00e1diz. Se han realizado prospecciones no invasivas, cuyos resultados se presentan en este seminario.<\/p>\n<\/div><\/div>\n\n\n\n<hr class=\"wp-block-separator has-alpha-channel-opacity\"\/>\n","protected":false},"excerpt":{"rendered":"<p>Noche de los investigadores 2022 &#8211; Entre tierra, aire y mar: la investigaci\u00f3n en arqueolog\u00eda Grupo de investigaci\u00f3n Abdera 30 de septiembre de 2022 Por lo tanto, el proyecto expositivo propuesto para la Noche de los Investigadores busca cubrir un n\u00famero de objetivos: Seminario Torregarc\u00eda, agua y purpura: Historia arqueol\u00f3gica de un yacimiento de ribera [&hellip;]<\/p>\n","protected":false},"author":1,"featured_media":0,"parent":0,"menu_order":0,"comment_status":"closed","ping_status":"closed","template":"","meta":{"footnotes":""},"class_list":["post-1217","page","type-page","status-publish","czr-hentry"],"_links":{"self":[{"href":"https:\/\/www2.ual.es\/Abdera\/wp-json\/wp\/v2\/pages\/1217","targetHints":{"allow":["GET"]}}],"collection":[{"href":"https:\/\/www2.ual.es\/Abdera\/wp-json\/wp\/v2\/pages"}],"about":[{"href":"https:\/\/www2.ual.es\/Abdera\/wp-json\/wp\/v2\/types\/page"}],"author":[{"embeddable":true,"href":"https:\/\/www2.ual.es\/Abdera\/wp-json\/wp\/v2\/users\/1"}],"replies":[{"embeddable":true,"href":"https:\/\/www2.ual.es\/Abdera\/wp-json\/wp\/v2\/comments?post=1217"}],"version-history":[{"count":2,"href":"https:\/\/www2.ual.es\/Abdera\/wp-json\/wp\/v2\/pages\/1217\/revisions"}],"predecessor-version":[{"id":1391,"href":"https:\/\/www2.ual.es\/Abdera\/wp-json\/wp\/v2\/pages\/1217\/revisions\/1391"}],"wp:attachment":[{"href":"https:\/\/www2.ual.es\/Abdera\/wp-json\/wp\/v2\/media?parent=1217"}],"curies":[{"name":"wp","href":"https:\/\/api.w.org\/{rel}","templated":true}]}}