{"id":1216,"date":"2022-12-26T09:08:26","date_gmt":"2022-12-26T09:08:26","guid":{"rendered":"http:\/\/www2.ual.es\/Abdera\/?page_id=1216"},"modified":"2022-12-27T15:57:52","modified_gmt":"2022-12-27T15:57:52","slug":"organizacion-de-congresos","status":"publish","type":"page","link":"https:\/\/www2.ual.es\/Abdera\/organizacion-de-congresos\/","title":{"rendered":"Organizaci\u00f3n de congresos"},"content":{"rendered":"\n<p><strong>1st. International Conference Land and Sea:<br>Organisation and Occupation of the Landscape of the Southeast of Iberian Peninsula during the Ancient-Medieval world and its Mediterranean context. 1st.-2nd. September 2022- University of Almeria<\/strong><\/p>\n\n\n\n<p><strong>Organising Committee<\/strong><\/p>\n\n\n\n<p>M\u00aa Juana L\u00f3pez Medina, Manuela Garc\u00eda Pardo, Enrique Arag\u00f3n N\u00fa\u00f1ez, Patricia Ana Arg\u00fcelles \u00c1lvarez, Francisco Jos\u00e9 D\u00edaz Marcilla<br><\/p>\n\n\n\n<p><strong>Scientific Committee<\/strong><\/p>\n\n\n\n<p>Dr. B\u00e1rbara Boloix Gallardo (University of Granada)<br>Dr. Katarina Jerbic (Flinders University of South Australia)<br>Dr. Luis Ram\u00f3n Men\u00e9ndez Bueyes (University of Salamanca)<br>Dr. Diego Piay Augusto (University of Oviedo)<br>Dr. Catarina Tente (University of Nova Lisboa)<br>Dr. Dolores Villalba Sola (University of Granada)<br>Dr. Liu Xing (Science and Technology University of the Southwest of Sichuan)<br>Panagiotis Athanasopoulos, M.A. (Danish Institute at Athens\/University of Ljubljana)<\/p>\n\n\n\n<div class=\"wp-block-media-text alignwide is-stacked-on-mobile\" style=\"grid-template-columns:34% auto\"><figure class=\"wp-block-media-text__media\"><a href=\"https:\/\/youtu.be\/cmv-1ZWthok\" target=\"_blank\" rel=\"noreferrer noopener\"><img loading=\"lazy\" decoding=\"async\" width=\"669\" height=\"1024\" src=\"http:\/\/www2.ual.es\/Abdera\/wp-content\/uploads\/2022\/12\/tierra-mar-669x1024.png\" alt=\"\" class=\"wp-image-1385 size-full\" srcset=\"https:\/\/www2.ual.es\/Abdera\/wp-content\/uploads\/2022\/12\/tierra-mar-669x1024.png 669w, https:\/\/www2.ual.es\/Abdera\/wp-content\/uploads\/2022\/12\/tierra-mar-196x300.png 196w, https:\/\/www2.ual.es\/Abdera\/wp-content\/uploads\/2022\/12\/tierra-mar-768x1175.png 768w, https:\/\/www2.ual.es\/Abdera\/wp-content\/uploads\/2022\/12\/tierra-mar-1004x1536.png 1004w, https:\/\/www2.ual.es\/Abdera\/wp-content\/uploads\/2022\/12\/tierra-mar-1338x2048.png 1338w, https:\/\/www2.ual.es\/Abdera\/wp-content\/uploads\/2022\/12\/tierra-mar.png 1374w\" sizes=\"auto, (max-width: 669px) 100vw, 669px\" \/><\/a><\/figure><div class=\"wp-block-media-text__content\">\n<p><strong>Guest speakers<\/strong><br><\/p>\n\n\n\n<p>Dr. Christophe A. Morhange<br>Adjunct teacher of universities of physic geography, geomorphology and geoarcheology AMU (ALLSH)-CEREGE (Centre de Recherche et d\u00b4Enseignement de G\u00e9osciences de l\u00b4Environnement ). Head of the \u00c9cole Pratique des Hautes Etudes (EPHE-SHP). Chair of the achaeosciences and environment history PSLAOROC (Arch\u00e9ologie &amp; Philologie d\u00b4Orient et d\u00b4Occident). Senior honorific member of the Institut Universitaire de France (IUF).<\/p>\n\n\n\n<p>Dr. L\u00e1zaro Lag\u00f3stena Barrios<br>Chair of Ancient History of the University of C\u00e1diz. Head of the Unit of Remote Sensing of the University of C\u00e1diz. Member of the Instituto de investigaci\u00f3n vitivin\u00edcola y agroalimentario IVAGRO. Coordinator of the Seminario Agust\u00edn de Horozco de Estudios econ\u00f3micos de Historia Antigua y Medieval.<br><\/p>\n\n\n\n<p><br>This conference aims to create synergy from a multidisciplinary perspective in studying the landscape of Almeria for Roman-medieval chronologies. We understand landscape both in its land and maritime context. Therefore, this seminar&#8217;s two main axes of study will be the land and the sea. The proposed objectives will be, firstly, to define the land communication infrastructures in Roman times, as well as their continuity in medieval chronologies. Thus secondly, to highlight the spatial analysis concerning population dynamics, with a particular interest in the medieval occupation (foundational stage of the city of Almer\u00eda), with the alterations of anthropisation and changes in ecosystems.<br>Likewise, the research results on coastal dynamics, intertidal changes, coastlines and the management and exploitation of riverbanks in antiquity and the Middle Ages in the Almeria region and the south-east of the peninsula, in general, will be presented. Thirdly, the seminar aims to address how this management and exploitation of the territory is codified in written sources, both documentary and literary, serving as a guiding principle for communities at both regional and local levels, allowing us to delve into the historical study of contemporary intervention in the sustainability of landscapes in biological systems that remain productive over time in their chronological context.<br><\/p>\n<\/div><\/div>\n\n\n\n<hr class=\"wp-block-separator has-alpha-channel-opacity\"\/>\n","protected":false},"excerpt":{"rendered":"<p>1st. International Conference Land and Sea:Organisation and Occupation of the Landscape of the Southeast of Iberian Peninsula during the Ancient-Medieval world and its Mediterranean context. 1st.-2nd. September 2022- University of Almeria Organising Committee M\u00aa Juana L\u00f3pez Medina, Manuela Garc\u00eda Pardo, Enrique Arag\u00f3n N\u00fa\u00f1ez, Patricia Ana Arg\u00fcelles \u00c1lvarez, Francisco Jos\u00e9 D\u00edaz Marcilla Scientific Committee Dr. B\u00e1rbara [&hellip;]<\/p>\n","protected":false},"author":1,"featured_media":0,"parent":0,"menu_order":0,"comment_status":"closed","ping_status":"closed","template":"","meta":{"footnotes":""},"class_list":["post-1216","page","type-page","status-publish","czr-hentry"],"_links":{"self":[{"href":"https:\/\/www2.ual.es\/Abdera\/wp-json\/wp\/v2\/pages\/1216","targetHints":{"allow":["GET"]}}],"collection":[{"href":"https:\/\/www2.ual.es\/Abdera\/wp-json\/wp\/v2\/pages"}],"about":[{"href":"https:\/\/www2.ual.es\/Abdera\/wp-json\/wp\/v2\/types\/page"}],"author":[{"embeddable":true,"href":"https:\/\/www2.ual.es\/Abdera\/wp-json\/wp\/v2\/users\/1"}],"replies":[{"embeddable":true,"href":"https:\/\/www2.ual.es\/Abdera\/wp-json\/wp\/v2\/comments?post=1216"}],"version-history":[{"count":3,"href":"https:\/\/www2.ual.es\/Abdera\/wp-json\/wp\/v2\/pages\/1216\/revisions"}],"predecessor-version":[{"id":1484,"href":"https:\/\/www2.ual.es\/Abdera\/wp-json\/wp\/v2\/pages\/1216\/revisions\/1484"}],"wp:attachment":[{"href":"https:\/\/www2.ual.es\/Abdera\/wp-json\/wp\/v2\/media?parent=1216"}],"curies":[{"name":"wp","href":"https:\/\/api.w.org\/{rel}","templated":true}]}}