{"id":1209,"date":"2022-12-26T09:08:26","date_gmt":"2022-12-26T09:08:26","guid":{"rendered":"http:\/\/www2.ual.es\/Abdera\/?page_id=1209"},"modified":"2022-12-26T17:25:01","modified_gmt":"2022-12-26T17:25:01","slug":"lineas-de-investigacion","status":"publish","type":"page","link":"https:\/\/www2.ual.es\/Abdera\/lineas-de-investigacion\/","title":{"rendered":"L\u00edneas de investigaci\u00f3n"},"content":{"rendered":"\n<ul class=\"wp-block-list\">\n<li>An\u00e1lisis del poblamiento en el sur peninsular durante la Edad Media.<\/li>\n\n\n\n<li>Aplicaci\u00f3n de t\u00e9cnicas de prospecci\u00f3n no invasivas a yacimientos arqueol\u00f3gicos.<\/li>\n\n\n\n<li>Aprovechamiento, control y gesti\u00f3n del agua en el sur peninsular desde la Prehistoria a la Edad Media.<\/li>\n\n\n\n<li>Arqueolog\u00eda Feminista.<\/li>\n\n\n\n<li>Din\u00e1mica socioecon\u00f3mica de las poblaciones pre y protohist\u00f3ricas del sur peninsular.<\/li>\n\n\n\n<li>Estudio y conservaci\u00f3n del patrimonio hist\u00f3rico y arqueol\u00f3gico de Andaluc\u00eda.<\/li>\n\n\n\n<li>Implantaci\u00f3n romana en el sur peninsular y su transformaci\u00f3n en el mundo medieval.<\/li>\n\n\n\n<li>Relaci\u00f3n sociedad-medioambiente desde la Prehistoria a la Edad Media.<\/li>\n<\/ul>\n","protected":false},"excerpt":{"rendered":"","protected":false},"author":1,"featured_media":0,"parent":0,"menu_order":0,"comment_status":"closed","ping_status":"closed","template":"","meta":{"footnotes":""},"class_list":["post-1209","page","type-page","status-publish","czr-hentry"],"_links":{"self":[{"href":"https:\/\/www2.ual.es\/Abdera\/wp-json\/wp\/v2\/pages\/1209","targetHints":{"allow":["GET"]}}],"collection":[{"href":"https:\/\/www2.ual.es\/Abdera\/wp-json\/wp\/v2\/pages"}],"about":[{"href":"https:\/\/www2.ual.es\/Abdera\/wp-json\/wp\/v2\/types\/page"}],"author":[{"embeddable":true,"href":"https:\/\/www2.ual.es\/Abdera\/wp-json\/wp\/v2\/users\/1"}],"replies":[{"embeddable":true,"href":"https:\/\/www2.ual.es\/Abdera\/wp-json\/wp\/v2\/comments?post=1209"}],"version-history":[{"count":3,"href":"https:\/\/www2.ual.es\/Abdera\/wp-json\/wp\/v2\/pages\/1209\/revisions"}],"predecessor-version":[{"id":1334,"href":"https:\/\/www2.ual.es\/Abdera\/wp-json\/wp\/v2\/pages\/1209\/revisions\/1334"}],"wp:attachment":[{"href":"https:\/\/www2.ual.es\/Abdera\/wp-json\/wp\/v2\/media?parent=1209"}],"curies":[{"name":"wp","href":"https:\/\/api.w.org\/{rel}","templated":true}]}}