{"id":1157,"date":"2022-07-18T17:23:36","date_gmt":"2022-07-18T17:23:36","guid":{"rendered":"http:\/\/www2.ual.es\/AQVA\/?page_id=1157"},"modified":"2022-12-26T18:36:58","modified_gmt":"2022-12-26T18:36:58","slug":"proyecto-aqva","status":"publish","type":"page","link":"https:\/\/www2.ual.es\/Abdera\/","title":{"rendered":"ABDERA"},"content":{"rendered":"\n<figure class=\"wp-block-image size-full is-resized\"><img loading=\"lazy\" decoding=\"async\" src=\"http:\/\/www2.ual.es\/Abdera\/wp-content\/uploads\/2022\/12\/Portada1-1.png\" alt=\"\" class=\"wp-image-1260\" width=\"1009\" height=\"344\" srcset=\"https:\/\/www2.ual.es\/Abdera\/wp-content\/uploads\/2022\/12\/Portada1-1.png 640w, https:\/\/www2.ual.es\/Abdera\/wp-content\/uploads\/2022\/12\/Portada1-1-300x102.png 300w\" sizes=\"auto, (max-width: 1009px) 100vw, 1009px\" \/><\/figure>\n\n\n\n<p class=\"has-medium-font-size\"><strong>GRUPO DE INVESTIGACION\u00a0<em>ABDERA<br><\/em><\/strong><em><br><\/em><small>Organismo: Universidad de Almer\u00eda<\/small><br><small>C\u00f3digo: HUM145<\/small><\/p>\n\n\n\n<p>El grupo de investigaci\u00f3n ABDERA pertenece al \u00e1rea tem\u00e1tica \u00abHumanidades\u00bb del Plan Andaluz de Investigaci\u00f3n con c\u00f3digo HUM145. Es un grupo dedicado a la investigaci\u00f3n, recuperaci\u00f3n y difusi\u00f3n del patrimonio hist\u00f3rico, que desarrolla gran parte de sus actividades en el sur de la Pen\u00ednsula Ib\u00e9rica. Sus principales l\u00edneas de investigaci\u00f3n son:<\/p>\n\n\n\n<ul class=\"wp-block-list\">\n<li>An\u00e1lisis del poblamiento en el sur peninsular durante la Edad Media.<\/li>\n\n\n\n<li>Aplicaci\u00f3n de t\u00e9cnicas de prospecci\u00f3n no invasivas a yacimientos arqueol\u00f3gicos.<\/li>\n\n\n\n<li>Aprovechamiento, control y gesti\u00f3n del agua en el sur peninsular desde la Prehistoria a la Edad Media.<\/li>\n\n\n\n<li>Arqueolog\u00eda Feminista.<\/li>\n\n\n\n<li>Din\u00e1mica socioecon\u00f3mica de las poblaciones pre y protohist\u00f3ricas del sur peninsular.<\/li>\n\n\n\n<li>Estudio y conservaci\u00f3n del patrimonio hist\u00f3rico y arqueol\u00f3gico de Andaluc\u00eda.<\/li>\n\n\n\n<li>Implantaci\u00f3n romana en el sur peninsular y su transformaci\u00f3n en el mundo medieval.<\/li>\n\n\n\n<li>Relaci\u00f3n sociedad-medioambiente desde la Prehistoria a la Edad Media.<\/li>\n<\/ul>\n\n\n\n<hr class=\"wp-block-separator has-alpha-channel-opacity\"\/>\n\n\n\n<p><strong>Noticias recientes<\/strong><\/p>\n\n\n\n<p><\/p>\n","protected":false},"excerpt":{"rendered":"<p>GRUPO DE INVESTIGACION\u00a0ABDERAOrganismo: Universidad de Almer\u00edaC\u00f3digo: HUM145 El grupo de investigaci\u00f3n ABDERA pertenece al \u00e1rea tem\u00e1tica \u00abHumanidades\u00bb del Plan Andaluz de Investigaci\u00f3n con c\u00f3digo HUM145. Es un grupo dedicado a la investigaci\u00f3n, recuperaci\u00f3n y difusi\u00f3n del patrimonio hist\u00f3rico, que desarrolla gran parte de sus actividades en el sur de la Pen\u00ednsula Ib\u00e9rica. Sus principales l\u00edneas [&hellip;]<\/p>\n","protected":false},"author":1,"featured_media":0,"parent":0,"menu_order":0,"comment_status":"closed","ping_status":"closed","template":"","meta":{"footnotes":""},"class_list":["post-1157","page","type-page","status-publish","czr-hentry"],"_links":{"self":[{"href":"https:\/\/www2.ual.es\/Abdera\/wp-json\/wp\/v2\/pages\/1157","targetHints":{"allow":["GET"]}}],"collection":[{"href":"https:\/\/www2.ual.es\/Abdera\/wp-json\/wp\/v2\/pages"}],"about":[{"href":"https:\/\/www2.ual.es\/Abdera\/wp-json\/wp\/v2\/types\/page"}],"author":[{"embeddable":true,"href":"https:\/\/www2.ual.es\/Abdera\/wp-json\/wp\/v2\/users\/1"}],"replies":[{"embeddable":true,"href":"https:\/\/www2.ual.es\/Abdera\/wp-json\/wp\/v2\/comments?post=1157"}],"version-history":[{"count":5,"href":"https:\/\/www2.ual.es\/Abdera\/wp-json\/wp\/v2\/pages\/1157\/revisions"}],"predecessor-version":[{"id":1374,"href":"https:\/\/www2.ual.es\/Abdera\/wp-json\/wp\/v2\/pages\/1157\/revisions\/1374"}],"wp:attachment":[{"href":"https:\/\/www2.ual.es\/Abdera\/wp-json\/wp\/v2\/media?parent=1157"}],"curies":[{"name":"wp","href":"https:\/\/api.w.org\/{rel}","templated":true}]}}