{"id":41,"date":"2024-04-22T15:22:17","date_gmt":"2024-04-22T15:22:17","guid":{"rendered":"http:\/\/www2.ual.es\/14camd\/?page_id=41"},"modified":"2025-01-16T13:27:46","modified_gmt":"2025-01-16T11:27:46","slug":"programa","status":"publish","type":"page","link":"https:\/\/www2.ual.es\/14camd\/programa\/","title":{"rendered":"PROGRAMA"},"content":{"rendered":"\n\nLugar de celebraci\u00f3n: <a href=\"https:\/\/www.google.com\/maps?ll=36.830464,-2.402798&#038;z=16&#038;t=m&#038;hl=es&#038;gl=ES&#038;mapclient=embed&#038;cid=11236659919933583583\" target=\"_blank\">Sala de Conferencias de la Facultad de Ciencias Econ\u00f3micas y Empresariales.<\/a>\n\n<hr>\n\n<a href=\"https:\/\/www2.ual.es\/14camd\/wp-content\/uploads\/2025\/01\/actas.pdf\" target=\"_blank\">Libro de actas del XIV Encuentro Andaluz de Matem\u00e1tica Discreta.<\/a>\n\n<hr>\n\n<div class=\"tg-wrap\">\n<table class=\"tg\">\n  <thead>\n  <tr>\n    <th class=\"tg-j1i3\"><\/th>\n    <th class=\"tg-j1i3\">Mi\u00e9rcoles d\u00eda 22 de enero<\/th>\n  <\/tr>\n  <\/thead>\n<tbody>\n\n    <tr>\n    <td class=\"tg-buh4\" width=\"100px\">16:00 &#8211; 16:30<\/td>\n    <td class=\"tg-d459\" rowspan=1>Entrega de documentaci\u00f3n<\/td>\n  <\/tr>\n  <tr>\n    <td class=\"tg-buh4\" width=\"100px\">16:30 &#8211; 16:45<\/td>\n    <td class=\"tg-d459\" rowspan=1>Apertura<\/td>\n  <\/tr>\n  <tr>\n    <td class=\"tg-buh4\">16:50 &#8211; 17:10<\/td>\n    <td class=\"tg-0lax\">\n    Dorota Kuziak &#8211; <b><a href=\"https:\/\/drive.google.com\/file\/d\/1DjBtMQmy2RNdfmoXFTn2P7qc3hwhe7R6\/view?usp=sharing\" target=\"_blank\">The weak k-metric dimension of Hamming graphs<\/a><\/b>\n    <\/td>\n  <\/tr>\n  <tr>\n    <td class=\"tg-buh4\">17:15 &#8211; 17:35<\/td>\n    <td class=\"tg-0lax\">\n    Mar\u00eda Jos\u00e9 Jim\u00e9nez Jim\u00e9nez &#8211; <b><a href=\"https:\/\/drive.google.com\/file\/d\/1uKlgch3UJpDjqqTl99We8PpfvaZOXykr\/view?usp=sharing\" target=\"_blank\">Estudio de Caminos Aleatorios con M-matrices<\/a><\/b>\n    <\/td>\n  <\/tr>\n  <tr>\n    <td class=\"tg-buh4\">17:40 &#8211; 18:15<\/td>\n    <td class=\"tg-d459\" rowspan=1>Caf\u00e9<\/td>\n  <\/tr>\n  <tr>\n    <td class=\"tg-buh4\">18:20 &#8211; 18:40<\/td>\n    <td class=\"tg-0lax\">\n     \u00c1lvaro Mart\u00ednez P\u00e9rez &#8211; <b><a href=\"https:\/\/drive.google.com\/file\/d\/1GMcQM5pLLW7T4NXHdTdFd27NULSK4mpC\/view?usp=drive_link\" target=\"_blank\">Desigualdad isoperim\u00e9trica lineal, p-parabolicidad y m\u00e9tricas\ndoblantes en grafos<\/a><\/b>\n    <\/td>\n  <\/tr>\n  <tr>\n    <td class=\"tg-buh4\">18:45 &#8211; 19:05<\/td>\n    <td class=\"tg-0lax\">\n    Desamparados Fern\u00e1ndez Ternero &#8211; <b><a href=\"https:\/\/drive.google.com\/file\/d\/1vcBEADwRWrsKOiWRhD2-RFIpnm4QKC2X\/view?usp=sharing\" target=\"_blank\">Some results on Graphic Topology defined on Tournaments\n    <\/a><\/b>\n    <\/td>\n  <\/tr>\n  <tr>\n    <td class=\"tg-buh4\">19:10 &#8211; 19:30<\/td>\n    <td class=\"tg-0lax\">\n    Juan \u00c1ngel Aledo S\u00e1nchez &#8211; <b><a href=\"https:\/\/drive.google.com\/file\/d\/12GKISTL3TIUQwc2vjzK51bsQRxtQr28Z\/view?usp=sharing\" target=\"_blank\">On the orbital structure of MAX and MIN synchronous multi-state networks<\/a><\/b>\n    <\/td>\n  <\/tr>\n<\/tbody>\n<\/table>\n<\/div>\n\n<div class=\"tg-wrap\">\n<table class=\"tg\">\n  <thead>\n  <tr>\n    <th class=\"tg-j1i3\"><\/th>\n    <th class=\"tg-j1i3\">Jueves d\u00eda 23 de enero<\/th>\n  <\/tr>\n  <\/thead>\n<tbody>\n  <tr>\n    <td class=\"tg-btxf\" width=\"100px\">09:30 &#8211; 10:20<\/td>\n    <td class=\"tg-0lax\">\n     Juan Carlos Valenzuela &#8211; <b><a href=\"https:\/\/drive.google.com\/file\/d\/1jj6t9yTXNjvilvRqbvhdOko76bk7spYK\/view?usp=sharing\" target=\"_blank\">Visibilidad mutua con restricci\u00f3n de distancias<\/a><\/b>\n    <\/td>\n  <\/tr>\n  <tr>\n    <td class=\"tg-btxf\">10:30 &#8211; 11:05<\/td>\n    <td class=\"tg-d459\">Caf\u00e9<\/td>\n  <\/tr>\n  <tr>\n    <td class=\"tg-btxf\">11:15 &#8211; 11:35<\/td>\n    <td class=\"tg-0lax\">\n     Cristina Santamar\u00eda Navarro &#8211; <b><a href=\"https:\/\/drive.google.com\/file\/d\/1z58Y7HGNvSjJRdtku1TLvYb7e5WstDjr\/view?usp=sharing\" target=\"_blank\">Exploring Biological Processes in the framework of Boolean Networks<\/a><\/b>\n    <\/td>\n  <\/tr>\n  <tr>\n    <td class=\"tg-btxf\">11:40 &#8211; 12:00<\/td>\n    <td class=\"tg-0lax\">\n     Andr\u00e9s Encinas Bachiller &#8211; <b><a href=\"https:\/\/drive.google.com\/file\/d\/1NbYDvN_LI_SsA_VZbOLr-2MrPGpFTF5x\/view?usp=sharing\" target=\"_blank\">Sobre el espectro de matrices de Jacobi casi-Toeplitz\n<\/a><\/b>\n    <\/td>\n  <\/tr>\n  <tr>\n    <td class=\"tg-btxf\">12:00 &#8211; 12:15<\/td>\n    <td class=\"tg-d459\">Descanso<\/td>\n  <\/tr>\n  <tr>\n    <td class=\"tg-btxf\">12:15 &#8211; 12:35<\/td>\n    <td class=\"tg-0lax\">\n     Ismael G. Yero &#8211; <b><a href=\"https:\/\/drive.google.com\/file\/d\/1z2dtTWnzrhntveQhg4DEEofHeN9N9E99\/view?usp=sharing\" target=\"_blank\">Variety of mutual-visibility problems on graphs of diameter two<\/a><\/b>\n    <\/td>\n  <\/tr>\n  <tr>\n    <td class=\"tg-btxf\">12:40 &#8211; 13:00<\/td>\n    <td class=\"tg-0lax\">\n     Emmanuel Briand &#8211; <b><a href=\"https:\/\/drive.google.com\/file\/d\/1aFKGwrmU685X7hZHUxj507v4YLMEPLm5\/view?usp=sharing\" target=\"_blank\">Normal Ordering of (U D)\u207f when DU = qU D + D + 1<\/a><\/b>\n    <\/td>\n  <\/tr>\n  <tr>\n    <td class=\"tg-btxf\">13:00 &#8211; 15:00<\/td>\n    <td class=\"tg-d459\">Almuerzo comedor universitario<\/td>\n  <\/tr>\n  <tr>\n    <td class=\"tg-btxf\">15:15 &#8211; 15:35<\/td>\n    <td class=\"tg-0lax\">\n     Jes\u00fas Baena G\u00f3mez &#8211; <b><a href=\"https:\/\/drive.google.com\/file\/d\/1pU8L7pikgTrX3GAWxDosBu-iw2aj7LsF\/view?usp=sharing\" target=\"_blank\">Digraphs associated with Tortkara algebras<\/a><\/b>\n    <\/td>\n  <\/tr>\n  <tr>\n    <td class=\"tg-btxf\">15:40 &#8211; 16:00<\/td>\n    <td class=\"tg-0lax\">\n     Enric Mons\u00f3 Burgu\u00e9s &#8211; <b><a href=\"https:\/\/drive.google.com\/file\/d\/1_3TsAYQZ4rIyUquBFLGxt5A8pqTBJ8Z2\/view?usp=sharing\" target=\"_blank\">A medical application of a discrete inverse problem<\/a><\/b>\n    <\/td>\n  <\/tr>\n  <tr>\n    <td class=\"tg-btxf\">16:05- 16:25<\/td>\n    <td class=\"tg-0lax\">\n     Raquel Beltr\u00e1n Barba &#8211; <b><a href=\"https:\/\/drive.google.com\/file\/d\/1G4raDPCkTIR3_89kwT6Lx1_39iwJAfmk\/view?usp=sharing\" target=\"_blank\">Localizaci\u00f3n de una recta mediana con pesos generales<\/a><\/b>\n    <\/td>\n  <\/tr>\n  <tr>\n    <td class=\"tg-btxf\">16:30 &#8211; 17:05<\/td>\n    <td class=\"tg-d459\">Caf\u00e9<\/td>\n  <\/tr>\n  <tr>\n    <td class=\"tg-btxf\">17:15 &#8211; 17:35<\/td>\n    <td class=\"tg-0lax\">\n     Jos\u00e9 Manuel Rodr\u00edguez Garc\u00eda &#8211; <b><a href=\"https:\/\/drive.google.com\/file\/d\/1rmRYSPEQo9uraLMD0Wa30Aa6AYDKlzjG\/view?usp=drive_link\" target=\"_blank\">Lambda-curvatura de Forman-Ricci en grafos<\/a><\/b>\n    <\/td>\n  <\/tr>\n  <tr>\n    <td class=\"tg-btxf\">17:40 &#8211; 18:00<\/td>\n     <td class=\"tg-0lax\">\n     Rangel Hern\u00e1ndez Ort\u00edz &#8211; <b><a href=\"https:\/\/drive.google.com\/file\/d\/1Ntqt6GPBlhjK_Ghfnc4d-LR3NtUbQWLx\/view?usp=sharing\" target=\"_blank\">Roudneff&#8217;s conjecture in dimension 4<\/a><\/b>\n    <\/td>\n  <\/tr>\n  <tr>\n    <td class=\"tg-btxf\">18:05 &#8211; 18:25<\/td>\n     <td class=\"tg-0lax\">\n     Cristina Rodr\u00edguez Perales &#8211; <b><a href=\"https:\/\/drive.google.com\/file\/d\/1ovibeg4VMr-i_Z7m4pfcZ0hCqaOuuQ5A\/view?usp=sharing\" target=\"_blank\">Connection of a differential system related to Krawtchouk polynomials and the fifth Painlev\u00e9 equation<\/a><\/b>\n    <\/td>    \n  <\/tr>\n  <tr>\n    <td class=\"tg-btxf\">21:00<\/td>\n    <td class=\"tg-d459\"><a href=\"https:\/\/g.co\/kgs\/WRve8yU\">Cena Restaurante Club de Mar &#8211; El Candelero<\/a><\/td>\n  <\/tr>\n<\/tbody>\n<\/table>\n<\/div>\n\n<div class=\"tg-wrap\">\n<table class=\"tg\">\n  <thead>\n  <tr>\n    <th class=\"tg-j1i3\"><\/th>\n    <th class=\"tg-j1i3\">Viernes d\u00eda 24 de enero<\/th>\n  <\/tr>\n  <\/thead>\n<tbody>\n  <tr>\n    <td class=\"tg-btxf\" width=\"100px\">09:30 &#8211; 10:20<\/td>\n    <td class=\"tg-0lax\">\n    El\u00edas Combarro &#8211; <b><a href=\"https:\/\/drive.google.com\/file\/d\/1MrULSwRHyHgdWkUg3VStjtxzp2-JHh4X\/view?usp=sharing\" target=\"_blank\">Computaci\u00f3n cu\u00e1ntica aplicada a problemas de optimizaci\u00f3n en grafos<\/a><\/b>\n    <\/td>\n  <\/tr>\n  <tr>\n    <td class=\"tg-btxf\">10:30 &#8211; 11:05<\/td>\n    <td class=\"tg-d459\">Caf\u00e9<\/td>\n  <\/tr>\n  <tr>\n    <td class=\"tg-btxf\">11:15 &#8211; 11:35<\/td>\n    <td class=\"tg-0lax\">\n    Daniel Camaz\u00f3n Portela &#8211; <b><a href=\"https:\/\/drive.google.com\/file\/d\/1-VX20vj7rhQJAKUktmmC9d202vxCyK9I\/view?usp=sharing\" target=\"_blank\">Una generalizaci\u00f3n del intercambio de clave en grupo de Burmester-Desmedt basado en la acci\u00f3n de un grupo finito no abeliano<\/a><\/b>\n    <\/td>\n  <\/tr>\n  <tr>\n    <td class=\"tg-btxf\">11:40 &#8211; 12:00<\/td>\n    <td class=\"tg-0lax\">\n    Mar\u00eda Trinidad Villar Li\u00f1\u00e1n &#8211; <b><a href=\"https:\/\/drive.google.com\/file\/d\/1d2GMGv8BJxCHpLVlmTC5NqOZU3K2GsdU\/view?usp=sharing\" target=\"_blank\">Domination, matching and transversal numbers for Berge- G hypergraphs<\/a><\/b>\n    <\/td>\n  <\/tr>\n  <tr>\n    <td class=\"tg-btxf\">12:00 &#8211; 12:15<\/td>\n    <td class=\"tg-d459\" rowspan=1>Descanso<\/td>\n  <\/tr>\n  <tr>\n    <td class=\"tg-btxf\">12:15 &#8211; 12:35<\/td>\n    <td class=\"tg-0lax\">\n     Carmen Hernando Mart\u00edn &#8211; <b><a href=\"https:\/\/drive.google.com\/file\/d\/14CUgvx1hbsffJffwlmpVvBXHjhQVYvrF\/view?usp=sharing\" target=\"_blank\">Coloraci\u00f3n por entornos en jaulas de Moore<\/a><\/b>\n    <\/td>\n  <\/tr>\n  <tr>\n    <td class=\"tg-btxf\">12:40 &#8211; 13:00<\/td>\n    <td class=\"tg-0lax\">\n    Rita Zuazua &#8211; <b><a href=\"https:\/\/drive.google.com\/file\/d\/1w5CvHehYaoeO2WOM1hB49iPxtlQA8Wv-\/view?usp=sharing\" target=\"_blank\">Torneos k-existencialmente cerrados<\/a><\/b>\n    <\/td>\n  <\/tr>\n  <tr>\n    <td class=\"tg-btxf\">13:05 &#8211; 13:10<\/td>\n    <td class=\"tg-d459\"rowspan=1>Clausura<\/td>\n    <\/td>\n  <\/tr>\n <tr>\n    <td class=\"tg-btxf\">13:15 &#8211; 15:30<\/td>\n    <td class=\"tg-d459\" rowspan=1>Almuerzo comedor universitario<\/td>\n  <\/tr>\n\n\n<\/tbody>\n<\/table>\n<\/div>\n\n<style type=\"text\/css\">\n.tg  {border-collapse:collapse;border-color:#ccc;border-spacing:0;}\n.tg td{background-color:#fff;border-color:#ccc;border-style:solid;border-width:1px;color:#333;\n  font-family:Arial, sans-serif;font-size:14px;overflow:hidden;padding:10px 5px;word-break:normal;}\n.tg th{background-color:#57B9A8;border-color:#ccc;border-style:solid;border-width:1px;color:#333;\n  font-family:Arial, sans-serif;font-size:14px;font-weight:normal;overflow:hidden;padding:10px 5px;word-break:normal;font-color:#000000}\n.tg .tg-j1i3{border-color:inherit;position:-webkit-sticky;position:sticky;text-align:center;top:-1px;vertical-align:top;will-change:transform;font-size:18px;font-weight:bold;color:#ffffff}\n.tg .tg-buh4{background-color:#f9f9f9;text-align:left;vertical-align:top}\n.tg .tg-btxf{background-color:#f9f9f9;border-color:inherit;text-align:left;vertical-align:top}\n.tg .tg-d459{background-color:#f9f9f9;border-color:inherit;text-align:center;vertical-align:middle;font-weight:bold;font-size:18px;color:#000}\n.tg .tg-d460{background-color:#f9f9f9;border-color:inherit;text-align:center;vertical-align:middle;font-weight:bold;font-size:18px;color:#000}\n.tg .tg-0pky{border-color:inherit;text-align:left;vertical-align:top}\n.tg .tg-0lax{text-align:left;vertical-align:top}\n\n@media screen and (max-width: 100%)\n<\/style>\n\n\n\n\n\n\n","protected":false},"excerpt":{"rendered":"<p>Lugar de celebraci\u00f3n: Sala de Conferencias de la Facultad de Ciencias Econ\u00f3micas y Empresariales. Libro de actas del XIV Encuentro Andaluz de Matem\u00e1tica Discreta. Mi\u00e9rcoles d\u00eda 22 de enero 16:00 &#8211; 16:30 Entrega de documentaci\u00f3n 16:30 &#8211; 16:45 Apertura 16:50 &#8211; 17:10 Dorota Kuziak &#8211; The weak k-metric dimension of Hamming graphs 17:15 &#8211; 17:35 &hellip; <\/p>\n","protected":false},"author":1,"featured_media":0,"parent":0,"menu_order":5,"comment_status":"closed","ping_status":"closed","template":"","meta":{"footnotes":""},"class_list":["post-41","page","type-page","status-publish","hentry"],"_links":{"self":[{"href":"https:\/\/www2.ual.es\/14camd\/wp-json\/wp\/v2\/pages\/41","targetHints":{"allow":["GET"]}}],"collection":[{"href":"https:\/\/www2.ual.es\/14camd\/wp-json\/wp\/v2\/pages"}],"about":[{"href":"https:\/\/www2.ual.es\/14camd\/wp-json\/wp\/v2\/types\/page"}],"author":[{"embeddable":true,"href":"https:\/\/www2.ual.es\/14camd\/wp-json\/wp\/v2\/users\/1"}],"replies":[{"embeddable":true,"href":"https:\/\/www2.ual.es\/14camd\/wp-json\/wp\/v2\/comments?post=41"}],"version-history":[{"count":227,"href":"https:\/\/www2.ual.es\/14camd\/wp-json\/wp\/v2\/pages\/41\/revisions"}],"predecessor-version":[{"id":1531,"href":"https:\/\/www2.ual.es\/14camd\/wp-json\/wp\/v2\/pages\/41\/revisions\/1531"}],"wp:attachment":[{"href":"https:\/\/www2.ual.es\/14camd\/wp-json\/wp\/v2\/media?parent=41"}],"curies":[{"name":"wp","href":"https:\/\/api.w.org\/{rel}","templated":true}]}}