{"id":39,"date":"2024-04-22T15:22:03","date_gmt":"2024-04-22T15:22:03","guid":{"rendered":"http:\/\/www2.ual.es\/14camd\/?page_id=39"},"modified":"2024-07-26T12:08:01","modified_gmt":"2024-07-26T10:08:01","slug":"alojamiento","status":"publish","type":"page","link":"https:\/\/www2.ual.es\/14camd\/alojamiento\/","title":{"rendered":"ALOJAMIENTO"},"content":{"rendered":"<div>\n\n<p>La Universidad de Almer\u00eda se encuentra a las afueras de la ciudad, a unos 7 kil\u00f3metros del centro.<\/p>\n\n\n<p><\/p>\n\n\n<p>No existe oferta hotelera en las inmediaciones del Campus y recomendamos a los asistentes alojarse en Almer\u00eda.<\/p>\n\n\n<p><\/p>\n\n\n\n<p><a href=\"https:\/\/www.turismodealmeria.org\/prepara-tu-viaje\/donde-dormir\/\" target=\"_blank\" rel=\"noopener\">Turismo Almer\u00eda Hoteles.<\/a><\/p>\n\n<\/div>\n\n\n<hr>\n\n\n\n<p>Nuestra recomendaci\u00f3n para ir a Campus en <a href=\"https:\/\/www.surbusalmeria.es\/bienvenido\" target=\"__blank\" rel=\"noopener\">autob\u00fas<\/a>: <\/p>\n\n\n\n<li>Hotel en el entorno del Paseo de Almer\u00eda (zona centro), autobuses <a href=\"https:\/\/www.surbusalmeria.es\/linea\/11\" target=\"_blank\" rel=\"noopener\">11<\/a> y <a href=\"https:\/\/www.surbusalmeria.es\/linea\/18\" target=\"_blank\" rel=\"noopener\">18<\/a>.<\/li>\n\n\n\n<p><\/p>\n\n\n\n<li><a href=\"https:\/\/residenciacivitas.com\/\" target=\"_blank\" rel=\"noopener\">Residencia Universitaria CIVITAS<\/a>, autobuses <a href=\"https:\/\/www.surbusalmeria.es\/linea\/12\" target=\"_blank\" rel=\"noopener\">12<\/a> y <a href=\"https:\/\/www.surbusalmeria.es\/linea\/19\" target=\"_blank\" rel=\"noopener\">19<\/a>. Contacta directamente con la residencia, indicando que vas a asistir al encuentro (plazas muy limitadas).<\/li> \n\n\n\n<hr>\n\n\n\n<p>Si vienes en coche, el Campus cuenta con amplias zonas de aparcamiento se\u00f1alizadas y de libre acceso. \n\n\n\n<p><\/p>\n\n\n\n<p>Desde cualquiera de ellas se llega f\u00e1cilmente a la sede del Encuentro.<\/p>\n\n\n\n<p><\/p>\n\n\n\n\n\n\n ","protected":false},"excerpt":{"rendered":"<p>La Universidad de Almer\u00eda se encuentra a las afueras de la ciudad, a unos 7 kil\u00f3metros del centro. No existe oferta hotelera en las inmediaciones del Campus y recomendamos a los asistentes alojarse en Almer\u00eda. Turismo Almer\u00eda Hoteles. Nuestra recomendaci\u00f3n para ir a Campus en autob\u00fas: Hotel en el entorno del Paseo de Almer\u00eda (zona &hellip; <\/p>\n","protected":false},"author":1,"featured_media":0,"parent":0,"menu_order":4,"comment_status":"closed","ping_status":"closed","template":"","meta":{"footnotes":""},"class_list":["post-39","page","type-page","status-publish","hentry"],"_links":{"self":[{"href":"https:\/\/www2.ual.es\/14camd\/wp-json\/wp\/v2\/pages\/39","targetHints":{"allow":["GET"]}}],"collection":[{"href":"https:\/\/www2.ual.es\/14camd\/wp-json\/wp\/v2\/pages"}],"about":[{"href":"https:\/\/www2.ual.es\/14camd\/wp-json\/wp\/v2\/types\/page"}],"author":[{"embeddable":true,"href":"https:\/\/www2.ual.es\/14camd\/wp-json\/wp\/v2\/users\/1"}],"replies":[{"embeddable":true,"href":"https:\/\/www2.ual.es\/14camd\/wp-json\/wp\/v2\/comments?post=39"}],"version-history":[{"count":35,"href":"https:\/\/www2.ual.es\/14camd\/wp-json\/wp\/v2\/pages\/39\/revisions"}],"predecessor-version":[{"id":1312,"href":"https:\/\/www2.ual.es\/14camd\/wp-json\/wp\/v2\/pages\/39\/revisions\/1312"}],"wp:attachment":[{"href":"https:\/\/www2.ual.es\/14camd\/wp-json\/wp\/v2\/media?parent=39"}],"curies":[{"name":"wp","href":"https:\/\/api.w.org\/{rel}","templated":true}]}}