{"id":35,"date":"2024-04-22T15:21:18","date_gmt":"2024-04-22T15:21:18","guid":{"rendered":"http:\/\/www2.ual.es\/14camd\/?page_id=35"},"modified":"2024-11-25T11:41:14","modified_gmt":"2024-11-25T09:41:14","slug":"fechas","status":"publish","type":"page","link":"https:\/\/www2.ual.es\/14camd\/fechas\/","title":{"rendered":"FECHAS"},"content":{"rendered":"\n<p><b>Fechas Importantes:<\/b><\/p>\n\n\n\n<p><\/p>\n\n\n\n<p><b>Inscripci\u00f3n:<\/b><\/p>\n\n\n\n<p><\/p>\n\n\n\n<li>Temprana: 150 euros desde el 1 de septiembre hasta el 8 de diciembre de 2024<\/li>\n<li>Tard\u00eda: 200 euros a partir del 9 de diciembre de 2024<\/li>\n\n\n\n<p><\/p>\n\n\n\n<p>Por motivos de contabilidad interna de la Universidad de Almer\u00eda, las facturas de las inscripciones que se hagan despu\u00e9s del 1 de enero de 2025, tardar\u00e1n un tiempo en enviarse.<\/p>\n\n\n\n<p><b>Recepci\u00f3n de trabajos:<\/b><\/p>\n\n\n\n<p><\/p>\n\n\n\n<li>Desde el 1 de septiembre hasta el <s>1 de diciembre de 2024<\/s><span style=\"color:#FF0000\";> 19 de diciembre de 2024<\/span><\/li>\n\n\n\n<p><\/p>\n\n\n","protected":false},"excerpt":{"rendered":"<p>Fechas Importantes: Inscripci\u00f3n: Temprana: 150 euros desde el 1 de septiembre hasta el 8 de diciembre de 2024 Tard\u00eda: 200 euros a partir del 9 de diciembre de 2024 Por motivos de contabilidad interna de la Universidad de Almer\u00eda, las facturas de las inscripciones que se hagan despu\u00e9s del 1 de enero de 2025, tardar\u00e1n &hellip; <\/p>\n","protected":false},"author":1,"featured_media":0,"parent":0,"menu_order":1,"comment_status":"closed","ping_status":"closed","template":"","meta":{"footnotes":""},"class_list":["post-35","page","type-page","status-publish","hentry"],"_links":{"self":[{"href":"https:\/\/www2.ual.es\/14camd\/wp-json\/wp\/v2\/pages\/35","targetHints":{"allow":["GET"]}}],"collection":[{"href":"https:\/\/www2.ual.es\/14camd\/wp-json\/wp\/v2\/pages"}],"about":[{"href":"https:\/\/www2.ual.es\/14camd\/wp-json\/wp\/v2\/types\/page"}],"author":[{"embeddable":true,"href":"https:\/\/www2.ual.es\/14camd\/wp-json\/wp\/v2\/users\/1"}],"replies":[{"embeddable":true,"href":"https:\/\/www2.ual.es\/14camd\/wp-json\/wp\/v2\/comments?post=35"}],"version-history":[{"count":15,"href":"https:\/\/www2.ual.es\/14camd\/wp-json\/wp\/v2\/pages\/35\/revisions"}],"predecessor-version":[{"id":1388,"href":"https:\/\/www2.ual.es\/14camd\/wp-json\/wp\/v2\/pages\/35\/revisions\/1388"}],"wp:attachment":[{"href":"https:\/\/www2.ual.es\/14camd\/wp-json\/wp\/v2\/media?parent=35"}],"curies":[{"name":"wp","href":"https:\/\/api.w.org\/{rel}","templated":true}]}}