{"id":30,"date":"2024-04-22T12:30:12","date_gmt":"2024-04-22T12:30:12","guid":{"rendered":"http:\/\/www2.ual.es\/14camd\/?page_id=30"},"modified":"2024-12-13T15:10:35","modified_gmt":"2024-12-13T13:10:35","slug":"inscripciones","status":"publish","type":"page","link":"https:\/\/www2.ual.es\/14camd\/inscripciones\/","title":{"rendered":"INSCRIPCIONES"},"content":{"rendered":"\n<p><b>Inscripci\u00f3n:<\/b><\/p>\n\n\n\n<p><\/p>\n\n\n\n<li>Temprana: 150 euros desde el 1 de septiembre hasta el 8 de diciembre de 2024<\/li>\n<li>Tard\u00eda: 200 euros a partir del 9 de diciembre de 2024<\/li>\n\n\n\n<p><\/p>\n\n\n\n\n<p><b>Instrucciones:<\/b><\/p>\n\n\n\n<li> Para realizar la inscripci\u00f3n en primer lugar hay que realizar el pago. El resguardo de pago deber\u00e1 de adjuntarse en el formulario que se encuentra al final de esta misma p\u00e1gina.<\/li>\n<li>El pago se realiza a trav\u00e9s de la <b>plataforma de pago de la Universidad de Almer\u00eda<\/b> (<a href=\"https:\/\/sip.apps.ual.es\/autoliquidacion\/unit\/181\/activity\/553\" target=\"_blank\" rel=\"noopener\">Sistema Integrado de Pagos<\/a>). Los datos de registro en la plataforma de gesti\u00f3n de pagos (SIP), no tienen que coincidir necesariamente con los de la factura. <\/li>\n<li>El pago se podr\u00e1 realizar con tarjeta bancaria o mediante transferencia bancaria.<\/li>\n<li>El <b>n\u00famero de cuenta<\/b> y el <b>concepto de la transferencia<\/b> aparecen en las instrucciones que proporciona la plataforma. Es muy importante seguir las instrucciones exactamente como se indican.<\/li>\n<li>La petici\u00f3n para recibir la factura de la inscripci\u00f3n se hace durante el proceso de pago en la plataforma. <b>MUY IMPORTANTE: No es posible solicitar una factura con posterioridad al pago, ni modificar los datos que se proporcionen<\/b>. Por motivos de contabilidad interna de la Universidad de Almer\u00eda, las facturas de las inscripciones que se hagan despu\u00e9s del 1 de enero de 2025, tardar\u00e1n un tiempo en enviarse.<\/li>\n\n\n\n<p><\/p>\n\n\n\n<p><b>Formulario de inscrici\u00f3n:<\/b><\/p>\n\n\n\n\n\n<div class=\"wpcf7 no-js\" id=\"wpcf7-f913-o1\" lang=\"es-ES\" dir=\"ltr\" data-wpcf7-id=\"913\">\n<div class=\"screen-reader-response\"><p role=\"status\" aria-live=\"polite\" aria-atomic=\"true\"><\/p> <ul><\/ul><\/div>\n<form action=\"\/14camd\/wp-json\/wp\/v2\/pages\/30#wpcf7-f913-o1\" method=\"post\" class=\"wpcf7-form init\" aria-label=\"Formulario de contacto\" enctype=\"multipart\/form-data\" novalidate=\"novalidate\" data-status=\"init\">\n<fieldset class=\"hidden-fields-container\"><input type=\"hidden\" name=\"_wpcf7\" value=\"913\" \/><input type=\"hidden\" name=\"_wpcf7_version\" value=\"6.1.5\" \/><input type=\"hidden\" name=\"_wpcf7_locale\" value=\"es_ES\" \/><input type=\"hidden\" name=\"_wpcf7_unit_tag\" value=\"wpcf7-f913-o1\" \/><input type=\"hidden\" name=\"_wpcf7_container_post\" value=\"0\" \/><input type=\"hidden\" name=\"_wpcf7_posted_data_hash\" value=\"\" \/><input type=\"hidden\" name=\"_wpcf7_recaptcha_response\" value=\"\" \/>\n<\/fieldset>\n<p><label> Nombre<br \/>\n<span class=\"wpcf7-form-control-wrap\" data-name=\"your-name\"><input size=\"40\" maxlength=\"400\" class=\"wpcf7-form-control wpcf7-text wpcf7-validates-as-required\" autocomplete=\"name\" aria-required=\"true\" aria-invalid=\"false\" value=\"\" type=\"text\" name=\"your-name\" \/><\/span> <\/label>\n<\/p>\n<p><label> Apellidos<br \/>\n<span class=\"wpcf7-form-control-wrap\" data-name=\"your-apellidos\"><input size=\"40\" maxlength=\"400\" class=\"wpcf7-form-control wpcf7-text wpcf7-validates-as-required\" autocomplete=\"apellidos\" aria-required=\"true\" aria-invalid=\"false\" value=\"\" type=\"text\" name=\"your-apellidos\" \/><\/span> <\/label>\n<\/p>\n<p><label> Correo electr\u00f3nico<br \/>\n<span class=\"wpcf7-form-control-wrap\" data-name=\"your-email\"><input size=\"40\" maxlength=\"400\" class=\"wpcf7-form-control wpcf7-email wpcf7-validates-as-required wpcf7-text wpcf7-validates-as-email\" autocomplete=\"email\" aria-required=\"true\" aria-invalid=\"false\" value=\"\" type=\"email\" name=\"your-email\" \/><\/span> <\/label>\n<\/p>\n<p><label> Afiliaci\u00f3n<br \/>\n<span class=\"wpcf7-form-control-wrap\" data-name=\"your-afiliacion\"><input size=\"40\" maxlength=\"400\" class=\"wpcf7-form-control wpcf7-text wpcf7-validates-as-required\" aria-required=\"true\" aria-invalid=\"false\" value=\"\" type=\"text\" name=\"your-afiliacion\" \/><\/span> <\/label>\n<\/p>\n<p><label> Adjunta el archivo .pdf con el justificante de pago. El nombre del archivo debe ser Apellido_Nombre_Inscripcion.pdf<br \/>\n<span class=\"wpcf7-form-control-wrap\" data-name=\"file-justificante\"><input size=\"40\" class=\"wpcf7-form-control wpcf7-file wpcf7-validates-as-required\" accept=\".pdf\" aria-required=\"true\" aria-invalid=\"false\" type=\"file\" name=\"file-justificante\" \/><\/span> <\/label>\n<\/p>\n<p><input class=\"wpcf7-form-control wpcf7-submit has-spinner\" type=\"submit\" value=\"Enviar\" \/>\n<\/p><div class=\"wpcf7-response-output\" aria-hidden=\"true\"><\/div>\n<\/form>\n<\/div>\n\n\n","protected":false},"excerpt":{"rendered":"<p>Inscripci\u00f3n: Temprana: 150 euros desde el 1 de septiembre hasta el 8 de diciembre de 2024 Tard\u00eda: 200 euros a partir del 9 de diciembre de 2024 Instrucciones: Para realizar la inscripci\u00f3n en primer lugar hay que realizar el pago. El resguardo de pago deber\u00e1 de adjuntarse en el formulario que se encuentra al final &hellip; <\/p>\n","protected":false},"author":1,"featured_media":0,"parent":0,"menu_order":2,"comment_status":"closed","ping_status":"closed","template":"","meta":{"footnotes":""},"class_list":["post-30","page","type-page","status-publish","hentry"],"_links":{"self":[{"href":"https:\/\/www2.ual.es\/14camd\/wp-json\/wp\/v2\/pages\/30","targetHints":{"allow":["GET"]}}],"collection":[{"href":"https:\/\/www2.ual.es\/14camd\/wp-json\/wp\/v2\/pages"}],"about":[{"href":"https:\/\/www2.ual.es\/14camd\/wp-json\/wp\/v2\/types\/page"}],"author":[{"embeddable":true,"href":"https:\/\/www2.ual.es\/14camd\/wp-json\/wp\/v2\/users\/1"}],"replies":[{"embeddable":true,"href":"https:\/\/www2.ual.es\/14camd\/wp-json\/wp\/v2\/comments?post=30"}],"version-history":[{"count":31,"href":"https:\/\/www2.ual.es\/14camd\/wp-json\/wp\/v2\/pages\/30\/revisions"}],"predecessor-version":[{"id":1409,"href":"https:\/\/www2.ual.es\/14camd\/wp-json\/wp\/v2\/pages\/30\/revisions\/1409"}],"wp:attachment":[{"href":"https:\/\/www2.ual.es\/14camd\/wp-json\/wp\/v2\/media?parent=30"}],"curies":[{"name":"wp","href":"https:\/\/api.w.org\/{rel}","templated":true}]}}