{"id":2,"date":"2024-04-22T10:26:04","date_gmt":"2024-04-22T10:26:04","guid":{"rendered":"http:\/\/www2.ual.es\/14camd\/?page_id=2"},"modified":"2024-11-26T08:03:14","modified_gmt":"2024-11-26T06:03:14","slug":"conferenciantes","status":"publish","type":"page","link":"https:\/\/www2.ual.es\/14camd\/conferenciantes\/","title":{"rendered":"CONFERENCIANTES"},"content":{"rendered":"\n<p><b>Conferenciantes invitados:<\/b><\/p>\n\n\n\n<p><\/p>\n\n\n\n<table>\n<tbody bgcolor=\"#ffffff\">\n<tr>\n<td style=\"vertical-align:top\" bgcolor=\"#ffffff\">\n<section id=\"raratheme_author_bio-1\" class=\"widget widget_raratheme_author_bio\">\n<div class=\"raratheme-author-bio-holder\">\n<div class=\"image-holder\"><img decoding=\"async\" class=\"attachment-full size-full\" src=\"https:\/\/www2.ual.es\/14camd\/wp-content\/uploads\/2024\/04\/Imagen3.jpg\" alt=\"El\u00edas Combarro\" width=\"295\" \/><\/div>\n<div class=\"text-holder\">\n<div class=\"title-holder\"><a href=\"https:\/\/qhpc.uniovi.es\/combarro\/spanish.html\" target=\"_blank\" rel=\"noopener\">El\u00edas Combarro<\/a><\/div>\n<\/div>\n<div class=\"text-signature\"><\/div>\n<div class=\"raratheme-author-bio-holder\">\n<div class=\"text-holder\">\n<p>Departamento de Inform\u00e1tica<\/p>\n<p>Universidad de Oviedo<\/p>\n<div class=\"author-bio-socicons\"><\/div>\n<\/div>\n<\/section>\n<\/td>\n<td style=\"vertical-align:top\" bgcolor=\"#ffffff\">\n<section id=\"raratheme_author_bio-2\" class=\"widget widget_raratheme_author_bio\">\n<div class=\"raratheme-author-bio-holder\">\n<div class=\"image-holder\"><img decoding=\"async\" class=\"attachment-full size-full\" src=\"https:\/\/www2.ual.es\/14camd\/wp-content\/uploads\/2024\/11\/Juan-Carlos-Valenzuela.jpeg\" alt=\"Juan Carlos Valenzuela\" width=\"200\"  \/><\/div>\n<div class=\"text-holder\">\n<div class=\"title-holder\"><a href=\"https:\/\/directorio.uca.es\/cau\/directorio.do?persona=10628\" target=\"_blank\" rel=\"noopener\">Juan Carlos Valenzuela<\/a><\/div>\n<\/div>\n<div class=\"text-signature\"><\/div>\n<div class=\"raratheme-author-bio-holder\">\n<div class=\"text-holder\">\n<p>Departamento de Matem\u00e1ticas<\/p>\n<p>Universidad de C\u00e1diz<\/p>\n<div class=\"author-bio-socicons\"><\/div>\n<\/div>\n<\/section>\n<\/td>\n<\/table>\n\n\n","protected":false},"excerpt":{"rendered":"<p>Conferenciantes invitados: El\u00edas Combarro Departamento de Inform\u00e1tica Universidad de Oviedo Juan Carlos Valenzuela Departamento de Matem\u00e1ticas Universidad de C\u00e1diz<\/p>\n","protected":false},"author":1,"featured_media":0,"parent":0,"menu_order":0,"comment_status":"closed","ping_status":"closed","template":"","meta":{"footnotes":""},"class_list":["post-2","page","type-page","status-publish","hentry"],"_links":{"self":[{"href":"https:\/\/www2.ual.es\/14camd\/wp-json\/wp\/v2\/pages\/2","targetHints":{"allow":["GET"]}}],"collection":[{"href":"https:\/\/www2.ual.es\/14camd\/wp-json\/wp\/v2\/pages"}],"about":[{"href":"https:\/\/www2.ual.es\/14camd\/wp-json\/wp\/v2\/types\/page"}],"author":[{"embeddable":true,"href":"https:\/\/www2.ual.es\/14camd\/wp-json\/wp\/v2\/users\/1"}],"replies":[{"embeddable":true,"href":"https:\/\/www2.ual.es\/14camd\/wp-json\/wp\/v2\/comments?post=2"}],"version-history":[{"count":74,"href":"https:\/\/www2.ual.es\/14camd\/wp-json\/wp\/v2\/pages\/2\/revisions"}],"predecessor-version":[{"id":1399,"href":"https:\/\/www2.ual.es\/14camd\/wp-json\/wp\/v2\/pages\/2\/revisions\/1399"}],"wp:attachment":[{"href":"https:\/\/www2.ual.es\/14camd\/wp-json\/wp\/v2\/media?parent=2"}],"curies":[{"name":"wp","href":"https:\/\/api.w.org\/{rel}","templated":true}]}}